{"id":24164,"date":"2019-07-22T14:55:23","date_gmt":"2019-07-22T12:55:23","guid":{"rendered":"https:\/\/www.siredwards.com\/datos-personales-newsletter\/"},"modified":"2019-07-22T14:55:23","modified_gmt":"2019-07-22T12:55:23","slug":"datos-personales-newsletter","status":"publish","type":"page","link":"https:\/\/www.siredwards.com\/es\/datos-personales-newsletter\/","title":{"rendered":"Datos personales &#8211; newsletter"},"content":{"rendered":"<h2>Objeto del tratamiento de datos<\/h2>\n<h3>Finalidades<\/h3>\n<p> El tratamiento tiene como objeto la gesti\u00f3n de las solicitudes relativas a la marca Sir Edward\u2019s.  Este permite a la marca Sir Edward\u2019s: <\/p>\n<ul>\n<li>enviar a los solicitantes informaci\u00f3n sobre la marca de Sir Edward en forma de correo electr\u00f3nico de forma regular<\/li>\n<\/ul>\n<h3>Base legal<\/h3>\n<p> <a href=\"https:\/\/www.cnil.fr\/fr\/reglement-europeen-protection-donnees\/chapitre2#Article6\">Art\u00edculo 6<\/a>\u00a0(1) e del Reglamento General de Protecci\u00f3n de Datos \u2013 RGPD <\/p>\n<h2>Datos tratados<\/h2>\n<h3>Categor\u00edas de datos tratados<\/h3>\n<ul>\n<li>Correo electr\u00f3nico<\/li>\n<\/ul>\n<h3>Fuente de los datos<\/h3>\n<p> Los datos son transmitidos por el visitante del sitio web siredwards.com que desea enviar un mensaje. <\/p>\n<h3>Car\u00e1cter obligatorio de la recopilaci\u00f3n de datos<\/h3>\n<p> El formulario de contacto del sitio web siredwards.com prev\u00e9 una recopilaci\u00f3n obligatoria de los datos para garantizar que la solicitud se tenga debidamente en cuenta. <\/p>\n<h3>Toma de decisiones automatizada<\/h3>\n<p> El tratamiento no prev\u00e9 la\u00a0<a href=\"https:\/\/www.cnil.fr\/fr\/reglement-europeen-protection-donnees\/chapitre3#Article22\">toma de decisiones automatizada<\/a>. <\/p>\n<h2>Personas afectadas<\/h2>\n<p> El tratamiento de datos afecta a las personas que desean dirigir una pregunta o una notificaci\u00f3n a la marca Sir Edward\u2019s. <\/p>\n<h2>Destinatarios de los datos<\/h2>\n<h3>Categor\u00edas de destinatarios<\/h3>\n<p> Los destinatarios de los datos son: <\/p>\n<ul>\n<li>El equipo que gestiona la marca Sir Edward\u2019s en el seno del Grupo La Martiniquaise<\/li>\n<li>En su caso, las agencias de comunicaci\u00f3n bajo contrato con la marca<\/li>\n<\/ul>\n<h3>Transferencias de datos fuera de la UE<\/h3>\n<p> No se realiza ninguna transferencia de datos fuera de la Uni\u00f3n Europea. <\/p>\n<h2>Tiempo de conservaci\u00f3n de los datos<\/h2>\n<p> Los datos se conservan durante 5 a\u00f1os a partir de la tramitaci\u00f3n de la solicitud. <\/p>\n<h2>Seguridad<\/h2>\n<p> La marca Sir Edward\u2019s hace todo lo posible para proteger los datos personales enviados a trav\u00e9s del sitio web de Sir Edward\u2019s. <\/p>\n<h2>Sus derechos sobre los datos que le conciernen<\/h2>\n<p> Puede acceder y obtener una copia de los datos que le conciernen, oponerse al tratamiento de estos datos, hacer que sean rectificados o hacer que se eliminen. Tambi\u00e9n tiene derecho a la limitaci\u00f3n del tratamiento de sus datos.  <a href=\"https:\/\/www.cnil.fr\/fr\/comprendre-vos-droits\">Para obtener m\u00e1s informaci\u00f3n y comprender sus derechos<\/a> <\/p>\n<h3>Ejercer sus derechos<\/h3>\n<p> El Responsable de protecci\u00f3n de datos (RPD) de Sir Edward\u2019s es su interlocutor para cualquier solicitud de ejercicio de sus derechos en relaci\u00f3n con esta operaci\u00f3n de tratamiento. <\/p>\n<h3>Ponerse en contacto con el RPD por correo postal<\/h3>\n<p> El Responsable de protecci\u00f3n de datos es St\u00e9phane Cayard.  Groupe La Martiniquaise 18 rue de l\u2019entrep\u00f4t 94220 Charenton le Pont (Francia) <\/p>\n<h3>Reclamaci\u00f3n (queja) ante la CNIL<\/h3>\n<p> Si, tras ponerse en contacto con nosotros, considera que no se respetan sus derechos sobre sus datos, puede\u00a0<a href=\"https:\/\/www.cnil.fr\/fr\/webform\/adresser-une-plainte\">presentar una reclamaci\u00f3n (queja) ante la CNIL<\/a>.<\/p>\n","protected":false},"excerpt":{"rendered":"<p>Objeto del tratamiento de datos Finalidades El tratamiento tiene como objeto la gesti\u00f3n de las solicitudes relativas a la marca Sir Edward\u2019s. Este permite a la marca Sir Edward\u2019s: enviar a los solicitantes informaci\u00f3n sobre la marca de Sir Edward en forma de correo electr\u00f3nico de forma regular Base legal Art\u00edculo 6\u00a0(1) e del Reglamento [&hellip;]<\/p>\n","protected":false},"author":21683,"featured_media":0,"parent":0,"menu_order":0,"comment_status":"open","ping_status":"open","template":"","meta":{"_acf_changed":false,"footnotes":""},"class_list":["post-24164","page","type-page","status-publish","hentry"],"acf":[],"yoast_head":"<!-- This site is optimized with the Yoast SEO plugin v27.4 - https:\/\/yoast.com\/product\/yoast-seo-wordpress\/ -->\n<title>Datos personales - newsletter - Sir Edwards EN<\/title>\n<meta name=\"robots\" content=\"noindex, nofollow\" \/>\n<meta property=\"og:locale\" content=\"es_ES\" \/>\n<meta property=\"og:type\" content=\"article\" \/>\n<meta property=\"og:title\" content=\"Datos personales - newsletter - Sir Edwards EN\" \/>\n<meta property=\"og:description\" content=\"Objeto del tratamiento de datos Finalidades El tratamiento tiene como objeto la gesti\u00f3n de las solicitudes relativas a la marca Sir Edward\u2019s. Este permite a la marca Sir Edward\u2019s: enviar a los solicitantes informaci\u00f3n sobre la marca de Sir Edward en forma de correo electr\u00f3nico de forma regular Base legal Art\u00edculo 6\u00a0(1) e del Reglamento [&hellip;]\" \/>\n<meta property=\"og:url\" content=\"https:\/\/www.siredwards.com\/es\/datos-personales-newsletter\/\" \/>\n<meta property=\"og:site_name\" content=\"Sir Edwards EN\" \/>\n<meta name=\"twitter:card\" content=\"summary_large_image\" \/>\n<meta name=\"twitter:label1\" content=\"Tiempo de lectura\" \/>\n\t<meta name=\"twitter:data1\" content=\"2 minutos\" \/>\n<script type=\"application\/ld+json\" class=\"yoast-schema-graph\">{\"@context\":\"https:\\\/\\\/schema.org\",\"@graph\":[{\"@type\":\"WebPage\",\"@id\":\"https:\\\/\\\/www.siredwards.com\\\/es\\\/datos-personales-newsletter\\\/\",\"url\":\"https:\\\/\\\/www.siredwards.com\\\/es\\\/datos-personales-newsletter\\\/\",\"name\":\"Datos personales - newsletter - Sir Edwards EN\",\"isPartOf\":{\"@id\":\"https:\\\/\\\/www.siredwards.com\\\/es\\\/en\\\/#website\"},\"datePublished\":\"2019-07-22T12:55:23+00:00\",\"breadcrumb\":{\"@id\":\"https:\\\/\\\/www.siredwards.com\\\/es\\\/datos-personales-newsletter\\\/#breadcrumb\"},\"inLanguage\":\"es\",\"potentialAction\":[{\"@type\":\"ReadAction\",\"target\":[\"https:\\\/\\\/www.siredwards.com\\\/es\\\/datos-personales-newsletter\\\/\"]}]},{\"@type\":\"BreadcrumbList\",\"@id\":\"https:\\\/\\\/www.siredwards.com\\\/es\\\/datos-personales-newsletter\\\/#breadcrumb\",\"itemListElement\":[{\"@type\":\"ListItem\",\"position\":1,\"name\":\"Home\",\"item\":\"https:\\\/\\\/www.siredwards.com\\\/es\\\/en\\\/\"},{\"@type\":\"ListItem\",\"position\":2,\"name\":\"Datos personales &#8211; newsletter\"}]},{\"@type\":\"WebSite\",\"@id\":\"https:\\\/\\\/www.siredwards.com\\\/es\\\/en\\\/#website\",\"url\":\"https:\\\/\\\/www.siredwards.com\\\/es\\\/en\\\/\",\"name\":\"Sir Edwards EN\",\"description\":\"\",\"potentialAction\":[{\"@type\":\"SearchAction\",\"target\":{\"@type\":\"EntryPoint\",\"urlTemplate\":\"https:\\\/\\\/www.siredwards.com\\\/es\\\/en\\\/?s={search_term_string}\"},\"query-input\":{\"@type\":\"PropertyValueSpecification\",\"valueRequired\":true,\"valueName\":\"search_term_string\"}}],\"inLanguage\":\"es\"}]}<\/script>\n<!-- \/ Yoast SEO plugin. -->","yoast_head_json":{"title":"Datos personales - newsletter - Sir Edwards EN","robots":{"index":"noindex","follow":"nofollow"},"og_locale":"es_ES","og_type":"article","og_title":"Datos personales - newsletter - Sir Edwards EN","og_description":"Objeto del tratamiento de datos Finalidades El tratamiento tiene como objeto la gesti\u00f3n de las solicitudes relativas a la marca Sir Edward\u2019s. Este permite a la marca Sir Edward\u2019s: enviar a los solicitantes informaci\u00f3n sobre la marca de Sir Edward en forma de correo electr\u00f3nico de forma regular Base legal Art\u00edculo 6\u00a0(1) e del Reglamento [&hellip;]","og_url":"https:\/\/www.siredwards.com\/es\/datos-personales-newsletter\/","og_site_name":"Sir Edwards EN","twitter_card":"summary_large_image","twitter_misc":{"Tiempo de lectura":"2 minutos"},"schema":{"@context":"https:\/\/schema.org","@graph":[{"@type":"WebPage","@id":"https:\/\/www.siredwards.com\/es\/datos-personales-newsletter\/","url":"https:\/\/www.siredwards.com\/es\/datos-personales-newsletter\/","name":"Datos personales - newsletter - Sir Edwards EN","isPartOf":{"@id":"https:\/\/www.siredwards.com\/es\/en\/#website"},"datePublished":"2019-07-22T12:55:23+00:00","breadcrumb":{"@id":"https:\/\/www.siredwards.com\/es\/datos-personales-newsletter\/#breadcrumb"},"inLanguage":"es","potentialAction":[{"@type":"ReadAction","target":["https:\/\/www.siredwards.com\/es\/datos-personales-newsletter\/"]}]},{"@type":"BreadcrumbList","@id":"https:\/\/www.siredwards.com\/es\/datos-personales-newsletter\/#breadcrumb","itemListElement":[{"@type":"ListItem","position":1,"name":"Home","item":"https:\/\/www.siredwards.com\/es\/en\/"},{"@type":"ListItem","position":2,"name":"Datos personales &#8211; newsletter"}]},{"@type":"WebSite","@id":"https:\/\/www.siredwards.com\/es\/en\/#website","url":"https:\/\/www.siredwards.com\/es\/en\/","name":"Sir Edwards EN","description":"","potentialAction":[{"@type":"SearchAction","target":{"@type":"EntryPoint","urlTemplate":"https:\/\/www.siredwards.com\/es\/en\/?s={search_term_string}"},"query-input":{"@type":"PropertyValueSpecification","valueRequired":true,"valueName":"search_term_string"}}],"inLanguage":"es"}]}},"_links":{"self":[{"href":"https:\/\/www.siredwards.com\/es\/wp-json\/wp\/v2\/pages\/24164","targetHints":{"allow":["GET"]}}],"collection":[{"href":"https:\/\/www.siredwards.com\/es\/wp-json\/wp\/v2\/pages"}],"about":[{"href":"https:\/\/www.siredwards.com\/es\/wp-json\/wp\/v2\/types\/page"}],"author":[{"embeddable":true,"href":"https:\/\/www.siredwards.com\/es\/wp-json\/wp\/v2\/users\/21683"}],"replies":[{"embeddable":true,"href":"https:\/\/www.siredwards.com\/es\/wp-json\/wp\/v2\/comments?post=24164"}],"version-history":[{"count":0,"href":"https:\/\/www.siredwards.com\/es\/wp-json\/wp\/v2\/pages\/24164\/revisions"}],"wp:attachment":[{"href":"https:\/\/www.siredwards.com\/es\/wp-json\/wp\/v2\/media?parent=24164"}],"curies":[{"name":"wp","href":"https:\/\/api.w.org\/{rel}","templated":true}]}}