{"id":24162,"date":"2019-07-22T14:37:22","date_gmt":"2019-07-22T12:37:22","guid":{"rendered":"https:\/\/www.siredwards.com\/cookies-y-politica-de-privacidad\/"},"modified":"2019-07-22T14:37:22","modified_gmt":"2019-07-22T12:37:22","slug":"cookies-y-politica-de-privacidad","status":"publish","type":"page","link":"https:\/\/www.siredwards.com\/es\/cookies-y-politica-de-privacidad\/","title":{"rendered":"Cookies y pol\u00edtica de privacidad"},"content":{"rendered":"<h2>Pol\u00edtica de protecci\u00f3n de datos<\/h2>\n<p> Cada formulario limita la recopilaci\u00f3n de datos personales a lo estrictamente necesario (minimizaci\u00f3n de datos) y va acompa\u00f1ado de informaci\u00f3n sobre: <\/p>\n<ul>\n<li>El responsable del tratamiento y los objetivos de la recopilaci\u00f3n de estos datos (finalidades)<\/li>\n<li>El fundamento jur\u00eddico del tratamiento de datos<\/li>\n<li>El car\u00e1cter obligatorio u opcional de la recopilaci\u00f3n de datos para la gesti\u00f3n de su solicitud y el recordatorio de las categor\u00edas de datos tratados<\/li>\n<li>La fuente de los datos (cuando se utilizan datos distintos a los proporcionados a trav\u00e9s del servicio en l\u00ednea para el procesamiento de su solicitud)<\/li>\n<li>Las categor\u00edas de personas afectadas<\/li>\n<li>Los destinatarios de los datos (en principio solo Sir Edward\u2019s, salvo que se especifique cuando sea necesaria la transmisi\u00f3n a un tercero)<\/li>\n<li>El tiempo de conservaci\u00f3n de los datos<\/li>\n<li>Las medidas de seguridad (descripci\u00f3n general)<\/li>\n<li>La posible existencia de transferencias de datos fuera de la Uni\u00f3n Europea o de toma de decisiones automatizada<\/li>\n<li>Sus derechos de inform\u00e1tica y libertades, y c\u00f3mo ejercerlos ante Sir Edward\u2019s.<\/li>\n<\/ul>\n<p> Los datos personales recopilados como parte de los servicios ofrecidos en siredwards.com se tratan seg\u00fan los protocolos de seguridad y permiten a Sir Edward\u2019s gestionar las solicitudes recibidas en sus aplicaciones inform\u00e1ticas. <\/p>\n<h2>Ejercer sus derechos<\/h2>\n<p> Para cualquier informaci\u00f3n o ejercicio de sus derechos de inform\u00e1tica y libertades sobre el tratamiento de datos personales gestionados por Sir Edward\u2019s, puede ponerse en contacto con su Responsable de protecci\u00f3n de datos (RPD) por correo postal (con una copia de su documento de identidad en caso de ejercicio de sus derechos) en la siguiente direcci\u00f3n:  St\u00e9phane Caillard Groupe La Martiniquaise 18 rue de l\u2019entrep\u00f4t 94220 Charenton le Pont (Francia) <\/p>\n<h2>Acerca de las cookies<\/h2>\n<p> Utilizamos diferentes cookies en el sitio web para mejorar la interactividad del sitio y nuestros servicios. <\/p>\n<h3>\u00bfQu\u00e9 es una \u00abcookie\u00bb?<\/h3>\n<p> Una \u00abcookie\u00bb es una recopilaci\u00f3n de informaci\u00f3n, generalmente peque\u00f1a en tama\u00f1o e identificada por un nombre, que puede ser transmitida a su navegador a trav\u00e9s de un sitio web al que usted se conecta. Su navegador web la conservar\u00e1 durante un cierto periodo de tiempo y la reenviar\u00e1 al servidor web cada vez que se vuelva a conectar. Las cookies tienen m\u00faltiples usos: pueden servir para memorizar su identificador de cliente en una tienda online, el contenido actual de su cesta de la compra, un identificador para realizar un seguimiento de su navegaci\u00f3n con fines estad\u00edsticos o publicitarios, etc.  <a href=\"https:\/\/www.cnil.fr\/fr\/cookies-les-outils-pour-les-maitriser\">Obtener m\u00e1s informaci\u00f3n sobre las cookies, su funcionamiento y los medios para oponerse a ellas.<\/a> <\/p>\n<h2>Sir Edward\u2019s utiliza tres tipos de cookies<\/h2>\n<h3>Cookies internas<\/h3>\n<p> Estas cookies permiten que el sitio funcione de manera \u00f3ptima. Puede oponerse y eliminarlas utilizando los par\u00e1metros de su navegador; sin embargo, su experiencia de usuario puede verse afectada. <\/p>\n<table width=\"605\">\n<tbody>\n<tr>\n<td><strong>Nombre de la cookie<\/strong><\/td>\n<td width=\"368\"><strong>Finalidad<\/strong><\/td>\n<td width=\"148\"><strong>Tiempo de conservaci\u00f3n<\/strong><\/td>\n<\/tr>\n<tr>\n<td>tartaucitron<\/td>\n<td width=\"368\">Guarda las opciones en materia de consentimiento de las cookies<\/td>\n<td width=\"148\">12 meses<\/td>\n<\/tr>\n<tr>\n<td>age_verify<\/td>\n<td width=\"368\">Guarda el hecho de que el usuario es mayor de edad para visitar el sitio web<\/td>\n<td width=\"148\">1 d\u00eda<\/td>\n<\/tr>\n<\/tbody>\n<\/table>\n<p> &nbsp; <\/p>\n<h3>Cookies de medici\u00f3n de audiencia<\/h3>\n<p> Con el fin de adaptar el sitio web a las demandas de sus visitantes, medimos el n\u00famero de visitas, el n\u00famero de p\u00e1ginas vistas, la actividad de los visitantes en el sitio web y su frecuencia de retorno.  Google Analytics, la herramienta estad\u00edstica utilizada por Sir Edward\u2019s, genera las siguientes cookies: <\/p>\n<table>\n<tbody>\n<tr>\n<td><strong>Nombre de la cookie<\/strong><\/td>\n<td><strong>Finalidad<\/strong><\/td>\n<td><strong>Tiempo de conservaci\u00f3n<\/strong><\/td>\n<\/tr>\n<tr>\n<td>_gid<\/td>\n<td>Permite identificar a los visitantes<\/td>\n<td>24 horas<\/td>\n<\/tr>\n<tr>\n<td>_gat<\/td>\n<td>Se utiliza para conocer la tasa de solicitudes a los servidores de Google Analytics.<\/td>\n<td>1 minuto<\/td>\n<\/tr>\n<tr>\n<td>_ga<\/td>\n<td>Permite identificar a los visitantes<\/td>\n<td>13 meses<\/td>\n<\/tr>\n<\/tbody>\n<\/table>\n<p> &nbsp;  Puede optar por rechazar las cookies y el an\u00e1lisis estad\u00edstico de sus datos de navegaci\u00f3n a trav\u00e9s del siguiente enlace: [Gesti\u00f3n de las cookies]. <\/p>\n<h3>Cookies de terceros destinadas a mejorar la interactividad del sitio web<\/h3>\n<p> El sitio web de Sir Edward\u2019s se basa en ciertos servicios prestados por sitios de terceros.  Estas funcionalidades utilizan cookies de terceros directamente depositadas por estos servicios. Durante su primera visita a siredwards.com, un banner le informa de la presencia de estas cookies y le invita a indicar su elecci\u00f3n. Solo se depositan si las acepta o si contin\u00faa navegando por el sitio web, visitando una segunda p\u00e1gina de siredwards.com. Puede informarse en cualquier momento y configurar sus cookies para aceptarlas o rechazarlas en la p\u00e1gina [Gesti\u00f3n de las cookies] presente en la parte inferior de cada p\u00e1gina del sitio web. Podr\u00e1 indicar su preferencia ya sea globalmente para el sitio o servicio por servicio.<\/p>\n","protected":false},"excerpt":{"rendered":"<p>Pol\u00edtica de protecci\u00f3n de datos Cada formulario limita la recopilaci\u00f3n de datos personales a lo estrictamente necesario (minimizaci\u00f3n de datos) y va acompa\u00f1ado de informaci\u00f3n sobre: El responsable del tratamiento y los objetivos de la recopilaci\u00f3n de estos datos (finalidades) El fundamento jur\u00eddico del tratamiento de datos El car\u00e1cter obligatorio u opcional de la recopilaci\u00f3n [&hellip;]<\/p>\n","protected":false},"author":21683,"featured_media":0,"parent":0,"menu_order":0,"comment_status":"open","ping_status":"open","template":"","meta":{"_acf_changed":false,"footnotes":""},"class_list":["post-24162","page","type-page","status-publish","hentry"],"acf":[],"yoast_head":"<!-- This site is optimized with the Yoast SEO plugin v27.4 - https:\/\/yoast.com\/product\/yoast-seo-wordpress\/ -->\n<title>Cookies y pol\u00edtica de privacidad - Sir Edwards EN<\/title>\n<meta name=\"robots\" content=\"index, follow, max-snippet:-1, max-image-preview:large, max-video-preview:-1\" \/>\n<link rel=\"canonical\" href=\"https:\/\/www.siredwards.com\/es\/cookies-y-politica-de-privacidad\/\" \/>\n<meta property=\"og:locale\" content=\"es_ES\" \/>\n<meta property=\"og:type\" content=\"article\" \/>\n<meta property=\"og:title\" content=\"Cookies y pol\u00edtica de privacidad - Sir Edwards EN\" \/>\n<meta property=\"og:description\" content=\"Pol\u00edtica de protecci\u00f3n de datos Cada formulario limita la recopilaci\u00f3n de datos personales a lo estrictamente necesario (minimizaci\u00f3n de datos) y va acompa\u00f1ado de informaci\u00f3n sobre: El responsable del tratamiento y los objetivos de la recopilaci\u00f3n de estos datos (finalidades) El fundamento jur\u00eddico del tratamiento de datos El car\u00e1cter obligatorio u opcional de la recopilaci\u00f3n [&hellip;]\" \/>\n<meta property=\"og:url\" content=\"https:\/\/www.siredwards.com\/es\/cookies-y-politica-de-privacidad\/\" \/>\n<meta property=\"og:site_name\" content=\"Sir Edwards EN\" \/>\n<meta name=\"twitter:card\" content=\"summary_large_image\" \/>\n<meta name=\"twitter:label1\" content=\"Tiempo de lectura\" \/>\n\t<meta name=\"twitter:data1\" content=\"4 minutos\" \/>\n<script type=\"application\/ld+json\" class=\"yoast-schema-graph\">{\"@context\":\"https:\\\/\\\/schema.org\",\"@graph\":[{\"@type\":\"WebPage\",\"@id\":\"https:\\\/\\\/www.siredwards.com\\\/es\\\/cookies-y-politica-de-privacidad\\\/\",\"url\":\"https:\\\/\\\/www.siredwards.com\\\/es\\\/cookies-y-politica-de-privacidad\\\/\",\"name\":\"Cookies y pol\u00edtica de privacidad - Sir Edwards EN\",\"isPartOf\":{\"@id\":\"https:\\\/\\\/www.siredwards.com\\\/es\\\/en\\\/#website\"},\"datePublished\":\"2019-07-22T12:37:22+00:00\",\"breadcrumb\":{\"@id\":\"https:\\\/\\\/www.siredwards.com\\\/es\\\/cookies-y-politica-de-privacidad\\\/#breadcrumb\"},\"inLanguage\":\"es\",\"potentialAction\":[{\"@type\":\"ReadAction\",\"target\":[\"https:\\\/\\\/www.siredwards.com\\\/es\\\/cookies-y-politica-de-privacidad\\\/\"]}]},{\"@type\":\"BreadcrumbList\",\"@id\":\"https:\\\/\\\/www.siredwards.com\\\/es\\\/cookies-y-politica-de-privacidad\\\/#breadcrumb\",\"itemListElement\":[{\"@type\":\"ListItem\",\"position\":1,\"name\":\"Home\",\"item\":\"https:\\\/\\\/www.siredwards.com\\\/es\\\/en\\\/\"},{\"@type\":\"ListItem\",\"position\":2,\"name\":\"Cookies y pol\u00edtica de privacidad\"}]},{\"@type\":\"WebSite\",\"@id\":\"https:\\\/\\\/www.siredwards.com\\\/es\\\/en\\\/#website\",\"url\":\"https:\\\/\\\/www.siredwards.com\\\/es\\\/en\\\/\",\"name\":\"Sir Edwards EN\",\"description\":\"\",\"potentialAction\":[{\"@type\":\"SearchAction\",\"target\":{\"@type\":\"EntryPoint\",\"urlTemplate\":\"https:\\\/\\\/www.siredwards.com\\\/es\\\/en\\\/?s={search_term_string}\"},\"query-input\":{\"@type\":\"PropertyValueSpecification\",\"valueRequired\":true,\"valueName\":\"search_term_string\"}}],\"inLanguage\":\"es\"}]}<\/script>\n<!-- \/ Yoast SEO plugin. -->","yoast_head_json":{"title":"Cookies y pol\u00edtica de privacidad - Sir Edwards EN","robots":{"index":"index","follow":"follow","max-snippet":"max-snippet:-1","max-image-preview":"max-image-preview:large","max-video-preview":"max-video-preview:-1"},"canonical":"https:\/\/www.siredwards.com\/es\/cookies-y-politica-de-privacidad\/","og_locale":"es_ES","og_type":"article","og_title":"Cookies y pol\u00edtica de privacidad - Sir Edwards EN","og_description":"Pol\u00edtica de protecci\u00f3n de datos Cada formulario limita la recopilaci\u00f3n de datos personales a lo estrictamente necesario (minimizaci\u00f3n de datos) y va acompa\u00f1ado de informaci\u00f3n sobre: El responsable del tratamiento y los objetivos de la recopilaci\u00f3n de estos datos (finalidades) El fundamento jur\u00eddico del tratamiento de datos El car\u00e1cter obligatorio u opcional de la recopilaci\u00f3n [&hellip;]","og_url":"https:\/\/www.siredwards.com\/es\/cookies-y-politica-de-privacidad\/","og_site_name":"Sir Edwards EN","twitter_card":"summary_large_image","twitter_misc":{"Tiempo de lectura":"4 minutos"},"schema":{"@context":"https:\/\/schema.org","@graph":[{"@type":"WebPage","@id":"https:\/\/www.siredwards.com\/es\/cookies-y-politica-de-privacidad\/","url":"https:\/\/www.siredwards.com\/es\/cookies-y-politica-de-privacidad\/","name":"Cookies y pol\u00edtica de privacidad - Sir Edwards EN","isPartOf":{"@id":"https:\/\/www.siredwards.com\/es\/en\/#website"},"datePublished":"2019-07-22T12:37:22+00:00","breadcrumb":{"@id":"https:\/\/www.siredwards.com\/es\/cookies-y-politica-de-privacidad\/#breadcrumb"},"inLanguage":"es","potentialAction":[{"@type":"ReadAction","target":["https:\/\/www.siredwards.com\/es\/cookies-y-politica-de-privacidad\/"]}]},{"@type":"BreadcrumbList","@id":"https:\/\/www.siredwards.com\/es\/cookies-y-politica-de-privacidad\/#breadcrumb","itemListElement":[{"@type":"ListItem","position":1,"name":"Home","item":"https:\/\/www.siredwards.com\/es\/en\/"},{"@type":"ListItem","position":2,"name":"Cookies y pol\u00edtica de privacidad"}]},{"@type":"WebSite","@id":"https:\/\/www.siredwards.com\/es\/en\/#website","url":"https:\/\/www.siredwards.com\/es\/en\/","name":"Sir Edwards EN","description":"","potentialAction":[{"@type":"SearchAction","target":{"@type":"EntryPoint","urlTemplate":"https:\/\/www.siredwards.com\/es\/en\/?s={search_term_string}"},"query-input":{"@type":"PropertyValueSpecification","valueRequired":true,"valueName":"search_term_string"}}],"inLanguage":"es"}]}},"_links":{"self":[{"href":"https:\/\/www.siredwards.com\/es\/wp-json\/wp\/v2\/pages\/24162","targetHints":{"allow":["GET"]}}],"collection":[{"href":"https:\/\/www.siredwards.com\/es\/wp-json\/wp\/v2\/pages"}],"about":[{"href":"https:\/\/www.siredwards.com\/es\/wp-json\/wp\/v2\/types\/page"}],"author":[{"embeddable":true,"href":"https:\/\/www.siredwards.com\/es\/wp-json\/wp\/v2\/users\/21683"}],"replies":[{"embeddable":true,"href":"https:\/\/www.siredwards.com\/es\/wp-json\/wp\/v2\/comments?post=24162"}],"version-history":[{"count":0,"href":"https:\/\/www.siredwards.com\/es\/wp-json\/wp\/v2\/pages\/24162\/revisions"}],"wp:attachment":[{"href":"https:\/\/www.siredwards.com\/es\/wp-json\/wp\/v2\/media?parent=24162"}],"curies":[{"name":"wp","href":"https:\/\/api.w.org\/{rel}","templated":true}]}}