{"id":24067,"date":"2018-04-10T10:30:01","date_gmt":"2018-04-10T08:30:01","guid":{"rendered":"https:\/\/www.siredwards.com\/terroir-y-territorio\/leyendas-escocesas\/la-leyenda-de-nessie\/"},"modified":"2018-04-10T10:30:01","modified_gmt":"2018-04-10T08:30:01","slug":"la-leyenda-de-nessie","status":"publish","type":"page","link":"https:\/\/www.siredwards.com\/es\/terroir-y-territorio\/leyendas-escocesas\/la-leyenda-de-nessie\/","title":{"rendered":"La leyenda de Nessie"},"content":{"rendered":"<p style=\"text-align: center;\"><iframe loading=\"lazy\" src=\"https:\/\/www.youtube.com\/embed\/PgscsgxuwPc?rel=0\" width=\"870\" height=\"489\" frameborder=\"0\" allowfullscreen=\"allowfullscreen\"><\/iframe><\/p>\n<p style=\"text-align: center;\"><span lang=\"ES\">En el a\u00f1o 565, viv\u00eda en tierras escocesas<strong> el monje Colomba de Iona<\/strong>. Nacido en Irlanda, donde hab\u00eda fundado varios monasterios, Colomba hab\u00eda viajado a Escocia, para hacer lo mismo. El monje era conocido por la grandeza de sus consejos y la <strong>bondad de su coraz\u00f3n<\/strong>. <\/span><\/p>\n<p style=\"text-align: center;\"><span lang=\"ES\">Un d\u00eda en el que realizaba una misi\u00f3n, Colomba de Iona paseaba por la <strong>orilla del Loch Ness<\/strong>. Este inmenso Loch, que para rodearlo hay que caminar durante tres d\u00edas, es tambi\u00e9n <strong>el m\u00e1s profundo de Escocia<\/strong>. A m\u00e1s de 250 metros de profundidad, \u00bfqui\u00e9n sabe qu\u00e9 extra\u00f1as criaturas pueden esconderse de las miradas de los curiosos? <\/span><\/p>\n<p style=\"text-align: center;\"><span lang=\"ES\">Caminando a buen ritmo, el abad hizo un alto en el camino. No muy lejos de la <strong>orilla del Loch Ness<\/strong>, un hombre era enterrado por sus familiares. Queriendo bendecirlo, Colomba se interes\u00f3 por las condiciones de su muerte. El desafortunado hombre hab\u00eda sido despedazado por <strong>una bestia<\/strong> que hab\u00eda surgido de las oscuras aguas del Loch.<\/span><\/p>\n<p style=\"text-align: center;\"><span lang=\"ES\">Incapaz de dejar que aquella malvada criatura sembrase el terror entre los lugare\u00f1os, el abad Colomba decidi\u00f3 explorar el Loch. Para ello, necesitaba una embarcaci\u00f3n. Al ver una barca amarrada en la orilla, se subi\u00f3 a ella y comenz\u00f3 a remar hacia el centro del Loch.<\/span><\/p>\n<p style=\"text-align: center;\"><span lang=\"ES\">Las turbulencias provocadas por sus remos tuvieron un efecto involuntario: <strong>despertaron a la bestia<\/strong>. Con el grito sordo emitido por el monstruo, el abad comprendi\u00f3 que la criatura hab\u00eda montado en una <strong>c\u00f3lera sedienta de sangre<\/strong>. Horrorizados, los testigos miraban impotentes la sombra del monstruo crecer en la superficie y dirigirse hacia el santo. <\/span><\/p>\n<p style=\"text-align: center;\"><span lang=\"ES\">Todo parec\u00eda estar perdido, cuando Colomba, mirando a la bestia, le hizo tranquilamente la <strong>se\u00f1al de la cruz<\/strong>. De repente, el monstruo del Loch Ness <strong>regres\u00f3 a las<\/strong> <strong>insondables profundidades<\/strong>, solo para resurgir en contadas ocasiones. Esta historia es el primer testimonio que se tiene de un monstruo en el Loch Ness. Otras se han ido sucediendo a lo largo d los a\u00f1os, <strong>\u00bf leyenda o realidad ?<\/strong> Puede hacerse su propia idea&#8230;<\/span><\/p>\n","protected":false},"excerpt":{"rendered":"<p>En el a\u00f1o 565, viv\u00eda en tierras escocesas el monje Colomba de Iona. Nacido en Irlanda, donde hab\u00eda fundado varios monasterios, Colomba hab\u00eda viajado a Escocia, para hacer lo mismo. El monje era conocido por la grandeza de sus consejos y la bondad de su coraz\u00f3n. Un d\u00eda en el que realizaba una misi\u00f3n, Colomba [&hellip;]<\/p>\n","protected":false},"author":21683,"featured_media":24068,"parent":23724,"menu_order":0,"comment_status":"open","ping_status":"open","template":"","meta":{"_acf_changed":false,"footnotes":""},"class_list":["post-24067","page","type-page","status-publish","has-post-thumbnail","hentry"],"acf":[],"yoast_head":"<!-- This site is optimized with the Yoast SEO plugin v27.3 - https:\/\/yoast.com\/product\/yoast-seo-wordpress\/ -->\n<title>La leyenda de Nessie - Sir Edwards EN<\/title>\n<meta name=\"robots\" content=\"index, follow, max-snippet:-1, max-image-preview:large, max-video-preview:-1\" \/>\n<link rel=\"canonical\" href=\"https:\/\/www.siredwards.com\/es\/terroir-y-territorio\/leyendas-escocesas\/la-leyenda-de-nessie\/\" \/>\n<meta property=\"og:locale\" content=\"es_ES\" \/>\n<meta property=\"og:type\" content=\"article\" \/>\n<meta property=\"og:title\" content=\"La leyenda de Nessie - Sir Edwards EN\" \/>\n<meta property=\"og:description\" content=\"En el a\u00f1o 565, viv\u00eda en tierras escocesas el monje Colomba de Iona. Nacido en Irlanda, donde hab\u00eda fundado varios monasterios, Colomba hab\u00eda viajado a Escocia, para hacer lo mismo. El monje era conocido por la grandeza de sus consejos y la bondad de su coraz\u00f3n. Un d\u00eda en el que realizaba una misi\u00f3n, Colomba [&hellip;]\" \/>\n<meta property=\"og:url\" content=\"https:\/\/www.siredwards.com\/es\/terroir-y-territorio\/leyendas-escocesas\/la-leyenda-de-nessie\/\" \/>\n<meta property=\"og:site_name\" content=\"Sir Edwards EN\" \/>\n<meta property=\"og:image\" content=\"https:\/\/www.siredwards.fr\/wp-content\/uploads\/sites\/3\/2025\/12\/leyenda-de-nessie-whisky-escocia-sir-edwards-page.jpg\" \/>\n\t<meta property=\"og:image:width\" content=\"990\" \/>\n\t<meta property=\"og:image:height\" content=\"340\" \/>\n\t<meta property=\"og:image:type\" content=\"image\/jpeg\" \/>\n<meta name=\"twitter:card\" content=\"summary_large_image\" \/>\n<meta name=\"twitter:label1\" content=\"Tiempo de lectura\" \/>\n\t<meta name=\"twitter:data1\" content=\"2 minutos\" \/>\n<script type=\"application\/ld+json\" class=\"yoast-schema-graph\">{\"@context\":\"https:\\\/\\\/schema.org\",\"@graph\":[{\"@type\":\"WebPage\",\"@id\":\"https:\\\/\\\/www.siredwards.com\\\/es\\\/terroir-y-territorio\\\/leyendas-escocesas\\\/la-leyenda-de-nessie\\\/\",\"url\":\"https:\\\/\\\/www.siredwards.com\\\/es\\\/terroir-y-territorio\\\/leyendas-escocesas\\\/la-leyenda-de-nessie\\\/\",\"name\":\"La leyenda de Nessie - Sir Edwards EN\",\"isPartOf\":{\"@id\":\"https:\\\/\\\/www.siredwards.com\\\/es\\\/en\\\/#website\"},\"primaryImageOfPage\":{\"@id\":\"https:\\\/\\\/www.siredwards.com\\\/es\\\/terroir-y-territorio\\\/leyendas-escocesas\\\/la-leyenda-de-nessie\\\/#primaryimage\"},\"image\":{\"@id\":\"https:\\\/\\\/www.siredwards.com\\\/es\\\/terroir-y-territorio\\\/leyendas-escocesas\\\/la-leyenda-de-nessie\\\/#primaryimage\"},\"thumbnailUrl\":\"https:\\\/\\\/www.siredwards.com\\\/wp-content\\\/uploads\\\/sites\\\/3\\\/2025\\\/12\\\/leyenda-de-nessie-whisky-escocia-sir-edwards-page.jpg\",\"datePublished\":\"2018-04-10T08:30:01+00:00\",\"breadcrumb\":{\"@id\":\"https:\\\/\\\/www.siredwards.com\\\/es\\\/terroir-y-territorio\\\/leyendas-escocesas\\\/la-leyenda-de-nessie\\\/#breadcrumb\"},\"inLanguage\":\"es\",\"potentialAction\":[{\"@type\":\"ReadAction\",\"target\":[\"https:\\\/\\\/www.siredwards.com\\\/es\\\/terroir-y-territorio\\\/leyendas-escocesas\\\/la-leyenda-de-nessie\\\/\"]}]},{\"@type\":\"ImageObject\",\"inLanguage\":\"es\",\"@id\":\"https:\\\/\\\/www.siredwards.com\\\/es\\\/terroir-y-territorio\\\/leyendas-escocesas\\\/la-leyenda-de-nessie\\\/#primaryimage\",\"url\":\"https:\\\/\\\/www.siredwards.com\\\/wp-content\\\/uploads\\\/sites\\\/3\\\/2025\\\/12\\\/leyenda-de-nessie-whisky-escocia-sir-edwards-page.jpg\",\"contentUrl\":\"https:\\\/\\\/www.siredwards.com\\\/wp-content\\\/uploads\\\/sites\\\/3\\\/2025\\\/12\\\/leyenda-de-nessie-whisky-escocia-sir-edwards-page.jpg\",\"width\":990,\"height\":340,\"caption\":\"leyenda de nessie whisky escocia sir edwards\"},{\"@type\":\"BreadcrumbList\",\"@id\":\"https:\\\/\\\/www.siredwards.com\\\/es\\\/terroir-y-territorio\\\/leyendas-escocesas\\\/la-leyenda-de-nessie\\\/#breadcrumb\",\"itemListElement\":[{\"@type\":\"ListItem\",\"position\":1,\"name\":\"Home\",\"item\":\"https:\\\/\\\/www.siredwards.com\\\/es\\\/en\\\/\"},{\"@type\":\"ListItem\",\"position\":2,\"name\":\"Terroir y territorio\",\"item\":\"https:\\\/\\\/www.siredwards.com\\\/es\\\/terroir-y-territorio\\\/\"},{\"@type\":\"ListItem\",\"position\":3,\"name\":\"Leyendas escocesas\",\"item\":\"https:\\\/\\\/www.siredwards.com\\\/es\\\/terroir-y-territorio\\\/leyendas-escocesas\\\/\"},{\"@type\":\"ListItem\",\"position\":4,\"name\":\"La leyenda de Nessie\"}]},{\"@type\":\"WebSite\",\"@id\":\"https:\\\/\\\/www.siredwards.com\\\/es\\\/en\\\/#website\",\"url\":\"https:\\\/\\\/www.siredwards.com\\\/es\\\/en\\\/\",\"name\":\"Sir Edwards EN\",\"description\":\"\",\"potentialAction\":[{\"@type\":\"SearchAction\",\"target\":{\"@type\":\"EntryPoint\",\"urlTemplate\":\"https:\\\/\\\/www.siredwards.com\\\/es\\\/en\\\/?s={search_term_string}\"},\"query-input\":{\"@type\":\"PropertyValueSpecification\",\"valueRequired\":true,\"valueName\":\"search_term_string\"}}],\"inLanguage\":\"es\"}]}<\/script>\n<!-- \/ Yoast SEO plugin. -->","yoast_head_json":{"title":"La leyenda de Nessie - Sir Edwards EN","robots":{"index":"index","follow":"follow","max-snippet":"max-snippet:-1","max-image-preview":"max-image-preview:large","max-video-preview":"max-video-preview:-1"},"canonical":"https:\/\/www.siredwards.com\/es\/terroir-y-territorio\/leyendas-escocesas\/la-leyenda-de-nessie\/","og_locale":"es_ES","og_type":"article","og_title":"La leyenda de Nessie - Sir Edwards EN","og_description":"En el a\u00f1o 565, viv\u00eda en tierras escocesas el monje Colomba de Iona. Nacido en Irlanda, donde hab\u00eda fundado varios monasterios, Colomba hab\u00eda viajado a Escocia, para hacer lo mismo. El monje era conocido por la grandeza de sus consejos y la bondad de su coraz\u00f3n. Un d\u00eda en el que realizaba una misi\u00f3n, Colomba [&hellip;]","og_url":"https:\/\/www.siredwards.com\/es\/terroir-y-territorio\/leyendas-escocesas\/la-leyenda-de-nessie\/","og_site_name":"Sir Edwards EN","og_image":[{"width":990,"height":340,"url":"https:\/\/www.siredwards.fr\/wp-content\/uploads\/sites\/3\/2025\/12\/leyenda-de-nessie-whisky-escocia-sir-edwards-page.jpg","type":"image\/jpeg"}],"twitter_card":"summary_large_image","twitter_misc":{"Tiempo de lectura":"2 minutos"},"schema":{"@context":"https:\/\/schema.org","@graph":[{"@type":"WebPage","@id":"https:\/\/www.siredwards.com\/es\/terroir-y-territorio\/leyendas-escocesas\/la-leyenda-de-nessie\/","url":"https:\/\/www.siredwards.com\/es\/terroir-y-territorio\/leyendas-escocesas\/la-leyenda-de-nessie\/","name":"La leyenda de Nessie - Sir Edwards EN","isPartOf":{"@id":"https:\/\/www.siredwards.com\/es\/en\/#website"},"primaryImageOfPage":{"@id":"https:\/\/www.siredwards.com\/es\/terroir-y-territorio\/leyendas-escocesas\/la-leyenda-de-nessie\/#primaryimage"},"image":{"@id":"https:\/\/www.siredwards.com\/es\/terroir-y-territorio\/leyendas-escocesas\/la-leyenda-de-nessie\/#primaryimage"},"thumbnailUrl":"https:\/\/www.siredwards.com\/wp-content\/uploads\/sites\/3\/2025\/12\/leyenda-de-nessie-whisky-escocia-sir-edwards-page.jpg","datePublished":"2018-04-10T08:30:01+00:00","breadcrumb":{"@id":"https:\/\/www.siredwards.com\/es\/terroir-y-territorio\/leyendas-escocesas\/la-leyenda-de-nessie\/#breadcrumb"},"inLanguage":"es","potentialAction":[{"@type":"ReadAction","target":["https:\/\/www.siredwards.com\/es\/terroir-y-territorio\/leyendas-escocesas\/la-leyenda-de-nessie\/"]}]},{"@type":"ImageObject","inLanguage":"es","@id":"https:\/\/www.siredwards.com\/es\/terroir-y-territorio\/leyendas-escocesas\/la-leyenda-de-nessie\/#primaryimage","url":"https:\/\/www.siredwards.com\/wp-content\/uploads\/sites\/3\/2025\/12\/leyenda-de-nessie-whisky-escocia-sir-edwards-page.jpg","contentUrl":"https:\/\/www.siredwards.com\/wp-content\/uploads\/sites\/3\/2025\/12\/leyenda-de-nessie-whisky-escocia-sir-edwards-page.jpg","width":990,"height":340,"caption":"leyenda de nessie whisky escocia sir edwards"},{"@type":"BreadcrumbList","@id":"https:\/\/www.siredwards.com\/es\/terroir-y-territorio\/leyendas-escocesas\/la-leyenda-de-nessie\/#breadcrumb","itemListElement":[{"@type":"ListItem","position":1,"name":"Home","item":"https:\/\/www.siredwards.com\/es\/en\/"},{"@type":"ListItem","position":2,"name":"Terroir y territorio","item":"https:\/\/www.siredwards.com\/es\/terroir-y-territorio\/"},{"@type":"ListItem","position":3,"name":"Leyendas escocesas","item":"https:\/\/www.siredwards.com\/es\/terroir-y-territorio\/leyendas-escocesas\/"},{"@type":"ListItem","position":4,"name":"La leyenda de Nessie"}]},{"@type":"WebSite","@id":"https:\/\/www.siredwards.com\/es\/en\/#website","url":"https:\/\/www.siredwards.com\/es\/en\/","name":"Sir Edwards EN","description":"","potentialAction":[{"@type":"SearchAction","target":{"@type":"EntryPoint","urlTemplate":"https:\/\/www.siredwards.com\/es\/en\/?s={search_term_string}"},"query-input":{"@type":"PropertyValueSpecification","valueRequired":true,"valueName":"search_term_string"}}],"inLanguage":"es"}]}},"_links":{"self":[{"href":"https:\/\/www.siredwards.com\/es\/wp-json\/wp\/v2\/pages\/24067","targetHints":{"allow":["GET"]}}],"collection":[{"href":"https:\/\/www.siredwards.com\/es\/wp-json\/wp\/v2\/pages"}],"about":[{"href":"https:\/\/www.siredwards.com\/es\/wp-json\/wp\/v2\/types\/page"}],"author":[{"embeddable":true,"href":"https:\/\/www.siredwards.com\/es\/wp-json\/wp\/v2\/users\/21683"}],"replies":[{"embeddable":true,"href":"https:\/\/www.siredwards.com\/es\/wp-json\/wp\/v2\/comments?post=24067"}],"version-history":[{"count":0,"href":"https:\/\/www.siredwards.com\/es\/wp-json\/wp\/v2\/pages\/24067\/revisions"}],"up":[{"embeddable":true,"href":"https:\/\/www.siredwards.com\/es\/wp-json\/wp\/v2\/pages\/23724"}],"wp:featuredmedia":[{"embeddable":true,"href":"https:\/\/www.siredwards.com\/es\/wp-json\/wp\/v2\/media\/24068"}],"wp:attachment":[{"href":"https:\/\/www.siredwards.com\/es\/wp-json\/wp\/v2\/media?parent=24067"}],"curies":[{"name":"wp","href":"https:\/\/api.w.org\/{rel}","templated":true}]}}