{"id":24050,"date":"2018-04-10T10:28:06","date_gmt":"2018-04-10T08:28:06","guid":{"rendered":"https:\/\/www.siredwards.com\/terroir-y-territorio\/leyendas-escocesas\/el-alquimista-del-castillo-de-stirling\/"},"modified":"2018-04-10T10:28:06","modified_gmt":"2018-04-10T08:28:06","slug":"el-alquimista-del-castillo-de-stirling","status":"publish","type":"page","link":"https:\/\/www.siredwards.com\/es\/terroir-y-territorio\/leyendas-escocesas\/el-alquimista-del-castillo-de-stirling\/","title":{"rendered":"El alquimista del castillo de Stirling"},"content":{"rendered":"<p style=\"text-align: center;\"><iframe loading=\"lazy\" src=\"https:\/\/www.youtube.com\/embed\/fjtiZ4nKHOc?rel=0\" width=\"870\" height=\"489\" frameborder=\"0\" allowfullscreen=\"allowfullscreen\"><\/iframe><\/p>\n<p style=\"text-align: center;\"><span lang=\"ES\">\u00bfQui\u00e9n no ha so\u00f1ado nunca con <strong>poseer una cantidad tal de oro<\/strong>, que un carruaje de 100 caballos fuera incapaz de transportar semejante tesoro? Tal era el deseo del rey James. Por la noche, se imaginaba acariciando la piedra filosofal y transformando todos los objetos de hierro de su castillo de Stirling en el metal precioso. <\/span><\/p>\n<p style=\"text-align: center;\"><span lang=\"ES\">Un d\u00eda, en que un misterioso visitante apel\u00f3 a su hospitalidad, el rey sinti\u00f3 como su coraz\u00f3n se sobresaltaba. \u00a1 El hombre <strong>afirmaba ser un verdadero alquimista <\/strong>! Prometi\u00f3 al rey, cegado por la avaricia, convertirlo en un <strong>hombre rico<\/strong>. \u00a1 M\u00e1s rico que todos los soberanos juntos !<\/span><\/p>\n<p style=\"text-align: center;\"><span lang=\"ES\">Seducido, el rey le ofreci\u00f3 lo que deseaba: un techo, un t\u00edtulo honor\u00edfico, una pensi\u00f3n, el acceso a sus propias reservas de whisky y, sobre todo, un lugar oculto en el que trabajar. Con la confianza otorgada por su nuevo estatus, el hombre se adentraba en las entra\u00f1as del palacio. Cada d\u00eda, el rey le convocaba para preguntarle: \u201c\u00bfHas logrado transformar en oro los metales de mi castillo?\u201c \u201cA\u00fan no, Se\u00f1or, <strong>quiz\u00e1s ma\u00f1ana<\/strong>\u201d. Trascurrieron varios a\u00f1os, hasta el punto que el rey comenz\u00f3 a dudar. \u00bf Ser\u00eda este hombre un <strong>poderoso mago o un desvergonzado impostor<\/strong> ? La sed de oro lo atormentaba.<\/span><\/p>\n<p style=\"text-align: center;\"><span lang=\"ES\">Sintiendo que su suerte se agotaba, el hombre decidi\u00f3 escapar. Las largas noches pasadas tratando de mutar los viles metales en oro, hab\u00edan <strong>trastornado su mente<\/strong>. A decir verdad, hab\u00eda perdido el juicio por completo. En su mente enferma se imagin\u00f3 una fuga grandiosa, <strong>ech\u00e1ndose a volar<\/strong>. De este modo, el p\u00edcaro personaje se dispuso a confeccionar dos alas, con plumas que hab\u00eda ido recogiendo. Una noche, ataviado como una rapaz, se lanz\u00f3 desde lo alto de la muralla de Stirling&#8230; para precipitarse al vac\u00edo. <\/span><\/p>\n<p style=\"text-align: center;\"><span lang=\"ES\">A los pies de la fortaleza, solo qued\u00f3 un pu\u00f1ado de plumas, una moneda de oro y en el fondo de una grieta inaccesible, <strong>un<\/strong> <strong>resplandor dorado<\/strong>. El rey intent\u00f3 picar la roca, introducirse en los resquicios, pero era imposible acercarse. Como imposible fue tambi\u00e9n encontrar en los laberintos del castillo el laboratorio del alquimista. El rey a su vez acab\u00f3 perdiendo la raz\u00f3n. Y desde entonces, por la noche, podemos encontrarnos con <strong>el fantasma del alquimista<\/strong>, vagando sin descanso por los t\u00faneles del castillo de Stirling.<\/span><\/p>\n","protected":false},"excerpt":{"rendered":"<p>\u00bfQui\u00e9n no ha so\u00f1ado nunca con poseer una cantidad tal de oro, que un carruaje de 100 caballos fuera incapaz de transportar semejante tesoro? Tal era el deseo del rey James. Por la noche, se imaginaba acariciando la piedra filosofal y transformando todos los objetos de hierro de su castillo de Stirling en el metal [&hellip;]<\/p>\n","protected":false},"author":21683,"featured_media":24051,"parent":23724,"menu_order":0,"comment_status":"open","ping_status":"open","template":"","meta":{"_acf_changed":false,"footnotes":""},"class_list":["post-24050","page","type-page","status-publish","has-post-thumbnail","hentry"],"acf":[],"yoast_head":"<!-- This site is optimized with the Yoast SEO plugin v27.3 - https:\/\/yoast.com\/product\/yoast-seo-wordpress\/ -->\n<title>El alquimista del castillo de Stirling - Sir Edwards EN<\/title>\n<meta name=\"robots\" content=\"index, follow, max-snippet:-1, max-image-preview:large, max-video-preview:-1\" \/>\n<link rel=\"canonical\" href=\"https:\/\/www.siredwards.com\/es\/terroir-y-territorio\/leyendas-escocesas\/el-alquimista-del-castillo-de-stirling\/\" \/>\n<meta property=\"og:locale\" content=\"es_ES\" \/>\n<meta property=\"og:type\" content=\"article\" \/>\n<meta property=\"og:title\" content=\"El alquimista del castillo de Stirling - Sir Edwards EN\" \/>\n<meta property=\"og:description\" content=\"\u00bfQui\u00e9n no ha so\u00f1ado nunca con poseer una cantidad tal de oro, que un carruaje de 100 caballos fuera incapaz de transportar semejante tesoro? Tal era el deseo del rey James. Por la noche, se imaginaba acariciando la piedra filosofal y transformando todos los objetos de hierro de su castillo de Stirling en el metal [&hellip;]\" \/>\n<meta property=\"og:url\" content=\"https:\/\/www.siredwards.com\/es\/terroir-y-territorio\/leyendas-escocesas\/el-alquimista-del-castillo-de-stirling\/\" \/>\n<meta property=\"og:site_name\" content=\"Sir Edwards EN\" \/>\n<meta property=\"og:image\" content=\"https:\/\/www.siredwards.fr\/wp-content\/uploads\/sites\/3\/2025\/12\/alquimista-del-castillo-stirling-whisky-escocia-sir-edwards-page.jpg\" \/>\n\t<meta property=\"og:image:width\" content=\"990\" \/>\n\t<meta property=\"og:image:height\" content=\"340\" \/>\n\t<meta property=\"og:image:type\" content=\"image\/jpeg\" \/>\n<meta name=\"twitter:card\" content=\"summary_large_image\" \/>\n<meta name=\"twitter:label1\" content=\"Tiempo de lectura\" \/>\n\t<meta name=\"twitter:data1\" content=\"2 minutos\" \/>\n<script type=\"application\/ld+json\" class=\"yoast-schema-graph\">{\"@context\":\"https:\\\/\\\/schema.org\",\"@graph\":[{\"@type\":\"WebPage\",\"@id\":\"https:\\\/\\\/www.siredwards.com\\\/es\\\/terroir-y-territorio\\\/leyendas-escocesas\\\/el-alquimista-del-castillo-de-stirling\\\/\",\"url\":\"https:\\\/\\\/www.siredwards.com\\\/es\\\/terroir-y-territorio\\\/leyendas-escocesas\\\/el-alquimista-del-castillo-de-stirling\\\/\",\"name\":\"El alquimista del castillo de Stirling - Sir Edwards EN\",\"isPartOf\":{\"@id\":\"https:\\\/\\\/www.siredwards.com\\\/es\\\/en\\\/#website\"},\"primaryImageOfPage\":{\"@id\":\"https:\\\/\\\/www.siredwards.com\\\/es\\\/terroir-y-territorio\\\/leyendas-escocesas\\\/el-alquimista-del-castillo-de-stirling\\\/#primaryimage\"},\"image\":{\"@id\":\"https:\\\/\\\/www.siredwards.com\\\/es\\\/terroir-y-territorio\\\/leyendas-escocesas\\\/el-alquimista-del-castillo-de-stirling\\\/#primaryimage\"},\"thumbnailUrl\":\"https:\\\/\\\/www.siredwards.com\\\/wp-content\\\/uploads\\\/sites\\\/3\\\/2025\\\/12\\\/alquimista-del-castillo-stirling-whisky-escocia-sir-edwards-page.jpg\",\"datePublished\":\"2018-04-10T08:28:06+00:00\",\"breadcrumb\":{\"@id\":\"https:\\\/\\\/www.siredwards.com\\\/es\\\/terroir-y-territorio\\\/leyendas-escocesas\\\/el-alquimista-del-castillo-de-stirling\\\/#breadcrumb\"},\"inLanguage\":\"es\",\"potentialAction\":[{\"@type\":\"ReadAction\",\"target\":[\"https:\\\/\\\/www.siredwards.com\\\/es\\\/terroir-y-territorio\\\/leyendas-escocesas\\\/el-alquimista-del-castillo-de-stirling\\\/\"]}]},{\"@type\":\"ImageObject\",\"inLanguage\":\"es\",\"@id\":\"https:\\\/\\\/www.siredwards.com\\\/es\\\/terroir-y-territorio\\\/leyendas-escocesas\\\/el-alquimista-del-castillo-de-stirling\\\/#primaryimage\",\"url\":\"https:\\\/\\\/www.siredwards.com\\\/wp-content\\\/uploads\\\/sites\\\/3\\\/2025\\\/12\\\/alquimista-del-castillo-stirling-whisky-escocia-sir-edwards-page.jpg\",\"contentUrl\":\"https:\\\/\\\/www.siredwards.com\\\/wp-content\\\/uploads\\\/sites\\\/3\\\/2025\\\/12\\\/alquimista-del-castillo-stirling-whisky-escocia-sir-edwards-page.jpg\",\"width\":990,\"height\":340},{\"@type\":\"BreadcrumbList\",\"@id\":\"https:\\\/\\\/www.siredwards.com\\\/es\\\/terroir-y-territorio\\\/leyendas-escocesas\\\/el-alquimista-del-castillo-de-stirling\\\/#breadcrumb\",\"itemListElement\":[{\"@type\":\"ListItem\",\"position\":1,\"name\":\"Home\",\"item\":\"https:\\\/\\\/www.siredwards.com\\\/es\\\/en\\\/\"},{\"@type\":\"ListItem\",\"position\":2,\"name\":\"Terroir y territorio\",\"item\":\"https:\\\/\\\/www.siredwards.com\\\/es\\\/terroir-y-territorio\\\/\"},{\"@type\":\"ListItem\",\"position\":3,\"name\":\"Leyendas escocesas\",\"item\":\"https:\\\/\\\/www.siredwards.com\\\/es\\\/terroir-y-territorio\\\/leyendas-escocesas\\\/\"},{\"@type\":\"ListItem\",\"position\":4,\"name\":\"El alquimista del castillo de Stirling\"}]},{\"@type\":\"WebSite\",\"@id\":\"https:\\\/\\\/www.siredwards.com\\\/es\\\/en\\\/#website\",\"url\":\"https:\\\/\\\/www.siredwards.com\\\/es\\\/en\\\/\",\"name\":\"Sir Edwards EN\",\"description\":\"\",\"potentialAction\":[{\"@type\":\"SearchAction\",\"target\":{\"@type\":\"EntryPoint\",\"urlTemplate\":\"https:\\\/\\\/www.siredwards.com\\\/es\\\/en\\\/?s={search_term_string}\"},\"query-input\":{\"@type\":\"PropertyValueSpecification\",\"valueRequired\":true,\"valueName\":\"search_term_string\"}}],\"inLanguage\":\"es\"}]}<\/script>\n<!-- \/ Yoast SEO plugin. -->","yoast_head_json":{"title":"El alquimista del castillo de Stirling - Sir Edwards EN","robots":{"index":"index","follow":"follow","max-snippet":"max-snippet:-1","max-image-preview":"max-image-preview:large","max-video-preview":"max-video-preview:-1"},"canonical":"https:\/\/www.siredwards.com\/es\/terroir-y-territorio\/leyendas-escocesas\/el-alquimista-del-castillo-de-stirling\/","og_locale":"es_ES","og_type":"article","og_title":"El alquimista del castillo de Stirling - Sir Edwards EN","og_description":"\u00bfQui\u00e9n no ha so\u00f1ado nunca con poseer una cantidad tal de oro, que un carruaje de 100 caballos fuera incapaz de transportar semejante tesoro? Tal era el deseo del rey James. Por la noche, se imaginaba acariciando la piedra filosofal y transformando todos los objetos de hierro de su castillo de Stirling en el metal [&hellip;]","og_url":"https:\/\/www.siredwards.com\/es\/terroir-y-territorio\/leyendas-escocesas\/el-alquimista-del-castillo-de-stirling\/","og_site_name":"Sir Edwards EN","og_image":[{"width":990,"height":340,"url":"https:\/\/www.siredwards.fr\/wp-content\/uploads\/sites\/3\/2025\/12\/alquimista-del-castillo-stirling-whisky-escocia-sir-edwards-page.jpg","type":"image\/jpeg"}],"twitter_card":"summary_large_image","twitter_misc":{"Tiempo de lectura":"2 minutos"},"schema":{"@context":"https:\/\/schema.org","@graph":[{"@type":"WebPage","@id":"https:\/\/www.siredwards.com\/es\/terroir-y-territorio\/leyendas-escocesas\/el-alquimista-del-castillo-de-stirling\/","url":"https:\/\/www.siredwards.com\/es\/terroir-y-territorio\/leyendas-escocesas\/el-alquimista-del-castillo-de-stirling\/","name":"El alquimista del castillo de Stirling - Sir Edwards EN","isPartOf":{"@id":"https:\/\/www.siredwards.com\/es\/en\/#website"},"primaryImageOfPage":{"@id":"https:\/\/www.siredwards.com\/es\/terroir-y-territorio\/leyendas-escocesas\/el-alquimista-del-castillo-de-stirling\/#primaryimage"},"image":{"@id":"https:\/\/www.siredwards.com\/es\/terroir-y-territorio\/leyendas-escocesas\/el-alquimista-del-castillo-de-stirling\/#primaryimage"},"thumbnailUrl":"https:\/\/www.siredwards.com\/wp-content\/uploads\/sites\/3\/2025\/12\/alquimista-del-castillo-stirling-whisky-escocia-sir-edwards-page.jpg","datePublished":"2018-04-10T08:28:06+00:00","breadcrumb":{"@id":"https:\/\/www.siredwards.com\/es\/terroir-y-territorio\/leyendas-escocesas\/el-alquimista-del-castillo-de-stirling\/#breadcrumb"},"inLanguage":"es","potentialAction":[{"@type":"ReadAction","target":["https:\/\/www.siredwards.com\/es\/terroir-y-territorio\/leyendas-escocesas\/el-alquimista-del-castillo-de-stirling\/"]}]},{"@type":"ImageObject","inLanguage":"es","@id":"https:\/\/www.siredwards.com\/es\/terroir-y-territorio\/leyendas-escocesas\/el-alquimista-del-castillo-de-stirling\/#primaryimage","url":"https:\/\/www.siredwards.com\/wp-content\/uploads\/sites\/3\/2025\/12\/alquimista-del-castillo-stirling-whisky-escocia-sir-edwards-page.jpg","contentUrl":"https:\/\/www.siredwards.com\/wp-content\/uploads\/sites\/3\/2025\/12\/alquimista-del-castillo-stirling-whisky-escocia-sir-edwards-page.jpg","width":990,"height":340},{"@type":"BreadcrumbList","@id":"https:\/\/www.siredwards.com\/es\/terroir-y-territorio\/leyendas-escocesas\/el-alquimista-del-castillo-de-stirling\/#breadcrumb","itemListElement":[{"@type":"ListItem","position":1,"name":"Home","item":"https:\/\/www.siredwards.com\/es\/en\/"},{"@type":"ListItem","position":2,"name":"Terroir y territorio","item":"https:\/\/www.siredwards.com\/es\/terroir-y-territorio\/"},{"@type":"ListItem","position":3,"name":"Leyendas escocesas","item":"https:\/\/www.siredwards.com\/es\/terroir-y-territorio\/leyendas-escocesas\/"},{"@type":"ListItem","position":4,"name":"El alquimista del castillo de Stirling"}]},{"@type":"WebSite","@id":"https:\/\/www.siredwards.com\/es\/en\/#website","url":"https:\/\/www.siredwards.com\/es\/en\/","name":"Sir Edwards EN","description":"","potentialAction":[{"@type":"SearchAction","target":{"@type":"EntryPoint","urlTemplate":"https:\/\/www.siredwards.com\/es\/en\/?s={search_term_string}"},"query-input":{"@type":"PropertyValueSpecification","valueRequired":true,"valueName":"search_term_string"}}],"inLanguage":"es"}]}},"_links":{"self":[{"href":"https:\/\/www.siredwards.com\/es\/wp-json\/wp\/v2\/pages\/24050","targetHints":{"allow":["GET"]}}],"collection":[{"href":"https:\/\/www.siredwards.com\/es\/wp-json\/wp\/v2\/pages"}],"about":[{"href":"https:\/\/www.siredwards.com\/es\/wp-json\/wp\/v2\/types\/page"}],"author":[{"embeddable":true,"href":"https:\/\/www.siredwards.com\/es\/wp-json\/wp\/v2\/users\/21683"}],"replies":[{"embeddable":true,"href":"https:\/\/www.siredwards.com\/es\/wp-json\/wp\/v2\/comments?post=24050"}],"version-history":[{"count":0,"href":"https:\/\/www.siredwards.com\/es\/wp-json\/wp\/v2\/pages\/24050\/revisions"}],"up":[{"embeddable":true,"href":"https:\/\/www.siredwards.com\/es\/wp-json\/wp\/v2\/pages\/23724"}],"wp:featuredmedia":[{"embeddable":true,"href":"https:\/\/www.siredwards.com\/es\/wp-json\/wp\/v2\/media\/24051"}],"wp:attachment":[{"href":"https:\/\/www.siredwards.com\/es\/wp-json\/wp\/v2\/media?parent=24050"}],"curies":[{"name":"wp","href":"https:\/\/api.w.org\/{rel}","templated":true}]}}