{"id":24033,"date":"2018-04-10T10:24:32","date_gmt":"2018-04-10T08:24:32","guid":{"rendered":"https:\/\/www.siredwards.com\/terroir-y-territorio\/leyendas-escocesas\/el-brownie-de-clochfoldich-farm\/"},"modified":"2018-04-10T10:24:32","modified_gmt":"2018-04-10T08:24:32","slug":"el-brownie-de-clochfoldich-farm","status":"publish","type":"page","link":"https:\/\/www.siredwards.com\/es\/terroir-y-territorio\/leyendas-escocesas\/el-brownie-de-clochfoldich-farm\/","title":{"rendered":"El brownie de Clochfoldich Farm"},"content":{"rendered":"<p style=\"text-align: center;\"><iframe loading=\"lazy\" src=\"https:\/\/www.youtube.com\/embed\/lq0iz1NAqi8?rel=0\" width=\"870\" height=\"489\" frameborder=\"0\" allowfullscreen=\"allowfullscreen\"><\/iframe><\/p>\n<p style=\"text-align: center;\"><span lang=\"ES\">En Escocia, en las granjas aisladas, no resulta raro escuchar a los lugare\u00f1os decir que <strong>un brownie<\/strong> viene a menudo a ayudarlos. Sin embargo, ver un brownie no es un asunto menor. Este <strong>duende dom\u00e9stico<\/strong> prefiere pasar sin ser visto y transitar cuando las tinieblas prevalecen sobre la claridad.<\/span><\/p>\n<p style=\"text-align: center;\"><span lang=\"ES\">En Clochfoldich Farm, todos conoc\u00edan de la existencia del brownie. Normalmente, estas criaturas eran serviciales, ordenaban la vajilla y limpiaban las escudillas. Desafortunadamente, la naturaleza de este brownie era <strong>muy diferente<\/strong>.<\/span><\/p>\n<p style=\"text-align: center;\"><span lang=\"ES\">Por el d\u00eda, lejos de las miradas, se dedicaba al placer de saltar en los charcos, manchando su largo cabello negro de barro y ensuciando su ropa. Por la noche, cuando todos en la casa dorm\u00edan, el brownie entraba en la cocina, lavaba los cuencos, limpiaba los platos, antes de romperlos violentamente. Al d\u00eda siguiente, el <strong>rastro de barro<\/strong> en el suelo traicionaba al <strong>autor de la travesura<\/strong>.<\/span><\/p>\n<p style=\"text-align: center;\"><span lang=\"ES\">Un d\u00eda, los habitantes de la granja de Clochfoldich decidieron que ya estaban hartos y que se deshar\u00edan de \u00e9l. Para ello, le <strong>ofrecieron nuevos ropajes<\/strong> con los que vestirse. Era una forma segura de enojar a un brownie, tan apegado a su ropa vieja&#8230; enfadado, se ir\u00eda, para siempre. \u00a1Pero no este brownie! Ignorando el regalo, permaneci\u00f3 en la granja y continu\u00f3 agotando la paciencia de los habitantes.<\/span><\/p>\n<p style=\"text-align: center;\"><span lang=\"ES\">Pero un d\u00eda, por casualidad, lleg\u00f3 la tan ansiada ayuda. En el camino h\u00famedo que llevaba a la granja, el ni\u00f1o de la casa escuch\u00f3 al brownie jugando a su juego favorito. \u00a1Chap, chap! Y le dijo, mira \u201cla Ranita va a venir a hacernos una visita esta noche\u201d. \u201cRanita\u201d respondi\u00f3 en brownie sorprendido&#8230; \u201dRanita\u201d repiti\u00f3 pensativo\u2026 \u201c<strong>Tengo nombre<\/strong>\u201d exclam\u00f3, al fin&#8230; antes de desaparecer en un suspiro. <strong>No se le volvi\u00f3 a ver<\/strong> por la granja de Clochfoldich. Feliz de saber qui\u00e9n era, el brownie ya no ten\u00eda que causar molestias. <\/span><\/p>\n<p style=\"text-align: center;\"><span lang=\"ES\">En algunas casas escocesas, a\u00fan hoy nos encontramos la vajilla rota, sin que <strong>persona reconozca su responsabilidad<\/strong>. \u00bfY si el brownie ha regresado para atormentarnos? Aunque quiz\u00e1s lo m\u00e1s c\u00f3modo sea acusarle a \u00e9l&#8230; <\/span><\/p>\n","protected":false},"excerpt":{"rendered":"<p>En Escocia, en las granjas aisladas, no resulta raro escuchar a los lugare\u00f1os decir que un brownie viene a menudo a ayudarlos. Sin embargo, ver un brownie no es un asunto menor. Este duende dom\u00e9stico prefiere pasar sin ser visto y transitar cuando las tinieblas prevalecen sobre la claridad. En Clochfoldich Farm, todos conoc\u00edan de [&hellip;]<\/p>\n","protected":false},"author":21683,"featured_media":24034,"parent":23724,"menu_order":0,"comment_status":"open","ping_status":"open","template":"","meta":{"_acf_changed":false,"footnotes":""},"class_list":["post-24033","page","type-page","status-publish","has-post-thumbnail","hentry"],"acf":[],"yoast_head":"<!-- This site is optimized with the Yoast SEO plugin v27.3 - https:\/\/yoast.com\/product\/yoast-seo-wordpress\/ -->\n<title>El brownie de Clochfoldich Farm - Sir Edwards EN<\/title>\n<meta name=\"robots\" content=\"index, follow, max-snippet:-1, max-image-preview:large, max-video-preview:-1\" \/>\n<link rel=\"canonical\" href=\"https:\/\/www.siredwards.com\/es\/terroir-y-territorio\/leyendas-escocesas\/el-brownie-de-clochfoldich-farm\/\" \/>\n<meta property=\"og:locale\" content=\"es_ES\" \/>\n<meta property=\"og:type\" content=\"article\" \/>\n<meta property=\"og:title\" content=\"El brownie de Clochfoldich Farm - Sir Edwards EN\" \/>\n<meta property=\"og:description\" content=\"En Escocia, en las granjas aisladas, no resulta raro escuchar a los lugare\u00f1os decir que un brownie viene a menudo a ayudarlos. Sin embargo, ver un brownie no es un asunto menor. Este duende dom\u00e9stico prefiere pasar sin ser visto y transitar cuando las tinieblas prevalecen sobre la claridad. En Clochfoldich Farm, todos conoc\u00edan de [&hellip;]\" \/>\n<meta property=\"og:url\" content=\"https:\/\/www.siredwards.com\/es\/terroir-y-territorio\/leyendas-escocesas\/el-brownie-de-clochfoldich-farm\/\" \/>\n<meta property=\"og:site_name\" content=\"Sir Edwards EN\" \/>\n<meta property=\"og:image\" content=\"https:\/\/www.siredwards.com\/wp-content\/uploads\/sites\/3\/2025\/12\/brownie-de-clochfoldich-farm-whisky-escocia-sir-edwards-page.jpg\" \/>\n\t<meta property=\"og:image:width\" content=\"990\" \/>\n\t<meta property=\"og:image:height\" content=\"340\" \/>\n\t<meta property=\"og:image:type\" content=\"image\/jpeg\" \/>\n<meta name=\"twitter:card\" content=\"summary_large_image\" \/>\n<meta name=\"twitter:label1\" content=\"Tiempo de lectura\" \/>\n\t<meta name=\"twitter:data1\" content=\"2 minutos\" \/>\n<script type=\"application\/ld+json\" class=\"yoast-schema-graph\">{\"@context\":\"https:\\\/\\\/schema.org\",\"@graph\":[{\"@type\":\"WebPage\",\"@id\":\"https:\\\/\\\/www.siredwards.com\\\/es\\\/terroir-y-territorio\\\/leyendas-escocesas\\\/el-brownie-de-clochfoldich-farm\\\/\",\"url\":\"https:\\\/\\\/www.siredwards.com\\\/es\\\/terroir-y-territorio\\\/leyendas-escocesas\\\/el-brownie-de-clochfoldich-farm\\\/\",\"name\":\"El brownie de Clochfoldich Farm - Sir Edwards EN\",\"isPartOf\":{\"@id\":\"https:\\\/\\\/www.siredwards.com\\\/es\\\/en\\\/#website\"},\"primaryImageOfPage\":{\"@id\":\"https:\\\/\\\/www.siredwards.com\\\/es\\\/terroir-y-territorio\\\/leyendas-escocesas\\\/el-brownie-de-clochfoldich-farm\\\/#primaryimage\"},\"image\":{\"@id\":\"https:\\\/\\\/www.siredwards.com\\\/es\\\/terroir-y-territorio\\\/leyendas-escocesas\\\/el-brownie-de-clochfoldich-farm\\\/#primaryimage\"},\"thumbnailUrl\":\"https:\\\/\\\/www.siredwards.com\\\/wp-content\\\/uploads\\\/sites\\\/3\\\/2025\\\/12\\\/brownie-de-clochfoldich-farm-whisky-escocia-sir-edwards-page.jpg\",\"datePublished\":\"2018-04-10T08:24:32+00:00\",\"breadcrumb\":{\"@id\":\"https:\\\/\\\/www.siredwards.com\\\/es\\\/terroir-y-territorio\\\/leyendas-escocesas\\\/el-brownie-de-clochfoldich-farm\\\/#breadcrumb\"},\"inLanguage\":\"es\",\"potentialAction\":[{\"@type\":\"ReadAction\",\"target\":[\"https:\\\/\\\/www.siredwards.com\\\/es\\\/terroir-y-territorio\\\/leyendas-escocesas\\\/el-brownie-de-clochfoldich-farm\\\/\"]}]},{\"@type\":\"ImageObject\",\"inLanguage\":\"es\",\"@id\":\"https:\\\/\\\/www.siredwards.com\\\/es\\\/terroir-y-territorio\\\/leyendas-escocesas\\\/el-brownie-de-clochfoldich-farm\\\/#primaryimage\",\"url\":\"https:\\\/\\\/www.siredwards.com\\\/wp-content\\\/uploads\\\/sites\\\/3\\\/2025\\\/12\\\/brownie-de-clochfoldich-farm-whisky-escocia-sir-edwards-page.jpg\",\"contentUrl\":\"https:\\\/\\\/www.siredwards.com\\\/wp-content\\\/uploads\\\/sites\\\/3\\\/2025\\\/12\\\/brownie-de-clochfoldich-farm-whisky-escocia-sir-edwards-page.jpg\",\"width\":990,\"height\":340},{\"@type\":\"BreadcrumbList\",\"@id\":\"https:\\\/\\\/www.siredwards.com\\\/es\\\/terroir-y-territorio\\\/leyendas-escocesas\\\/el-brownie-de-clochfoldich-farm\\\/#breadcrumb\",\"itemListElement\":[{\"@type\":\"ListItem\",\"position\":1,\"name\":\"Home\",\"item\":\"https:\\\/\\\/www.siredwards.com\\\/es\\\/en\\\/\"},{\"@type\":\"ListItem\",\"position\":2,\"name\":\"Terroir y territorio\",\"item\":\"https:\\\/\\\/www.siredwards.com\\\/es\\\/terroir-y-territorio\\\/\"},{\"@type\":\"ListItem\",\"position\":3,\"name\":\"Leyendas escocesas\",\"item\":\"https:\\\/\\\/www.siredwards.com\\\/es\\\/terroir-y-territorio\\\/leyendas-escocesas\\\/\"},{\"@type\":\"ListItem\",\"position\":4,\"name\":\"El brownie de Clochfoldich Farm\"}]},{\"@type\":\"WebSite\",\"@id\":\"https:\\\/\\\/www.siredwards.com\\\/es\\\/en\\\/#website\",\"url\":\"https:\\\/\\\/www.siredwards.com\\\/es\\\/en\\\/\",\"name\":\"Sir Edwards EN\",\"description\":\"\",\"potentialAction\":[{\"@type\":\"SearchAction\",\"target\":{\"@type\":\"EntryPoint\",\"urlTemplate\":\"https:\\\/\\\/www.siredwards.com\\\/es\\\/en\\\/?s={search_term_string}\"},\"query-input\":{\"@type\":\"PropertyValueSpecification\",\"valueRequired\":true,\"valueName\":\"search_term_string\"}}],\"inLanguage\":\"es\"}]}<\/script>\n<!-- \/ Yoast SEO plugin. -->","yoast_head_json":{"title":"El brownie de Clochfoldich Farm - Sir Edwards EN","robots":{"index":"index","follow":"follow","max-snippet":"max-snippet:-1","max-image-preview":"max-image-preview:large","max-video-preview":"max-video-preview:-1"},"canonical":"https:\/\/www.siredwards.com\/es\/terroir-y-territorio\/leyendas-escocesas\/el-brownie-de-clochfoldich-farm\/","og_locale":"es_ES","og_type":"article","og_title":"El brownie de Clochfoldich Farm - Sir Edwards EN","og_description":"En Escocia, en las granjas aisladas, no resulta raro escuchar a los lugare\u00f1os decir que un brownie viene a menudo a ayudarlos. Sin embargo, ver un brownie no es un asunto menor. Este duende dom\u00e9stico prefiere pasar sin ser visto y transitar cuando las tinieblas prevalecen sobre la claridad. En Clochfoldich Farm, todos conoc\u00edan de [&hellip;]","og_url":"https:\/\/www.siredwards.com\/es\/terroir-y-territorio\/leyendas-escocesas\/el-brownie-de-clochfoldich-farm\/","og_site_name":"Sir Edwards EN","og_image":[{"width":990,"height":340,"url":"https:\/\/www.siredwards.com\/wp-content\/uploads\/sites\/3\/2025\/12\/brownie-de-clochfoldich-farm-whisky-escocia-sir-edwards-page.jpg","type":"image\/jpeg"}],"twitter_card":"summary_large_image","twitter_misc":{"Tiempo de lectura":"2 minutos"},"schema":{"@context":"https:\/\/schema.org","@graph":[{"@type":"WebPage","@id":"https:\/\/www.siredwards.com\/es\/terroir-y-territorio\/leyendas-escocesas\/el-brownie-de-clochfoldich-farm\/","url":"https:\/\/www.siredwards.com\/es\/terroir-y-territorio\/leyendas-escocesas\/el-brownie-de-clochfoldich-farm\/","name":"El brownie de Clochfoldich Farm - Sir Edwards EN","isPartOf":{"@id":"https:\/\/www.siredwards.com\/es\/en\/#website"},"primaryImageOfPage":{"@id":"https:\/\/www.siredwards.com\/es\/terroir-y-territorio\/leyendas-escocesas\/el-brownie-de-clochfoldich-farm\/#primaryimage"},"image":{"@id":"https:\/\/www.siredwards.com\/es\/terroir-y-territorio\/leyendas-escocesas\/el-brownie-de-clochfoldich-farm\/#primaryimage"},"thumbnailUrl":"https:\/\/www.siredwards.com\/wp-content\/uploads\/sites\/3\/2025\/12\/brownie-de-clochfoldich-farm-whisky-escocia-sir-edwards-page.jpg","datePublished":"2018-04-10T08:24:32+00:00","breadcrumb":{"@id":"https:\/\/www.siredwards.com\/es\/terroir-y-territorio\/leyendas-escocesas\/el-brownie-de-clochfoldich-farm\/#breadcrumb"},"inLanguage":"es","potentialAction":[{"@type":"ReadAction","target":["https:\/\/www.siredwards.com\/es\/terroir-y-territorio\/leyendas-escocesas\/el-brownie-de-clochfoldich-farm\/"]}]},{"@type":"ImageObject","inLanguage":"es","@id":"https:\/\/www.siredwards.com\/es\/terroir-y-territorio\/leyendas-escocesas\/el-brownie-de-clochfoldich-farm\/#primaryimage","url":"https:\/\/www.siredwards.com\/wp-content\/uploads\/sites\/3\/2025\/12\/brownie-de-clochfoldich-farm-whisky-escocia-sir-edwards-page.jpg","contentUrl":"https:\/\/www.siredwards.com\/wp-content\/uploads\/sites\/3\/2025\/12\/brownie-de-clochfoldich-farm-whisky-escocia-sir-edwards-page.jpg","width":990,"height":340},{"@type":"BreadcrumbList","@id":"https:\/\/www.siredwards.com\/es\/terroir-y-territorio\/leyendas-escocesas\/el-brownie-de-clochfoldich-farm\/#breadcrumb","itemListElement":[{"@type":"ListItem","position":1,"name":"Home","item":"https:\/\/www.siredwards.com\/es\/en\/"},{"@type":"ListItem","position":2,"name":"Terroir y territorio","item":"https:\/\/www.siredwards.com\/es\/terroir-y-territorio\/"},{"@type":"ListItem","position":3,"name":"Leyendas escocesas","item":"https:\/\/www.siredwards.com\/es\/terroir-y-territorio\/leyendas-escocesas\/"},{"@type":"ListItem","position":4,"name":"El brownie de Clochfoldich Farm"}]},{"@type":"WebSite","@id":"https:\/\/www.siredwards.com\/es\/en\/#website","url":"https:\/\/www.siredwards.com\/es\/en\/","name":"Sir Edwards EN","description":"","potentialAction":[{"@type":"SearchAction","target":{"@type":"EntryPoint","urlTemplate":"https:\/\/www.siredwards.com\/es\/en\/?s={search_term_string}"},"query-input":{"@type":"PropertyValueSpecification","valueRequired":true,"valueName":"search_term_string"}}],"inLanguage":"es"}]}},"_links":{"self":[{"href":"https:\/\/www.siredwards.com\/es\/wp-json\/wp\/v2\/pages\/24033","targetHints":{"allow":["GET"]}}],"collection":[{"href":"https:\/\/www.siredwards.com\/es\/wp-json\/wp\/v2\/pages"}],"about":[{"href":"https:\/\/www.siredwards.com\/es\/wp-json\/wp\/v2\/types\/page"}],"author":[{"embeddable":true,"href":"https:\/\/www.siredwards.com\/es\/wp-json\/wp\/v2\/users\/21683"}],"replies":[{"embeddable":true,"href":"https:\/\/www.siredwards.com\/es\/wp-json\/wp\/v2\/comments?post=24033"}],"version-history":[{"count":0,"href":"https:\/\/www.siredwards.com\/es\/wp-json\/wp\/v2\/pages\/24033\/revisions"}],"up":[{"embeddable":true,"href":"https:\/\/www.siredwards.com\/es\/wp-json\/wp\/v2\/pages\/23724"}],"wp:featuredmedia":[{"embeddable":true,"href":"https:\/\/www.siredwards.com\/es\/wp-json\/wp\/v2\/media\/24034"}],"wp:attachment":[{"href":"https:\/\/www.siredwards.com\/es\/wp-json\/wp\/v2\/media?parent=24033"}],"curies":[{"name":"wp","href":"https:\/\/api.w.org\/{rel}","templated":true}]}}