{"id":24016,"date":"2018-04-10T10:13:11","date_gmt":"2018-04-10T08:13:11","guid":{"rendered":"https:\/\/www.siredwards.com\/terroir-y-territorio\/leyendas-escocesas\/la-leyenda-del-loch-encantado\/"},"modified":"2018-04-10T10:13:11","modified_gmt":"2018-04-10T08:13:11","slug":"la-leyenda-del-loch-encantado","status":"publish","type":"page","link":"https:\/\/www.siredwards.com\/es\/terroir-y-territorio\/leyendas-escocesas\/la-leyenda-del-loch-encantado\/","title":{"rendered":"La leyenda del Loch encantado"},"content":{"rendered":"<p style=\"text-align: center;\"><iframe loading=\"lazy\" src=\"https:\/\/www.youtube.com\/embed\/Ae4r-McO4Yk?rel=0\" width=\"870\" height=\"489\" frameborder=\"0\" allowfullscreen=\"allowfullscreen\"><\/iframe><\/p>\n<p style=\"text-align: center;\"><span lang=\"ES\">Entre todos los lochs de Escocia, el <strong>Loch Katrine<\/strong> presentaba una particularidad: <strong>nunca se hab\u00eda helado<\/strong>. Esto se deb\u00eda a la fuerte corriente que lo atravesaba. En la orilla de este loch viv\u00eda un joven que respond\u00eda al nombre de Colin McArthur. En su peque\u00f1a caba\u00f1a, tocaba a menudo la gaita. Todo el mundo lo quer\u00eda, dado su car\u00e1cter alegre, pero a ojos de los lugare\u00f1os m\u00e1s piadosos,<strong> ten\u00eda un defecto<\/strong>: nunca iba a la iglesia.<\/span><\/p>\n<p style=\"text-align: center;\"><span lang=\"ES\">Un d\u00eda, mientras tocaba la gaita durante la fiesta del pueblo, Colin vio a una hermosa joven de nombre Kate. Kate tambi\u00e9n pos\u00f3 sus ojos en Colin y <strong>se enamoraron<\/strong>.<\/span><\/p>\n<p style=\"text-align: center;\"><span lang=\"ES\">Aunque Kate estaba enamorada de Colin, su familia dudaba de la seriedad del chico. Kate dio su consentimiento para poner a Colin a prueba. Si realmente la amaba, le acompa\u00f1ar\u00eda a la misa de Navidad. <\/span><\/p>\n<p style=\"text-align: center;\"><span lang=\"ES\">Cuando se enter\u00f3, Colin se enfad\u00f3&#8230; pero su <strong>amor era mucho m\u00e1s fuerte<\/strong>. <\/span><\/p>\n<p style=\"text-align: center;\"><span lang=\"ES\">La noche de Navidad, Colin se preparaba para asistir a la misa, cuando un hombre se present\u00f3 en la puerta de su caba\u00f1a. Con su barba negra y su mirada sombr\u00eda, el desconocido no tard\u00f3 en desvelar su identidad. \u201c<strong>Soy el diablo<\/strong>\u201d dijo. \u201cSi te quedas conmigo esta noche, har\u00e9 de ti el <strong>mejor gaitero<\/strong> de toda Escocia y todo el mundo te envidiar\u00e1\u201d. <\/span><\/p>\n<p style=\"text-align: center;\"><span lang=\"ES\">Colin dud\u00f3, imagin\u00e1ndose como un glorioso m\u00fasico, pero r\u00e1pidamente volvi\u00f3 en s\u00ed. Le hab\u00eda hecho una promesa a Kate y la mantendr\u00eda. Ante su determinaci\u00f3n recuperada, el diablo se retir\u00f3. Pero conocer al maligno siempre trae consecuencias. <\/span><\/p>\n<p style=\"text-align: center;\"><span lang=\"ES\">Cuando quiso tomar su barca para atravesar el loch, el joven no la encontr\u00f3. El diablo la hab\u00eda robado. Colin ve\u00eda ya el amor de Kate perdido, cuando el lago se llen\u00f3 de unos curiosos reflejos. <strong>\u00a1 No era agua, sino hielo !<\/strong> Mientras corr\u00eda para cruzar el loch, Colin o\u00eda los pasos del diablo, que intentaba atraparle. Apenas lleg\u00f3 a la orilla, el hielo comenz\u00f3 a resquebrajarse, <strong>engullendo al diablo<\/strong> tan r\u00e1pido como hab\u00eda llegado. Colin se reencontr\u00f3 con Kate y esa fue la \u00fanica vez que se vio el Loch Katrine helarse. En nuestros d\u00edas, se dice que, si escuchamos atentamente en la orilla del Loch, a\u00fan podemos escuchar los lamentos del diablo por haber perdido el alma de un condenado. <\/span><\/p>\n","protected":false},"excerpt":{"rendered":"<p>Entre todos los lochs de Escocia, el Loch Katrine presentaba una particularidad: nunca se hab\u00eda helado. Esto se deb\u00eda a la fuerte corriente que lo atravesaba. En la orilla de este loch viv\u00eda un joven que respond\u00eda al nombre de Colin McArthur. En su peque\u00f1a caba\u00f1a, tocaba a menudo la gaita. Todo el mundo lo [&hellip;]<\/p>\n","protected":false},"author":21683,"featured_media":24017,"parent":23724,"menu_order":0,"comment_status":"open","ping_status":"open","template":"","meta":{"_acf_changed":false,"footnotes":""},"class_list":["post-24016","page","type-page","status-publish","has-post-thumbnail","hentry"],"acf":[],"yoast_head":"<!-- This site is optimized with the Yoast SEO plugin v27.3 - https:\/\/yoast.com\/product\/yoast-seo-wordpress\/ -->\n<title>La leyenda del Loch encantado - Sir Edwards EN<\/title>\n<meta name=\"robots\" content=\"index, follow, max-snippet:-1, max-image-preview:large, max-video-preview:-1\" \/>\n<link rel=\"canonical\" href=\"https:\/\/www.siredwards.com\/es\/terroir-y-territorio\/leyendas-escocesas\/la-leyenda-del-loch-encantado\/\" \/>\n<meta property=\"og:locale\" content=\"es_ES\" \/>\n<meta property=\"og:type\" content=\"article\" \/>\n<meta property=\"og:title\" content=\"La leyenda del Loch encantado - Sir Edwards EN\" \/>\n<meta property=\"og:description\" content=\"Entre todos los lochs de Escocia, el Loch Katrine presentaba una particularidad: nunca se hab\u00eda helado. Esto se deb\u00eda a la fuerte corriente que lo atravesaba. En la orilla de este loch viv\u00eda un joven que respond\u00eda al nombre de Colin McArthur. En su peque\u00f1a caba\u00f1a, tocaba a menudo la gaita. Todo el mundo lo [&hellip;]\" \/>\n<meta property=\"og:url\" content=\"https:\/\/www.siredwards.com\/es\/terroir-y-territorio\/leyendas-escocesas\/la-leyenda-del-loch-encantado\/\" \/>\n<meta property=\"og:site_name\" content=\"Sir Edwards EN\" \/>\n<meta property=\"og:image\" content=\"https:\/\/www.siredwards.fr\/wp-content\/uploads\/sites\/3\/2025\/12\/loch-encantado-whisky-escocia-sir-edwards-page.jpg\" \/>\n\t<meta property=\"og:image:width\" content=\"990\" \/>\n\t<meta property=\"og:image:height\" content=\"340\" \/>\n\t<meta property=\"og:image:type\" content=\"image\/jpeg\" \/>\n<meta name=\"twitter:card\" content=\"summary_large_image\" \/>\n<meta name=\"twitter:label1\" content=\"Tiempo de lectura\" \/>\n\t<meta name=\"twitter:data1\" content=\"2 minutos\" \/>\n<script type=\"application\/ld+json\" class=\"yoast-schema-graph\">{\"@context\":\"https:\\\/\\\/schema.org\",\"@graph\":[{\"@type\":\"WebPage\",\"@id\":\"https:\\\/\\\/www.siredwards.com\\\/es\\\/terroir-y-territorio\\\/leyendas-escocesas\\\/la-leyenda-del-loch-encantado\\\/\",\"url\":\"https:\\\/\\\/www.siredwards.com\\\/es\\\/terroir-y-territorio\\\/leyendas-escocesas\\\/la-leyenda-del-loch-encantado\\\/\",\"name\":\"La leyenda del Loch encantado - Sir Edwards EN\",\"isPartOf\":{\"@id\":\"https:\\\/\\\/www.siredwards.com\\\/es\\\/en\\\/#website\"},\"primaryImageOfPage\":{\"@id\":\"https:\\\/\\\/www.siredwards.com\\\/es\\\/terroir-y-territorio\\\/leyendas-escocesas\\\/la-leyenda-del-loch-encantado\\\/#primaryimage\"},\"image\":{\"@id\":\"https:\\\/\\\/www.siredwards.com\\\/es\\\/terroir-y-territorio\\\/leyendas-escocesas\\\/la-leyenda-del-loch-encantado\\\/#primaryimage\"},\"thumbnailUrl\":\"https:\\\/\\\/www.siredwards.com\\\/wp-content\\\/uploads\\\/sites\\\/3\\\/2025\\\/12\\\/loch-encantado-whisky-escocia-sir-edwards-page.jpg\",\"datePublished\":\"2018-04-10T08:13:11+00:00\",\"breadcrumb\":{\"@id\":\"https:\\\/\\\/www.siredwards.com\\\/es\\\/terroir-y-territorio\\\/leyendas-escocesas\\\/la-leyenda-del-loch-encantado\\\/#breadcrumb\"},\"inLanguage\":\"es\",\"potentialAction\":[{\"@type\":\"ReadAction\",\"target\":[\"https:\\\/\\\/www.siredwards.com\\\/es\\\/terroir-y-territorio\\\/leyendas-escocesas\\\/la-leyenda-del-loch-encantado\\\/\"]}]},{\"@type\":\"ImageObject\",\"inLanguage\":\"es\",\"@id\":\"https:\\\/\\\/www.siredwards.com\\\/es\\\/terroir-y-territorio\\\/leyendas-escocesas\\\/la-leyenda-del-loch-encantado\\\/#primaryimage\",\"url\":\"https:\\\/\\\/www.siredwards.com\\\/wp-content\\\/uploads\\\/sites\\\/3\\\/2025\\\/12\\\/loch-encantado-whisky-escocia-sir-edwards-page.jpg\",\"contentUrl\":\"https:\\\/\\\/www.siredwards.com\\\/wp-content\\\/uploads\\\/sites\\\/3\\\/2025\\\/12\\\/loch-encantado-whisky-escocia-sir-edwards-page.jpg\",\"width\":990,\"height\":340,\"caption\":\"loch encantado whisky escocia sir edwards\"},{\"@type\":\"BreadcrumbList\",\"@id\":\"https:\\\/\\\/www.siredwards.com\\\/es\\\/terroir-y-territorio\\\/leyendas-escocesas\\\/la-leyenda-del-loch-encantado\\\/#breadcrumb\",\"itemListElement\":[{\"@type\":\"ListItem\",\"position\":1,\"name\":\"Home\",\"item\":\"https:\\\/\\\/www.siredwards.com\\\/es\\\/en\\\/\"},{\"@type\":\"ListItem\",\"position\":2,\"name\":\"Terroir y territorio\",\"item\":\"https:\\\/\\\/www.siredwards.com\\\/es\\\/terroir-y-territorio\\\/\"},{\"@type\":\"ListItem\",\"position\":3,\"name\":\"Leyendas escocesas\",\"item\":\"https:\\\/\\\/www.siredwards.com\\\/es\\\/terroir-y-territorio\\\/leyendas-escocesas\\\/\"},{\"@type\":\"ListItem\",\"position\":4,\"name\":\"La leyenda del Loch encantado\"}]},{\"@type\":\"WebSite\",\"@id\":\"https:\\\/\\\/www.siredwards.com\\\/es\\\/en\\\/#website\",\"url\":\"https:\\\/\\\/www.siredwards.com\\\/es\\\/en\\\/\",\"name\":\"Sir Edwards EN\",\"description\":\"\",\"potentialAction\":[{\"@type\":\"SearchAction\",\"target\":{\"@type\":\"EntryPoint\",\"urlTemplate\":\"https:\\\/\\\/www.siredwards.com\\\/es\\\/en\\\/?s={search_term_string}\"},\"query-input\":{\"@type\":\"PropertyValueSpecification\",\"valueRequired\":true,\"valueName\":\"search_term_string\"}}],\"inLanguage\":\"es\"}]}<\/script>\n<!-- \/ Yoast SEO plugin. -->","yoast_head_json":{"title":"La leyenda del Loch encantado - Sir Edwards EN","robots":{"index":"index","follow":"follow","max-snippet":"max-snippet:-1","max-image-preview":"max-image-preview:large","max-video-preview":"max-video-preview:-1"},"canonical":"https:\/\/www.siredwards.com\/es\/terroir-y-territorio\/leyendas-escocesas\/la-leyenda-del-loch-encantado\/","og_locale":"es_ES","og_type":"article","og_title":"La leyenda del Loch encantado - Sir Edwards EN","og_description":"Entre todos los lochs de Escocia, el Loch Katrine presentaba una particularidad: nunca se hab\u00eda helado. Esto se deb\u00eda a la fuerte corriente que lo atravesaba. En la orilla de este loch viv\u00eda un joven que respond\u00eda al nombre de Colin McArthur. En su peque\u00f1a caba\u00f1a, tocaba a menudo la gaita. Todo el mundo lo [&hellip;]","og_url":"https:\/\/www.siredwards.com\/es\/terroir-y-territorio\/leyendas-escocesas\/la-leyenda-del-loch-encantado\/","og_site_name":"Sir Edwards EN","og_image":[{"width":990,"height":340,"url":"https:\/\/www.siredwards.fr\/wp-content\/uploads\/sites\/3\/2025\/12\/loch-encantado-whisky-escocia-sir-edwards-page.jpg","type":"image\/jpeg"}],"twitter_card":"summary_large_image","twitter_misc":{"Tiempo de lectura":"2 minutos"},"schema":{"@context":"https:\/\/schema.org","@graph":[{"@type":"WebPage","@id":"https:\/\/www.siredwards.com\/es\/terroir-y-territorio\/leyendas-escocesas\/la-leyenda-del-loch-encantado\/","url":"https:\/\/www.siredwards.com\/es\/terroir-y-territorio\/leyendas-escocesas\/la-leyenda-del-loch-encantado\/","name":"La leyenda del Loch encantado - Sir Edwards EN","isPartOf":{"@id":"https:\/\/www.siredwards.com\/es\/en\/#website"},"primaryImageOfPage":{"@id":"https:\/\/www.siredwards.com\/es\/terroir-y-territorio\/leyendas-escocesas\/la-leyenda-del-loch-encantado\/#primaryimage"},"image":{"@id":"https:\/\/www.siredwards.com\/es\/terroir-y-territorio\/leyendas-escocesas\/la-leyenda-del-loch-encantado\/#primaryimage"},"thumbnailUrl":"https:\/\/www.siredwards.com\/wp-content\/uploads\/sites\/3\/2025\/12\/loch-encantado-whisky-escocia-sir-edwards-page.jpg","datePublished":"2018-04-10T08:13:11+00:00","breadcrumb":{"@id":"https:\/\/www.siredwards.com\/es\/terroir-y-territorio\/leyendas-escocesas\/la-leyenda-del-loch-encantado\/#breadcrumb"},"inLanguage":"es","potentialAction":[{"@type":"ReadAction","target":["https:\/\/www.siredwards.com\/es\/terroir-y-territorio\/leyendas-escocesas\/la-leyenda-del-loch-encantado\/"]}]},{"@type":"ImageObject","inLanguage":"es","@id":"https:\/\/www.siredwards.com\/es\/terroir-y-territorio\/leyendas-escocesas\/la-leyenda-del-loch-encantado\/#primaryimage","url":"https:\/\/www.siredwards.com\/wp-content\/uploads\/sites\/3\/2025\/12\/loch-encantado-whisky-escocia-sir-edwards-page.jpg","contentUrl":"https:\/\/www.siredwards.com\/wp-content\/uploads\/sites\/3\/2025\/12\/loch-encantado-whisky-escocia-sir-edwards-page.jpg","width":990,"height":340,"caption":"loch encantado whisky escocia sir edwards"},{"@type":"BreadcrumbList","@id":"https:\/\/www.siredwards.com\/es\/terroir-y-territorio\/leyendas-escocesas\/la-leyenda-del-loch-encantado\/#breadcrumb","itemListElement":[{"@type":"ListItem","position":1,"name":"Home","item":"https:\/\/www.siredwards.com\/es\/en\/"},{"@type":"ListItem","position":2,"name":"Terroir y territorio","item":"https:\/\/www.siredwards.com\/es\/terroir-y-territorio\/"},{"@type":"ListItem","position":3,"name":"Leyendas escocesas","item":"https:\/\/www.siredwards.com\/es\/terroir-y-territorio\/leyendas-escocesas\/"},{"@type":"ListItem","position":4,"name":"La leyenda del Loch encantado"}]},{"@type":"WebSite","@id":"https:\/\/www.siredwards.com\/es\/en\/#website","url":"https:\/\/www.siredwards.com\/es\/en\/","name":"Sir Edwards EN","description":"","potentialAction":[{"@type":"SearchAction","target":{"@type":"EntryPoint","urlTemplate":"https:\/\/www.siredwards.com\/es\/en\/?s={search_term_string}"},"query-input":{"@type":"PropertyValueSpecification","valueRequired":true,"valueName":"search_term_string"}}],"inLanguage":"es"}]}},"_links":{"self":[{"href":"https:\/\/www.siredwards.com\/es\/wp-json\/wp\/v2\/pages\/24016","targetHints":{"allow":["GET"]}}],"collection":[{"href":"https:\/\/www.siredwards.com\/es\/wp-json\/wp\/v2\/pages"}],"about":[{"href":"https:\/\/www.siredwards.com\/es\/wp-json\/wp\/v2\/types\/page"}],"author":[{"embeddable":true,"href":"https:\/\/www.siredwards.com\/es\/wp-json\/wp\/v2\/users\/21683"}],"replies":[{"embeddable":true,"href":"https:\/\/www.siredwards.com\/es\/wp-json\/wp\/v2\/comments?post=24016"}],"version-history":[{"count":0,"href":"https:\/\/www.siredwards.com\/es\/wp-json\/wp\/v2\/pages\/24016\/revisions"}],"up":[{"embeddable":true,"href":"https:\/\/www.siredwards.com\/es\/wp-json\/wp\/v2\/pages\/23724"}],"wp:featuredmedia":[{"embeddable":true,"href":"https:\/\/www.siredwards.com\/es\/wp-json\/wp\/v2\/media\/24017"}],"wp:attachment":[{"href":"https:\/\/www.siredwards.com\/es\/wp-json\/wp\/v2\/media?parent=24016"}],"curies":[{"name":"wp","href":"https:\/\/api.w.org\/{rel}","templated":true}]}}