{"id":23999,"date":"2018-04-10T10:10:52","date_gmt":"2018-04-10T08:10:52","guid":{"rendered":"https:\/\/www.siredwards.com\/terroir-y-territorio\/leyendas-escocesas\/la-leyenda-del-kelpie\/"},"modified":"2018-04-10T10:10:52","modified_gmt":"2018-04-10T08:10:52","slug":"la-leyenda-del-kelpie","status":"publish","type":"page","link":"https:\/\/www.siredwards.com\/es\/terroir-y-territorio\/leyendas-escocesas\/la-leyenda-del-kelpie\/","title":{"rendered":"La leyenda del Kelpie"},"content":{"rendered":"<p style=\"text-align: center;\"><iframe loading=\"lazy\" src=\"https:\/\/www.youtube.com\/embed\/myAhT0E79Gc?rel=0\" width=\"870\" height=\"489\" frameborder=\"0\" allowfullscreen=\"allowfullscreen\"><span style=\"display: inline-block; width: 0px; overflow: hidden; line-height: 0;\" data-mce-type=\"bookmark\" class=\"mce_SELRES_start\">\ufeff<\/span><\/iframe><\/p>\n<p style=\"text-align: center;\"><span lang=\"ES\"><strong>El kelpie es una de las criaturas m\u00e1s temidas<\/strong> de toda Escocia. Esta bestia sobrenatural, conocida por aparecerse en los lagos y los r\u00edos, disfrutaba tomando la <strong>forma de un apacible caballo<\/strong>, para atraer mejor a sus v\u00edctimas, antes de devorarlas en su guarida.<\/span><\/p>\n<p style=\"text-align: center;\"><span lang=\"ES\">Bajo un pont\u00f3n del <strong>Loch Lomond<\/strong>, los habitantes sab\u00edan que se encontraba el territorio de un kelpie. A veces, pod\u00edamos o\u00edrle aullar. Un sonido tan aterrador que hab\u00eda quien lo comparaba con los gritos de los perros del infierno.<\/span><\/p>\n<p style=\"text-align: center;\"><span lang=\"ES\">Un d\u00eda, Douglas Buchin, un granjero del pueblo movido por la ambici\u00f3n, vio un caballo negro vagando por la orilla del Loch. Sospechando la naturaleza real del animal, se abstuvo de montarlo, temiendo acabar en el fondo del r\u00edo. La \u00fanica manera de dominarlo era pasarle una brida. Discretamente, se acerc\u00f3 y antes de que el falso caballo pudiera reaccionar, le agarr\u00f3 por el hocico y le ech\u00f3 el lazo. La suerte estaba echada. <strong>El kelpie estaba prisionero.<\/strong><\/span><\/p>\n<p style=\"text-align: center;\"><span lang=\"ES\">Si un kelpie libre pod\u00eda dar muestras de una <strong>fuerza sobrehumana<\/strong>, ocurr\u00eda lo mismo cuando se les somet\u00eda. Un golpe de suerte para el ambicioso granjero, que quer\u00eda construir en lugar de su casa, <strong>una hermosa mansi\u00f3n<\/strong>, m\u00e1s hermosa que todas las del condado. El caballo, provisto de arneses, fue utilizado para construir la desmesurada obra<\/span><\/p>\n<p style=\"text-align: center;\"><span lang=\"ES\">Douglas Buchin hab\u00eda dado unas instrucciones precisas para guardar a un obrero tan eficaz. En ning\u00fan momento y bajo ninguna circunstancia se deb\u00eda soltar la brida del caballo. Todo transcurri\u00f3 con normalidad durante muchos a\u00f1os, hasta el punto de que para todos el kelpie era un <strong>animal familiar<\/strong>.<\/span><\/p>\n<p style=\"text-align: center;\"><span lang=\"ES\">Un d\u00eda, una de las j\u00f3venes trabajadoras de la granja entr\u00f3 al cercado y trab\u00f3 amistad con el animal. Cabe se\u00f1alar que el caballo no dejaba de lanzarle miradas que invitaban a la piedad. Para permitir que el caballo negro comiera bien, <strong>afloj\u00f3 su traba<\/strong>.<\/span><\/p>\n<p style=\"text-align: center;\"><span lang=\"ES\">Un error fatal. En cuanto se vio liberado, el kelpie solt\u00f3 una diab\u00f3lica risa y pronunci\u00f3 la siguiente <strong>maldici\u00f3n<\/strong>. Todas las piedras que hab\u00eda cargado volver\u00edan a la tierra, y nada podr\u00eda ser construido nunca en ese lugar.<\/span><\/p>\n<p style=\"text-align: center;\"><span lang=\"ES\">Dicho y hecho. <strong>La mansi\u00f3n se derrumb\u00f3<\/strong> sin dejar ni rastro de ella, para gran desesperaci\u00f3n de Douglas Buchin. Quien queriendo ser demasiado pretencioso, lo \u00fanico que logr\u00f3 fue ser infeliz.<\/span><\/p>\n","protected":false},"excerpt":{"rendered":"<p>\ufeff El kelpie es una de las criaturas m\u00e1s temidas de toda Escocia. Esta bestia sobrenatural, conocida por aparecerse en los lagos y los r\u00edos, disfrutaba tomando la forma de un apacible caballo, para atraer mejor a sus v\u00edctimas, antes de devorarlas en su guarida. Bajo un pont\u00f3n del Loch Lomond, los habitantes sab\u00edan que [&hellip;]<\/p>\n","protected":false},"author":21683,"featured_media":24000,"parent":23724,"menu_order":0,"comment_status":"open","ping_status":"open","template":"","meta":{"_acf_changed":false,"footnotes":""},"class_list":["post-23999","page","type-page","status-publish","has-post-thumbnail","hentry"],"acf":[],"yoast_head":"<!-- This site is optimized with the Yoast SEO plugin v27.3 - https:\/\/yoast.com\/product\/yoast-seo-wordpress\/ -->\n<title>La leyenda del Kelpie - Sir Edwards EN<\/title>\n<meta name=\"robots\" content=\"index, follow, max-snippet:-1, max-image-preview:large, max-video-preview:-1\" \/>\n<link rel=\"canonical\" href=\"https:\/\/www.siredwards.com\/es\/terroir-y-territorio\/leyendas-escocesas\/la-leyenda-del-kelpie\/\" \/>\n<meta property=\"og:locale\" content=\"es_ES\" \/>\n<meta property=\"og:type\" content=\"article\" \/>\n<meta property=\"og:title\" content=\"La leyenda del Kelpie - Sir Edwards EN\" \/>\n<meta property=\"og:description\" content=\"\ufeff El kelpie es una de las criaturas m\u00e1s temidas de toda Escocia. Esta bestia sobrenatural, conocida por aparecerse en los lagos y los r\u00edos, disfrutaba tomando la forma de un apacible caballo, para atraer mejor a sus v\u00edctimas, antes de devorarlas en su guarida. Bajo un pont\u00f3n del Loch Lomond, los habitantes sab\u00edan que [&hellip;]\" \/>\n<meta property=\"og:url\" content=\"https:\/\/www.siredwards.com\/es\/terroir-y-territorio\/leyendas-escocesas\/la-leyenda-del-kelpie\/\" \/>\n<meta property=\"og:site_name\" content=\"Sir Edwards EN\" \/>\n<meta property=\"og:image\" content=\"https:\/\/www.siredwards.fr\/wp-content\/uploads\/sites\/3\/2025\/12\/la-leyenda-del-kelpie-whisky-escocia-sir-edwards-page.jpg\" \/>\n\t<meta property=\"og:image:width\" content=\"990\" \/>\n\t<meta property=\"og:image:height\" content=\"340\" \/>\n\t<meta property=\"og:image:type\" content=\"image\/jpeg\" \/>\n<meta name=\"twitter:card\" content=\"summary_large_image\" \/>\n<meta name=\"twitter:label1\" content=\"Tiempo de lectura\" \/>\n\t<meta name=\"twitter:data1\" content=\"2 minutos\" \/>\n<script type=\"application\/ld+json\" class=\"yoast-schema-graph\">{\"@context\":\"https:\\\/\\\/schema.org\",\"@graph\":[{\"@type\":\"WebPage\",\"@id\":\"https:\\\/\\\/www.siredwards.com\\\/es\\\/terroir-y-territorio\\\/leyendas-escocesas\\\/la-leyenda-del-kelpie\\\/\",\"url\":\"https:\\\/\\\/www.siredwards.com\\\/es\\\/terroir-y-territorio\\\/leyendas-escocesas\\\/la-leyenda-del-kelpie\\\/\",\"name\":\"La leyenda del Kelpie - Sir Edwards EN\",\"isPartOf\":{\"@id\":\"https:\\\/\\\/www.siredwards.com\\\/es\\\/en\\\/#website\"},\"primaryImageOfPage\":{\"@id\":\"https:\\\/\\\/www.siredwards.com\\\/es\\\/terroir-y-territorio\\\/leyendas-escocesas\\\/la-leyenda-del-kelpie\\\/#primaryimage\"},\"image\":{\"@id\":\"https:\\\/\\\/www.siredwards.com\\\/es\\\/terroir-y-territorio\\\/leyendas-escocesas\\\/la-leyenda-del-kelpie\\\/#primaryimage\"},\"thumbnailUrl\":\"https:\\\/\\\/www.siredwards.com\\\/wp-content\\\/uploads\\\/sites\\\/3\\\/2025\\\/12\\\/la-leyenda-del-kelpie-whisky-escocia-sir-edwards-page.jpg\",\"datePublished\":\"2018-04-10T08:10:52+00:00\",\"breadcrumb\":{\"@id\":\"https:\\\/\\\/www.siredwards.com\\\/es\\\/terroir-y-territorio\\\/leyendas-escocesas\\\/la-leyenda-del-kelpie\\\/#breadcrumb\"},\"inLanguage\":\"es\",\"potentialAction\":[{\"@type\":\"ReadAction\",\"target\":[\"https:\\\/\\\/www.siredwards.com\\\/es\\\/terroir-y-territorio\\\/leyendas-escocesas\\\/la-leyenda-del-kelpie\\\/\"]}]},{\"@type\":\"ImageObject\",\"inLanguage\":\"es\",\"@id\":\"https:\\\/\\\/www.siredwards.com\\\/es\\\/terroir-y-territorio\\\/leyendas-escocesas\\\/la-leyenda-del-kelpie\\\/#primaryimage\",\"url\":\"https:\\\/\\\/www.siredwards.com\\\/wp-content\\\/uploads\\\/sites\\\/3\\\/2025\\\/12\\\/la-leyenda-del-kelpie-whisky-escocia-sir-edwards-page.jpg\",\"contentUrl\":\"https:\\\/\\\/www.siredwards.com\\\/wp-content\\\/uploads\\\/sites\\\/3\\\/2025\\\/12\\\/la-leyenda-del-kelpie-whisky-escocia-sir-edwards-page.jpg\",\"width\":990,\"height\":340,\"caption\":\"la leyenda del kelpie whisky escocia sir edwards\"},{\"@type\":\"BreadcrumbList\",\"@id\":\"https:\\\/\\\/www.siredwards.com\\\/es\\\/terroir-y-territorio\\\/leyendas-escocesas\\\/la-leyenda-del-kelpie\\\/#breadcrumb\",\"itemListElement\":[{\"@type\":\"ListItem\",\"position\":1,\"name\":\"Home\",\"item\":\"https:\\\/\\\/www.siredwards.com\\\/es\\\/en\\\/\"},{\"@type\":\"ListItem\",\"position\":2,\"name\":\"Terroir y territorio\",\"item\":\"https:\\\/\\\/www.siredwards.com\\\/es\\\/terroir-y-territorio\\\/\"},{\"@type\":\"ListItem\",\"position\":3,\"name\":\"Leyendas escocesas\",\"item\":\"https:\\\/\\\/www.siredwards.com\\\/es\\\/terroir-y-territorio\\\/leyendas-escocesas\\\/\"},{\"@type\":\"ListItem\",\"position\":4,\"name\":\"La leyenda del Kelpie\"}]},{\"@type\":\"WebSite\",\"@id\":\"https:\\\/\\\/www.siredwards.com\\\/es\\\/en\\\/#website\",\"url\":\"https:\\\/\\\/www.siredwards.com\\\/es\\\/en\\\/\",\"name\":\"Sir Edwards EN\",\"description\":\"\",\"potentialAction\":[{\"@type\":\"SearchAction\",\"target\":{\"@type\":\"EntryPoint\",\"urlTemplate\":\"https:\\\/\\\/www.siredwards.com\\\/es\\\/en\\\/?s={search_term_string}\"},\"query-input\":{\"@type\":\"PropertyValueSpecification\",\"valueRequired\":true,\"valueName\":\"search_term_string\"}}],\"inLanguage\":\"es\"}]}<\/script>\n<!-- \/ Yoast SEO plugin. -->","yoast_head_json":{"title":"La leyenda del Kelpie - Sir Edwards EN","robots":{"index":"index","follow":"follow","max-snippet":"max-snippet:-1","max-image-preview":"max-image-preview:large","max-video-preview":"max-video-preview:-1"},"canonical":"https:\/\/www.siredwards.com\/es\/terroir-y-territorio\/leyendas-escocesas\/la-leyenda-del-kelpie\/","og_locale":"es_ES","og_type":"article","og_title":"La leyenda del Kelpie - Sir Edwards EN","og_description":"\ufeff El kelpie es una de las criaturas m\u00e1s temidas de toda Escocia. Esta bestia sobrenatural, conocida por aparecerse en los lagos y los r\u00edos, disfrutaba tomando la forma de un apacible caballo, para atraer mejor a sus v\u00edctimas, antes de devorarlas en su guarida. Bajo un pont\u00f3n del Loch Lomond, los habitantes sab\u00edan que [&hellip;]","og_url":"https:\/\/www.siredwards.com\/es\/terroir-y-territorio\/leyendas-escocesas\/la-leyenda-del-kelpie\/","og_site_name":"Sir Edwards EN","og_image":[{"width":990,"height":340,"url":"https:\/\/www.siredwards.fr\/wp-content\/uploads\/sites\/3\/2025\/12\/la-leyenda-del-kelpie-whisky-escocia-sir-edwards-page.jpg","type":"image\/jpeg"}],"twitter_card":"summary_large_image","twitter_misc":{"Tiempo de lectura":"2 minutos"},"schema":{"@context":"https:\/\/schema.org","@graph":[{"@type":"WebPage","@id":"https:\/\/www.siredwards.com\/es\/terroir-y-territorio\/leyendas-escocesas\/la-leyenda-del-kelpie\/","url":"https:\/\/www.siredwards.com\/es\/terroir-y-territorio\/leyendas-escocesas\/la-leyenda-del-kelpie\/","name":"La leyenda del Kelpie - Sir Edwards EN","isPartOf":{"@id":"https:\/\/www.siredwards.com\/es\/en\/#website"},"primaryImageOfPage":{"@id":"https:\/\/www.siredwards.com\/es\/terroir-y-territorio\/leyendas-escocesas\/la-leyenda-del-kelpie\/#primaryimage"},"image":{"@id":"https:\/\/www.siredwards.com\/es\/terroir-y-territorio\/leyendas-escocesas\/la-leyenda-del-kelpie\/#primaryimage"},"thumbnailUrl":"https:\/\/www.siredwards.com\/wp-content\/uploads\/sites\/3\/2025\/12\/la-leyenda-del-kelpie-whisky-escocia-sir-edwards-page.jpg","datePublished":"2018-04-10T08:10:52+00:00","breadcrumb":{"@id":"https:\/\/www.siredwards.com\/es\/terroir-y-territorio\/leyendas-escocesas\/la-leyenda-del-kelpie\/#breadcrumb"},"inLanguage":"es","potentialAction":[{"@type":"ReadAction","target":["https:\/\/www.siredwards.com\/es\/terroir-y-territorio\/leyendas-escocesas\/la-leyenda-del-kelpie\/"]}]},{"@type":"ImageObject","inLanguage":"es","@id":"https:\/\/www.siredwards.com\/es\/terroir-y-territorio\/leyendas-escocesas\/la-leyenda-del-kelpie\/#primaryimage","url":"https:\/\/www.siredwards.com\/wp-content\/uploads\/sites\/3\/2025\/12\/la-leyenda-del-kelpie-whisky-escocia-sir-edwards-page.jpg","contentUrl":"https:\/\/www.siredwards.com\/wp-content\/uploads\/sites\/3\/2025\/12\/la-leyenda-del-kelpie-whisky-escocia-sir-edwards-page.jpg","width":990,"height":340,"caption":"la leyenda del kelpie whisky escocia sir edwards"},{"@type":"BreadcrumbList","@id":"https:\/\/www.siredwards.com\/es\/terroir-y-territorio\/leyendas-escocesas\/la-leyenda-del-kelpie\/#breadcrumb","itemListElement":[{"@type":"ListItem","position":1,"name":"Home","item":"https:\/\/www.siredwards.com\/es\/en\/"},{"@type":"ListItem","position":2,"name":"Terroir y territorio","item":"https:\/\/www.siredwards.com\/es\/terroir-y-territorio\/"},{"@type":"ListItem","position":3,"name":"Leyendas escocesas","item":"https:\/\/www.siredwards.com\/es\/terroir-y-territorio\/leyendas-escocesas\/"},{"@type":"ListItem","position":4,"name":"La leyenda del Kelpie"}]},{"@type":"WebSite","@id":"https:\/\/www.siredwards.com\/es\/en\/#website","url":"https:\/\/www.siredwards.com\/es\/en\/","name":"Sir Edwards EN","description":"","potentialAction":[{"@type":"SearchAction","target":{"@type":"EntryPoint","urlTemplate":"https:\/\/www.siredwards.com\/es\/en\/?s={search_term_string}"},"query-input":{"@type":"PropertyValueSpecification","valueRequired":true,"valueName":"search_term_string"}}],"inLanguage":"es"}]}},"_links":{"self":[{"href":"https:\/\/www.siredwards.com\/es\/wp-json\/wp\/v2\/pages\/23999","targetHints":{"allow":["GET"]}}],"collection":[{"href":"https:\/\/www.siredwards.com\/es\/wp-json\/wp\/v2\/pages"}],"about":[{"href":"https:\/\/www.siredwards.com\/es\/wp-json\/wp\/v2\/types\/page"}],"author":[{"embeddable":true,"href":"https:\/\/www.siredwards.com\/es\/wp-json\/wp\/v2\/users\/21683"}],"replies":[{"embeddable":true,"href":"https:\/\/www.siredwards.com\/es\/wp-json\/wp\/v2\/comments?post=23999"}],"version-history":[{"count":0,"href":"https:\/\/www.siredwards.com\/es\/wp-json\/wp\/v2\/pages\/23999\/revisions"}],"up":[{"embeddable":true,"href":"https:\/\/www.siredwards.com\/es\/wp-json\/wp\/v2\/pages\/23724"}],"wp:featuredmedia":[{"embeddable":true,"href":"https:\/\/www.siredwards.com\/es\/wp-json\/wp\/v2\/media\/24000"}],"wp:attachment":[{"href":"https:\/\/www.siredwards.com\/es\/wp-json\/wp\/v2\/media?parent=23999"}],"curies":[{"name":"wp","href":"https:\/\/api.w.org\/{rel}","templated":true}]}}