{"id":23982,"date":"2018-04-10T10:08:35","date_gmt":"2018-04-10T08:08:35","guid":{"rendered":"https:\/\/www.siredwards.com\/terroir-y-territorio\/leyendas-escocesas\/el-jineste-sin-cabeza\/"},"modified":"2018-04-10T10:08:35","modified_gmt":"2018-04-10T08:08:35","slug":"el-jineste-sin-cabeza","status":"publish","type":"page","link":"https:\/\/www.siredwards.com\/es\/terroir-y-territorio\/leyendas-escocesas\/el-jineste-sin-cabeza\/","title":{"rendered":"El jinete sin cabeza"},"content":{"rendered":"<p style=\"text-align: center;\"><iframe loading=\"lazy\" src=\"https:\/\/www.youtube.com\/embed\/2Nv1qxNRKGw?rel=0&amp;showinfo=0\" width=\"870\" height=\"489\" frameborder=\"0\" allowfullscreen=\"allowfullscreen\"><span style=\"display: inline-block; width: 0px; overflow: hidden; line-height: 0;\" data-mce-type=\"bookmark\" class=\"mce_SELRES_start\">\ufeff<\/span><\/iframe><\/p>\n<p style=\"text-align: center;\"><span lang=\"ES\">En el clan de los Maclaines, la <strong>historia del jinete sin cabeza<\/strong> era mucho m\u00e1s que una leyenda narrada durante las veladas, para disuadir a los m\u00e1s temerarios de aventurarse fuera ca\u00edda ya la noche. Para aquellos que se atrevieran a desafiar a las penumbras, <strong>un funesto espectro aparec\u00eda<\/strong>, a lomos de un monstruoso corcel y se los llevar\u00eda en un viaje sin retorno. Ninguno de los Maclaines que se lo hab\u00eda encontrado hab\u00eda logrado escapar.<\/span><\/p>\n<p style=\"text-align: center;\"><span lang=\"ES\">Este jinete decapitado era conocido como Hugh Cabeza Peque\u00f1a. Antiguo guerrero, Hugh hab\u00eda encontrado su destino en un campo de batalla, bajo la forma de una poderosa espada, que le hab\u00eda desprovisto de la parte superior de la cabeza. No del todo muerto, pero tampoco muy vivo, se hab\u00eda <strong>quedado atrapado entre los dos mundos<\/strong>, condenado a entregar a sus desdichadas v\u00edctimas a la funesta parca.<\/span><\/p>\n<p style=\"text-align: center;\"><span lang=\"ES\">Una noche, uno de los miembros del clan Maclaines, Andrew, <strong>infringi\u00f3 la ley<\/strong> familiar, Hab\u00eda pasado una agradable velada en casa de los vecinos Faircloud, entonando cantos tradicionales con sus amigos. Hasta tal punto, que la noche era ya avanzada cuando decidi\u00f3 regresar caminando.<\/span><\/p>\n<p style=\"text-align: center;\"><span lang=\"ES\">Mientras recorr\u00eda el bosque, oy\u00f3 el galope de un caballo acerc\u00e1ndose. Invadido por el p\u00e1nico, <strong>Andrew se puso a correr<\/strong> como si el infierno se abriera bajo sus pies. \u00bfQui\u00e9n adem\u00e1s de Hugh Cabeza Peque\u00f1a podr\u00eda ser ese jinete nocturno? Casi pod\u00eda sentir el aliento del caballo maldito sobre su cuello&#8230; mientras la firme mano del jinete sin cabeza intentaba agarrarle por el cuello.<\/span><\/p>\n<p style=\"text-align: center;\"><span lang=\"ES\">Andrew fue m\u00e1s r\u00e1pido y logr\u00f3 aferrarse a la rama de un \u00e1rbol. Mientras el jinete sin cabeza tiraba de \u00e9l por el cuello con una fuerza diab\u00f3lica, el brazo de Andrew se manten\u00eda firme, pero por presi\u00f3n el tronco se retorc\u00eda peligrosamente. Ligeramente enterradas, las ra\u00edces del \u00e1rbol joven fuero cediendo, una despu\u00e9s de otra. Con el \u00e1rbol \u00fanicamente sujeto al suelo por una sola ra\u00edz, la vida de Andrew pendiente de un hilo, <strong>el d\u00eda comenz\u00f3 a despuntar en el horizonte<\/strong>. El jinete sin cabeza huy\u00f3 profiriendo un aullido de frustraci\u00f3n&#8230;<\/span><\/p>\n<p style=\"text-align: center;\"><span lang=\"ES\">A\u00fan hoy podemos ver desde la carretera este \u00e1rbol retorcido. Cada transe\u00fante lo saluda, en recuerdo de <strong>la victoria del clan Maclaines<\/strong> sobre el mensajero de la muerte. Ning\u00fan miembro del clan volvi\u00f3 a saber de \u00e9l. Mejor encontrarse con la muerte que con su terror\u00edfico mensajero&#8230;<\/span><\/p>\n","protected":false},"excerpt":{"rendered":"<p>\ufeff En el clan de los Maclaines, la historia del jinete sin cabeza era mucho m\u00e1s que una leyenda narrada durante las veladas, para disuadir a los m\u00e1s temerarios de aventurarse fuera ca\u00edda ya la noche. Para aquellos que se atrevieran a desafiar a las penumbras, un funesto espectro aparec\u00eda, a lomos de un monstruoso [&hellip;]<\/p>\n","protected":false},"author":21683,"featured_media":23983,"parent":23724,"menu_order":0,"comment_status":"open","ping_status":"open","template":"","meta":{"_acf_changed":false,"footnotes":""},"class_list":["post-23982","page","type-page","status-publish","has-post-thumbnail","hentry"],"acf":[],"yoast_head":"<!-- This site is optimized with the Yoast SEO plugin v27.3 - https:\/\/yoast.com\/product\/yoast-seo-wordpress\/ -->\n<title>El jinete sin cabeza - Sir Edwards EN<\/title>\n<meta name=\"robots\" content=\"index, follow, max-snippet:-1, max-image-preview:large, max-video-preview:-1\" \/>\n<link rel=\"canonical\" href=\"https:\/\/www.siredwards.com\/es\/terroir-y-territorio\/leyendas-escocesas\/el-jineste-sin-cabeza\/\" \/>\n<meta property=\"og:locale\" content=\"es_ES\" \/>\n<meta property=\"og:type\" content=\"article\" \/>\n<meta property=\"og:title\" content=\"El jinete sin cabeza - Sir Edwards EN\" \/>\n<meta property=\"og:description\" content=\"\ufeff En el clan de los Maclaines, la historia del jinete sin cabeza era mucho m\u00e1s que una leyenda narrada durante las veladas, para disuadir a los m\u00e1s temerarios de aventurarse fuera ca\u00edda ya la noche. Para aquellos que se atrevieran a desafiar a las penumbras, un funesto espectro aparec\u00eda, a lomos de un monstruoso [&hellip;]\" \/>\n<meta property=\"og:url\" content=\"https:\/\/www.siredwards.com\/es\/terroir-y-territorio\/leyendas-escocesas\/el-jineste-sin-cabeza\/\" \/>\n<meta property=\"og:site_name\" content=\"Sir Edwards EN\" \/>\n<meta property=\"og:image\" content=\"https:\/\/www.siredwards.fr\/wp-content\/uploads\/sites\/3\/2025\/12\/el-jinete-sin-cabeza-whisky-escocia-sir-edwards-page.jpg\" \/>\n\t<meta property=\"og:image:width\" content=\"990\" \/>\n\t<meta property=\"og:image:height\" content=\"340\" \/>\n\t<meta property=\"og:image:type\" content=\"image\/jpeg\" \/>\n<meta name=\"twitter:card\" content=\"summary_large_image\" \/>\n<meta name=\"twitter:label1\" content=\"Tiempo de lectura\" \/>\n\t<meta name=\"twitter:data1\" content=\"2 minutos\" \/>\n<script type=\"application\/ld+json\" class=\"yoast-schema-graph\">{\"@context\":\"https:\\\/\\\/schema.org\",\"@graph\":[{\"@type\":\"WebPage\",\"@id\":\"https:\\\/\\\/www.siredwards.com\\\/es\\\/terroir-y-territorio\\\/leyendas-escocesas\\\/el-jineste-sin-cabeza\\\/\",\"url\":\"https:\\\/\\\/www.siredwards.com\\\/es\\\/terroir-y-territorio\\\/leyendas-escocesas\\\/el-jineste-sin-cabeza\\\/\",\"name\":\"El jinete sin cabeza - Sir Edwards EN\",\"isPartOf\":{\"@id\":\"https:\\\/\\\/www.siredwards.com\\\/es\\\/en\\\/#website\"},\"primaryImageOfPage\":{\"@id\":\"https:\\\/\\\/www.siredwards.com\\\/es\\\/terroir-y-territorio\\\/leyendas-escocesas\\\/el-jineste-sin-cabeza\\\/#primaryimage\"},\"image\":{\"@id\":\"https:\\\/\\\/www.siredwards.com\\\/es\\\/terroir-y-territorio\\\/leyendas-escocesas\\\/el-jineste-sin-cabeza\\\/#primaryimage\"},\"thumbnailUrl\":\"https:\\\/\\\/www.siredwards.com\\\/wp-content\\\/uploads\\\/sites\\\/3\\\/2025\\\/12\\\/el-jinete-sin-cabeza-whisky-escocia-sir-edwards-page.jpg\",\"datePublished\":\"2018-04-10T08:08:35+00:00\",\"breadcrumb\":{\"@id\":\"https:\\\/\\\/www.siredwards.com\\\/es\\\/terroir-y-territorio\\\/leyendas-escocesas\\\/el-jineste-sin-cabeza\\\/#breadcrumb\"},\"inLanguage\":\"es\",\"potentialAction\":[{\"@type\":\"ReadAction\",\"target\":[\"https:\\\/\\\/www.siredwards.com\\\/es\\\/terroir-y-territorio\\\/leyendas-escocesas\\\/el-jineste-sin-cabeza\\\/\"]}]},{\"@type\":\"ImageObject\",\"inLanguage\":\"es\",\"@id\":\"https:\\\/\\\/www.siredwards.com\\\/es\\\/terroir-y-territorio\\\/leyendas-escocesas\\\/el-jineste-sin-cabeza\\\/#primaryimage\",\"url\":\"https:\\\/\\\/www.siredwards.com\\\/wp-content\\\/uploads\\\/sites\\\/3\\\/2025\\\/12\\\/el-jinete-sin-cabeza-whisky-escocia-sir-edwards-page.jpg\",\"contentUrl\":\"https:\\\/\\\/www.siredwards.com\\\/wp-content\\\/uploads\\\/sites\\\/3\\\/2025\\\/12\\\/el-jinete-sin-cabeza-whisky-escocia-sir-edwards-page.jpg\",\"width\":990,\"height\":340},{\"@type\":\"BreadcrumbList\",\"@id\":\"https:\\\/\\\/www.siredwards.com\\\/es\\\/terroir-y-territorio\\\/leyendas-escocesas\\\/el-jineste-sin-cabeza\\\/#breadcrumb\",\"itemListElement\":[{\"@type\":\"ListItem\",\"position\":1,\"name\":\"Home\",\"item\":\"https:\\\/\\\/www.siredwards.com\\\/es\\\/en\\\/\"},{\"@type\":\"ListItem\",\"position\":2,\"name\":\"Terroir y territorio\",\"item\":\"https:\\\/\\\/www.siredwards.com\\\/es\\\/terroir-y-territorio\\\/\"},{\"@type\":\"ListItem\",\"position\":3,\"name\":\"Leyendas escocesas\",\"item\":\"https:\\\/\\\/www.siredwards.com\\\/es\\\/terroir-y-territorio\\\/leyendas-escocesas\\\/\"},{\"@type\":\"ListItem\",\"position\":4,\"name\":\"El jinete sin cabeza\"}]},{\"@type\":\"WebSite\",\"@id\":\"https:\\\/\\\/www.siredwards.com\\\/es\\\/en\\\/#website\",\"url\":\"https:\\\/\\\/www.siredwards.com\\\/es\\\/en\\\/\",\"name\":\"Sir Edwards EN\",\"description\":\"\",\"potentialAction\":[{\"@type\":\"SearchAction\",\"target\":{\"@type\":\"EntryPoint\",\"urlTemplate\":\"https:\\\/\\\/www.siredwards.com\\\/es\\\/en\\\/?s={search_term_string}\"},\"query-input\":{\"@type\":\"PropertyValueSpecification\",\"valueRequired\":true,\"valueName\":\"search_term_string\"}}],\"inLanguage\":\"es\"}]}<\/script>\n<!-- \/ Yoast SEO plugin. -->","yoast_head_json":{"title":"El jinete sin cabeza - Sir Edwards EN","robots":{"index":"index","follow":"follow","max-snippet":"max-snippet:-1","max-image-preview":"max-image-preview:large","max-video-preview":"max-video-preview:-1"},"canonical":"https:\/\/www.siredwards.com\/es\/terroir-y-territorio\/leyendas-escocesas\/el-jineste-sin-cabeza\/","og_locale":"es_ES","og_type":"article","og_title":"El jinete sin cabeza - Sir Edwards EN","og_description":"\ufeff En el clan de los Maclaines, la historia del jinete sin cabeza era mucho m\u00e1s que una leyenda narrada durante las veladas, para disuadir a los m\u00e1s temerarios de aventurarse fuera ca\u00edda ya la noche. Para aquellos que se atrevieran a desafiar a las penumbras, un funesto espectro aparec\u00eda, a lomos de un monstruoso [&hellip;]","og_url":"https:\/\/www.siredwards.com\/es\/terroir-y-territorio\/leyendas-escocesas\/el-jineste-sin-cabeza\/","og_site_name":"Sir Edwards EN","og_image":[{"width":990,"height":340,"url":"https:\/\/www.siredwards.fr\/wp-content\/uploads\/sites\/3\/2025\/12\/el-jinete-sin-cabeza-whisky-escocia-sir-edwards-page.jpg","type":"image\/jpeg"}],"twitter_card":"summary_large_image","twitter_misc":{"Tiempo de lectura":"2 minutos"},"schema":{"@context":"https:\/\/schema.org","@graph":[{"@type":"WebPage","@id":"https:\/\/www.siredwards.com\/es\/terroir-y-territorio\/leyendas-escocesas\/el-jineste-sin-cabeza\/","url":"https:\/\/www.siredwards.com\/es\/terroir-y-territorio\/leyendas-escocesas\/el-jineste-sin-cabeza\/","name":"El jinete sin cabeza - Sir Edwards EN","isPartOf":{"@id":"https:\/\/www.siredwards.com\/es\/en\/#website"},"primaryImageOfPage":{"@id":"https:\/\/www.siredwards.com\/es\/terroir-y-territorio\/leyendas-escocesas\/el-jineste-sin-cabeza\/#primaryimage"},"image":{"@id":"https:\/\/www.siredwards.com\/es\/terroir-y-territorio\/leyendas-escocesas\/el-jineste-sin-cabeza\/#primaryimage"},"thumbnailUrl":"https:\/\/www.siredwards.com\/wp-content\/uploads\/sites\/3\/2025\/12\/el-jinete-sin-cabeza-whisky-escocia-sir-edwards-page.jpg","datePublished":"2018-04-10T08:08:35+00:00","breadcrumb":{"@id":"https:\/\/www.siredwards.com\/es\/terroir-y-territorio\/leyendas-escocesas\/el-jineste-sin-cabeza\/#breadcrumb"},"inLanguage":"es","potentialAction":[{"@type":"ReadAction","target":["https:\/\/www.siredwards.com\/es\/terroir-y-territorio\/leyendas-escocesas\/el-jineste-sin-cabeza\/"]}]},{"@type":"ImageObject","inLanguage":"es","@id":"https:\/\/www.siredwards.com\/es\/terroir-y-territorio\/leyendas-escocesas\/el-jineste-sin-cabeza\/#primaryimage","url":"https:\/\/www.siredwards.com\/wp-content\/uploads\/sites\/3\/2025\/12\/el-jinete-sin-cabeza-whisky-escocia-sir-edwards-page.jpg","contentUrl":"https:\/\/www.siredwards.com\/wp-content\/uploads\/sites\/3\/2025\/12\/el-jinete-sin-cabeza-whisky-escocia-sir-edwards-page.jpg","width":990,"height":340},{"@type":"BreadcrumbList","@id":"https:\/\/www.siredwards.com\/es\/terroir-y-territorio\/leyendas-escocesas\/el-jineste-sin-cabeza\/#breadcrumb","itemListElement":[{"@type":"ListItem","position":1,"name":"Home","item":"https:\/\/www.siredwards.com\/es\/en\/"},{"@type":"ListItem","position":2,"name":"Terroir y territorio","item":"https:\/\/www.siredwards.com\/es\/terroir-y-territorio\/"},{"@type":"ListItem","position":3,"name":"Leyendas escocesas","item":"https:\/\/www.siredwards.com\/es\/terroir-y-territorio\/leyendas-escocesas\/"},{"@type":"ListItem","position":4,"name":"El jinete sin cabeza"}]},{"@type":"WebSite","@id":"https:\/\/www.siredwards.com\/es\/en\/#website","url":"https:\/\/www.siredwards.com\/es\/en\/","name":"Sir Edwards EN","description":"","potentialAction":[{"@type":"SearchAction","target":{"@type":"EntryPoint","urlTemplate":"https:\/\/www.siredwards.com\/es\/en\/?s={search_term_string}"},"query-input":{"@type":"PropertyValueSpecification","valueRequired":true,"valueName":"search_term_string"}}],"inLanguage":"es"}]}},"_links":{"self":[{"href":"https:\/\/www.siredwards.com\/es\/wp-json\/wp\/v2\/pages\/23982","targetHints":{"allow":["GET"]}}],"collection":[{"href":"https:\/\/www.siredwards.com\/es\/wp-json\/wp\/v2\/pages"}],"about":[{"href":"https:\/\/www.siredwards.com\/es\/wp-json\/wp\/v2\/types\/page"}],"author":[{"embeddable":true,"href":"https:\/\/www.siredwards.com\/es\/wp-json\/wp\/v2\/users\/21683"}],"replies":[{"embeddable":true,"href":"https:\/\/www.siredwards.com\/es\/wp-json\/wp\/v2\/comments?post=23982"}],"version-history":[{"count":0,"href":"https:\/\/www.siredwards.com\/es\/wp-json\/wp\/v2\/pages\/23982\/revisions"}],"up":[{"embeddable":true,"href":"https:\/\/www.siredwards.com\/es\/wp-json\/wp\/v2\/pages\/23724"}],"wp:featuredmedia":[{"embeddable":true,"href":"https:\/\/www.siredwards.com\/es\/wp-json\/wp\/v2\/media\/23983"}],"wp:attachment":[{"href":"https:\/\/www.siredwards.com\/es\/wp-json\/wp\/v2\/media?parent=23982"}],"curies":[{"name":"wp","href":"https:\/\/api.w.org\/{rel}","templated":true}]}}