{"id":23965,"date":"2018-04-10T10:06:24","date_gmt":"2018-04-10T08:06:24","guid":{"rendered":"https:\/\/www.siredwards.com\/terroir-y-territorio\/leyendas-escocesas\/el-shellycoat-bromista\/"},"modified":"2018-04-10T10:06:24","modified_gmt":"2018-04-10T08:06:24","slug":"el-shellycoat-bromista","status":"publish","type":"page","link":"https:\/\/www.siredwards.com\/es\/terroir-y-territorio\/leyendas-escocesas\/el-shellycoat-bromista\/","title":{"rendered":"El Shellycoat bromista"},"content":{"rendered":"<p style=\"text-align: center;\"><iframe loading=\"lazy\" src=\"https:\/\/www.youtube.com\/embed\/fU6CiQj9jxI?rel=0\" width=\"870\" height=\"489\" frameborder=\"0\" allowfullscreen=\"allowfullscreen\"><\/iframe><\/p>\n<p style=\"text-align: center;\"><span lang=\"ES\">Un triste d\u00eda de invierno, dos amigos se pusieron en camino <strong>desde Kilmarnock hacia Glasgow<\/strong>, por negocios. Se trataba siempre de un viaje arduo y largo. A fin de llegar antes de que cayera la noche, los dos compa\u00f1eros tomaron un <strong>atajo incierto<\/strong>. En efecto, pocos eran los viajeros que se aventuraban por los alrededores del <strong>r\u00edo Craufurdland<\/strong>, la mayor\u00eda daba un rodeo&#8230;<\/span><\/p>\n<p style=\"text-align: center;\"><span lang=\"ES\">Por tanto, los dos viajeros tomaron no sin cierto temor este camino. Con los o\u00eddos bien atentos, Murray fue el primero en escucharlo: un <strong>hombre ped\u00eda socorro<\/strong>. Los dos viajeros detuvieron su camino y se precipitaron a la orilla del r\u00edo. Pero fue imposible ver al infeliz que ped\u00eda auxilio.<\/span><\/p>\n<p style=\"text-align: center;\"><span lang=\"ES\">Al cabo de unos segundos, los dos hombres se quedaron helados: en lugar de ir r\u00edo abajo, como lo har\u00eda la voz de un hombre que se ahoga arrastrado por la corriente \u00a1los gritos iban hacia arriba! \u00bfC\u00f3mo era posible tal prodigio? Entre dos r\u00e1fagas de viento, Gordon escuch\u00f3 tambi\u00e9n un extra\u00f1o chillido. Al mismo tiempo, un vago tufo a agua estancada invadi\u00f3 sus fosas nasales, hasta el punto de provocarles n\u00e1useas.<\/span><\/p>\n<p style=\"text-align: center;\"><span lang=\"ES\">Durante largas horas, los dos amigos siguieron los gritos, en busca del infeliz arrastrado por la corriente. Al borde de un ataque de nervios, rendidos por el cansancio, se detuvieron. Fue entonces cuando vislumbraron la verdad. Ah\u00ed estaba, delante de ellos, con su grotesca sonrisa, ri\u00e9ndose a carcajadas. Lo que hab\u00edan perseguido no era un hombre ahog\u00e1ndose, sino un shellycoat. El shellycoat es una criatura peque\u00f1a y peluda, ataviada con un abrigo cosido con ostras, vieiras y otros mariscos. Es, adem\u00e1s, por este singular gusto en el vestir de donde procede su nombre&#8230; y su olor. Sin saberlo, los dos viajeros hab\u00edan invadido su territorio y se hab\u00edan llevado un buen susto.<\/span><\/p>\n<p style=\"text-align: center;\"><span lang=\"ES\">Nunca es una buena idea aventurarse en las tierras del shellycoat. Aunque rara vez es violento, al shellycoat le gusta enga\u00f1ar a los viajeros y divertirse a su costa. En Escocia, todav\u00eda en nuestros d\u00edas, es mejor dar un rodeo que arriesgarse a desatar la c\u00f3lera de los seres sobrenaturales que pueblan los lochs y los r\u00edos. <\/span><\/p>\n","protected":false},"excerpt":{"rendered":"<p>Un triste d\u00eda de invierno, dos amigos se pusieron en camino desde Kilmarnock hacia Glasgow, por negocios. Se trataba siempre de un viaje arduo y largo. A fin de llegar antes de que cayera la noche, los dos compa\u00f1eros tomaron un atajo incierto. En efecto, pocos eran los viajeros que se aventuraban por los alrededores [&hellip;]<\/p>\n","protected":false},"author":21683,"featured_media":23966,"parent":23724,"menu_order":0,"comment_status":"open","ping_status":"open","template":"","meta":{"_acf_changed":false,"footnotes":""},"class_list":["post-23965","page","type-page","status-publish","has-post-thumbnail","hentry"],"acf":[],"yoast_head":"<!-- This site is optimized with the Yoast SEO plugin v27.3 - https:\/\/yoast.com\/product\/yoast-seo-wordpress\/ -->\n<title>El Shellycoat bromista - Sir Edwards EN<\/title>\n<meta name=\"robots\" content=\"index, follow, max-snippet:-1, max-image-preview:large, max-video-preview:-1\" \/>\n<link rel=\"canonical\" href=\"https:\/\/www.siredwards.com\/es\/terroir-y-territorio\/leyendas-escocesas\/el-shellycoat-bromista\/\" \/>\n<meta property=\"og:locale\" content=\"es_ES\" \/>\n<meta property=\"og:type\" content=\"article\" \/>\n<meta property=\"og:title\" content=\"El Shellycoat bromista - Sir Edwards EN\" \/>\n<meta property=\"og:description\" content=\"Un triste d\u00eda de invierno, dos amigos se pusieron en camino desde Kilmarnock hacia Glasgow, por negocios. Se trataba siempre de un viaje arduo y largo. A fin de llegar antes de que cayera la noche, los dos compa\u00f1eros tomaron un atajo incierto. En efecto, pocos eran los viajeros que se aventuraban por los alrededores [&hellip;]\" \/>\n<meta property=\"og:url\" content=\"https:\/\/www.siredwards.com\/es\/terroir-y-territorio\/leyendas-escocesas\/el-shellycoat-bromista\/\" \/>\n<meta property=\"og:site_name\" content=\"Sir Edwards EN\" \/>\n<meta property=\"og:image\" content=\"https:\/\/www.siredwards.fr\/wp-content\/uploads\/sites\/3\/2025\/12\/el-shellycoat-bromista-whisky-escocia-sir-edwards-page.jpg\" \/>\n\t<meta property=\"og:image:width\" content=\"990\" \/>\n\t<meta property=\"og:image:height\" content=\"340\" \/>\n\t<meta property=\"og:image:type\" content=\"image\/jpeg\" \/>\n<meta name=\"twitter:card\" content=\"summary_large_image\" \/>\n<meta name=\"twitter:label1\" content=\"Tiempo de lectura\" \/>\n\t<meta name=\"twitter:data1\" content=\"2 minutos\" \/>\n<script type=\"application\/ld+json\" class=\"yoast-schema-graph\">{\"@context\":\"https:\\\/\\\/schema.org\",\"@graph\":[{\"@type\":\"WebPage\",\"@id\":\"https:\\\/\\\/www.siredwards.com\\\/es\\\/terroir-y-territorio\\\/leyendas-escocesas\\\/el-shellycoat-bromista\\\/\",\"url\":\"https:\\\/\\\/www.siredwards.com\\\/es\\\/terroir-y-territorio\\\/leyendas-escocesas\\\/el-shellycoat-bromista\\\/\",\"name\":\"El Shellycoat bromista - Sir Edwards EN\",\"isPartOf\":{\"@id\":\"https:\\\/\\\/www.siredwards.com\\\/es\\\/en\\\/#website\"},\"primaryImageOfPage\":{\"@id\":\"https:\\\/\\\/www.siredwards.com\\\/es\\\/terroir-y-territorio\\\/leyendas-escocesas\\\/el-shellycoat-bromista\\\/#primaryimage\"},\"image\":{\"@id\":\"https:\\\/\\\/www.siredwards.com\\\/es\\\/terroir-y-territorio\\\/leyendas-escocesas\\\/el-shellycoat-bromista\\\/#primaryimage\"},\"thumbnailUrl\":\"https:\\\/\\\/www.siredwards.com\\\/wp-content\\\/uploads\\\/sites\\\/3\\\/2025\\\/12\\\/el-shellycoat-bromista-whisky-escocia-sir-edwards-page.jpg\",\"datePublished\":\"2018-04-10T08:06:24+00:00\",\"breadcrumb\":{\"@id\":\"https:\\\/\\\/www.siredwards.com\\\/es\\\/terroir-y-territorio\\\/leyendas-escocesas\\\/el-shellycoat-bromista\\\/#breadcrumb\"},\"inLanguage\":\"es\",\"potentialAction\":[{\"@type\":\"ReadAction\",\"target\":[\"https:\\\/\\\/www.siredwards.com\\\/es\\\/terroir-y-territorio\\\/leyendas-escocesas\\\/el-shellycoat-bromista\\\/\"]}]},{\"@type\":\"ImageObject\",\"inLanguage\":\"es\",\"@id\":\"https:\\\/\\\/www.siredwards.com\\\/es\\\/terroir-y-territorio\\\/leyendas-escocesas\\\/el-shellycoat-bromista\\\/#primaryimage\",\"url\":\"https:\\\/\\\/www.siredwards.com\\\/wp-content\\\/uploads\\\/sites\\\/3\\\/2025\\\/12\\\/el-shellycoat-bromista-whisky-escocia-sir-edwards-page.jpg\",\"contentUrl\":\"https:\\\/\\\/www.siredwards.com\\\/wp-content\\\/uploads\\\/sites\\\/3\\\/2025\\\/12\\\/el-shellycoat-bromista-whisky-escocia-sir-edwards-page.jpg\",\"width\":990,\"height\":340},{\"@type\":\"BreadcrumbList\",\"@id\":\"https:\\\/\\\/www.siredwards.com\\\/es\\\/terroir-y-territorio\\\/leyendas-escocesas\\\/el-shellycoat-bromista\\\/#breadcrumb\",\"itemListElement\":[{\"@type\":\"ListItem\",\"position\":1,\"name\":\"Home\",\"item\":\"https:\\\/\\\/www.siredwards.com\\\/es\\\/en\\\/\"},{\"@type\":\"ListItem\",\"position\":2,\"name\":\"Terroir y territorio\",\"item\":\"https:\\\/\\\/www.siredwards.com\\\/es\\\/terroir-y-territorio\\\/\"},{\"@type\":\"ListItem\",\"position\":3,\"name\":\"Leyendas escocesas\",\"item\":\"https:\\\/\\\/www.siredwards.com\\\/es\\\/terroir-y-territorio\\\/leyendas-escocesas\\\/\"},{\"@type\":\"ListItem\",\"position\":4,\"name\":\"El Shellycoat bromista\"}]},{\"@type\":\"WebSite\",\"@id\":\"https:\\\/\\\/www.siredwards.com\\\/es\\\/en\\\/#website\",\"url\":\"https:\\\/\\\/www.siredwards.com\\\/es\\\/en\\\/\",\"name\":\"Sir Edwards EN\",\"description\":\"\",\"potentialAction\":[{\"@type\":\"SearchAction\",\"target\":{\"@type\":\"EntryPoint\",\"urlTemplate\":\"https:\\\/\\\/www.siredwards.com\\\/es\\\/en\\\/?s={search_term_string}\"},\"query-input\":{\"@type\":\"PropertyValueSpecification\",\"valueRequired\":true,\"valueName\":\"search_term_string\"}}],\"inLanguage\":\"es\"}]}<\/script>\n<!-- \/ Yoast SEO plugin. -->","yoast_head_json":{"title":"El Shellycoat bromista - Sir Edwards EN","robots":{"index":"index","follow":"follow","max-snippet":"max-snippet:-1","max-image-preview":"max-image-preview:large","max-video-preview":"max-video-preview:-1"},"canonical":"https:\/\/www.siredwards.com\/es\/terroir-y-territorio\/leyendas-escocesas\/el-shellycoat-bromista\/","og_locale":"es_ES","og_type":"article","og_title":"El Shellycoat bromista - Sir Edwards EN","og_description":"Un triste d\u00eda de invierno, dos amigos se pusieron en camino desde Kilmarnock hacia Glasgow, por negocios. Se trataba siempre de un viaje arduo y largo. A fin de llegar antes de que cayera la noche, los dos compa\u00f1eros tomaron un atajo incierto. En efecto, pocos eran los viajeros que se aventuraban por los alrededores [&hellip;]","og_url":"https:\/\/www.siredwards.com\/es\/terroir-y-territorio\/leyendas-escocesas\/el-shellycoat-bromista\/","og_site_name":"Sir Edwards EN","og_image":[{"width":990,"height":340,"url":"https:\/\/www.siredwards.fr\/wp-content\/uploads\/sites\/3\/2025\/12\/el-shellycoat-bromista-whisky-escocia-sir-edwards-page.jpg","type":"image\/jpeg"}],"twitter_card":"summary_large_image","twitter_misc":{"Tiempo de lectura":"2 minutos"},"schema":{"@context":"https:\/\/schema.org","@graph":[{"@type":"WebPage","@id":"https:\/\/www.siredwards.com\/es\/terroir-y-territorio\/leyendas-escocesas\/el-shellycoat-bromista\/","url":"https:\/\/www.siredwards.com\/es\/terroir-y-territorio\/leyendas-escocesas\/el-shellycoat-bromista\/","name":"El Shellycoat bromista - Sir Edwards EN","isPartOf":{"@id":"https:\/\/www.siredwards.com\/es\/en\/#website"},"primaryImageOfPage":{"@id":"https:\/\/www.siredwards.com\/es\/terroir-y-territorio\/leyendas-escocesas\/el-shellycoat-bromista\/#primaryimage"},"image":{"@id":"https:\/\/www.siredwards.com\/es\/terroir-y-territorio\/leyendas-escocesas\/el-shellycoat-bromista\/#primaryimage"},"thumbnailUrl":"https:\/\/www.siredwards.com\/wp-content\/uploads\/sites\/3\/2025\/12\/el-shellycoat-bromista-whisky-escocia-sir-edwards-page.jpg","datePublished":"2018-04-10T08:06:24+00:00","breadcrumb":{"@id":"https:\/\/www.siredwards.com\/es\/terroir-y-territorio\/leyendas-escocesas\/el-shellycoat-bromista\/#breadcrumb"},"inLanguage":"es","potentialAction":[{"@type":"ReadAction","target":["https:\/\/www.siredwards.com\/es\/terroir-y-territorio\/leyendas-escocesas\/el-shellycoat-bromista\/"]}]},{"@type":"ImageObject","inLanguage":"es","@id":"https:\/\/www.siredwards.com\/es\/terroir-y-territorio\/leyendas-escocesas\/el-shellycoat-bromista\/#primaryimage","url":"https:\/\/www.siredwards.com\/wp-content\/uploads\/sites\/3\/2025\/12\/el-shellycoat-bromista-whisky-escocia-sir-edwards-page.jpg","contentUrl":"https:\/\/www.siredwards.com\/wp-content\/uploads\/sites\/3\/2025\/12\/el-shellycoat-bromista-whisky-escocia-sir-edwards-page.jpg","width":990,"height":340},{"@type":"BreadcrumbList","@id":"https:\/\/www.siredwards.com\/es\/terroir-y-territorio\/leyendas-escocesas\/el-shellycoat-bromista\/#breadcrumb","itemListElement":[{"@type":"ListItem","position":1,"name":"Home","item":"https:\/\/www.siredwards.com\/es\/en\/"},{"@type":"ListItem","position":2,"name":"Terroir y territorio","item":"https:\/\/www.siredwards.com\/es\/terroir-y-territorio\/"},{"@type":"ListItem","position":3,"name":"Leyendas escocesas","item":"https:\/\/www.siredwards.com\/es\/terroir-y-territorio\/leyendas-escocesas\/"},{"@type":"ListItem","position":4,"name":"El Shellycoat bromista"}]},{"@type":"WebSite","@id":"https:\/\/www.siredwards.com\/es\/en\/#website","url":"https:\/\/www.siredwards.com\/es\/en\/","name":"Sir Edwards EN","description":"","potentialAction":[{"@type":"SearchAction","target":{"@type":"EntryPoint","urlTemplate":"https:\/\/www.siredwards.com\/es\/en\/?s={search_term_string}"},"query-input":{"@type":"PropertyValueSpecification","valueRequired":true,"valueName":"search_term_string"}}],"inLanguage":"es"}]}},"_links":{"self":[{"href":"https:\/\/www.siredwards.com\/es\/wp-json\/wp\/v2\/pages\/23965","targetHints":{"allow":["GET"]}}],"collection":[{"href":"https:\/\/www.siredwards.com\/es\/wp-json\/wp\/v2\/pages"}],"about":[{"href":"https:\/\/www.siredwards.com\/es\/wp-json\/wp\/v2\/types\/page"}],"author":[{"embeddable":true,"href":"https:\/\/www.siredwards.com\/es\/wp-json\/wp\/v2\/users\/21683"}],"replies":[{"embeddable":true,"href":"https:\/\/www.siredwards.com\/es\/wp-json\/wp\/v2\/comments?post=23965"}],"version-history":[{"count":0,"href":"https:\/\/www.siredwards.com\/es\/wp-json\/wp\/v2\/pages\/23965\/revisions"}],"up":[{"embeddable":true,"href":"https:\/\/www.siredwards.com\/es\/wp-json\/wp\/v2\/pages\/23724"}],"wp:featuredmedia":[{"embeddable":true,"href":"https:\/\/www.siredwards.com\/es\/wp-json\/wp\/v2\/media\/23966"}],"wp:attachment":[{"href":"https:\/\/www.siredwards.com\/es\/wp-json\/wp\/v2\/media?parent=23965"}],"curies":[{"name":"wp","href":"https:\/\/api.w.org\/{rel}","templated":true}]}}