{"id":23948,"date":"2018-04-10T10:02:14","date_gmt":"2018-04-10T08:02:14","guid":{"rendered":"https:\/\/www.siredwards.com\/terroir-y-territorio\/leyendas-escocesas\/la-historia-del-cardo-escoces\/"},"modified":"2018-04-10T10:02:14","modified_gmt":"2018-04-10T08:02:14","slug":"la-historia-del-cardo-escoces","status":"publish","type":"page","link":"https:\/\/www.siredwards.com\/es\/terroir-y-territorio\/leyendas-escocesas\/la-historia-del-cardo-escoces\/","title":{"rendered":"La historia del cardo escoc\u00e9s"},"content":{"rendered":"<p style=\"text-align: center;\"><iframe loading=\"lazy\" src=\"https:\/\/www.youtube.com\/embed\/JbmLpI-0ZbQ?rel=0\" width=\"870\" height=\"489\" frameborder=\"0\" allowfullscreen=\"allowfullscreen\"><\/iframe><\/p>\n<p style=\"text-align: center;\"><span lang=\"ES\">En los remotos tiempos de la Edad Media, Escocia era una tierra muy codiciada. <strong>Los rudos daneses<\/strong> ten\u00edan una sola idea, <strong>invadir las Highlands<\/strong> y medir sus espadas con sus orgullosos guerreros. En varias ocasiones, intentaron conquistar las orillas escocesas. Y varias veces sus asaltos fueron <strong>valientemente rechazados<\/strong>.<\/span><\/p>\n<p style=\"text-align: center;\"><span lang=\"ES\">Los guerreros escoceses, decididos a proteger su castillo hasta el \u00faltimo aliento, manten\u00edan los ojos bien abiertos. Tanto de d\u00eda como de noche, escrutaban la lontananza, inquietos por ver llegar un ej\u00e9rcito dan\u00e9s tan temerario que no pudieran hacerle frente.<\/span><\/p>\n<p style=\"text-align: center;\"><span lang=\"ES\">Frente a la determinaci\u00f3n escocesa, los daneses no estaban listos para capitular. S\u00ed, los escoceses eran valerosos, pero los daneses eran m\u00e1s astutos. Y si la fuerza no les amedrantaba, <strong>probar\u00edan con las artima\u00f1as<\/strong>&#8230; y la discreci\u00f3n. De este modo, los daneses aprovechaban la noche para avanzar sin hacer ruido hasta el castillo y <strong>sorprender a los somnolientos guerreros<\/strong>. <\/span><\/p>\n<p style=\"text-align: center;\"><span lang=\"ES\">Una noche, lo daneses estudiaban su plan de ejecuci\u00f3n. Como medida de precauci\u00f3n, <strong>se quitaron sus zapatos<\/strong> y comenzaron a caminar m\u00e1s silenciosos que una sombra. Dieron un paso, dos, tres. Ning\u00fan escoc\u00e9s parec\u00eda haberlos descubierto. Reinaba el silencio m\u00e1s absoluto&#8230; Cuando de repente, <strong>unos gritos terribles desgarraron la noche<\/strong>. Los gemidos eran tan fuertes, que despertaron hasta al escoc\u00e9s m\u00e1s sordo. \u00bf Qu\u00e9 hab\u00eda ocurrido ? \u00a1 En la oscuridad, los daneses hab\u00edan entrado, descalzos, sin saberlo, en un <strong>campo de cardos<\/strong> ! Con cada paso que daban, los pinchos de la planta penetraban m\u00e1s profundamente en los pies. Vencidos por el dolor, <strong>salieron<\/strong> huyendo como pudieron.<\/span><\/p>\n<p style=\"text-align: center;\"><span lang=\"ES\">Esa noche, al hacer huir en desbandada a todo un ej\u00e9rcito, <strong>los cardos conquistaron los corazones de los escoceses<\/strong>. En recuerdo de esta \u00e9pica historia, el cardo se convirti\u00f3 en el s\u00edmbolo del pa\u00eds y en un <strong>objeto de orgullo<\/strong>.<\/span><\/p>\n","protected":false},"excerpt":{"rendered":"<p>En los remotos tiempos de la Edad Media, Escocia era una tierra muy codiciada. Los rudos daneses ten\u00edan una sola idea, invadir las Highlands y medir sus espadas con sus orgullosos guerreros. En varias ocasiones, intentaron conquistar las orillas escocesas. Y varias veces sus asaltos fueron valientemente rechazados. Los guerreros escoceses, decididos a proteger su [&hellip;]<\/p>\n","protected":false},"author":21683,"featured_media":23949,"parent":23724,"menu_order":0,"comment_status":"open","ping_status":"open","template":"","meta":{"_acf_changed":false,"footnotes":""},"class_list":["post-23948","page","type-page","status-publish","has-post-thumbnail","hentry"],"acf":[],"yoast_head":"<!-- This site is optimized with the Yoast SEO plugin v27.3 - https:\/\/yoast.com\/product\/yoast-seo-wordpress\/ -->\n<title>La historia del cardo escoc\u00e9s - Sir Edwards EN<\/title>\n<meta name=\"robots\" content=\"index, follow, max-snippet:-1, max-image-preview:large, max-video-preview:-1\" \/>\n<link rel=\"canonical\" href=\"https:\/\/www.siredwards.com\/es\/terroir-y-territorio\/leyendas-escocesas\/la-historia-del-cardo-escoces\/\" \/>\n<meta property=\"og:locale\" content=\"es_ES\" \/>\n<meta property=\"og:type\" content=\"article\" \/>\n<meta property=\"og:title\" content=\"La historia del cardo escoc\u00e9s - Sir Edwards EN\" \/>\n<meta property=\"og:description\" content=\"En los remotos tiempos de la Edad Media, Escocia era una tierra muy codiciada. Los rudos daneses ten\u00edan una sola idea, invadir las Highlands y medir sus espadas con sus orgullosos guerreros. En varias ocasiones, intentaron conquistar las orillas escocesas. Y varias veces sus asaltos fueron valientemente rechazados. Los guerreros escoceses, decididos a proteger su [&hellip;]\" \/>\n<meta property=\"og:url\" content=\"https:\/\/www.siredwards.com\/es\/terroir-y-territorio\/leyendas-escocesas\/la-historia-del-cardo-escoces\/\" \/>\n<meta property=\"og:site_name\" content=\"Sir Edwards EN\" \/>\n<meta property=\"og:image\" content=\"https:\/\/www.siredwards.fr\/wp-content\/uploads\/sites\/3\/2025\/12\/historia-del-cardo-escoces-whisky-escocia-sir-edwards-page.jpg\" \/>\n\t<meta property=\"og:image:width\" content=\"990\" \/>\n\t<meta property=\"og:image:height\" content=\"340\" \/>\n\t<meta property=\"og:image:type\" content=\"image\/jpeg\" \/>\n<meta name=\"twitter:card\" content=\"summary_large_image\" \/>\n<meta name=\"twitter:label1\" content=\"Tiempo de lectura\" \/>\n\t<meta name=\"twitter:data1\" content=\"2 minutos\" \/>\n<script type=\"application\/ld+json\" class=\"yoast-schema-graph\">{\"@context\":\"https:\\\/\\\/schema.org\",\"@graph\":[{\"@type\":\"WebPage\",\"@id\":\"https:\\\/\\\/www.siredwards.com\\\/es\\\/terroir-y-territorio\\\/leyendas-escocesas\\\/la-historia-del-cardo-escoces\\\/\",\"url\":\"https:\\\/\\\/www.siredwards.com\\\/es\\\/terroir-y-territorio\\\/leyendas-escocesas\\\/la-historia-del-cardo-escoces\\\/\",\"name\":\"La historia del cardo escoc\u00e9s - Sir Edwards EN\",\"isPartOf\":{\"@id\":\"https:\\\/\\\/www.siredwards.com\\\/es\\\/en\\\/#website\"},\"primaryImageOfPage\":{\"@id\":\"https:\\\/\\\/www.siredwards.com\\\/es\\\/terroir-y-territorio\\\/leyendas-escocesas\\\/la-historia-del-cardo-escoces\\\/#primaryimage\"},\"image\":{\"@id\":\"https:\\\/\\\/www.siredwards.com\\\/es\\\/terroir-y-territorio\\\/leyendas-escocesas\\\/la-historia-del-cardo-escoces\\\/#primaryimage\"},\"thumbnailUrl\":\"https:\\\/\\\/www.siredwards.com\\\/wp-content\\\/uploads\\\/sites\\\/3\\\/2025\\\/12\\\/historia-del-cardo-escoces-whisky-escocia-sir-edwards-page.jpg\",\"datePublished\":\"2018-04-10T08:02:14+00:00\",\"breadcrumb\":{\"@id\":\"https:\\\/\\\/www.siredwards.com\\\/es\\\/terroir-y-territorio\\\/leyendas-escocesas\\\/la-historia-del-cardo-escoces\\\/#breadcrumb\"},\"inLanguage\":\"es\",\"potentialAction\":[{\"@type\":\"ReadAction\",\"target\":[\"https:\\\/\\\/www.siredwards.com\\\/es\\\/terroir-y-territorio\\\/leyendas-escocesas\\\/la-historia-del-cardo-escoces\\\/\"]}]},{\"@type\":\"ImageObject\",\"inLanguage\":\"es\",\"@id\":\"https:\\\/\\\/www.siredwards.com\\\/es\\\/terroir-y-territorio\\\/leyendas-escocesas\\\/la-historia-del-cardo-escoces\\\/#primaryimage\",\"url\":\"https:\\\/\\\/www.siredwards.com\\\/wp-content\\\/uploads\\\/sites\\\/3\\\/2025\\\/12\\\/historia-del-cardo-escoces-whisky-escocia-sir-edwards-page.jpg\",\"contentUrl\":\"https:\\\/\\\/www.siredwards.com\\\/wp-content\\\/uploads\\\/sites\\\/3\\\/2025\\\/12\\\/historia-del-cardo-escoces-whisky-escocia-sir-edwards-page.jpg\",\"width\":990,\"height\":340,\"caption\":\"historia del cardo escoces whisky escocia sir edwards\"},{\"@type\":\"BreadcrumbList\",\"@id\":\"https:\\\/\\\/www.siredwards.com\\\/es\\\/terroir-y-territorio\\\/leyendas-escocesas\\\/la-historia-del-cardo-escoces\\\/#breadcrumb\",\"itemListElement\":[{\"@type\":\"ListItem\",\"position\":1,\"name\":\"Home\",\"item\":\"https:\\\/\\\/www.siredwards.com\\\/es\\\/en\\\/\"},{\"@type\":\"ListItem\",\"position\":2,\"name\":\"Terroir y territorio\",\"item\":\"https:\\\/\\\/www.siredwards.com\\\/es\\\/terroir-y-territorio\\\/\"},{\"@type\":\"ListItem\",\"position\":3,\"name\":\"Leyendas escocesas\",\"item\":\"https:\\\/\\\/www.siredwards.com\\\/es\\\/terroir-y-territorio\\\/leyendas-escocesas\\\/\"},{\"@type\":\"ListItem\",\"position\":4,\"name\":\"La historia del cardo escoc\u00e9s\"}]},{\"@type\":\"WebSite\",\"@id\":\"https:\\\/\\\/www.siredwards.com\\\/es\\\/en\\\/#website\",\"url\":\"https:\\\/\\\/www.siredwards.com\\\/es\\\/en\\\/\",\"name\":\"Sir Edwards EN\",\"description\":\"\",\"potentialAction\":[{\"@type\":\"SearchAction\",\"target\":{\"@type\":\"EntryPoint\",\"urlTemplate\":\"https:\\\/\\\/www.siredwards.com\\\/es\\\/en\\\/?s={search_term_string}\"},\"query-input\":{\"@type\":\"PropertyValueSpecification\",\"valueRequired\":true,\"valueName\":\"search_term_string\"}}],\"inLanguage\":\"es\"}]}<\/script>\n<!-- \/ Yoast SEO plugin. -->","yoast_head_json":{"title":"La historia del cardo escoc\u00e9s - Sir Edwards EN","robots":{"index":"index","follow":"follow","max-snippet":"max-snippet:-1","max-image-preview":"max-image-preview:large","max-video-preview":"max-video-preview:-1"},"canonical":"https:\/\/www.siredwards.com\/es\/terroir-y-territorio\/leyendas-escocesas\/la-historia-del-cardo-escoces\/","og_locale":"es_ES","og_type":"article","og_title":"La historia del cardo escoc\u00e9s - Sir Edwards EN","og_description":"En los remotos tiempos de la Edad Media, Escocia era una tierra muy codiciada. Los rudos daneses ten\u00edan una sola idea, invadir las Highlands y medir sus espadas con sus orgullosos guerreros. En varias ocasiones, intentaron conquistar las orillas escocesas. Y varias veces sus asaltos fueron valientemente rechazados. Los guerreros escoceses, decididos a proteger su [&hellip;]","og_url":"https:\/\/www.siredwards.com\/es\/terroir-y-territorio\/leyendas-escocesas\/la-historia-del-cardo-escoces\/","og_site_name":"Sir Edwards EN","og_image":[{"width":990,"height":340,"url":"https:\/\/www.siredwards.fr\/wp-content\/uploads\/sites\/3\/2025\/12\/historia-del-cardo-escoces-whisky-escocia-sir-edwards-page.jpg","type":"image\/jpeg"}],"twitter_card":"summary_large_image","twitter_misc":{"Tiempo de lectura":"2 minutos"},"schema":{"@context":"https:\/\/schema.org","@graph":[{"@type":"WebPage","@id":"https:\/\/www.siredwards.com\/es\/terroir-y-territorio\/leyendas-escocesas\/la-historia-del-cardo-escoces\/","url":"https:\/\/www.siredwards.com\/es\/terroir-y-territorio\/leyendas-escocesas\/la-historia-del-cardo-escoces\/","name":"La historia del cardo escoc\u00e9s - Sir Edwards EN","isPartOf":{"@id":"https:\/\/www.siredwards.com\/es\/en\/#website"},"primaryImageOfPage":{"@id":"https:\/\/www.siredwards.com\/es\/terroir-y-territorio\/leyendas-escocesas\/la-historia-del-cardo-escoces\/#primaryimage"},"image":{"@id":"https:\/\/www.siredwards.com\/es\/terroir-y-territorio\/leyendas-escocesas\/la-historia-del-cardo-escoces\/#primaryimage"},"thumbnailUrl":"https:\/\/www.siredwards.com\/wp-content\/uploads\/sites\/3\/2025\/12\/historia-del-cardo-escoces-whisky-escocia-sir-edwards-page.jpg","datePublished":"2018-04-10T08:02:14+00:00","breadcrumb":{"@id":"https:\/\/www.siredwards.com\/es\/terroir-y-territorio\/leyendas-escocesas\/la-historia-del-cardo-escoces\/#breadcrumb"},"inLanguage":"es","potentialAction":[{"@type":"ReadAction","target":["https:\/\/www.siredwards.com\/es\/terroir-y-territorio\/leyendas-escocesas\/la-historia-del-cardo-escoces\/"]}]},{"@type":"ImageObject","inLanguage":"es","@id":"https:\/\/www.siredwards.com\/es\/terroir-y-territorio\/leyendas-escocesas\/la-historia-del-cardo-escoces\/#primaryimage","url":"https:\/\/www.siredwards.com\/wp-content\/uploads\/sites\/3\/2025\/12\/historia-del-cardo-escoces-whisky-escocia-sir-edwards-page.jpg","contentUrl":"https:\/\/www.siredwards.com\/wp-content\/uploads\/sites\/3\/2025\/12\/historia-del-cardo-escoces-whisky-escocia-sir-edwards-page.jpg","width":990,"height":340,"caption":"historia del cardo escoces whisky escocia sir edwards"},{"@type":"BreadcrumbList","@id":"https:\/\/www.siredwards.com\/es\/terroir-y-territorio\/leyendas-escocesas\/la-historia-del-cardo-escoces\/#breadcrumb","itemListElement":[{"@type":"ListItem","position":1,"name":"Home","item":"https:\/\/www.siredwards.com\/es\/en\/"},{"@type":"ListItem","position":2,"name":"Terroir y territorio","item":"https:\/\/www.siredwards.com\/es\/terroir-y-territorio\/"},{"@type":"ListItem","position":3,"name":"Leyendas escocesas","item":"https:\/\/www.siredwards.com\/es\/terroir-y-territorio\/leyendas-escocesas\/"},{"@type":"ListItem","position":4,"name":"La historia del cardo escoc\u00e9s"}]},{"@type":"WebSite","@id":"https:\/\/www.siredwards.com\/es\/en\/#website","url":"https:\/\/www.siredwards.com\/es\/en\/","name":"Sir Edwards EN","description":"","potentialAction":[{"@type":"SearchAction","target":{"@type":"EntryPoint","urlTemplate":"https:\/\/www.siredwards.com\/es\/en\/?s={search_term_string}"},"query-input":{"@type":"PropertyValueSpecification","valueRequired":true,"valueName":"search_term_string"}}],"inLanguage":"es"}]}},"_links":{"self":[{"href":"https:\/\/www.siredwards.com\/es\/wp-json\/wp\/v2\/pages\/23948","targetHints":{"allow":["GET"]}}],"collection":[{"href":"https:\/\/www.siredwards.com\/es\/wp-json\/wp\/v2\/pages"}],"about":[{"href":"https:\/\/www.siredwards.com\/es\/wp-json\/wp\/v2\/types\/page"}],"author":[{"embeddable":true,"href":"https:\/\/www.siredwards.com\/es\/wp-json\/wp\/v2\/users\/21683"}],"replies":[{"embeddable":true,"href":"https:\/\/www.siredwards.com\/es\/wp-json\/wp\/v2\/comments?post=23948"}],"version-history":[{"count":0,"href":"https:\/\/www.siredwards.com\/es\/wp-json\/wp\/v2\/pages\/23948\/revisions"}],"up":[{"embeddable":true,"href":"https:\/\/www.siredwards.com\/es\/wp-json\/wp\/v2\/pages\/23724"}],"wp:featuredmedia":[{"embeddable":true,"href":"https:\/\/www.siredwards.com\/es\/wp-json\/wp\/v2\/media\/23949"}],"wp:attachment":[{"href":"https:\/\/www.siredwards.com\/es\/wp-json\/wp\/v2\/media?parent=23948"}],"curies":[{"name":"wp","href":"https:\/\/api.w.org\/{rel}","templated":true}]}}