{"id":23933,"date":"2018-04-10T09:58:26","date_gmt":"2018-04-10T07:58:26","guid":{"rendered":"https:\/\/www.siredwards.com\/terroir-y-territorio\/leyendas-escocesas\/el-asiento-del-rey-arturo-y-los-17-sepulcros\/"},"modified":"2018-04-10T09:58:26","modified_gmt":"2018-04-10T07:58:26","slug":"el-asiento-del-rey-arturo-y-los-17-sepulcros","status":"publish","type":"page","link":"https:\/\/www.siredwards.com\/es\/terroir-y-territorio\/leyendas-escocesas\/el-asiento-del-rey-arturo-y-los-17-sepulcros\/","title":{"rendered":"El asiento del Rey Arturo y los 17 sepulcros"},"content":{"rendered":"<p style=\"text-align: center;\"><iframe loading=\"lazy\" src=\"https:\/\/www.youtube.com\/embed\/dlnNAparsLw?rel=0\" width=\"870\" height=\"489\" frameborder=\"0\" allowfullscreen=\"allowfullscreen\"><\/iframe><\/p>\n<p style=\"text-align: center;\"><span lang=\"ES\">En Edimburgo, se alza una majestuosa colina, conocida con el nombre de <strong>Arthur\u2019s Seat, el asiento del Rey Arturo<\/strong>. Se dice que, bajo sus rocas con forma de le\u00f3n, duerme el m\u00edtico rey, a la espera de ser despertado.<\/span><\/p>\n<p style=\"text-align: center;\"><span lang=\"ES\">Sin embargo, no fue en la \u00e9poca art\u00farica cuando la colina sufri\u00f3 su acontecimiento m\u00e1s <strong>misterioso<\/strong>. En 1836, mientras que unos j\u00f3venes recorr\u00edan su relieve en busca de madrigueras de conejos, descubrieron una cavidad poco profunda en la pendiente noreste del macizo.<\/span><\/p>\n<p style=\"text-align: center;\"><span lang=\"ES\">Intrigados, los amigos comenzaron a cavar para liberar la abertura y contemplar el interior de la oquedad. Cu\u00e1l fue su sorpresa cuando sus miradas descubrieron <strong>17 peque\u00f1os sepulcros<\/strong>. En su interior, se encontraban 1<strong>7 mu\u00f1ecas de madera<\/strong>, elaboradas a mano y cubiertas con vestidos. Algunas parec\u00edan antiguas, otras hab\u00edan sido fabricadas hac\u00eda poco tiempo.<\/span><\/p>\n<p style=\"text-align: center;\"><span lang=\"ES\">Para explicar su presencia, la prensa de la \u00e9poca dio rienda suelta a las especulaciones : deb\u00eda de ser cosa de <strong>brujer\u00eda<\/strong>, se utilizaban para lanzar hechizos, pero nada vino a confirmarlo. Otros peri\u00f3dicos recordaban <strong>antiguas costumbres<\/strong> en las que, para <strong>salvar las almas de los marineros<\/strong> que hab\u00edan desaparecido en el mar, se les daba sepultura.<\/span><\/p>\n<p style=\"text-align: center;\"><span lang=\"ES\">Unos a\u00f1os m\u00e1s tarde, surgi\u00f3 otra hip\u00f3tesis. A comienzos del siglo XVIII, Edimburgo se hab\u00eda convertido en un importante lugar para la investigaci\u00f3n m\u00e9dica y para ello se requer\u00eda diseccionar los cuerpos. Intuyendo el buen negocio, dos hombres, Burke y Hare, decidieron dedicarse al <strong>comercio de cad\u00e1veres<\/strong>. Tras 10 meses de actividades criminales en 1828, el n\u00famero de <strong>sus v\u00edctimas<\/strong> se elevaba a 17&#8230; Un asunto que traspas\u00f3 las fronteras de la ciudad.<\/span><\/p>\n<p style=\"text-align: center;\"><span lang=\"ES\">\u00bf17 peque\u00f1os f\u00e9retros para honrar a las 17 v\u00edctimas? \u00bfUn acto de brujer\u00eda? \u00bfUna sepultura para los marineros? \u00bfUna ofrenda al Rey Arturo? Nadie ha descubierto nunca el final de la historia. Ocho de estos sepulcros se encuentran expuestos en el <strong>Museo Nacional de Escocia, en Edimburgo<\/strong>, y todav\u00eda hoy los visitantes los escrutan, con la esperanza de resolver al fin su secreto.<\/span><\/p>\n","protected":false},"excerpt":{"rendered":"<p>En Edimburgo, se alza una majestuosa colina, conocida con el nombre de Arthur\u2019s Seat, el asiento del Rey Arturo. Se dice que, bajo sus rocas con forma de le\u00f3n, duerme el m\u00edtico rey, a la espera de ser despertado. Sin embargo, no fue en la \u00e9poca art\u00farica cuando la colina sufri\u00f3 su acontecimiento m\u00e1s misterioso. [&hellip;]<\/p>\n","protected":false},"author":21683,"featured_media":23934,"parent":23724,"menu_order":0,"comment_status":"open","ping_status":"open","template":"","meta":{"_acf_changed":false,"footnotes":""},"class_list":["post-23933","page","type-page","status-publish","has-post-thumbnail","hentry"],"acf":[],"yoast_head":"<!-- This site is optimized with the Yoast SEO plugin v27.3 - https:\/\/yoast.com\/product\/yoast-seo-wordpress\/ -->\n<title>El asiento del Rey Arturo y los 17 sepulcros - Sir Edwards EN<\/title>\n<meta name=\"robots\" content=\"index, follow, max-snippet:-1, max-image-preview:large, max-video-preview:-1\" \/>\n<link rel=\"canonical\" href=\"https:\/\/www.siredwards.com\/es\/terroir-y-territorio\/leyendas-escocesas\/el-asiento-del-rey-arturo-y-los-17-sepulcros\/\" \/>\n<meta property=\"og:locale\" content=\"es_ES\" \/>\n<meta property=\"og:type\" content=\"article\" \/>\n<meta property=\"og:title\" content=\"El asiento del Rey Arturo y los 17 sepulcros - Sir Edwards EN\" \/>\n<meta property=\"og:description\" content=\"En Edimburgo, se alza una majestuosa colina, conocida con el nombre de Arthur\u2019s Seat, el asiento del Rey Arturo. Se dice que, bajo sus rocas con forma de le\u00f3n, duerme el m\u00edtico rey, a la espera de ser despertado. Sin embargo, no fue en la \u00e9poca art\u00farica cuando la colina sufri\u00f3 su acontecimiento m\u00e1s misterioso. [&hellip;]\" \/>\n<meta property=\"og:url\" content=\"https:\/\/www.siredwards.com\/es\/terroir-y-territorio\/leyendas-escocesas\/el-asiento-del-rey-arturo-y-los-17-sepulcros\/\" \/>\n<meta property=\"og:site_name\" content=\"Sir Edwards EN\" \/>\n<meta property=\"og:image\" content=\"https:\/\/www.siredwards.fr\/wp-content\/uploads\/sites\/3\/2025\/12\/asiento-del-rey-arturo-y-17-sepulcros-whisky-escocia-sir-edwards-liste.jpg\" \/>\n\t<meta property=\"og:image:width\" content=\"540\" \/>\n\t<meta property=\"og:image:height\" content=\"400\" \/>\n\t<meta property=\"og:image:type\" content=\"image\/jpeg\" \/>\n<meta name=\"twitter:card\" content=\"summary_large_image\" \/>\n<meta name=\"twitter:label1\" content=\"Tiempo de lectura\" \/>\n\t<meta name=\"twitter:data1\" content=\"2 minutos\" \/>\n<script type=\"application\/ld+json\" class=\"yoast-schema-graph\">{\"@context\":\"https:\\\/\\\/schema.org\",\"@graph\":[{\"@type\":\"WebPage\",\"@id\":\"https:\\\/\\\/www.siredwards.com\\\/es\\\/terroir-y-territorio\\\/leyendas-escocesas\\\/el-asiento-del-rey-arturo-y-los-17-sepulcros\\\/\",\"url\":\"https:\\\/\\\/www.siredwards.com\\\/es\\\/terroir-y-territorio\\\/leyendas-escocesas\\\/el-asiento-del-rey-arturo-y-los-17-sepulcros\\\/\",\"name\":\"El asiento del Rey Arturo y los 17 sepulcros - Sir Edwards EN\",\"isPartOf\":{\"@id\":\"https:\\\/\\\/www.siredwards.com\\\/es\\\/en\\\/#website\"},\"primaryImageOfPage\":{\"@id\":\"https:\\\/\\\/www.siredwards.com\\\/es\\\/terroir-y-territorio\\\/leyendas-escocesas\\\/el-asiento-del-rey-arturo-y-los-17-sepulcros\\\/#primaryimage\"},\"image\":{\"@id\":\"https:\\\/\\\/www.siredwards.com\\\/es\\\/terroir-y-territorio\\\/leyendas-escocesas\\\/el-asiento-del-rey-arturo-y-los-17-sepulcros\\\/#primaryimage\"},\"thumbnailUrl\":\"https:\\\/\\\/www.siredwards.com\\\/wp-content\\\/uploads\\\/sites\\\/3\\\/2025\\\/12\\\/asiento-del-rey-arturo-y-17-sepulcros-whisky-escocia-sir-edwards-liste.jpg\",\"datePublished\":\"2018-04-10T07:58:26+00:00\",\"breadcrumb\":{\"@id\":\"https:\\\/\\\/www.siredwards.com\\\/es\\\/terroir-y-territorio\\\/leyendas-escocesas\\\/el-asiento-del-rey-arturo-y-los-17-sepulcros\\\/#breadcrumb\"},\"inLanguage\":\"es\",\"potentialAction\":[{\"@type\":\"ReadAction\",\"target\":[\"https:\\\/\\\/www.siredwards.com\\\/es\\\/terroir-y-territorio\\\/leyendas-escocesas\\\/el-asiento-del-rey-arturo-y-los-17-sepulcros\\\/\"]}]},{\"@type\":\"ImageObject\",\"inLanguage\":\"es\",\"@id\":\"https:\\\/\\\/www.siredwards.com\\\/es\\\/terroir-y-territorio\\\/leyendas-escocesas\\\/el-asiento-del-rey-arturo-y-los-17-sepulcros\\\/#primaryimage\",\"url\":\"https:\\\/\\\/www.siredwards.com\\\/wp-content\\\/uploads\\\/sites\\\/3\\\/2025\\\/12\\\/asiento-del-rey-arturo-y-17-sepulcros-whisky-escocia-sir-edwards-liste.jpg\",\"contentUrl\":\"https:\\\/\\\/www.siredwards.com\\\/wp-content\\\/uploads\\\/sites\\\/3\\\/2025\\\/12\\\/asiento-del-rey-arturo-y-17-sepulcros-whisky-escocia-sir-edwards-liste.jpg\",\"width\":540,\"height\":400,\"caption\":\"asiento del rey arturo y 17 sepulcros whisky escocia sir edwards\"},{\"@type\":\"BreadcrumbList\",\"@id\":\"https:\\\/\\\/www.siredwards.com\\\/es\\\/terroir-y-territorio\\\/leyendas-escocesas\\\/el-asiento-del-rey-arturo-y-los-17-sepulcros\\\/#breadcrumb\",\"itemListElement\":[{\"@type\":\"ListItem\",\"position\":1,\"name\":\"Home\",\"item\":\"https:\\\/\\\/www.siredwards.com\\\/es\\\/en\\\/\"},{\"@type\":\"ListItem\",\"position\":2,\"name\":\"Terroir y territorio\",\"item\":\"https:\\\/\\\/www.siredwards.com\\\/es\\\/terroir-y-territorio\\\/\"},{\"@type\":\"ListItem\",\"position\":3,\"name\":\"Leyendas escocesas\",\"item\":\"https:\\\/\\\/www.siredwards.com\\\/es\\\/terroir-y-territorio\\\/leyendas-escocesas\\\/\"},{\"@type\":\"ListItem\",\"position\":4,\"name\":\"El asiento del Rey Arturo y los 17 sepulcros\"}]},{\"@type\":\"WebSite\",\"@id\":\"https:\\\/\\\/www.siredwards.com\\\/es\\\/en\\\/#website\",\"url\":\"https:\\\/\\\/www.siredwards.com\\\/es\\\/en\\\/\",\"name\":\"Sir Edwards EN\",\"description\":\"\",\"potentialAction\":[{\"@type\":\"SearchAction\",\"target\":{\"@type\":\"EntryPoint\",\"urlTemplate\":\"https:\\\/\\\/www.siredwards.com\\\/es\\\/en\\\/?s={search_term_string}\"},\"query-input\":{\"@type\":\"PropertyValueSpecification\",\"valueRequired\":true,\"valueName\":\"search_term_string\"}}],\"inLanguage\":\"es\"}]}<\/script>\n<!-- \/ Yoast SEO plugin. -->","yoast_head_json":{"title":"El asiento del Rey Arturo y los 17 sepulcros - Sir Edwards EN","robots":{"index":"index","follow":"follow","max-snippet":"max-snippet:-1","max-image-preview":"max-image-preview:large","max-video-preview":"max-video-preview:-1"},"canonical":"https:\/\/www.siredwards.com\/es\/terroir-y-territorio\/leyendas-escocesas\/el-asiento-del-rey-arturo-y-los-17-sepulcros\/","og_locale":"es_ES","og_type":"article","og_title":"El asiento del Rey Arturo y los 17 sepulcros - Sir Edwards EN","og_description":"En Edimburgo, se alza una majestuosa colina, conocida con el nombre de Arthur\u2019s Seat, el asiento del Rey Arturo. Se dice que, bajo sus rocas con forma de le\u00f3n, duerme el m\u00edtico rey, a la espera de ser despertado. Sin embargo, no fue en la \u00e9poca art\u00farica cuando la colina sufri\u00f3 su acontecimiento m\u00e1s misterioso. [&hellip;]","og_url":"https:\/\/www.siredwards.com\/es\/terroir-y-territorio\/leyendas-escocesas\/el-asiento-del-rey-arturo-y-los-17-sepulcros\/","og_site_name":"Sir Edwards EN","og_image":[{"width":540,"height":400,"url":"https:\/\/www.siredwards.fr\/wp-content\/uploads\/sites\/3\/2025\/12\/asiento-del-rey-arturo-y-17-sepulcros-whisky-escocia-sir-edwards-liste.jpg","type":"image\/jpeg"}],"twitter_card":"summary_large_image","twitter_misc":{"Tiempo de lectura":"2 minutos"},"schema":{"@context":"https:\/\/schema.org","@graph":[{"@type":"WebPage","@id":"https:\/\/www.siredwards.com\/es\/terroir-y-territorio\/leyendas-escocesas\/el-asiento-del-rey-arturo-y-los-17-sepulcros\/","url":"https:\/\/www.siredwards.com\/es\/terroir-y-territorio\/leyendas-escocesas\/el-asiento-del-rey-arturo-y-los-17-sepulcros\/","name":"El asiento del Rey Arturo y los 17 sepulcros - Sir Edwards EN","isPartOf":{"@id":"https:\/\/www.siredwards.com\/es\/en\/#website"},"primaryImageOfPage":{"@id":"https:\/\/www.siredwards.com\/es\/terroir-y-territorio\/leyendas-escocesas\/el-asiento-del-rey-arturo-y-los-17-sepulcros\/#primaryimage"},"image":{"@id":"https:\/\/www.siredwards.com\/es\/terroir-y-territorio\/leyendas-escocesas\/el-asiento-del-rey-arturo-y-los-17-sepulcros\/#primaryimage"},"thumbnailUrl":"https:\/\/www.siredwards.com\/wp-content\/uploads\/sites\/3\/2025\/12\/asiento-del-rey-arturo-y-17-sepulcros-whisky-escocia-sir-edwards-liste.jpg","datePublished":"2018-04-10T07:58:26+00:00","breadcrumb":{"@id":"https:\/\/www.siredwards.com\/es\/terroir-y-territorio\/leyendas-escocesas\/el-asiento-del-rey-arturo-y-los-17-sepulcros\/#breadcrumb"},"inLanguage":"es","potentialAction":[{"@type":"ReadAction","target":["https:\/\/www.siredwards.com\/es\/terroir-y-territorio\/leyendas-escocesas\/el-asiento-del-rey-arturo-y-los-17-sepulcros\/"]}]},{"@type":"ImageObject","inLanguage":"es","@id":"https:\/\/www.siredwards.com\/es\/terroir-y-territorio\/leyendas-escocesas\/el-asiento-del-rey-arturo-y-los-17-sepulcros\/#primaryimage","url":"https:\/\/www.siredwards.com\/wp-content\/uploads\/sites\/3\/2025\/12\/asiento-del-rey-arturo-y-17-sepulcros-whisky-escocia-sir-edwards-liste.jpg","contentUrl":"https:\/\/www.siredwards.com\/wp-content\/uploads\/sites\/3\/2025\/12\/asiento-del-rey-arturo-y-17-sepulcros-whisky-escocia-sir-edwards-liste.jpg","width":540,"height":400,"caption":"asiento del rey arturo y 17 sepulcros whisky escocia sir edwards"},{"@type":"BreadcrumbList","@id":"https:\/\/www.siredwards.com\/es\/terroir-y-territorio\/leyendas-escocesas\/el-asiento-del-rey-arturo-y-los-17-sepulcros\/#breadcrumb","itemListElement":[{"@type":"ListItem","position":1,"name":"Home","item":"https:\/\/www.siredwards.com\/es\/en\/"},{"@type":"ListItem","position":2,"name":"Terroir y territorio","item":"https:\/\/www.siredwards.com\/es\/terroir-y-territorio\/"},{"@type":"ListItem","position":3,"name":"Leyendas escocesas","item":"https:\/\/www.siredwards.com\/es\/terroir-y-territorio\/leyendas-escocesas\/"},{"@type":"ListItem","position":4,"name":"El asiento del Rey Arturo y los 17 sepulcros"}]},{"@type":"WebSite","@id":"https:\/\/www.siredwards.com\/es\/en\/#website","url":"https:\/\/www.siredwards.com\/es\/en\/","name":"Sir Edwards EN","description":"","potentialAction":[{"@type":"SearchAction","target":{"@type":"EntryPoint","urlTemplate":"https:\/\/www.siredwards.com\/es\/en\/?s={search_term_string}"},"query-input":{"@type":"PropertyValueSpecification","valueRequired":true,"valueName":"search_term_string"}}],"inLanguage":"es"}]}},"_links":{"self":[{"href":"https:\/\/www.siredwards.com\/es\/wp-json\/wp\/v2\/pages\/23933","targetHints":{"allow":["GET"]}}],"collection":[{"href":"https:\/\/www.siredwards.com\/es\/wp-json\/wp\/v2\/pages"}],"about":[{"href":"https:\/\/www.siredwards.com\/es\/wp-json\/wp\/v2\/types\/page"}],"author":[{"embeddable":true,"href":"https:\/\/www.siredwards.com\/es\/wp-json\/wp\/v2\/users\/21683"}],"replies":[{"embeddable":true,"href":"https:\/\/www.siredwards.com\/es\/wp-json\/wp\/v2\/comments?post=23933"}],"version-history":[{"count":0,"href":"https:\/\/www.siredwards.com\/es\/wp-json\/wp\/v2\/pages\/23933\/revisions"}],"up":[{"embeddable":true,"href":"https:\/\/www.siredwards.com\/es\/wp-json\/wp\/v2\/pages\/23724"}],"wp:featuredmedia":[{"embeddable":true,"href":"https:\/\/www.siredwards.com\/es\/wp-json\/wp\/v2\/media\/23934"}],"wp:attachment":[{"href":"https:\/\/www.siredwards.com\/es\/wp-json\/wp\/v2\/media?parent=23933"}],"curies":[{"name":"wp","href":"https:\/\/api.w.org\/{rel}","templated":true}]}}