{"id":23920,"date":"2018-04-10T09:51:10","date_gmt":"2018-04-10T07:51:10","guid":{"rendered":"https:\/\/www.siredwards.com\/terroir-y-territorio\/leyendas-escocesas\/la-layenda-del-dragon-master-stoorworm\/"},"modified":"2018-04-10T09:51:10","modified_gmt":"2018-04-10T07:51:10","slug":"la-layenda-del-dragon-master-stoorworm","status":"publish","type":"page","link":"https:\/\/www.siredwards.com\/es\/terroir-y-territorio\/leyendas-escocesas\/la-layenda-del-dragon-master-stoorworm\/","title":{"rendered":"La leyenda del drag\u00f3n Master Stoorworm"},"content":{"rendered":"<p style=\"text-align: center;\"><iframe loading=\"lazy\" src=\"https:\/\/www.youtube.com\/embed\/P3sQdhzwR2s?rel=0&amp;showinfo=0\" width=\"870\" height=\"489\" frameborder=\"0\" allowfullscreen=\"allowfullscreen\"><\/iframe><\/p>\n<p style=\"text-align: center;\"><span lang=\"ES\">\u00c9rase una vez una <strong>serpiente de mar gigante<\/strong>, llamada Master Stoorworm, que viv\u00eda cerca de las costas escocesas. Este gigantesco animal, de la <strong>familia de los dragones<\/strong>, ten\u00eda una muy mala costumbre&#8230; la de comer demasiado. Cada ma\u00f1ana, su est\u00f3mago le ped\u00eda un nuevo fest\u00edn, bostezaba hasta desencajar la mand\u00edbula&#8230; la boca se abr\u00eda muy grande siete veces seguidas, mostrando unos afilados colmillos y una lengua roja como la sangre.<\/span><\/p>\n<p style=\"text-align: center;\"><span lang=\"ES\">No ser\u00eda tan desagradable si la lengua de la serpiente, al desplegarse, no tuviera el inconveniente de <strong>llevarse todo lo que encontraba en su paso<\/strong> : un \u00e1rbol, un carro, una oveja, una vaca, incluso algunos lugare\u00f1os.<\/span><\/p>\n<p style=\"text-align: center;\"><span lang=\"ES\">\u00a1 Pero lleg\u00f3 un d\u00eda que fue demasiado ! Y se decidi\u00f3 acabar por todos los medios con Master Stoorworm. \u00bfPero qui\u00e9n estar\u00eda tan loco como para desafiar a un monstruo tan poderoso? Sin decir nada a nadie, <strong>un valiente joven<\/strong> tom\u00f3 un cubo de hierro y lo llen\u00f3 de turba, se subi\u00f3 a un barco y se hizo a la mar para esperar a que despertara el Master.<\/span><\/p>\n<p style=\"text-align: center;\"><span lang=\"ES\">Cuando el monstruo bostez\u00f3 por primera vez, el barco y su ocupante fueron engullidos <strong>por la boca del drag\u00f3n<\/strong>. Una vez en el es\u00f3fago, Jamie, que tal era su nombre, se abri\u00f3 paso hacia el est\u00f3mago. All\u00ed, en esa guarida hostil, el astuto lugare\u00f1o utiliz\u00f3 la turba para dar fuego al monstruoso vientre. La reacci\u00f3n del drag\u00f3n no se hizo esperar. En un intenso retortij\u00f3n, el est\u00f3mago expuls\u00f3 a Jamie, que alcanz\u00f3 la costa sin sufrir da\u00f1os.<\/span><\/p>\n<p style=\"text-align: center;\"><span lang=\"ES\">De lejos, vio c\u00f3mo Master Stoorworm se retorc\u00eda para calmar su dolor, y en un gesto impulsivo, su cola golpe\u00f3 su poderosa mand\u00edbula. Con la violencia del golpe, sus dientes se desprendieron y se dispersaron pesadamente en el mar. Cuenta la leyenda que as\u00ed fue como <strong>surgieron las islas Orcadas<\/strong>, y despu\u00e9s las <strong>islas Shetland en el norte de Escocia<\/strong>.<\/span><\/p>\n","protected":false},"excerpt":{"rendered":"<p>\u00c9rase una vez una serpiente de mar gigante, llamada Master Stoorworm, que viv\u00eda cerca de las costas escocesas. Este gigantesco animal, de la familia de los dragones, ten\u00eda una muy mala costumbre&#8230; la de comer demasiado. Cada ma\u00f1ana, su est\u00f3mago le ped\u00eda un nuevo fest\u00edn, bostezaba hasta desencajar la mand\u00edbula&#8230; la boca se abr\u00eda muy [&hellip;]<\/p>\n","protected":false},"author":21683,"featured_media":23921,"parent":23724,"menu_order":0,"comment_status":"open","ping_status":"open","template":"","meta":{"_acf_changed":false,"footnotes":""},"class_list":["post-23920","page","type-page","status-publish","has-post-thumbnail","hentry"],"acf":[],"yoast_head":"<!-- This site is optimized with the Yoast SEO plugin v27.3 - https:\/\/yoast.com\/product\/yoast-seo-wordpress\/ -->\n<title>La leyenda del drag\u00f3n Master Stoorworm - Sir Edwards EN<\/title>\n<meta name=\"robots\" content=\"index, follow, max-snippet:-1, max-image-preview:large, max-video-preview:-1\" \/>\n<link rel=\"canonical\" href=\"https:\/\/www.siredwards.com\/es\/terroir-y-territorio\/leyendas-escocesas\/la-layenda-del-dragon-master-stoorworm\/\" \/>\n<meta property=\"og:locale\" content=\"es_ES\" \/>\n<meta property=\"og:type\" content=\"article\" \/>\n<meta property=\"og:title\" content=\"La leyenda del drag\u00f3n Master Stoorworm - Sir Edwards EN\" \/>\n<meta property=\"og:description\" content=\"\u00c9rase una vez una serpiente de mar gigante, llamada Master Stoorworm, que viv\u00eda cerca de las costas escocesas. Este gigantesco animal, de la familia de los dragones, ten\u00eda una muy mala costumbre&#8230; la de comer demasiado. Cada ma\u00f1ana, su est\u00f3mago le ped\u00eda un nuevo fest\u00edn, bostezaba hasta desencajar la mand\u00edbula&#8230; la boca se abr\u00eda muy [&hellip;]\" \/>\n<meta property=\"og:url\" content=\"https:\/\/www.siredwards.com\/es\/terroir-y-territorio\/leyendas-escocesas\/la-layenda-del-dragon-master-stoorworm\/\" \/>\n<meta property=\"og:site_name\" content=\"Sir Edwards EN\" \/>\n<meta property=\"og:image\" content=\"https:\/\/www.siredwards.fr\/wp-content\/uploads\/sites\/3\/2025\/12\/dragon-master-stoorworm-whisky-escocia-sir-edwards-page.jpg\" \/>\n\t<meta property=\"og:image:width\" content=\"990\" \/>\n\t<meta property=\"og:image:height\" content=\"340\" \/>\n\t<meta property=\"og:image:type\" content=\"image\/jpeg\" \/>\n<meta name=\"twitter:card\" content=\"summary_large_image\" \/>\n<meta name=\"twitter:label1\" content=\"Tiempo de lectura\" \/>\n\t<meta name=\"twitter:data1\" content=\"2 minutos\" \/>\n<script type=\"application\/ld+json\" class=\"yoast-schema-graph\">{\"@context\":\"https:\\\/\\\/schema.org\",\"@graph\":[{\"@type\":\"WebPage\",\"@id\":\"https:\\\/\\\/www.siredwards.com\\\/es\\\/terroir-y-territorio\\\/leyendas-escocesas\\\/la-layenda-del-dragon-master-stoorworm\\\/\",\"url\":\"https:\\\/\\\/www.siredwards.com\\\/es\\\/terroir-y-territorio\\\/leyendas-escocesas\\\/la-layenda-del-dragon-master-stoorworm\\\/\",\"name\":\"La leyenda del drag\u00f3n Master Stoorworm - Sir Edwards EN\",\"isPartOf\":{\"@id\":\"https:\\\/\\\/www.siredwards.com\\\/es\\\/en\\\/#website\"},\"primaryImageOfPage\":{\"@id\":\"https:\\\/\\\/www.siredwards.com\\\/es\\\/terroir-y-territorio\\\/leyendas-escocesas\\\/la-layenda-del-dragon-master-stoorworm\\\/#primaryimage\"},\"image\":{\"@id\":\"https:\\\/\\\/www.siredwards.com\\\/es\\\/terroir-y-territorio\\\/leyendas-escocesas\\\/la-layenda-del-dragon-master-stoorworm\\\/#primaryimage\"},\"thumbnailUrl\":\"https:\\\/\\\/www.siredwards.com\\\/wp-content\\\/uploads\\\/sites\\\/3\\\/2025\\\/12\\\/dragon-master-stoorworm-whisky-escocia-sir-edwards-page.jpg\",\"datePublished\":\"2018-04-10T07:51:10+00:00\",\"breadcrumb\":{\"@id\":\"https:\\\/\\\/www.siredwards.com\\\/es\\\/terroir-y-territorio\\\/leyendas-escocesas\\\/la-layenda-del-dragon-master-stoorworm\\\/#breadcrumb\"},\"inLanguage\":\"es\",\"potentialAction\":[{\"@type\":\"ReadAction\",\"target\":[\"https:\\\/\\\/www.siredwards.com\\\/es\\\/terroir-y-territorio\\\/leyendas-escocesas\\\/la-layenda-del-dragon-master-stoorworm\\\/\"]}]},{\"@type\":\"ImageObject\",\"inLanguage\":\"es\",\"@id\":\"https:\\\/\\\/www.siredwards.com\\\/es\\\/terroir-y-territorio\\\/leyendas-escocesas\\\/la-layenda-del-dragon-master-stoorworm\\\/#primaryimage\",\"url\":\"https:\\\/\\\/www.siredwards.com\\\/wp-content\\\/uploads\\\/sites\\\/3\\\/2025\\\/12\\\/dragon-master-stoorworm-whisky-escocia-sir-edwards-page.jpg\",\"contentUrl\":\"https:\\\/\\\/www.siredwards.com\\\/wp-content\\\/uploads\\\/sites\\\/3\\\/2025\\\/12\\\/dragon-master-stoorworm-whisky-escocia-sir-edwards-page.jpg\",\"width\":990,\"height\":340,\"caption\":\"dragon master stoorworm whisky escocia sir edwards\"},{\"@type\":\"BreadcrumbList\",\"@id\":\"https:\\\/\\\/www.siredwards.com\\\/es\\\/terroir-y-territorio\\\/leyendas-escocesas\\\/la-layenda-del-dragon-master-stoorworm\\\/#breadcrumb\",\"itemListElement\":[{\"@type\":\"ListItem\",\"position\":1,\"name\":\"Home\",\"item\":\"https:\\\/\\\/www.siredwards.com\\\/es\\\/en\\\/\"},{\"@type\":\"ListItem\",\"position\":2,\"name\":\"Terroir y territorio\",\"item\":\"https:\\\/\\\/www.siredwards.com\\\/es\\\/terroir-y-territorio\\\/\"},{\"@type\":\"ListItem\",\"position\":3,\"name\":\"Leyendas escocesas\",\"item\":\"https:\\\/\\\/www.siredwards.com\\\/es\\\/terroir-y-territorio\\\/leyendas-escocesas\\\/\"},{\"@type\":\"ListItem\",\"position\":4,\"name\":\"La leyenda del drag\u00f3n Master Stoorworm\"}]},{\"@type\":\"WebSite\",\"@id\":\"https:\\\/\\\/www.siredwards.com\\\/es\\\/en\\\/#website\",\"url\":\"https:\\\/\\\/www.siredwards.com\\\/es\\\/en\\\/\",\"name\":\"Sir Edwards EN\",\"description\":\"\",\"potentialAction\":[{\"@type\":\"SearchAction\",\"target\":{\"@type\":\"EntryPoint\",\"urlTemplate\":\"https:\\\/\\\/www.siredwards.com\\\/es\\\/en\\\/?s={search_term_string}\"},\"query-input\":{\"@type\":\"PropertyValueSpecification\",\"valueRequired\":true,\"valueName\":\"search_term_string\"}}],\"inLanguage\":\"es\"}]}<\/script>\n<!-- \/ Yoast SEO plugin. -->","yoast_head_json":{"title":"La leyenda del drag\u00f3n Master Stoorworm - Sir Edwards EN","robots":{"index":"index","follow":"follow","max-snippet":"max-snippet:-1","max-image-preview":"max-image-preview:large","max-video-preview":"max-video-preview:-1"},"canonical":"https:\/\/www.siredwards.com\/es\/terroir-y-territorio\/leyendas-escocesas\/la-layenda-del-dragon-master-stoorworm\/","og_locale":"es_ES","og_type":"article","og_title":"La leyenda del drag\u00f3n Master Stoorworm - Sir Edwards EN","og_description":"\u00c9rase una vez una serpiente de mar gigante, llamada Master Stoorworm, que viv\u00eda cerca de las costas escocesas. Este gigantesco animal, de la familia de los dragones, ten\u00eda una muy mala costumbre&#8230; la de comer demasiado. Cada ma\u00f1ana, su est\u00f3mago le ped\u00eda un nuevo fest\u00edn, bostezaba hasta desencajar la mand\u00edbula&#8230; la boca se abr\u00eda muy [&hellip;]","og_url":"https:\/\/www.siredwards.com\/es\/terroir-y-territorio\/leyendas-escocesas\/la-layenda-del-dragon-master-stoorworm\/","og_site_name":"Sir Edwards EN","og_image":[{"width":990,"height":340,"url":"https:\/\/www.siredwards.fr\/wp-content\/uploads\/sites\/3\/2025\/12\/dragon-master-stoorworm-whisky-escocia-sir-edwards-page.jpg","type":"image\/jpeg"}],"twitter_card":"summary_large_image","twitter_misc":{"Tiempo de lectura":"2 minutos"},"schema":{"@context":"https:\/\/schema.org","@graph":[{"@type":"WebPage","@id":"https:\/\/www.siredwards.com\/es\/terroir-y-territorio\/leyendas-escocesas\/la-layenda-del-dragon-master-stoorworm\/","url":"https:\/\/www.siredwards.com\/es\/terroir-y-territorio\/leyendas-escocesas\/la-layenda-del-dragon-master-stoorworm\/","name":"La leyenda del drag\u00f3n Master Stoorworm - Sir Edwards EN","isPartOf":{"@id":"https:\/\/www.siredwards.com\/es\/en\/#website"},"primaryImageOfPage":{"@id":"https:\/\/www.siredwards.com\/es\/terroir-y-territorio\/leyendas-escocesas\/la-layenda-del-dragon-master-stoorworm\/#primaryimage"},"image":{"@id":"https:\/\/www.siredwards.com\/es\/terroir-y-territorio\/leyendas-escocesas\/la-layenda-del-dragon-master-stoorworm\/#primaryimage"},"thumbnailUrl":"https:\/\/www.siredwards.com\/wp-content\/uploads\/sites\/3\/2025\/12\/dragon-master-stoorworm-whisky-escocia-sir-edwards-page.jpg","datePublished":"2018-04-10T07:51:10+00:00","breadcrumb":{"@id":"https:\/\/www.siredwards.com\/es\/terroir-y-territorio\/leyendas-escocesas\/la-layenda-del-dragon-master-stoorworm\/#breadcrumb"},"inLanguage":"es","potentialAction":[{"@type":"ReadAction","target":["https:\/\/www.siredwards.com\/es\/terroir-y-territorio\/leyendas-escocesas\/la-layenda-del-dragon-master-stoorworm\/"]}]},{"@type":"ImageObject","inLanguage":"es","@id":"https:\/\/www.siredwards.com\/es\/terroir-y-territorio\/leyendas-escocesas\/la-layenda-del-dragon-master-stoorworm\/#primaryimage","url":"https:\/\/www.siredwards.com\/wp-content\/uploads\/sites\/3\/2025\/12\/dragon-master-stoorworm-whisky-escocia-sir-edwards-page.jpg","contentUrl":"https:\/\/www.siredwards.com\/wp-content\/uploads\/sites\/3\/2025\/12\/dragon-master-stoorworm-whisky-escocia-sir-edwards-page.jpg","width":990,"height":340,"caption":"dragon master stoorworm whisky escocia sir edwards"},{"@type":"BreadcrumbList","@id":"https:\/\/www.siredwards.com\/es\/terroir-y-territorio\/leyendas-escocesas\/la-layenda-del-dragon-master-stoorworm\/#breadcrumb","itemListElement":[{"@type":"ListItem","position":1,"name":"Home","item":"https:\/\/www.siredwards.com\/es\/en\/"},{"@type":"ListItem","position":2,"name":"Terroir y territorio","item":"https:\/\/www.siredwards.com\/es\/terroir-y-territorio\/"},{"@type":"ListItem","position":3,"name":"Leyendas escocesas","item":"https:\/\/www.siredwards.com\/es\/terroir-y-territorio\/leyendas-escocesas\/"},{"@type":"ListItem","position":4,"name":"La leyenda del drag\u00f3n Master Stoorworm"}]},{"@type":"WebSite","@id":"https:\/\/www.siredwards.com\/es\/en\/#website","url":"https:\/\/www.siredwards.com\/es\/en\/","name":"Sir Edwards EN","description":"","potentialAction":[{"@type":"SearchAction","target":{"@type":"EntryPoint","urlTemplate":"https:\/\/www.siredwards.com\/es\/en\/?s={search_term_string}"},"query-input":{"@type":"PropertyValueSpecification","valueRequired":true,"valueName":"search_term_string"}}],"inLanguage":"es"}]}},"_links":{"self":[{"href":"https:\/\/www.siredwards.com\/es\/wp-json\/wp\/v2\/pages\/23920","targetHints":{"allow":["GET"]}}],"collection":[{"href":"https:\/\/www.siredwards.com\/es\/wp-json\/wp\/v2\/pages"}],"about":[{"href":"https:\/\/www.siredwards.com\/es\/wp-json\/wp\/v2\/types\/page"}],"author":[{"embeddable":true,"href":"https:\/\/www.siredwards.com\/es\/wp-json\/wp\/v2\/users\/21683"}],"replies":[{"embeddable":true,"href":"https:\/\/www.siredwards.com\/es\/wp-json\/wp\/v2\/comments?post=23920"}],"version-history":[{"count":0,"href":"https:\/\/www.siredwards.com\/es\/wp-json\/wp\/v2\/pages\/23920\/revisions"}],"up":[{"embeddable":true,"href":"https:\/\/www.siredwards.com\/es\/wp-json\/wp\/v2\/pages\/23724"}],"wp:featuredmedia":[{"embeddable":true,"href":"https:\/\/www.siredwards.com\/es\/wp-json\/wp\/v2\/media\/23921"}],"wp:attachment":[{"href":"https:\/\/www.siredwards.com\/es\/wp-json\/wp\/v2\/media?parent=23920"}],"curies":[{"name":"wp","href":"https:\/\/api.w.org\/{rel}","templated":true}]}}