{"id":23375,"date":"2018-02-19T17:46:29","date_gmt":"2018-02-19T16:46:29","guid":{"rendered":"https:\/\/www.siredwards.com\/descubra-el-universo-del-whisky\/descubre-el-universo-del-whisky-en-video\/presentacion-de-sir-edwards-smoky\/"},"modified":"2018-02-19T17:46:29","modified_gmt":"2018-02-19T16:46:29","slug":"presentacion-de-sir-edwards-smoky","status":"publish","type":"page","link":"https:\/\/www.siredwards.com\/es\/descubra-el-universo-del-whisky\/descubre-el-universo-del-whisky-en-video\/presentacion-de-sir-edwards-smoky\/","title":{"rendered":"Presentaci\u00f3n de Sir Edward&#8217;s Smoky"},"content":{"rendered":"<div class=\"videos\" style=\"text-align: center;\"><iframe loading=\"lazy\" src=\"\/\/www.youtube.com\/embed\/h4fWOuWTXHo?rel=0&amp;cc_lang_pref=fr\" width=\"990\" height=\"557\" frameborder=\"0\" allowfullscreen=\"allowfullscreen\"><\/iframe><\/div>\n<p style=\"text-align: center;\">Al anochecer, en el coraz\u00f3n de Escocia, las chimeneas a veces exhalan un t\u00edpico olor de turba quemada. La combusti\u00f3n de esta materia vegetal libera calor y humo.<\/p>\n<p style=\"text-align: center;\"><!--more--><\/p>\n<p style=\"text-align: center;\">Olores de brezo, hierba y musgo, la turba tambi\u00e9n enriquece la gama arom\u00e1tica del whisky. Sir Edward\u2019s SMOKY les invita a descubrir este sabor t\u00edpicamente escoc\u00e9s, que recuerda el misterio de las turberas brumosas.<\/p>\n<p style=\"text-align: center;\"><a title=\"Sir Edward's Smoky\" href=\"https:\/\/es.siredwards.com\/sir-edwards-smoky-es\/\">Descubrir Sir Edward&#8217;s Smoky<\/a><\/p>\n","protected":false},"excerpt":{"rendered":"<p>Al anochecer, en el coraz\u00f3n de Escocia, las chimeneas a veces exhalan un t\u00edpico olor de turba quemada. La combusti\u00f3n de esta materia vegetal libera calor y humo.<\/p>\n","protected":false},"author":21683,"featured_media":23376,"parent":22670,"menu_order":0,"comment_status":"open","ping_status":"open","template":"","meta":{"_acf_changed":false,"footnotes":""},"class_list":["post-23375","page","type-page","status-publish","has-post-thumbnail","hentry"],"acf":[],"yoast_head":"<!-- This site is optimized with the Yoast SEO plugin v27.3 - https:\/\/yoast.com\/product\/yoast-seo-wordpress\/ -->\n<title>Presentaci\u00f3n de Sir Edward&#039;s Smoky - Sir Edwards EN<\/title>\n<meta name=\"robots\" content=\"index, follow, max-snippet:-1, max-image-preview:large, max-video-preview:-1\" \/>\n<link rel=\"canonical\" href=\"https:\/\/www.siredwards.com\/es\/descubra-el-universo-del-whisky\/descubre-el-universo-del-whisky-en-video\/presentacion-de-sir-edwards-smoky\/\" \/>\n<meta property=\"og:locale\" content=\"es_ES\" \/>\n<meta property=\"og:type\" content=\"article\" \/>\n<meta property=\"og:title\" content=\"Presentaci\u00f3n de Sir Edward&#039;s Smoky - Sir Edwards EN\" \/>\n<meta property=\"og:description\" content=\"Al anochecer, en el coraz\u00f3n de Escocia, las chimeneas a veces exhalan un t\u00edpico olor de turba quemada. La combusti\u00f3n de esta materia vegetal libera calor y humo.\" \/>\n<meta property=\"og:url\" content=\"https:\/\/www.siredwards.com\/es\/descubra-el-universo-del-whisky\/descubre-el-universo-del-whisky-en-video\/presentacion-de-sir-edwards-smoky\/\" \/>\n<meta property=\"og:site_name\" content=\"Sir Edwards EN\" \/>\n<meta property=\"og:image\" content=\"https:\/\/www.siredwards.fr\/wp-content\/uploads\/sites\/3\/2025\/12\/sir-edwards-smoky-1-7.jpg\" \/>\n\t<meta property=\"og:image:width\" content=\"1000\" \/>\n\t<meta property=\"og:image:height\" content=\"428\" \/>\n\t<meta property=\"og:image:type\" content=\"image\/jpeg\" \/>\n<meta name=\"twitter:card\" content=\"summary_large_image\" \/>\n<script type=\"application\/ld+json\" class=\"yoast-schema-graph\">{\"@context\":\"https:\\\/\\\/schema.org\",\"@graph\":[{\"@type\":\"WebPage\",\"@id\":\"https:\\\/\\\/www.siredwards.com\\\/es\\\/descubra-el-universo-del-whisky\\\/descubre-el-universo-del-whisky-en-video\\\/presentacion-de-sir-edwards-smoky\\\/\",\"url\":\"https:\\\/\\\/www.siredwards.com\\\/es\\\/descubra-el-universo-del-whisky\\\/descubre-el-universo-del-whisky-en-video\\\/presentacion-de-sir-edwards-smoky\\\/\",\"name\":\"Presentaci\u00f3n de Sir Edward's Smoky - Sir Edwards EN\",\"isPartOf\":{\"@id\":\"https:\\\/\\\/www.siredwards.com\\\/es\\\/en\\\/#website\"},\"primaryImageOfPage\":{\"@id\":\"https:\\\/\\\/www.siredwards.com\\\/es\\\/descubra-el-universo-del-whisky\\\/descubre-el-universo-del-whisky-en-video\\\/presentacion-de-sir-edwards-smoky\\\/#primaryimage\"},\"image\":{\"@id\":\"https:\\\/\\\/www.siredwards.com\\\/es\\\/descubra-el-universo-del-whisky\\\/descubre-el-universo-del-whisky-en-video\\\/presentacion-de-sir-edwards-smoky\\\/#primaryimage\"},\"thumbnailUrl\":\"https:\\\/\\\/www.siredwards.com\\\/wp-content\\\/uploads\\\/sites\\\/3\\\/2025\\\/12\\\/sir-edwards-smoky-1-7.jpg\",\"datePublished\":\"2018-02-19T16:46:29+00:00\",\"breadcrumb\":{\"@id\":\"https:\\\/\\\/www.siredwards.com\\\/es\\\/descubra-el-universo-del-whisky\\\/descubre-el-universo-del-whisky-en-video\\\/presentacion-de-sir-edwards-smoky\\\/#breadcrumb\"},\"inLanguage\":\"es\",\"potentialAction\":[{\"@type\":\"ReadAction\",\"target\":[\"https:\\\/\\\/www.siredwards.com\\\/es\\\/descubra-el-universo-del-whisky\\\/descubre-el-universo-del-whisky-en-video\\\/presentacion-de-sir-edwards-smoky\\\/\"]}]},{\"@type\":\"ImageObject\",\"inLanguage\":\"es\",\"@id\":\"https:\\\/\\\/www.siredwards.com\\\/es\\\/descubra-el-universo-del-whisky\\\/descubre-el-universo-del-whisky-en-video\\\/presentacion-de-sir-edwards-smoky\\\/#primaryimage\",\"url\":\"https:\\\/\\\/www.siredwards.com\\\/wp-content\\\/uploads\\\/sites\\\/3\\\/2025\\\/12\\\/sir-edwards-smoky-1-7.jpg\",\"contentUrl\":\"https:\\\/\\\/www.siredwards.com\\\/wp-content\\\/uploads\\\/sites\\\/3\\\/2025\\\/12\\\/sir-edwards-smoky-1-7.jpg\",\"width\":1000,\"height\":428,\"caption\":\"sir-edwards-smoky\"},{\"@type\":\"BreadcrumbList\",\"@id\":\"https:\\\/\\\/www.siredwards.com\\\/es\\\/descubra-el-universo-del-whisky\\\/descubre-el-universo-del-whisky-en-video\\\/presentacion-de-sir-edwards-smoky\\\/#breadcrumb\",\"itemListElement\":[{\"@type\":\"ListItem\",\"position\":1,\"name\":\"Home\",\"item\":\"https:\\\/\\\/www.siredwards.com\\\/es\\\/en\\\/\"},{\"@type\":\"ListItem\",\"position\":2,\"name\":\"Descubra el universo del whisky\",\"item\":\"https:\\\/\\\/www.siredwards.com\\\/es\\\/?page_id=18484\"},{\"@type\":\"ListItem\",\"position\":3,\"name\":\"Descubre el universo del whisky en video\",\"item\":\"https:\\\/\\\/www.siredwards.com\\\/es\\\/?page_id=22670\"},{\"@type\":\"ListItem\",\"position\":4,\"name\":\"Presentaci\u00f3n de Sir Edward&rsquo;s Smoky\"}]},{\"@type\":\"WebSite\",\"@id\":\"https:\\\/\\\/www.siredwards.com\\\/es\\\/en\\\/#website\",\"url\":\"https:\\\/\\\/www.siredwards.com\\\/es\\\/en\\\/\",\"name\":\"Sir Edwards EN\",\"description\":\"\",\"potentialAction\":[{\"@type\":\"SearchAction\",\"target\":{\"@type\":\"EntryPoint\",\"urlTemplate\":\"https:\\\/\\\/www.siredwards.com\\\/es\\\/en\\\/?s={search_term_string}\"},\"query-input\":{\"@type\":\"PropertyValueSpecification\",\"valueRequired\":true,\"valueName\":\"search_term_string\"}}],\"inLanguage\":\"es\"}]}<\/script>\n<!-- \/ Yoast SEO plugin. -->","yoast_head_json":{"title":"Presentaci\u00f3n de Sir Edward's Smoky - Sir Edwards EN","robots":{"index":"index","follow":"follow","max-snippet":"max-snippet:-1","max-image-preview":"max-image-preview:large","max-video-preview":"max-video-preview:-1"},"canonical":"https:\/\/www.siredwards.com\/es\/descubra-el-universo-del-whisky\/descubre-el-universo-del-whisky-en-video\/presentacion-de-sir-edwards-smoky\/","og_locale":"es_ES","og_type":"article","og_title":"Presentaci\u00f3n de Sir Edward's Smoky - Sir Edwards EN","og_description":"Al anochecer, en el coraz\u00f3n de Escocia, las chimeneas a veces exhalan un t\u00edpico olor de turba quemada. La combusti\u00f3n de esta materia vegetal libera calor y humo.","og_url":"https:\/\/www.siredwards.com\/es\/descubra-el-universo-del-whisky\/descubre-el-universo-del-whisky-en-video\/presentacion-de-sir-edwards-smoky\/","og_site_name":"Sir Edwards EN","og_image":[{"width":1000,"height":428,"url":"https:\/\/www.siredwards.fr\/wp-content\/uploads\/sites\/3\/2025\/12\/sir-edwards-smoky-1-7.jpg","type":"image\/jpeg"}],"twitter_card":"summary_large_image","schema":{"@context":"https:\/\/schema.org","@graph":[{"@type":"WebPage","@id":"https:\/\/www.siredwards.com\/es\/descubra-el-universo-del-whisky\/descubre-el-universo-del-whisky-en-video\/presentacion-de-sir-edwards-smoky\/","url":"https:\/\/www.siredwards.com\/es\/descubra-el-universo-del-whisky\/descubre-el-universo-del-whisky-en-video\/presentacion-de-sir-edwards-smoky\/","name":"Presentaci\u00f3n de Sir Edward's Smoky - Sir Edwards EN","isPartOf":{"@id":"https:\/\/www.siredwards.com\/es\/en\/#website"},"primaryImageOfPage":{"@id":"https:\/\/www.siredwards.com\/es\/descubra-el-universo-del-whisky\/descubre-el-universo-del-whisky-en-video\/presentacion-de-sir-edwards-smoky\/#primaryimage"},"image":{"@id":"https:\/\/www.siredwards.com\/es\/descubra-el-universo-del-whisky\/descubre-el-universo-del-whisky-en-video\/presentacion-de-sir-edwards-smoky\/#primaryimage"},"thumbnailUrl":"https:\/\/www.siredwards.com\/wp-content\/uploads\/sites\/3\/2025\/12\/sir-edwards-smoky-1-7.jpg","datePublished":"2018-02-19T16:46:29+00:00","breadcrumb":{"@id":"https:\/\/www.siredwards.com\/es\/descubra-el-universo-del-whisky\/descubre-el-universo-del-whisky-en-video\/presentacion-de-sir-edwards-smoky\/#breadcrumb"},"inLanguage":"es","potentialAction":[{"@type":"ReadAction","target":["https:\/\/www.siredwards.com\/es\/descubra-el-universo-del-whisky\/descubre-el-universo-del-whisky-en-video\/presentacion-de-sir-edwards-smoky\/"]}]},{"@type":"ImageObject","inLanguage":"es","@id":"https:\/\/www.siredwards.com\/es\/descubra-el-universo-del-whisky\/descubre-el-universo-del-whisky-en-video\/presentacion-de-sir-edwards-smoky\/#primaryimage","url":"https:\/\/www.siredwards.com\/wp-content\/uploads\/sites\/3\/2025\/12\/sir-edwards-smoky-1-7.jpg","contentUrl":"https:\/\/www.siredwards.com\/wp-content\/uploads\/sites\/3\/2025\/12\/sir-edwards-smoky-1-7.jpg","width":1000,"height":428,"caption":"sir-edwards-smoky"},{"@type":"BreadcrumbList","@id":"https:\/\/www.siredwards.com\/es\/descubra-el-universo-del-whisky\/descubre-el-universo-del-whisky-en-video\/presentacion-de-sir-edwards-smoky\/#breadcrumb","itemListElement":[{"@type":"ListItem","position":1,"name":"Home","item":"https:\/\/www.siredwards.com\/es\/en\/"},{"@type":"ListItem","position":2,"name":"Descubra el universo del whisky","item":"https:\/\/www.siredwards.com\/es\/?page_id=18484"},{"@type":"ListItem","position":3,"name":"Descubre el universo del whisky en video","item":"https:\/\/www.siredwards.com\/es\/?page_id=22670"},{"@type":"ListItem","position":4,"name":"Presentaci\u00f3n de Sir Edward&rsquo;s Smoky"}]},{"@type":"WebSite","@id":"https:\/\/www.siredwards.com\/es\/en\/#website","url":"https:\/\/www.siredwards.com\/es\/en\/","name":"Sir Edwards EN","description":"","potentialAction":[{"@type":"SearchAction","target":{"@type":"EntryPoint","urlTemplate":"https:\/\/www.siredwards.com\/es\/en\/?s={search_term_string}"},"query-input":{"@type":"PropertyValueSpecification","valueRequired":true,"valueName":"search_term_string"}}],"inLanguage":"es"}]}},"_links":{"self":[{"href":"https:\/\/www.siredwards.com\/es\/wp-json\/wp\/v2\/pages\/23375","targetHints":{"allow":["GET"]}}],"collection":[{"href":"https:\/\/www.siredwards.com\/es\/wp-json\/wp\/v2\/pages"}],"about":[{"href":"https:\/\/www.siredwards.com\/es\/wp-json\/wp\/v2\/types\/page"}],"author":[{"embeddable":true,"href":"https:\/\/www.siredwards.com\/es\/wp-json\/wp\/v2\/users\/21683"}],"replies":[{"embeddable":true,"href":"https:\/\/www.siredwards.com\/es\/wp-json\/wp\/v2\/comments?post=23375"}],"version-history":[{"count":0,"href":"https:\/\/www.siredwards.com\/es\/wp-json\/wp\/v2\/pages\/23375\/revisions"}],"up":[{"embeddable":true,"href":"https:\/\/www.siredwards.com\/es\/wp-json\/wp\/v2\/pages\/22670"}],"wp:featuredmedia":[{"embeddable":true,"href":"https:\/\/www.siredwards.com\/es\/wp-json\/wp\/v2\/media\/23376"}],"wp:attachment":[{"href":"https:\/\/www.siredwards.com\/es\/wp-json\/wp\/v2\/media?parent=23375"}],"curies":[{"name":"wp","href":"https:\/\/api.w.org\/{rel}","templated":true}]}}