{"id":22546,"date":"2015-05-28T14:39:35","date_gmt":"2015-05-28T12:39:35","guid":{"rendered":"https:\/\/www.siredwards.com\/confirmacion-de-la-inscripcion\/"},"modified":"2015-05-28T14:39:35","modified_gmt":"2015-05-28T12:39:35","slug":"confirmacion-de-la-inscripcion","status":"publish","type":"page","link":"https:\/\/www.siredwards.com\/es\/confirmacion-de-la-inscripcion\/","title":{"rendered":"Confirmaci\u00f3n de la inscripci\u00f3n"},"content":{"rendered":"<p>Hemos recibido su inscripci\u00f3n correctamente. Muchas gracias por enviarla.<\/p>\n","protected":false},"excerpt":{"rendered":"<p>Hemos recibido su inscripci\u00f3n correctamente. Muchas gracias por enviarla.<\/p>\n","protected":false},"author":21683,"featured_media":0,"parent":0,"menu_order":6,"comment_status":"open","ping_status":"open","template":"","meta":{"_acf_changed":false,"footnotes":""},"class_list":["post-22546","page","type-page","status-publish","hentry"],"acf":[],"yoast_head":"<!-- This site is optimized with the Yoast SEO plugin v27.3 - https:\/\/yoast.com\/product\/yoast-seo-wordpress\/ -->\n<title>Confirmaci\u00f3n de la inscripci\u00f3n - Sir Edwards EN<\/title>\n<meta name=\"robots\" content=\"noindex, nofollow\" \/>\n<meta property=\"og:locale\" content=\"es_ES\" \/>\n<meta property=\"og:type\" content=\"article\" \/>\n<meta property=\"og:title\" content=\"Confirmaci\u00f3n de la inscripci\u00f3n - Sir Edwards EN\" \/>\n<meta property=\"og:description\" content=\"Hemos recibido su inscripci\u00f3n correctamente. Muchas gracias por enviarla.\" \/>\n<meta property=\"og:url\" content=\"https:\/\/www.siredwards.com\/es\/confirmacion-de-la-inscripcion\/\" \/>\n<meta property=\"og:site_name\" content=\"Sir Edwards EN\" \/>\n<meta name=\"twitter:card\" content=\"summary_large_image\" \/>\n<script type=\"application\/ld+json\" class=\"yoast-schema-graph\">{\"@context\":\"https:\\\/\\\/schema.org\",\"@graph\":[{\"@type\":\"WebPage\",\"@id\":\"https:\\\/\\\/www.siredwards.com\\\/es\\\/confirmacion-de-la-inscripcion\\\/\",\"url\":\"https:\\\/\\\/www.siredwards.com\\\/es\\\/confirmacion-de-la-inscripcion\\\/\",\"name\":\"Confirmaci\u00f3n de la inscripci\u00f3n - Sir Edwards EN\",\"isPartOf\":{\"@id\":\"https:\\\/\\\/www.siredwards.com\\\/es\\\/en\\\/#website\"},\"datePublished\":\"2015-05-28T12:39:35+00:00\",\"breadcrumb\":{\"@id\":\"https:\\\/\\\/www.siredwards.com\\\/es\\\/confirmacion-de-la-inscripcion\\\/#breadcrumb\"},\"inLanguage\":\"es\",\"potentialAction\":[{\"@type\":\"ReadAction\",\"target\":[\"https:\\\/\\\/www.siredwards.com\\\/es\\\/confirmacion-de-la-inscripcion\\\/\"]}]},{\"@type\":\"BreadcrumbList\",\"@id\":\"https:\\\/\\\/www.siredwards.com\\\/es\\\/confirmacion-de-la-inscripcion\\\/#breadcrumb\",\"itemListElement\":[{\"@type\":\"ListItem\",\"position\":1,\"name\":\"Home\",\"item\":\"https:\\\/\\\/www.siredwards.com\\\/es\\\/en\\\/\"},{\"@type\":\"ListItem\",\"position\":2,\"name\":\"Confirmaci\u00f3n de la inscripci\u00f3n\"}]},{\"@type\":\"WebSite\",\"@id\":\"https:\\\/\\\/www.siredwards.com\\\/es\\\/en\\\/#website\",\"url\":\"https:\\\/\\\/www.siredwards.com\\\/es\\\/en\\\/\",\"name\":\"Sir Edwards EN\",\"description\":\"\",\"potentialAction\":[{\"@type\":\"SearchAction\",\"target\":{\"@type\":\"EntryPoint\",\"urlTemplate\":\"https:\\\/\\\/www.siredwards.com\\\/es\\\/en\\\/?s={search_term_string}\"},\"query-input\":{\"@type\":\"PropertyValueSpecification\",\"valueRequired\":true,\"valueName\":\"search_term_string\"}}],\"inLanguage\":\"es\"}]}<\/script>\n<!-- \/ Yoast SEO plugin. -->","yoast_head_json":{"title":"Confirmaci\u00f3n de la inscripci\u00f3n - Sir Edwards EN","robots":{"index":"noindex","follow":"nofollow"},"og_locale":"es_ES","og_type":"article","og_title":"Confirmaci\u00f3n de la inscripci\u00f3n - Sir Edwards EN","og_description":"Hemos recibido su inscripci\u00f3n correctamente. Muchas gracias por enviarla.","og_url":"https:\/\/www.siredwards.com\/es\/confirmacion-de-la-inscripcion\/","og_site_name":"Sir Edwards EN","twitter_card":"summary_large_image","schema":{"@context":"https:\/\/schema.org","@graph":[{"@type":"WebPage","@id":"https:\/\/www.siredwards.com\/es\/confirmacion-de-la-inscripcion\/","url":"https:\/\/www.siredwards.com\/es\/confirmacion-de-la-inscripcion\/","name":"Confirmaci\u00f3n de la inscripci\u00f3n - Sir Edwards EN","isPartOf":{"@id":"https:\/\/www.siredwards.com\/es\/en\/#website"},"datePublished":"2015-05-28T12:39:35+00:00","breadcrumb":{"@id":"https:\/\/www.siredwards.com\/es\/confirmacion-de-la-inscripcion\/#breadcrumb"},"inLanguage":"es","potentialAction":[{"@type":"ReadAction","target":["https:\/\/www.siredwards.com\/es\/confirmacion-de-la-inscripcion\/"]}]},{"@type":"BreadcrumbList","@id":"https:\/\/www.siredwards.com\/es\/confirmacion-de-la-inscripcion\/#breadcrumb","itemListElement":[{"@type":"ListItem","position":1,"name":"Home","item":"https:\/\/www.siredwards.com\/es\/en\/"},{"@type":"ListItem","position":2,"name":"Confirmaci\u00f3n de la inscripci\u00f3n"}]},{"@type":"WebSite","@id":"https:\/\/www.siredwards.com\/es\/en\/#website","url":"https:\/\/www.siredwards.com\/es\/en\/","name":"Sir Edwards EN","description":"","potentialAction":[{"@type":"SearchAction","target":{"@type":"EntryPoint","urlTemplate":"https:\/\/www.siredwards.com\/es\/en\/?s={search_term_string}"},"query-input":{"@type":"PropertyValueSpecification","valueRequired":true,"valueName":"search_term_string"}}],"inLanguage":"es"}]}},"_links":{"self":[{"href":"https:\/\/www.siredwards.com\/es\/wp-json\/wp\/v2\/pages\/22546","targetHints":{"allow":["GET"]}}],"collection":[{"href":"https:\/\/www.siredwards.com\/es\/wp-json\/wp\/v2\/pages"}],"about":[{"href":"https:\/\/www.siredwards.com\/es\/wp-json\/wp\/v2\/types\/page"}],"author":[{"embeddable":true,"href":"https:\/\/www.siredwards.com\/es\/wp-json\/wp\/v2\/users\/21683"}],"replies":[{"embeddable":true,"href":"https:\/\/www.siredwards.com\/es\/wp-json\/wp\/v2\/comments?post=22546"}],"version-history":[{"count":0,"href":"https:\/\/www.siredwards.com\/es\/wp-json\/wp\/v2\/pages\/22546\/revisions"}],"wp:attachment":[{"href":"https:\/\/www.siredwards.com\/es\/wp-json\/wp\/v2\/media?parent=22546"}],"curies":[{"name":"wp","href":"https:\/\/api.w.org\/{rel}","templated":true}]}}