{"id":22441,"date":"2015-05-20T13:01:08","date_gmt":"2015-05-20T11:01:08","guid":{"rendered":"https:\/\/www.siredwards.com\/el-agua-la-marca-del-whisky-escoces\/"},"modified":"2015-05-20T13:01:08","modified_gmt":"2015-05-20T11:01:08","slug":"el-agua-la-marca-del-whisky-escoces","status":"publish","type":"page","link":"https:\/\/www.siredwards.com\/es\/whisky-factory-2\/los-ingredientes-del-whisky\/el-agua-la-marca-del-whisky-escoces\/","title":{"rendered":"El agua, la marca del whisky escoc\u00e9s"},"content":{"rendered":"<p style=\"text-align: center;\">El <strong>agua pura de Escocia<\/strong> es <strong>uno de los secretos del whisky escoc\u00e9s.<\/strong><!--more--><\/p>\n<p style=\"text-align: center;\"><strong>Interviene en todas las etapas de la elaboraci\u00f3n<\/strong> de esta bebida t\u00edpica del<strong> <a href=\"https:\/\/es.siredwards.com\/video-la-tierra-del-whisky-sir-edwards\/\">terru\u00f1o escoc\u00e9s<\/a><\/strong>.<\/p>\n<p style=\"text-align: center;\">El agua se utiliza para <strong>hacer germinar la <a href=\"https:\/\/es.siredwards.com\/el-whisky-una-tradicion\/los-ingredientes-del-whisky\/la-cebada-el-cereal-estrella-del-whisky\/\">cebada<\/a><\/strong> durante el proceso de<a href=\"https:\/\/es.siredwards.com\/el-whisky-una-tradicion\/el-malteado\/la-tecnica-del-malteado\/\"><strong> malteado<\/strong><\/a>. Tambi\u00e9n se a\u00f1ade a la molienda de la malta<strong> durante el proceso de <a href=\"https:\/\/es.siredwards.com\/el-whisky-una-tradicion\/la-maceracion\/la-tecnica-de-la-maceracion\/\">maceraci\u00f3n<\/a><\/strong>.<\/p>\n<p style=\"text-align: center;\">Constituye tambi\u00e9n un <strong>elemento clave del proceso de <a href=\"https:\/\/es.siredwards.com\/el-whisky-una-tradicion\/la-fermentacion\/vapores-de-agua-y-nectar\/\">destilaci\u00f3n<\/a><\/strong> y sirve para endulzar el n\u00e9ctar dorado en el momento de su embotellamiento.<\/p>\n<p style=\"text-align: center;\">Por tanto, <a href=\"https:\/\/es.siredwards.com\/el-whisky-una-tradicion\/una-calidad-constante\/la-calidad-del-whisky\/\"><strong>la calidad del whisky<\/strong><\/a> depende en gran parte del car\u00e1cter \u00fanico de este agua. Hist\u00f3ricamente, la proximidad de un<strong> curso de agua de gran pureza<\/strong> era uno de los <strong>principales criterios a tener en cuenta en el momento de elegir la ubicaci\u00f3n de una destiler\u00eda<\/strong>.<\/p>\n<p style=\"text-align: center;\">La diversidad del agua escocesa es la viva imagen de sus paisajes atormentados. <strong>Lagos insondables<\/strong>,<strong> r\u00edos salvajes<\/strong> o <strong>fuentes cristalinas<\/strong> proporcionan aguas naturales cargadas de <strong>minerales<\/strong>, de <strong>sabor turbado<\/strong> o de <strong>notas saladas<\/strong>.<\/p>\n<p style=\"text-align: center;\"><a href=\"https:\/\/es.siredwards.com\/video-la-elaboracion-del-whisky-sir-edwards\/\"><strong>Estos aromas naturales<\/strong> <\/a>se <strong>potencian luego en barricas<\/strong> gracias al proceso de <strong><a href=\"https:\/\/es.siredwards.com\/el-whisky-una-tradicion\/el-anejamiento-del-whisky\/la-barrica-un-concentrado-de-aromas-para-el-whisky\/\">a\u00f1ejamiento<\/a>.<\/strong><\/p>\n","protected":false},"excerpt":{"rendered":"<p>El agua pura de Escocia es uno de los secretos del whisky escoc\u00e9s.<\/p>\n","protected":false},"author":21683,"featured_media":22442,"parent":22498,"menu_order":0,"comment_status":"open","ping_status":"open","template":"","meta":{"_acf_changed":false,"footnotes":""},"class_list":["post-22441","page","type-page","status-publish","has-post-thumbnail","hentry"],"acf":[],"yoast_head":"<!-- This site is optimized with the Yoast SEO plugin v27.3 - https:\/\/yoast.com\/product\/yoast-seo-wordpress\/ -->\n<title>El agua, la marca del whisky escoc\u00e9s - Sir Edwards EN<\/title>\n<meta name=\"robots\" content=\"index, follow, max-snippet:-1, max-image-preview:large, max-video-preview:-1\" \/>\n<link rel=\"canonical\" href=\"https:\/\/www.siredwards.com\/es\/whisky-factory-2\/los-ingredientes-del-whisky\/el-agua-la-marca-del-whisky-escoces\/\" \/>\n<meta property=\"og:locale\" content=\"es_ES\" \/>\n<meta property=\"og:type\" content=\"article\" \/>\n<meta property=\"og:title\" content=\"El agua, la marca del whisky escoc\u00e9s - Sir Edwards EN\" \/>\n<meta property=\"og:description\" content=\"El agua pura de Escocia es uno de los secretos del whisky escoc\u00e9s.\" \/>\n<meta property=\"og:url\" content=\"https:\/\/www.siredwards.com\/es\/whisky-factory-2\/los-ingredientes-del-whisky\/el-agua-la-marca-del-whisky-escoces\/\" \/>\n<meta property=\"og:site_name\" content=\"Sir Edwards EN\" \/>\n<meta property=\"og:image\" content=\"https:\/\/www.siredwards.fr\/wp-content\/uploads\/sites\/3\/2025\/12\/AdobeStock_288137495-8-scaled.jpeg\" \/>\n\t<meta property=\"og:image:width\" content=\"2560\" \/>\n\t<meta property=\"og:image:height\" content=\"1103\" \/>\n\t<meta property=\"og:image:type\" content=\"image\/jpeg\" \/>\n<meta name=\"twitter:card\" content=\"summary_large_image\" \/>\n<meta name=\"twitter:label1\" content=\"Tiempo de lectura\" \/>\n\t<meta name=\"twitter:data1\" content=\"1 minuto\" \/>\n<script type=\"application\/ld+json\" class=\"yoast-schema-graph\">{\"@context\":\"https:\\\/\\\/schema.org\",\"@graph\":[{\"@type\":\"WebPage\",\"@id\":\"https:\\\/\\\/www.siredwards.com\\\/es\\\/whisky-factory-2\\\/los-ingredientes-del-whisky\\\/el-agua-la-marca-del-whisky-escoces\\\/\",\"url\":\"https:\\\/\\\/www.siredwards.com\\\/es\\\/whisky-factory-2\\\/los-ingredientes-del-whisky\\\/el-agua-la-marca-del-whisky-escoces\\\/\",\"name\":\"El agua, la marca del whisky escoc\u00e9s - Sir Edwards EN\",\"isPartOf\":{\"@id\":\"https:\\\/\\\/www.siredwards.com\\\/es\\\/en\\\/#website\"},\"primaryImageOfPage\":{\"@id\":\"https:\\\/\\\/www.siredwards.com\\\/es\\\/whisky-factory-2\\\/los-ingredientes-del-whisky\\\/el-agua-la-marca-del-whisky-escoces\\\/#primaryimage\"},\"image\":{\"@id\":\"https:\\\/\\\/www.siredwards.com\\\/es\\\/whisky-factory-2\\\/los-ingredientes-del-whisky\\\/el-agua-la-marca-del-whisky-escoces\\\/#primaryimage\"},\"thumbnailUrl\":\"https:\\\/\\\/www.siredwards.com\\\/wp-content\\\/uploads\\\/sites\\\/3\\\/2025\\\/12\\\/AdobeStock_288137495-8-scaled.jpeg\",\"datePublished\":\"2015-05-20T11:01:08+00:00\",\"breadcrumb\":{\"@id\":\"https:\\\/\\\/www.siredwards.com\\\/es\\\/whisky-factory-2\\\/los-ingredientes-del-whisky\\\/el-agua-la-marca-del-whisky-escoces\\\/#breadcrumb\"},\"inLanguage\":\"es\",\"potentialAction\":[{\"@type\":\"ReadAction\",\"target\":[\"https:\\\/\\\/www.siredwards.com\\\/es\\\/whisky-factory-2\\\/los-ingredientes-del-whisky\\\/el-agua-la-marca-del-whisky-escoces\\\/\"]}]},{\"@type\":\"ImageObject\",\"inLanguage\":\"es\",\"@id\":\"https:\\\/\\\/www.siredwards.com\\\/es\\\/whisky-factory-2\\\/los-ingredientes-del-whisky\\\/el-agua-la-marca-del-whisky-escoces\\\/#primaryimage\",\"url\":\"https:\\\/\\\/www.siredwards.com\\\/wp-content\\\/uploads\\\/sites\\\/3\\\/2025\\\/12\\\/AdobeStock_288137495-8-scaled.jpeg\",\"contentUrl\":\"https:\\\/\\\/www.siredwards.com\\\/wp-content\\\/uploads\\\/sites\\\/3\\\/2025\\\/12\\\/AdobeStock_288137495-8-scaled.jpeg\",\"width\":2560,\"height\":1103,\"caption\":\"Panoramic view of Butter Bridge over Kinglas Water in the Loch Lomond National Park,Scotland\"},{\"@type\":\"BreadcrumbList\",\"@id\":\"https:\\\/\\\/www.siredwards.com\\\/es\\\/whisky-factory-2\\\/los-ingredientes-del-whisky\\\/el-agua-la-marca-del-whisky-escoces\\\/#breadcrumb\",\"itemListElement\":[{\"@type\":\"ListItem\",\"position\":1,\"name\":\"Home\",\"item\":\"https:\\\/\\\/www.siredwards.com\\\/es\\\/en\\\/\"},{\"@type\":\"ListItem\",\"position\":2,\"name\":\"Whisky factory\",\"item\":\"https:\\\/\\\/www.siredwards.com\\\/es\\\/whisky-factory-2\\\/\"},{\"@type\":\"ListItem\",\"position\":3,\"name\":\"Los ingredientes del whisky\",\"item\":\"https:\\\/\\\/www.siredwards.com\\\/es\\\/whisky-factory-2\\\/los-ingredientes-del-whisky\\\/\"},{\"@type\":\"ListItem\",\"position\":4,\"name\":\"El agua, la marca del whisky escoc\u00e9s\"}]},{\"@type\":\"WebSite\",\"@id\":\"https:\\\/\\\/www.siredwards.com\\\/es\\\/en\\\/#website\",\"url\":\"https:\\\/\\\/www.siredwards.com\\\/es\\\/en\\\/\",\"name\":\"Sir Edwards EN\",\"description\":\"\",\"potentialAction\":[{\"@type\":\"SearchAction\",\"target\":{\"@type\":\"EntryPoint\",\"urlTemplate\":\"https:\\\/\\\/www.siredwards.com\\\/es\\\/en\\\/?s={search_term_string}\"},\"query-input\":{\"@type\":\"PropertyValueSpecification\",\"valueRequired\":true,\"valueName\":\"search_term_string\"}}],\"inLanguage\":\"es\"}]}<\/script>\n<!-- \/ Yoast SEO plugin. -->","yoast_head_json":{"title":"El agua, la marca del whisky escoc\u00e9s - Sir Edwards EN","robots":{"index":"index","follow":"follow","max-snippet":"max-snippet:-1","max-image-preview":"max-image-preview:large","max-video-preview":"max-video-preview:-1"},"canonical":"https:\/\/www.siredwards.com\/es\/whisky-factory-2\/los-ingredientes-del-whisky\/el-agua-la-marca-del-whisky-escoces\/","og_locale":"es_ES","og_type":"article","og_title":"El agua, la marca del whisky escoc\u00e9s - Sir Edwards EN","og_description":"El agua pura de Escocia es uno de los secretos del whisky escoc\u00e9s.","og_url":"https:\/\/www.siredwards.com\/es\/whisky-factory-2\/los-ingredientes-del-whisky\/el-agua-la-marca-del-whisky-escoces\/","og_site_name":"Sir Edwards EN","og_image":[{"width":2560,"height":1103,"url":"https:\/\/www.siredwards.fr\/wp-content\/uploads\/sites\/3\/2025\/12\/AdobeStock_288137495-8-scaled.jpeg","type":"image\/jpeg"}],"twitter_card":"summary_large_image","twitter_misc":{"Tiempo de lectura":"1 minuto"},"schema":{"@context":"https:\/\/schema.org","@graph":[{"@type":"WebPage","@id":"https:\/\/www.siredwards.com\/es\/whisky-factory-2\/los-ingredientes-del-whisky\/el-agua-la-marca-del-whisky-escoces\/","url":"https:\/\/www.siredwards.com\/es\/whisky-factory-2\/los-ingredientes-del-whisky\/el-agua-la-marca-del-whisky-escoces\/","name":"El agua, la marca del whisky escoc\u00e9s - Sir Edwards EN","isPartOf":{"@id":"https:\/\/www.siredwards.com\/es\/en\/#website"},"primaryImageOfPage":{"@id":"https:\/\/www.siredwards.com\/es\/whisky-factory-2\/los-ingredientes-del-whisky\/el-agua-la-marca-del-whisky-escoces\/#primaryimage"},"image":{"@id":"https:\/\/www.siredwards.com\/es\/whisky-factory-2\/los-ingredientes-del-whisky\/el-agua-la-marca-del-whisky-escoces\/#primaryimage"},"thumbnailUrl":"https:\/\/www.siredwards.com\/wp-content\/uploads\/sites\/3\/2025\/12\/AdobeStock_288137495-8-scaled.jpeg","datePublished":"2015-05-20T11:01:08+00:00","breadcrumb":{"@id":"https:\/\/www.siredwards.com\/es\/whisky-factory-2\/los-ingredientes-del-whisky\/el-agua-la-marca-del-whisky-escoces\/#breadcrumb"},"inLanguage":"es","potentialAction":[{"@type":"ReadAction","target":["https:\/\/www.siredwards.com\/es\/whisky-factory-2\/los-ingredientes-del-whisky\/el-agua-la-marca-del-whisky-escoces\/"]}]},{"@type":"ImageObject","inLanguage":"es","@id":"https:\/\/www.siredwards.com\/es\/whisky-factory-2\/los-ingredientes-del-whisky\/el-agua-la-marca-del-whisky-escoces\/#primaryimage","url":"https:\/\/www.siredwards.com\/wp-content\/uploads\/sites\/3\/2025\/12\/AdobeStock_288137495-8-scaled.jpeg","contentUrl":"https:\/\/www.siredwards.com\/wp-content\/uploads\/sites\/3\/2025\/12\/AdobeStock_288137495-8-scaled.jpeg","width":2560,"height":1103,"caption":"Panoramic view of Butter Bridge over Kinglas Water in the Loch Lomond National Park,Scotland"},{"@type":"BreadcrumbList","@id":"https:\/\/www.siredwards.com\/es\/whisky-factory-2\/los-ingredientes-del-whisky\/el-agua-la-marca-del-whisky-escoces\/#breadcrumb","itemListElement":[{"@type":"ListItem","position":1,"name":"Home","item":"https:\/\/www.siredwards.com\/es\/en\/"},{"@type":"ListItem","position":2,"name":"Whisky factory","item":"https:\/\/www.siredwards.com\/es\/whisky-factory-2\/"},{"@type":"ListItem","position":3,"name":"Los ingredientes del whisky","item":"https:\/\/www.siredwards.com\/es\/whisky-factory-2\/los-ingredientes-del-whisky\/"},{"@type":"ListItem","position":4,"name":"El agua, la marca del whisky escoc\u00e9s"}]},{"@type":"WebSite","@id":"https:\/\/www.siredwards.com\/es\/en\/#website","url":"https:\/\/www.siredwards.com\/es\/en\/","name":"Sir Edwards EN","description":"","potentialAction":[{"@type":"SearchAction","target":{"@type":"EntryPoint","urlTemplate":"https:\/\/www.siredwards.com\/es\/en\/?s={search_term_string}"},"query-input":{"@type":"PropertyValueSpecification","valueRequired":true,"valueName":"search_term_string"}}],"inLanguage":"es"}]}},"_links":{"self":[{"href":"https:\/\/www.siredwards.com\/es\/wp-json\/wp\/v2\/pages\/22441","targetHints":{"allow":["GET"]}}],"collection":[{"href":"https:\/\/www.siredwards.com\/es\/wp-json\/wp\/v2\/pages"}],"about":[{"href":"https:\/\/www.siredwards.com\/es\/wp-json\/wp\/v2\/types\/page"}],"author":[{"embeddable":true,"href":"https:\/\/www.siredwards.com\/es\/wp-json\/wp\/v2\/users\/21683"}],"replies":[{"embeddable":true,"href":"https:\/\/www.siredwards.com\/es\/wp-json\/wp\/v2\/comments?post=22441"}],"version-history":[{"count":0,"href":"https:\/\/www.siredwards.com\/es\/wp-json\/wp\/v2\/pages\/22441\/revisions"}],"up":[{"embeddable":true,"href":"https:\/\/www.siredwards.com\/es\/wp-json\/wp\/v2\/pages\/22498"}],"wp:featuredmedia":[{"embeddable":true,"href":"https:\/\/www.siredwards.com\/es\/wp-json\/wp\/v2\/media\/22442"}],"wp:attachment":[{"href":"https:\/\/www.siredwards.com\/es\/wp-json\/wp\/v2\/media?parent=22441"}],"curies":[{"name":"wp","href":"https:\/\/api.w.org\/{rel}","templated":true}]}}