{"id":22359,"date":"2015-05-20T13:05:16","date_gmt":"2015-05-20T11:05:16","guid":{"rendered":"https:\/\/www.siredwards.com\/la-cebada-el-cereal-estrella-del-whisky\/"},"modified":"2015-05-20T13:05:16","modified_gmt":"2015-05-20T11:05:16","slug":"la-cebada-el-cereal-estrella-del-whisky","status":"publish","type":"page","link":"https:\/\/www.siredwards.com\/es\/whisky-factory-2\/los-ingredientes-del-whisky\/la-cebada-el-cereal-estrella-del-whisky\/","title":{"rendered":"La cebada, el cereal estrella del whisky"},"content":{"rendered":"<p style=\"text-align: center;\">De todos los <a href=\"https:\/\/es.siredwards.com\/el-whisky-una-tradicion\/los-ingredientes-del-whisky\/los-cereales-del-whisky\/\"><strong>cereales<\/strong><\/a> que se emplean <strong>en la elaboraci\u00f3n de whisky, el m\u00e1s utilizado es la cebada<\/strong>.<\/p>\n<p style=\"text-align: center;\"><strong>Esta planta de espigas<\/strong>, mimada desde hace siglos por generaciones de escoceses, es la que <strong>contribuye en mayor medida a dar cuerpo al buqu\u00e9 arom\u00e1tico del whisky<\/strong>.<!--more--><\/p>\n<p style=\"text-align: center;\">Los <strong>enamorados<\/strong> del <strong>oro caledoniano<\/strong>, <strong>seleccionan cuidadosamente<\/strong> sus granos redondeados que desprenden un dulce olor a paja.<\/p>\n<p style=\"text-align: center;\">No todas las variedades de cebada son apropiadas para la elaboraci\u00f3n de n\u00e9ctares finos y con car\u00e1cter. <strong>De las tierras altas a las tierras bajas<\/strong> <strong>escocesas<\/strong>, las destiler\u00edas exigen disponer de una <strong>cebada rica en almid\u00f3n<\/strong> para que se transforme generosamente en az\u00facar en la fase de <a href=\"https:\/\/es.siredwards.com\/el-whisky-una-tradicion\/la-fermentacion\/el-tiempo-de-fermentacion\/\"><strong>fermentaci\u00f3n<\/strong><\/a>.<\/p>\n<p style=\"text-align: center;\">M\u00e1s all\u00e1 de la variedad elegida, <strong>la calidad de la cebada tiene que ser irreprochable<\/strong>. Los granos deben recolectarse y almacenarse con sumo cuidado para que <strong>ofrezcan lo mejor de s\u00ed mismos, tanto en el proceso de <a href=\"https:\/\/es.siredwards.com\/el-whisky-una-tradicion\/el-malteado\/la-tecnica-del-malteado\/\">malteado<\/a> como en el de <a href=\"https:\/\/es.siredwards.com\/el-whisky-una-tradicion\/la-fermentacion\/\">destilaci\u00f3n<\/a><\/strong>.<\/p>\n","protected":false},"excerpt":{"rendered":"<p>De todos los cereales que se emplean en la elaboraci\u00f3n de whisky, el m\u00e1s utilizado es la cebada. Esta planta de espigas, mimada desde hace siglos por generaciones de escoceses, es la que contribuye en mayor medida a dar cuerpo al buqu\u00e9 arom\u00e1tico del whisky.<\/p>\n","protected":false},"author":21683,"featured_media":22360,"parent":22498,"menu_order":0,"comment_status":"open","ping_status":"open","template":"","meta":{"_acf_changed":false,"footnotes":""},"class_list":["post-22359","page","type-page","status-publish","has-post-thumbnail","hentry"],"acf":[],"yoast_head":"<!-- This site is optimized with the Yoast SEO plugin v27.3 - https:\/\/yoast.com\/product\/yoast-seo-wordpress\/ -->\n<title>La cebada, el cereal estrella del whisky - Sir Edwards EN<\/title>\n<meta name=\"robots\" content=\"index, follow, max-snippet:-1, max-image-preview:large, max-video-preview:-1\" \/>\n<link rel=\"canonical\" href=\"https:\/\/www.siredwards.com\/es\/whisky-factory-2\/los-ingredientes-del-whisky\/la-cebada-el-cereal-estrella-del-whisky\/\" \/>\n<meta property=\"og:locale\" content=\"es_ES\" \/>\n<meta property=\"og:type\" content=\"article\" \/>\n<meta property=\"og:title\" content=\"La cebada, el cereal estrella del whisky - Sir Edwards EN\" \/>\n<meta property=\"og:description\" content=\"De todos los cereales que se emplean en la elaboraci\u00f3n de whisky, el m\u00e1s utilizado es la cebada. Esta planta de espigas, mimada desde hace siglos por generaciones de escoceses, es la que contribuye en mayor medida a dar cuerpo al buqu\u00e9 arom\u00e1tico del whisky.\" \/>\n<meta property=\"og:url\" content=\"https:\/\/www.siredwards.com\/es\/whisky-factory-2\/los-ingredientes-del-whisky\/la-cebada-el-cereal-estrella-del-whisky\/\" \/>\n<meta property=\"og:site_name\" content=\"Sir Edwards EN\" \/>\n<meta property=\"og:image\" content=\"https:\/\/www.siredwards.fr\/wp-content\/uploads\/sites\/3\/2025\/12\/lorge-cereale-reine-du-whisky-sir-edwards-page1-4.jpg\" \/>\n\t<meta property=\"og:image:width\" content=\"990\" \/>\n\t<meta property=\"og:image:height\" content=\"340\" \/>\n\t<meta property=\"og:image:type\" content=\"image\/jpeg\" \/>\n<meta name=\"twitter:card\" content=\"summary_large_image\" \/>\n<meta name=\"twitter:label1\" content=\"Tiempo de lectura\" \/>\n\t<meta name=\"twitter:data1\" content=\"1 minuto\" \/>\n<script type=\"application\/ld+json\" class=\"yoast-schema-graph\">{\"@context\":\"https:\\\/\\\/schema.org\",\"@graph\":[{\"@type\":\"WebPage\",\"@id\":\"https:\\\/\\\/www.siredwards.com\\\/es\\\/whisky-factory-2\\\/los-ingredientes-del-whisky\\\/la-cebada-el-cereal-estrella-del-whisky\\\/\",\"url\":\"https:\\\/\\\/www.siredwards.com\\\/es\\\/whisky-factory-2\\\/los-ingredientes-del-whisky\\\/la-cebada-el-cereal-estrella-del-whisky\\\/\",\"name\":\"La cebada, el cereal estrella del whisky - Sir Edwards EN\",\"isPartOf\":{\"@id\":\"https:\\\/\\\/www.siredwards.com\\\/es\\\/en\\\/#website\"},\"primaryImageOfPage\":{\"@id\":\"https:\\\/\\\/www.siredwards.com\\\/es\\\/whisky-factory-2\\\/los-ingredientes-del-whisky\\\/la-cebada-el-cereal-estrella-del-whisky\\\/#primaryimage\"},\"image\":{\"@id\":\"https:\\\/\\\/www.siredwards.com\\\/es\\\/whisky-factory-2\\\/los-ingredientes-del-whisky\\\/la-cebada-el-cereal-estrella-del-whisky\\\/#primaryimage\"},\"thumbnailUrl\":\"https:\\\/\\\/www.siredwards.com\\\/wp-content\\\/uploads\\\/sites\\\/3\\\/2025\\\/12\\\/lorge-cereale-reine-du-whisky-sir-edwards-page1-4.jpg\",\"datePublished\":\"2015-05-20T11:05:16+00:00\",\"breadcrumb\":{\"@id\":\"https:\\\/\\\/www.siredwards.com\\\/es\\\/whisky-factory-2\\\/los-ingredientes-del-whisky\\\/la-cebada-el-cereal-estrella-del-whisky\\\/#breadcrumb\"},\"inLanguage\":\"es\",\"potentialAction\":[{\"@type\":\"ReadAction\",\"target\":[\"https:\\\/\\\/www.siredwards.com\\\/es\\\/whisky-factory-2\\\/los-ingredientes-del-whisky\\\/la-cebada-el-cereal-estrella-del-whisky\\\/\"]}]},{\"@type\":\"ImageObject\",\"inLanguage\":\"es\",\"@id\":\"https:\\\/\\\/www.siredwards.com\\\/es\\\/whisky-factory-2\\\/los-ingredientes-del-whisky\\\/la-cebada-el-cereal-estrella-del-whisky\\\/#primaryimage\",\"url\":\"https:\\\/\\\/www.siredwards.com\\\/wp-content\\\/uploads\\\/sites\\\/3\\\/2025\\\/12\\\/lorge-cereale-reine-du-whisky-sir-edwards-page1-4.jpg\",\"contentUrl\":\"https:\\\/\\\/www.siredwards.com\\\/wp-content\\\/uploads\\\/sites\\\/3\\\/2025\\\/12\\\/lorge-cereale-reine-du-whisky-sir-edwards-page1-4.jpg\",\"width\":990,\"height\":340,\"caption\":\"L\u2019orge, c\u00e9r\u00e9ale reine du whisky\"},{\"@type\":\"BreadcrumbList\",\"@id\":\"https:\\\/\\\/www.siredwards.com\\\/es\\\/whisky-factory-2\\\/los-ingredientes-del-whisky\\\/la-cebada-el-cereal-estrella-del-whisky\\\/#breadcrumb\",\"itemListElement\":[{\"@type\":\"ListItem\",\"position\":1,\"name\":\"Home\",\"item\":\"https:\\\/\\\/www.siredwards.com\\\/es\\\/en\\\/\"},{\"@type\":\"ListItem\",\"position\":2,\"name\":\"Whisky factory\",\"item\":\"https:\\\/\\\/www.siredwards.com\\\/es\\\/whisky-factory-2\\\/\"},{\"@type\":\"ListItem\",\"position\":3,\"name\":\"Los ingredientes del whisky\",\"item\":\"https:\\\/\\\/www.siredwards.com\\\/es\\\/whisky-factory-2\\\/los-ingredientes-del-whisky\\\/\"},{\"@type\":\"ListItem\",\"position\":4,\"name\":\"La cebada, el cereal estrella del whisky\"}]},{\"@type\":\"WebSite\",\"@id\":\"https:\\\/\\\/www.siredwards.com\\\/es\\\/en\\\/#website\",\"url\":\"https:\\\/\\\/www.siredwards.com\\\/es\\\/en\\\/\",\"name\":\"Sir Edwards EN\",\"description\":\"\",\"potentialAction\":[{\"@type\":\"SearchAction\",\"target\":{\"@type\":\"EntryPoint\",\"urlTemplate\":\"https:\\\/\\\/www.siredwards.com\\\/es\\\/en\\\/?s={search_term_string}\"},\"query-input\":{\"@type\":\"PropertyValueSpecification\",\"valueRequired\":true,\"valueName\":\"search_term_string\"}}],\"inLanguage\":\"es\"}]}<\/script>\n<!-- \/ Yoast SEO plugin. -->","yoast_head_json":{"title":"La cebada, el cereal estrella del whisky - Sir Edwards EN","robots":{"index":"index","follow":"follow","max-snippet":"max-snippet:-1","max-image-preview":"max-image-preview:large","max-video-preview":"max-video-preview:-1"},"canonical":"https:\/\/www.siredwards.com\/es\/whisky-factory-2\/los-ingredientes-del-whisky\/la-cebada-el-cereal-estrella-del-whisky\/","og_locale":"es_ES","og_type":"article","og_title":"La cebada, el cereal estrella del whisky - Sir Edwards EN","og_description":"De todos los cereales que se emplean en la elaboraci\u00f3n de whisky, el m\u00e1s utilizado es la cebada. Esta planta de espigas, mimada desde hace siglos por generaciones de escoceses, es la que contribuye en mayor medida a dar cuerpo al buqu\u00e9 arom\u00e1tico del whisky.","og_url":"https:\/\/www.siredwards.com\/es\/whisky-factory-2\/los-ingredientes-del-whisky\/la-cebada-el-cereal-estrella-del-whisky\/","og_site_name":"Sir Edwards EN","og_image":[{"width":990,"height":340,"url":"https:\/\/www.siredwards.fr\/wp-content\/uploads\/sites\/3\/2025\/12\/lorge-cereale-reine-du-whisky-sir-edwards-page1-4.jpg","type":"image\/jpeg"}],"twitter_card":"summary_large_image","twitter_misc":{"Tiempo de lectura":"1 minuto"},"schema":{"@context":"https:\/\/schema.org","@graph":[{"@type":"WebPage","@id":"https:\/\/www.siredwards.com\/es\/whisky-factory-2\/los-ingredientes-del-whisky\/la-cebada-el-cereal-estrella-del-whisky\/","url":"https:\/\/www.siredwards.com\/es\/whisky-factory-2\/los-ingredientes-del-whisky\/la-cebada-el-cereal-estrella-del-whisky\/","name":"La cebada, el cereal estrella del whisky - Sir Edwards EN","isPartOf":{"@id":"https:\/\/www.siredwards.com\/es\/en\/#website"},"primaryImageOfPage":{"@id":"https:\/\/www.siredwards.com\/es\/whisky-factory-2\/los-ingredientes-del-whisky\/la-cebada-el-cereal-estrella-del-whisky\/#primaryimage"},"image":{"@id":"https:\/\/www.siredwards.com\/es\/whisky-factory-2\/los-ingredientes-del-whisky\/la-cebada-el-cereal-estrella-del-whisky\/#primaryimage"},"thumbnailUrl":"https:\/\/www.siredwards.com\/wp-content\/uploads\/sites\/3\/2025\/12\/lorge-cereale-reine-du-whisky-sir-edwards-page1-4.jpg","datePublished":"2015-05-20T11:05:16+00:00","breadcrumb":{"@id":"https:\/\/www.siredwards.com\/es\/whisky-factory-2\/los-ingredientes-del-whisky\/la-cebada-el-cereal-estrella-del-whisky\/#breadcrumb"},"inLanguage":"es","potentialAction":[{"@type":"ReadAction","target":["https:\/\/www.siredwards.com\/es\/whisky-factory-2\/los-ingredientes-del-whisky\/la-cebada-el-cereal-estrella-del-whisky\/"]}]},{"@type":"ImageObject","inLanguage":"es","@id":"https:\/\/www.siredwards.com\/es\/whisky-factory-2\/los-ingredientes-del-whisky\/la-cebada-el-cereal-estrella-del-whisky\/#primaryimage","url":"https:\/\/www.siredwards.com\/wp-content\/uploads\/sites\/3\/2025\/12\/lorge-cereale-reine-du-whisky-sir-edwards-page1-4.jpg","contentUrl":"https:\/\/www.siredwards.com\/wp-content\/uploads\/sites\/3\/2025\/12\/lorge-cereale-reine-du-whisky-sir-edwards-page1-4.jpg","width":990,"height":340,"caption":"L\u2019orge, c\u00e9r\u00e9ale reine du whisky"},{"@type":"BreadcrumbList","@id":"https:\/\/www.siredwards.com\/es\/whisky-factory-2\/los-ingredientes-del-whisky\/la-cebada-el-cereal-estrella-del-whisky\/#breadcrumb","itemListElement":[{"@type":"ListItem","position":1,"name":"Home","item":"https:\/\/www.siredwards.com\/es\/en\/"},{"@type":"ListItem","position":2,"name":"Whisky factory","item":"https:\/\/www.siredwards.com\/es\/whisky-factory-2\/"},{"@type":"ListItem","position":3,"name":"Los ingredientes del whisky","item":"https:\/\/www.siredwards.com\/es\/whisky-factory-2\/los-ingredientes-del-whisky\/"},{"@type":"ListItem","position":4,"name":"La cebada, el cereal estrella del whisky"}]},{"@type":"WebSite","@id":"https:\/\/www.siredwards.com\/es\/en\/#website","url":"https:\/\/www.siredwards.com\/es\/en\/","name":"Sir Edwards EN","description":"","potentialAction":[{"@type":"SearchAction","target":{"@type":"EntryPoint","urlTemplate":"https:\/\/www.siredwards.com\/es\/en\/?s={search_term_string}"},"query-input":{"@type":"PropertyValueSpecification","valueRequired":true,"valueName":"search_term_string"}}],"inLanguage":"es"}]}},"_links":{"self":[{"href":"https:\/\/www.siredwards.com\/es\/wp-json\/wp\/v2\/pages\/22359","targetHints":{"allow":["GET"]}}],"collection":[{"href":"https:\/\/www.siredwards.com\/es\/wp-json\/wp\/v2\/pages"}],"about":[{"href":"https:\/\/www.siredwards.com\/es\/wp-json\/wp\/v2\/types\/page"}],"author":[{"embeddable":true,"href":"https:\/\/www.siredwards.com\/es\/wp-json\/wp\/v2\/users\/21683"}],"replies":[{"embeddable":true,"href":"https:\/\/www.siredwards.com\/es\/wp-json\/wp\/v2\/comments?post=22359"}],"version-history":[{"count":0,"href":"https:\/\/www.siredwards.com\/es\/wp-json\/wp\/v2\/pages\/22359\/revisions"}],"up":[{"embeddable":true,"href":"https:\/\/www.siredwards.com\/es\/wp-json\/wp\/v2\/pages\/22498"}],"wp:featuredmedia":[{"embeddable":true,"href":"https:\/\/www.siredwards.com\/es\/wp-json\/wp\/v2\/media\/22360"}],"wp:attachment":[{"href":"https:\/\/www.siredwards.com\/es\/wp-json\/wp\/v2\/media?parent=22359"}],"curies":[{"name":"wp","href":"https:\/\/api.w.org\/{rel}","templated":true}]}}