{"id":22320,"date":"2014-05-15T13:06:48","date_gmt":"2014-05-15T11:06:48","guid":{"rendered":"https:\/\/www.siredwards.com\/la-calidad-del-whisky\/"},"modified":"2026-01-06T10:38:49","modified_gmt":"2026-01-06T09:38:49","slug":"la-calidad-del-whisky","status":"publish","type":"page","link":"https:\/\/www.siredwards.com\/es\/whisky-factory-2\/la-calidad-del-whisky\/","title":{"rendered":"La calidad del whisky"},"content":{"rendered":"<p style=\"text-align: center;\">A\u00f1o tras a\u00f1o los escoceses tratan de elaborar un whisky de <strong>calidad constante<\/strong>. Su honor est\u00e1 en juego.<\/p>\n<p style=\"text-align: center;\">Esto exige un control estricto de todas las etapas de elaboraci\u00f3n y a\u00f1ejamiento.<\/p>\n<p style=\"text-align: center;\">Cada destiler\u00eda tiene sus procedimientos y su saber hacer, delimitados por leyes como la Ley del Whisky Escoc\u00e9s de 1988.<\/p>\n<p style=\"text-align: center;\">Para poder ostentar el nombre de whisky escoc\u00e9s, la bebida tiene que haber sido <strong>destilada en territorio escoc\u00e9s<\/strong> y elaborarse con agua y cebada malteada. El whisky tiene a continuaci\u00f3n que envejecer en <strong>barricas de roble<\/strong> en territorio escoc\u00e9s durante como <strong>m\u00ednimo tres a\u00f1os<\/strong>.<\/p>\n<p style=\"text-align: center;\">Solo despu\u00e9s de que haya transcurrido este plazo de tiempo se puede empezar a hablar de whisky escoc\u00e9s. Asimismo, el color, los aromas y el gusto del whisky escoc\u00e9s tienen tambi\u00e9n que saber <strong>reflejar las caracter\u00edsticas de los ingredientes<\/strong> autorizados en su elaboraci\u00f3n.<\/p>\n<p style=\"text-align: center;\">Aunque la producci\u00f3n de whisky est\u00e1 claramente regulada, permite de todas formas la expresi\u00f3n de los distintos matices. Tanto las t\u00e9cnicas de destilaci\u00f3n, el <strong>origen del agua<\/strong>, las caracter\u00edsticas propias del lugar como <strong>la maestr\u00eda de los artesanos<\/strong>, son ingredientes claves que perfilan la identidad del whisky escoc\u00e9s y garantizan su reputaci\u00f3n internacional.<\/p>\n","protected":false},"excerpt":{"rendered":"<p>A\u00f1o tras a\u00f1o los escoceses tratan de elaborar un whisky de calidad constante. Su honor est\u00e1 en juego. Esto exige un control estricto de todas las etapas de elaboraci\u00f3n y a\u00f1ejamiento. Cada destiler\u00eda tiene sus procedimientos y su saber hacer, delimitados por leyes como la Ley del Whisky Escoc\u00e9s de 1988. Para poder ostentar el [&hellip;]<\/p>\n","protected":false},"author":21683,"featured_media":22321,"parent":23645,"menu_order":3,"comment_status":"open","ping_status":"open","template":"","meta":{"_acf_changed":false,"footnotes":""},"class_list":["post-22320","page","type-page","status-publish","has-post-thumbnail","hentry"],"acf":[],"yoast_head":"<!-- This site is optimized with the Yoast SEO plugin v27.3 - https:\/\/yoast.com\/product\/yoast-seo-wordpress\/ -->\n<title>La calidad del whisky - Sir Edwards EN<\/title>\n<meta name=\"robots\" content=\"index, follow, max-snippet:-1, max-image-preview:large, max-video-preview:-1\" \/>\n<link rel=\"canonical\" href=\"https:\/\/www.siredwards.com\/es\/whisky-factory-2\/la-calidad-del-whisky\/\" \/>\n<meta property=\"og:locale\" content=\"es_ES\" \/>\n<meta property=\"og:type\" content=\"article\" \/>\n<meta property=\"og:title\" content=\"La calidad del whisky - Sir Edwards EN\" \/>\n<meta property=\"og:description\" content=\"A\u00f1o tras a\u00f1o los escoceses tratan de elaborar un whisky de calidad constante. Su honor est\u00e1 en juego. Esto exige un control estricto de todas las etapas de elaboraci\u00f3n y a\u00f1ejamiento. Cada destiler\u00eda tiene sus procedimientos y su saber hacer, delimitados por leyes como la Ley del Whisky Escoc\u00e9s de 1988. Para poder ostentar el [&hellip;]\" \/>\n<meta property=\"og:url\" content=\"https:\/\/www.siredwards.com\/es\/whisky-factory-2\/la-calidad-del-whisky\/\" \/>\n<meta property=\"og:site_name\" content=\"Sir Edwards EN\" \/>\n<meta property=\"article:modified_time\" content=\"2026-01-06T09:38:49+00:00\" \/>\n<meta property=\"og:image\" content=\"https:\/\/www.siredwards.com\/wp-content\/uploads\/sites\/3\/2025\/12\/calidad-whisky-escoceses-sir-edwards-pagina-2.jpg\" \/>\n\t<meta property=\"og:image:width\" content=\"990\" \/>\n\t<meta property=\"og:image:height\" content=\"340\" \/>\n\t<meta property=\"og:image:type\" content=\"image\/jpeg\" \/>\n<meta name=\"twitter:card\" content=\"summary_large_image\" \/>\n<meta name=\"twitter:label1\" content=\"Tiempo de lectura\" \/>\n\t<meta name=\"twitter:data1\" content=\"2 minutos\" \/>\n<script type=\"application\/ld+json\" class=\"yoast-schema-graph\">{\"@context\":\"https:\\\/\\\/schema.org\",\"@graph\":[{\"@type\":\"WebPage\",\"@id\":\"https:\\\/\\\/www.siredwards.com\\\/es\\\/whisky-factory-2\\\/la-calidad-del-whisky\\\/\",\"url\":\"https:\\\/\\\/www.siredwards.com\\\/es\\\/whisky-factory-2\\\/la-calidad-del-whisky\\\/\",\"name\":\"La calidad del whisky - Sir Edwards EN\",\"isPartOf\":{\"@id\":\"https:\\\/\\\/www.siredwards.com\\\/es\\\/en\\\/#website\"},\"primaryImageOfPage\":{\"@id\":\"https:\\\/\\\/www.siredwards.com\\\/es\\\/whisky-factory-2\\\/la-calidad-del-whisky\\\/#primaryimage\"},\"image\":{\"@id\":\"https:\\\/\\\/www.siredwards.com\\\/es\\\/whisky-factory-2\\\/la-calidad-del-whisky\\\/#primaryimage\"},\"thumbnailUrl\":\"https:\\\/\\\/www.siredwards.com\\\/wp-content\\\/uploads\\\/sites\\\/3\\\/2025\\\/12\\\/calidad-whisky-escoceses-sir-edwards-pagina-2.jpg\",\"datePublished\":\"2014-05-15T11:06:48+00:00\",\"dateModified\":\"2026-01-06T09:38:49+00:00\",\"breadcrumb\":{\"@id\":\"https:\\\/\\\/www.siredwards.com\\\/es\\\/whisky-factory-2\\\/la-calidad-del-whisky\\\/#breadcrumb\"},\"inLanguage\":\"es\",\"potentialAction\":[{\"@type\":\"ReadAction\",\"target\":[\"https:\\\/\\\/www.siredwards.com\\\/es\\\/whisky-factory-2\\\/la-calidad-del-whisky\\\/\"]}]},{\"@type\":\"ImageObject\",\"inLanguage\":\"es\",\"@id\":\"https:\\\/\\\/www.siredwards.com\\\/es\\\/whisky-factory-2\\\/la-calidad-del-whisky\\\/#primaryimage\",\"url\":\"https:\\\/\\\/www.siredwards.com\\\/wp-content\\\/uploads\\\/sites\\\/3\\\/2025\\\/12\\\/calidad-whisky-escoceses-sir-edwards-pagina-2.jpg\",\"contentUrl\":\"https:\\\/\\\/www.siredwards.com\\\/wp-content\\\/uploads\\\/sites\\\/3\\\/2025\\\/12\\\/calidad-whisky-escoceses-sir-edwards-pagina-2.jpg\",\"width\":990,\"height\":340,\"caption\":\"la calidad del whisky\"},{\"@type\":\"BreadcrumbList\",\"@id\":\"https:\\\/\\\/www.siredwards.com\\\/es\\\/whisky-factory-2\\\/la-calidad-del-whisky\\\/#breadcrumb\",\"itemListElement\":[{\"@type\":\"ListItem\",\"position\":1,\"name\":\"Home\",\"item\":\"https:\\\/\\\/www.siredwards.com\\\/es\\\/en\\\/\"},{\"@type\":\"ListItem\",\"position\":2,\"name\":\"Whisky factory\",\"item\":\"https:\\\/\\\/www.siredwards.com\\\/es\\\/whisky-factory-2\\\/\"},{\"@type\":\"ListItem\",\"position\":3,\"name\":\"La calidad del whisky\"}]},{\"@type\":\"WebSite\",\"@id\":\"https:\\\/\\\/www.siredwards.com\\\/es\\\/en\\\/#website\",\"url\":\"https:\\\/\\\/www.siredwards.com\\\/es\\\/en\\\/\",\"name\":\"Sir Edwards EN\",\"description\":\"\",\"potentialAction\":[{\"@type\":\"SearchAction\",\"target\":{\"@type\":\"EntryPoint\",\"urlTemplate\":\"https:\\\/\\\/www.siredwards.com\\\/es\\\/en\\\/?s={search_term_string}\"},\"query-input\":{\"@type\":\"PropertyValueSpecification\",\"valueRequired\":true,\"valueName\":\"search_term_string\"}}],\"inLanguage\":\"es\"}]}<\/script>\n<!-- \/ Yoast SEO plugin. -->","yoast_head_json":{"title":"La calidad del whisky - Sir Edwards EN","robots":{"index":"index","follow":"follow","max-snippet":"max-snippet:-1","max-image-preview":"max-image-preview:large","max-video-preview":"max-video-preview:-1"},"canonical":"https:\/\/www.siredwards.com\/es\/whisky-factory-2\/la-calidad-del-whisky\/","og_locale":"es_ES","og_type":"article","og_title":"La calidad del whisky - Sir Edwards EN","og_description":"A\u00f1o tras a\u00f1o los escoceses tratan de elaborar un whisky de calidad constante. Su honor est\u00e1 en juego. Esto exige un control estricto de todas las etapas de elaboraci\u00f3n y a\u00f1ejamiento. Cada destiler\u00eda tiene sus procedimientos y su saber hacer, delimitados por leyes como la Ley del Whisky Escoc\u00e9s de 1988. Para poder ostentar el [&hellip;]","og_url":"https:\/\/www.siredwards.com\/es\/whisky-factory-2\/la-calidad-del-whisky\/","og_site_name":"Sir Edwards EN","article_modified_time":"2026-01-06T09:38:49+00:00","og_image":[{"width":990,"height":340,"url":"https:\/\/www.siredwards.com\/wp-content\/uploads\/sites\/3\/2025\/12\/calidad-whisky-escoceses-sir-edwards-pagina-2.jpg","type":"image\/jpeg"}],"twitter_card":"summary_large_image","twitter_misc":{"Tiempo de lectura":"2 minutos"},"schema":{"@context":"https:\/\/schema.org","@graph":[{"@type":"WebPage","@id":"https:\/\/www.siredwards.com\/es\/whisky-factory-2\/la-calidad-del-whisky\/","url":"https:\/\/www.siredwards.com\/es\/whisky-factory-2\/la-calidad-del-whisky\/","name":"La calidad del whisky - Sir Edwards EN","isPartOf":{"@id":"https:\/\/www.siredwards.com\/es\/en\/#website"},"primaryImageOfPage":{"@id":"https:\/\/www.siredwards.com\/es\/whisky-factory-2\/la-calidad-del-whisky\/#primaryimage"},"image":{"@id":"https:\/\/www.siredwards.com\/es\/whisky-factory-2\/la-calidad-del-whisky\/#primaryimage"},"thumbnailUrl":"https:\/\/www.siredwards.com\/wp-content\/uploads\/sites\/3\/2025\/12\/calidad-whisky-escoceses-sir-edwards-pagina-2.jpg","datePublished":"2014-05-15T11:06:48+00:00","dateModified":"2026-01-06T09:38:49+00:00","breadcrumb":{"@id":"https:\/\/www.siredwards.com\/es\/whisky-factory-2\/la-calidad-del-whisky\/#breadcrumb"},"inLanguage":"es","potentialAction":[{"@type":"ReadAction","target":["https:\/\/www.siredwards.com\/es\/whisky-factory-2\/la-calidad-del-whisky\/"]}]},{"@type":"ImageObject","inLanguage":"es","@id":"https:\/\/www.siredwards.com\/es\/whisky-factory-2\/la-calidad-del-whisky\/#primaryimage","url":"https:\/\/www.siredwards.com\/wp-content\/uploads\/sites\/3\/2025\/12\/calidad-whisky-escoceses-sir-edwards-pagina-2.jpg","contentUrl":"https:\/\/www.siredwards.com\/wp-content\/uploads\/sites\/3\/2025\/12\/calidad-whisky-escoceses-sir-edwards-pagina-2.jpg","width":990,"height":340,"caption":"la calidad del whisky"},{"@type":"BreadcrumbList","@id":"https:\/\/www.siredwards.com\/es\/whisky-factory-2\/la-calidad-del-whisky\/#breadcrumb","itemListElement":[{"@type":"ListItem","position":1,"name":"Home","item":"https:\/\/www.siredwards.com\/es\/en\/"},{"@type":"ListItem","position":2,"name":"Whisky factory","item":"https:\/\/www.siredwards.com\/es\/whisky-factory-2\/"},{"@type":"ListItem","position":3,"name":"La calidad del whisky"}]},{"@type":"WebSite","@id":"https:\/\/www.siredwards.com\/es\/en\/#website","url":"https:\/\/www.siredwards.com\/es\/en\/","name":"Sir Edwards EN","description":"","potentialAction":[{"@type":"SearchAction","target":{"@type":"EntryPoint","urlTemplate":"https:\/\/www.siredwards.com\/es\/en\/?s={search_term_string}"},"query-input":{"@type":"PropertyValueSpecification","valueRequired":true,"valueName":"search_term_string"}}],"inLanguage":"es"}]}},"_links":{"self":[{"href":"https:\/\/www.siredwards.com\/es\/wp-json\/wp\/v2\/pages\/22320","targetHints":{"allow":["GET"]}}],"collection":[{"href":"https:\/\/www.siredwards.com\/es\/wp-json\/wp\/v2\/pages"}],"about":[{"href":"https:\/\/www.siredwards.com\/es\/wp-json\/wp\/v2\/types\/page"}],"author":[{"embeddable":true,"href":"https:\/\/www.siredwards.com\/es\/wp-json\/wp\/v2\/users\/21683"}],"replies":[{"embeddable":true,"href":"https:\/\/www.siredwards.com\/es\/wp-json\/wp\/v2\/comments?post=22320"}],"version-history":[{"count":2,"href":"https:\/\/www.siredwards.com\/es\/wp-json\/wp\/v2\/pages\/22320\/revisions"}],"predecessor-version":[{"id":28678,"href":"https:\/\/www.siredwards.com\/es\/wp-json\/wp\/v2\/pages\/22320\/revisions\/28678"}],"up":[{"embeddable":true,"href":"https:\/\/www.siredwards.com\/es\/wp-json\/wp\/v2\/pages\/23645"}],"wp:featuredmedia":[{"embeddable":true,"href":"https:\/\/www.siredwards.com\/es\/wp-json\/wp\/v2\/media\/22321"}],"wp:attachment":[{"href":"https:\/\/www.siredwards.com\/es\/wp-json\/wp\/v2\/media?parent=22320"}],"curies":[{"name":"wp","href":"https:\/\/api.w.org\/{rel}","templated":true}]}}