{"id":22294,"date":"2014-05-20T13:48:34","date_gmt":"2014-05-20T11:48:34","guid":{"rendered":"https:\/\/www.siredwards.com\/la-marca-de-whisky-sir-edwards\/el-blended-whisky-escoces-sir-edwards\/"},"modified":"2015-05-20T13:00:26","modified_gmt":"2015-05-20T11:00:26","slug":"el-blended-whisky-escoces-sir-edwards","status":"publish","type":"page","link":"https:\/\/www.siredwards.com\/es\/la-marca-de-whisky-sir-edwards\/el-blended-whisky-escoces-sir-edwards\/","title":{"rendered":"Los or\u00edgenes de <br\/>Sir Edward&#8217;s"},"content":{"rendered":"<p style=\"text-align: center;\">Reconocemos el buen whisky. Y tambi\u00e9n reconocemos una buena compra. Sir Edward\u2019s es un<strong> glorioso licor dorado<\/strong> que combina las dos cosas.<\/p>\n<p style=\"text-align: center;\">Cuidadosamente destilado, ensamblado y a\u00f1ejado siguiendo una larga <strong>tradici\u00f3n<\/strong>, se crea utilizando t\u00e9cnicas perfeccionadas con el paso de los siglos en el <strong>coraz\u00f3n de Escocia<\/strong>, transmitidas de generaci\u00f3n en generaci\u00f3n.<\/p>\n<p style=\"text-align: center;\">El coraz\u00f3n y el alma de todo lo que hemos aprendido de nuestros <strong>ancestros<\/strong> fluye en cada trago perfecto.<\/p>\n<p style=\"text-align: center;\">Tan solo los mejores whiskies de grano y de malta, meticulosamente seleccionados por nuestros <strong>maestros artesanos<\/strong>, se utilizan para Sir Edward\u2019s. Ensamblado para lograr el maridaje perfecto de sabores y luego a\u00f1ejado en barricas de roble, el licor resultante es maravillosamente rico y tiene un <strong>intenso sabor con sutiles notas de madera y malta<\/strong>. Inequ\u00edvocamente escoc\u00e9s, descaradamente orgulloso y con un gran valor indiscutible, Sir Edward\u2019s ofrece el aut\u00e9ntico sabor de nuestra tierra natal.<\/p>\n","protected":false},"excerpt":{"rendered":"<p>Reconocemos el buen whisky. Y tambi\u00e9n reconocemos una buena compra. Sir Edward\u2019s es un glorioso licor dorado que combina las dos cosas. Cuidadosamente destilado, ensamblado y a\u00f1ejado siguiendo una larga tradici\u00f3n, se crea utilizando t\u00e9cnicas perfeccionadas con el paso de los siglos en el coraz\u00f3n de Escocia, transmitidas de generaci\u00f3n en generaci\u00f3n. El coraz\u00f3n y [&hellip;]<\/p>\n","protected":false},"author":21683,"featured_media":22295,"parent":22119,"menu_order":1,"comment_status":"open","ping_status":"open","template":"","meta":{"_acf_changed":false,"footnotes":""},"class_list":["post-22294","page","type-page","status-publish","has-post-thumbnail","hentry"],"acf":[],"yoast_head":"<!-- This site is optimized with the Yoast SEO plugin v27.3 - https:\/\/yoast.com\/product\/yoast-seo-wordpress\/ -->\n<title>Los or\u00edgenes de Sir Edward&#039;s - Sir Edwards EN<\/title>\n<meta name=\"robots\" content=\"index, follow, max-snippet:-1, max-image-preview:large, max-video-preview:-1\" \/>\n<link rel=\"canonical\" href=\"https:\/\/www.siredwards.com\/es\/la-marca-de-whisky-sir-edwards\/el-blended-whisky-escoces-sir-edwards\/\" \/>\n<meta property=\"og:locale\" content=\"es_ES\" \/>\n<meta property=\"og:type\" content=\"article\" \/>\n<meta property=\"og:title\" content=\"Los or\u00edgenes de Sir Edward&#039;s - Sir Edwards EN\" \/>\n<meta property=\"og:description\" content=\"Reconocemos el buen whisky. Y tambi\u00e9n reconocemos una buena compra. Sir Edward\u2019s es un glorioso licor dorado que combina las dos cosas. Cuidadosamente destilado, ensamblado y a\u00f1ejado siguiendo una larga tradici\u00f3n, se crea utilizando t\u00e9cnicas perfeccionadas con el paso de los siglos en el coraz\u00f3n de Escocia, transmitidas de generaci\u00f3n en generaci\u00f3n. El coraz\u00f3n y [&hellip;]\" \/>\n<meta property=\"og:url\" content=\"https:\/\/www.siredwards.com\/es\/la-marca-de-whisky-sir-edwards\/el-blended-whisky-escoces-sir-edwards\/\" \/>\n<meta property=\"og:site_name\" content=\"Sir Edwards EN\" \/>\n<meta property=\"article:modified_time\" content=\"2015-05-20T11:00:26+00:00\" \/>\n<meta property=\"og:image\" content=\"https:\/\/www.siredwards.fr\/wp-content\/uploads\/sites\/3\/2025\/12\/mundo-sir-edwards-2.jpg\" \/>\n\t<meta property=\"og:image:width\" content=\"2000\" \/>\n\t<meta property=\"og:image:height\" content=\"920\" \/>\n\t<meta property=\"og:image:type\" content=\"image\/jpeg\" \/>\n<meta name=\"twitter:card\" content=\"summary_large_image\" \/>\n<meta name=\"twitter:label1\" content=\"Tiempo de lectura\" \/>\n\t<meta name=\"twitter:data1\" content=\"1 minuto\" \/>\n<script type=\"application\/ld+json\" class=\"yoast-schema-graph\">{\"@context\":\"https:\\\/\\\/schema.org\",\"@graph\":[{\"@type\":\"WebPage\",\"@id\":\"https:\\\/\\\/www.siredwards.com\\\/es\\\/la-marca-de-whisky-sir-edwards\\\/el-blended-whisky-escoces-sir-edwards\\\/\",\"url\":\"https:\\\/\\\/www.siredwards.com\\\/es\\\/la-marca-de-whisky-sir-edwards\\\/el-blended-whisky-escoces-sir-edwards\\\/\",\"name\":\"Los or\u00edgenes de Sir Edward's - Sir Edwards EN\",\"isPartOf\":{\"@id\":\"https:\\\/\\\/www.siredwards.com\\\/es\\\/en\\\/#website\"},\"primaryImageOfPage\":{\"@id\":\"https:\\\/\\\/www.siredwards.com\\\/es\\\/la-marca-de-whisky-sir-edwards\\\/el-blended-whisky-escoces-sir-edwards\\\/#primaryimage\"},\"image\":{\"@id\":\"https:\\\/\\\/www.siredwards.com\\\/es\\\/la-marca-de-whisky-sir-edwards\\\/el-blended-whisky-escoces-sir-edwards\\\/#primaryimage\"},\"thumbnailUrl\":\"https:\\\/\\\/www.siredwards.com\\\/wp-content\\\/uploads\\\/sites\\\/3\\\/2025\\\/12\\\/mundo-sir-edwards-2.jpg\",\"datePublished\":\"2014-05-20T11:48:34+00:00\",\"dateModified\":\"2015-05-20T11:00:26+00:00\",\"breadcrumb\":{\"@id\":\"https:\\\/\\\/www.siredwards.com\\\/es\\\/la-marca-de-whisky-sir-edwards\\\/el-blended-whisky-escoces-sir-edwards\\\/#breadcrumb\"},\"inLanguage\":\"es\",\"potentialAction\":[{\"@type\":\"ReadAction\",\"target\":[\"https:\\\/\\\/www.siredwards.com\\\/es\\\/la-marca-de-whisky-sir-edwards\\\/el-blended-whisky-escoces-sir-edwards\\\/\"]}]},{\"@type\":\"ImageObject\",\"inLanguage\":\"es\",\"@id\":\"https:\\\/\\\/www.siredwards.com\\\/es\\\/la-marca-de-whisky-sir-edwards\\\/el-blended-whisky-escoces-sir-edwards\\\/#primaryimage\",\"url\":\"https:\\\/\\\/www.siredwards.com\\\/wp-content\\\/uploads\\\/sites\\\/3\\\/2025\\\/12\\\/mundo-sir-edwards-2.jpg\",\"contentUrl\":\"https:\\\/\\\/www.siredwards.com\\\/wp-content\\\/uploads\\\/sites\\\/3\\\/2025\\\/12\\\/mundo-sir-edwards-2.jpg\",\"width\":2000,\"height\":920,\"caption\":\"Los or\u00edgenes de Sir Edward's\"},{\"@type\":\"BreadcrumbList\",\"@id\":\"https:\\\/\\\/www.siredwards.com\\\/es\\\/la-marca-de-whisky-sir-edwards\\\/el-blended-whisky-escoces-sir-edwards\\\/#breadcrumb\",\"itemListElement\":[{\"@type\":\"ListItem\",\"position\":1,\"name\":\"Home\",\"item\":\"https:\\\/\\\/www.siredwards.com\\\/es\\\/en\\\/\"},{\"@type\":\"ListItem\",\"position\":2,\"name\":\"La marca de whisky SIR EDWARDS\",\"item\":\"https:\\\/\\\/www.siredwards.com\\\/es\\\/la-marca-de-whisky-sir-edwards\\\/\"},{\"@type\":\"ListItem\",\"position\":3,\"name\":\"Los or\u00edgenes de Sir Edward&rsquo;s\"}]},{\"@type\":\"WebSite\",\"@id\":\"https:\\\/\\\/www.siredwards.com\\\/es\\\/en\\\/#website\",\"url\":\"https:\\\/\\\/www.siredwards.com\\\/es\\\/en\\\/\",\"name\":\"Sir Edwards EN\",\"description\":\"\",\"potentialAction\":[{\"@type\":\"SearchAction\",\"target\":{\"@type\":\"EntryPoint\",\"urlTemplate\":\"https:\\\/\\\/www.siredwards.com\\\/es\\\/en\\\/?s={search_term_string}\"},\"query-input\":{\"@type\":\"PropertyValueSpecification\",\"valueRequired\":true,\"valueName\":\"search_term_string\"}}],\"inLanguage\":\"es\"}]}<\/script>\n<!-- \/ Yoast SEO plugin. -->","yoast_head_json":{"title":"Los or\u00edgenes de Sir Edward's - Sir Edwards EN","robots":{"index":"index","follow":"follow","max-snippet":"max-snippet:-1","max-image-preview":"max-image-preview:large","max-video-preview":"max-video-preview:-1"},"canonical":"https:\/\/www.siredwards.com\/es\/la-marca-de-whisky-sir-edwards\/el-blended-whisky-escoces-sir-edwards\/","og_locale":"es_ES","og_type":"article","og_title":"Los or\u00edgenes de Sir Edward's - Sir Edwards EN","og_description":"Reconocemos el buen whisky. Y tambi\u00e9n reconocemos una buena compra. Sir Edward\u2019s es un glorioso licor dorado que combina las dos cosas. Cuidadosamente destilado, ensamblado y a\u00f1ejado siguiendo una larga tradici\u00f3n, se crea utilizando t\u00e9cnicas perfeccionadas con el paso de los siglos en el coraz\u00f3n de Escocia, transmitidas de generaci\u00f3n en generaci\u00f3n. El coraz\u00f3n y [&hellip;]","og_url":"https:\/\/www.siredwards.com\/es\/la-marca-de-whisky-sir-edwards\/el-blended-whisky-escoces-sir-edwards\/","og_site_name":"Sir Edwards EN","article_modified_time":"2015-05-20T11:00:26+00:00","og_image":[{"width":2000,"height":920,"url":"https:\/\/www.siredwards.fr\/wp-content\/uploads\/sites\/3\/2025\/12\/mundo-sir-edwards-2.jpg","type":"image\/jpeg"}],"twitter_card":"summary_large_image","twitter_misc":{"Tiempo de lectura":"1 minuto"},"schema":{"@context":"https:\/\/schema.org","@graph":[{"@type":"WebPage","@id":"https:\/\/www.siredwards.com\/es\/la-marca-de-whisky-sir-edwards\/el-blended-whisky-escoces-sir-edwards\/","url":"https:\/\/www.siredwards.com\/es\/la-marca-de-whisky-sir-edwards\/el-blended-whisky-escoces-sir-edwards\/","name":"Los or\u00edgenes de Sir Edward's - Sir Edwards EN","isPartOf":{"@id":"https:\/\/www.siredwards.com\/es\/en\/#website"},"primaryImageOfPage":{"@id":"https:\/\/www.siredwards.com\/es\/la-marca-de-whisky-sir-edwards\/el-blended-whisky-escoces-sir-edwards\/#primaryimage"},"image":{"@id":"https:\/\/www.siredwards.com\/es\/la-marca-de-whisky-sir-edwards\/el-blended-whisky-escoces-sir-edwards\/#primaryimage"},"thumbnailUrl":"https:\/\/www.siredwards.com\/wp-content\/uploads\/sites\/3\/2025\/12\/mundo-sir-edwards-2.jpg","datePublished":"2014-05-20T11:48:34+00:00","dateModified":"2015-05-20T11:00:26+00:00","breadcrumb":{"@id":"https:\/\/www.siredwards.com\/es\/la-marca-de-whisky-sir-edwards\/el-blended-whisky-escoces-sir-edwards\/#breadcrumb"},"inLanguage":"es","potentialAction":[{"@type":"ReadAction","target":["https:\/\/www.siredwards.com\/es\/la-marca-de-whisky-sir-edwards\/el-blended-whisky-escoces-sir-edwards\/"]}]},{"@type":"ImageObject","inLanguage":"es","@id":"https:\/\/www.siredwards.com\/es\/la-marca-de-whisky-sir-edwards\/el-blended-whisky-escoces-sir-edwards\/#primaryimage","url":"https:\/\/www.siredwards.com\/wp-content\/uploads\/sites\/3\/2025\/12\/mundo-sir-edwards-2.jpg","contentUrl":"https:\/\/www.siredwards.com\/wp-content\/uploads\/sites\/3\/2025\/12\/mundo-sir-edwards-2.jpg","width":2000,"height":920,"caption":"Los or\u00edgenes de Sir Edward's"},{"@type":"BreadcrumbList","@id":"https:\/\/www.siredwards.com\/es\/la-marca-de-whisky-sir-edwards\/el-blended-whisky-escoces-sir-edwards\/#breadcrumb","itemListElement":[{"@type":"ListItem","position":1,"name":"Home","item":"https:\/\/www.siredwards.com\/es\/en\/"},{"@type":"ListItem","position":2,"name":"La marca de whisky SIR EDWARDS","item":"https:\/\/www.siredwards.com\/es\/la-marca-de-whisky-sir-edwards\/"},{"@type":"ListItem","position":3,"name":"Los or\u00edgenes de Sir Edward&rsquo;s"}]},{"@type":"WebSite","@id":"https:\/\/www.siredwards.com\/es\/en\/#website","url":"https:\/\/www.siredwards.com\/es\/en\/","name":"Sir Edwards EN","description":"","potentialAction":[{"@type":"SearchAction","target":{"@type":"EntryPoint","urlTemplate":"https:\/\/www.siredwards.com\/es\/en\/?s={search_term_string}"},"query-input":{"@type":"PropertyValueSpecification","valueRequired":true,"valueName":"search_term_string"}}],"inLanguage":"es"}]}},"_links":{"self":[{"href":"https:\/\/www.siredwards.com\/es\/wp-json\/wp\/v2\/pages\/22294","targetHints":{"allow":["GET"]}}],"collection":[{"href":"https:\/\/www.siredwards.com\/es\/wp-json\/wp\/v2\/pages"}],"about":[{"href":"https:\/\/www.siredwards.com\/es\/wp-json\/wp\/v2\/types\/page"}],"author":[{"embeddable":true,"href":"https:\/\/www.siredwards.com\/es\/wp-json\/wp\/v2\/users\/21683"}],"replies":[{"embeddable":true,"href":"https:\/\/www.siredwards.com\/es\/wp-json\/wp\/v2\/comments?post=22294"}],"version-history":[{"count":0,"href":"https:\/\/www.siredwards.com\/es\/wp-json\/wp\/v2\/pages\/22294\/revisions"}],"up":[{"embeddable":true,"href":"https:\/\/www.siredwards.com\/es\/wp-json\/wp\/v2\/pages\/22119"}],"wp:featuredmedia":[{"embeddable":true,"href":"https:\/\/www.siredwards.com\/es\/wp-json\/wp\/v2\/media\/22295"}],"wp:attachment":[{"href":"https:\/\/www.siredwards.com\/es\/wp-json\/wp\/v2\/media?parent=22294"}],"curies":[{"name":"wp","href":"https:\/\/api.w.org\/{rel}","templated":true}]}}