{"id":22243,"date":"2015-05-28T12:58:06","date_gmt":"2015-05-28T10:58:06","guid":{"rendered":"https:\/\/www.siredwards.com\/el-ensamblaje\/"},"modified":"2025-12-04T14:18:05","modified_gmt":"2025-12-04T13:18:05","slug":"el-ensamblaje","status":"publish","type":"page","link":"https:\/\/www.siredwards.com\/es\/whisky-factory-2\/pasos-de-fabricacion\/el-ensamblaje\/","title":{"rendered":"El ensamblaje"},"content":{"rendered":"<p style=\"text-align: center;\">Hay dos tipos de whisky escoc\u00e9s: el <strong>whisky solo<\/strong> (en ingl\u00e9s, single) o <strong>mezclado<\/strong> (en ingl\u00e9s blended).<\/p>\n<p style=\"text-align: center;\">El whisky mezclado proviene del ensamblaje de como m\u00ednimo un <strong>whisky de malta<\/strong> y varios <strong>whiskys de grano<\/strong>.<\/p>\n<p style=\"text-align: center;\">Un whisky de malta se elabora exclusivamente <strong>a partir de cebada<\/strong> malteada. En cuanto al whisky de grano, se obtiene destilando cereales no malteados. Desarrollado a partir del siglo XIX, el proceso de ensamblaje ha sido ampliamente puesto en pr\u00e1ctica por los escoceses.<\/p>\n<p style=\"text-align: center;\">La t\u00e9cnica del ensamblaje se convirti\u00f3 m\u00e1s tarde en todo un arte, el del maestro ensamblador. Dotado de un sentido del olfato muy desarrollado, su trabajo consiste en comprobar que los whiskys mezclados son siempre de primera calidad.<\/p>\n<p style=\"text-align: center;\">La constancia de los aromas debe estar garantizada para que los amantes de Sir Edward sigan sintiendo <strong>la misma pasi\u00f3n<\/strong> por este whisky, a\u00f1o tras a\u00f1o.<\/p>\n<p style=\"text-align: center;\">Un whisky escoc\u00e9s mezclado es el resultado de un sutil equilibrio. Aromas a vainilla y caramelo, matices ahumados y amaderados, son algunas de las notas que se solapan.<\/p>\n<p style=\"text-align: center;\">Esta mezcla de aromas persigue un \u00fanico objetivo: <strong>la b\u00fasqueda de la armon\u00eda<\/strong>.<\/p>\n","protected":false},"excerpt":{"rendered":"<p>Hay dos tipos de whisky escoc\u00e9s: el whisky solo (en ingl\u00e9s, single) o mezclado (en ingl\u00e9s blended). El whisky mezclado proviene del ensamblaje de como m\u00ednimo un whisky de malta y varios whiskys de grano. Un whisky de malta se elabora exclusivamente a partir de cebada malteada. En cuanto al whisky de grano, se obtiene [&hellip;]<\/p>\n","protected":false},"author":21683,"featured_media":22244,"parent":23629,"menu_order":0,"comment_status":"open","ping_status":"open","template":"","meta":{"_acf_changed":false,"footnotes":""},"class_list":["post-22243","page","type-page","status-publish","has-post-thumbnail","hentry"],"acf":[],"yoast_head":"<!-- This site is optimized with the Yoast SEO plugin v27.3 - https:\/\/yoast.com\/product\/yoast-seo-wordpress\/ -->\n<title>El ensamblaje - Sir Edwards EN<\/title>\n<meta name=\"robots\" content=\"index, follow, max-snippet:-1, max-image-preview:large, max-video-preview:-1\" \/>\n<link rel=\"canonical\" href=\"https:\/\/www.siredwards.com\/es\/whisky-factory-2\/pasos-de-fabricacion\/el-ensamblaje\/\" \/>\n<meta property=\"og:locale\" content=\"es_ES\" \/>\n<meta property=\"og:type\" content=\"article\" \/>\n<meta property=\"og:title\" content=\"El ensamblaje - Sir Edwards EN\" \/>\n<meta property=\"og:description\" content=\"Hay dos tipos de whisky escoc\u00e9s: el whisky solo (en ingl\u00e9s, single) o mezclado (en ingl\u00e9s blended). El whisky mezclado proviene del ensamblaje de como m\u00ednimo un whisky de malta y varios whiskys de grano. Un whisky de malta se elabora exclusivamente a partir de cebada malteada. En cuanto al whisky de grano, se obtiene [&hellip;]\" \/>\n<meta property=\"og:url\" content=\"https:\/\/www.siredwards.com\/es\/whisky-factory-2\/pasos-de-fabricacion\/el-ensamblaje\/\" \/>\n<meta property=\"og:site_name\" content=\"Sir Edwards EN\" \/>\n<meta property=\"article:modified_time\" content=\"2025-12-04T13:18:05+00:00\" \/>\n<meta property=\"og:image\" content=\"https:\/\/www.siredwards.fr\/wp-content\/uploads\/sites\/3\/2025\/12\/ensamblaje-whisky-escocia-sir-edwards-page.jpg\" \/>\n\t<meta property=\"og:image:width\" content=\"990\" \/>\n\t<meta property=\"og:image:height\" content=\"340\" \/>\n\t<meta property=\"og:image:type\" content=\"image\/jpeg\" \/>\n<meta name=\"twitter:card\" content=\"summary_large_image\" \/>\n<meta name=\"twitter:label1\" content=\"Tiempo de lectura\" \/>\n\t<meta name=\"twitter:data1\" content=\"1 minuto\" \/>\n<script type=\"application\/ld+json\" class=\"yoast-schema-graph\">{\"@context\":\"https:\\\/\\\/schema.org\",\"@graph\":[{\"@type\":\"WebPage\",\"@id\":\"https:\\\/\\\/www.siredwards.com\\\/es\\\/whisky-factory-2\\\/pasos-de-fabricacion\\\/el-ensamblaje\\\/\",\"url\":\"https:\\\/\\\/www.siredwards.com\\\/es\\\/whisky-factory-2\\\/pasos-de-fabricacion\\\/el-ensamblaje\\\/\",\"name\":\"El ensamblaje - Sir Edwards EN\",\"isPartOf\":{\"@id\":\"https:\\\/\\\/www.siredwards.com\\\/es\\\/en\\\/#website\"},\"primaryImageOfPage\":{\"@id\":\"https:\\\/\\\/www.siredwards.com\\\/es\\\/whisky-factory-2\\\/pasos-de-fabricacion\\\/el-ensamblaje\\\/#primaryimage\"},\"image\":{\"@id\":\"https:\\\/\\\/www.siredwards.com\\\/es\\\/whisky-factory-2\\\/pasos-de-fabricacion\\\/el-ensamblaje\\\/#primaryimage\"},\"thumbnailUrl\":\"https:\\\/\\\/www.siredwards.com\\\/wp-content\\\/uploads\\\/sites\\\/3\\\/2025\\\/12\\\/ensamblaje-whisky-escocia-sir-edwards-page.jpg\",\"datePublished\":\"2015-05-28T10:58:06+00:00\",\"dateModified\":\"2025-12-04T13:18:05+00:00\",\"breadcrumb\":{\"@id\":\"https:\\\/\\\/www.siredwards.com\\\/es\\\/whisky-factory-2\\\/pasos-de-fabricacion\\\/el-ensamblaje\\\/#breadcrumb\"},\"inLanguage\":\"es\",\"potentialAction\":[{\"@type\":\"ReadAction\",\"target\":[\"https:\\\/\\\/www.siredwards.com\\\/es\\\/whisky-factory-2\\\/pasos-de-fabricacion\\\/el-ensamblaje\\\/\"]}]},{\"@type\":\"ImageObject\",\"inLanguage\":\"es\",\"@id\":\"https:\\\/\\\/www.siredwards.com\\\/es\\\/whisky-factory-2\\\/pasos-de-fabricacion\\\/el-ensamblaje\\\/#primaryimage\",\"url\":\"https:\\\/\\\/www.siredwards.com\\\/wp-content\\\/uploads\\\/sites\\\/3\\\/2025\\\/12\\\/ensamblaje-whisky-escocia-sir-edwards-page.jpg\",\"contentUrl\":\"https:\\\/\\\/www.siredwards.com\\\/wp-content\\\/uploads\\\/sites\\\/3\\\/2025\\\/12\\\/ensamblaje-whisky-escocia-sir-edwards-page.jpg\",\"width\":990,\"height\":340},{\"@type\":\"BreadcrumbList\",\"@id\":\"https:\\\/\\\/www.siredwards.com\\\/es\\\/whisky-factory-2\\\/pasos-de-fabricacion\\\/el-ensamblaje\\\/#breadcrumb\",\"itemListElement\":[{\"@type\":\"ListItem\",\"position\":1,\"name\":\"Home\",\"item\":\"https:\\\/\\\/www.siredwards.com\\\/es\\\/en\\\/\"},{\"@type\":\"ListItem\",\"position\":2,\"name\":\"Whisky factory\",\"item\":\"https:\\\/\\\/www.siredwards.com\\\/es\\\/whisky-factory-2\\\/\"},{\"@type\":\"ListItem\",\"position\":3,\"name\":\"Pasos de fabricaci\u00f3n\",\"item\":\"https:\\\/\\\/www.siredwards.com\\\/es\\\/whisky-factory-2\\\/pasos-de-fabricacion\\\/\"},{\"@type\":\"ListItem\",\"position\":4,\"name\":\"El ensamblaje\"}]},{\"@type\":\"WebSite\",\"@id\":\"https:\\\/\\\/www.siredwards.com\\\/es\\\/en\\\/#website\",\"url\":\"https:\\\/\\\/www.siredwards.com\\\/es\\\/en\\\/\",\"name\":\"Sir Edwards EN\",\"description\":\"\",\"potentialAction\":[{\"@type\":\"SearchAction\",\"target\":{\"@type\":\"EntryPoint\",\"urlTemplate\":\"https:\\\/\\\/www.siredwards.com\\\/es\\\/en\\\/?s={search_term_string}\"},\"query-input\":{\"@type\":\"PropertyValueSpecification\",\"valueRequired\":true,\"valueName\":\"search_term_string\"}}],\"inLanguage\":\"es\"}]}<\/script>\n<!-- \/ Yoast SEO plugin. -->","yoast_head_json":{"title":"El ensamblaje - Sir Edwards EN","robots":{"index":"index","follow":"follow","max-snippet":"max-snippet:-1","max-image-preview":"max-image-preview:large","max-video-preview":"max-video-preview:-1"},"canonical":"https:\/\/www.siredwards.com\/es\/whisky-factory-2\/pasos-de-fabricacion\/el-ensamblaje\/","og_locale":"es_ES","og_type":"article","og_title":"El ensamblaje - Sir Edwards EN","og_description":"Hay dos tipos de whisky escoc\u00e9s: el whisky solo (en ingl\u00e9s, single) o mezclado (en ingl\u00e9s blended). El whisky mezclado proviene del ensamblaje de como m\u00ednimo un whisky de malta y varios whiskys de grano. Un whisky de malta se elabora exclusivamente a partir de cebada malteada. En cuanto al whisky de grano, se obtiene [&hellip;]","og_url":"https:\/\/www.siredwards.com\/es\/whisky-factory-2\/pasos-de-fabricacion\/el-ensamblaje\/","og_site_name":"Sir Edwards EN","article_modified_time":"2025-12-04T13:18:05+00:00","og_image":[{"width":990,"height":340,"url":"https:\/\/www.siredwards.fr\/wp-content\/uploads\/sites\/3\/2025\/12\/ensamblaje-whisky-escocia-sir-edwards-page.jpg","type":"image\/jpeg"}],"twitter_card":"summary_large_image","twitter_misc":{"Tiempo de lectura":"1 minuto"},"schema":{"@context":"https:\/\/schema.org","@graph":[{"@type":"WebPage","@id":"https:\/\/www.siredwards.com\/es\/whisky-factory-2\/pasos-de-fabricacion\/el-ensamblaje\/","url":"https:\/\/www.siredwards.com\/es\/whisky-factory-2\/pasos-de-fabricacion\/el-ensamblaje\/","name":"El ensamblaje - Sir Edwards EN","isPartOf":{"@id":"https:\/\/www.siredwards.com\/es\/en\/#website"},"primaryImageOfPage":{"@id":"https:\/\/www.siredwards.com\/es\/whisky-factory-2\/pasos-de-fabricacion\/el-ensamblaje\/#primaryimage"},"image":{"@id":"https:\/\/www.siredwards.com\/es\/whisky-factory-2\/pasos-de-fabricacion\/el-ensamblaje\/#primaryimage"},"thumbnailUrl":"https:\/\/www.siredwards.com\/wp-content\/uploads\/sites\/3\/2025\/12\/ensamblaje-whisky-escocia-sir-edwards-page.jpg","datePublished":"2015-05-28T10:58:06+00:00","dateModified":"2025-12-04T13:18:05+00:00","breadcrumb":{"@id":"https:\/\/www.siredwards.com\/es\/whisky-factory-2\/pasos-de-fabricacion\/el-ensamblaje\/#breadcrumb"},"inLanguage":"es","potentialAction":[{"@type":"ReadAction","target":["https:\/\/www.siredwards.com\/es\/whisky-factory-2\/pasos-de-fabricacion\/el-ensamblaje\/"]}]},{"@type":"ImageObject","inLanguage":"es","@id":"https:\/\/www.siredwards.com\/es\/whisky-factory-2\/pasos-de-fabricacion\/el-ensamblaje\/#primaryimage","url":"https:\/\/www.siredwards.com\/wp-content\/uploads\/sites\/3\/2025\/12\/ensamblaje-whisky-escocia-sir-edwards-page.jpg","contentUrl":"https:\/\/www.siredwards.com\/wp-content\/uploads\/sites\/3\/2025\/12\/ensamblaje-whisky-escocia-sir-edwards-page.jpg","width":990,"height":340},{"@type":"BreadcrumbList","@id":"https:\/\/www.siredwards.com\/es\/whisky-factory-2\/pasos-de-fabricacion\/el-ensamblaje\/#breadcrumb","itemListElement":[{"@type":"ListItem","position":1,"name":"Home","item":"https:\/\/www.siredwards.com\/es\/en\/"},{"@type":"ListItem","position":2,"name":"Whisky factory","item":"https:\/\/www.siredwards.com\/es\/whisky-factory-2\/"},{"@type":"ListItem","position":3,"name":"Pasos de fabricaci\u00f3n","item":"https:\/\/www.siredwards.com\/es\/whisky-factory-2\/pasos-de-fabricacion\/"},{"@type":"ListItem","position":4,"name":"El ensamblaje"}]},{"@type":"WebSite","@id":"https:\/\/www.siredwards.com\/es\/en\/#website","url":"https:\/\/www.siredwards.com\/es\/en\/","name":"Sir Edwards EN","description":"","potentialAction":[{"@type":"SearchAction","target":{"@type":"EntryPoint","urlTemplate":"https:\/\/www.siredwards.com\/es\/en\/?s={search_term_string}"},"query-input":{"@type":"PropertyValueSpecification","valueRequired":true,"valueName":"search_term_string"}}],"inLanguage":"es"}]}},"_links":{"self":[{"href":"https:\/\/www.siredwards.com\/es\/wp-json\/wp\/v2\/pages\/22243","targetHints":{"allow":["GET"]}}],"collection":[{"href":"https:\/\/www.siredwards.com\/es\/wp-json\/wp\/v2\/pages"}],"about":[{"href":"https:\/\/www.siredwards.com\/es\/wp-json\/wp\/v2\/types\/page"}],"author":[{"embeddable":true,"href":"https:\/\/www.siredwards.com\/es\/wp-json\/wp\/v2\/users\/21683"}],"replies":[{"embeddable":true,"href":"https:\/\/www.siredwards.com\/es\/wp-json\/wp\/v2\/comments?post=22243"}],"version-history":[{"count":1,"href":"https:\/\/www.siredwards.com\/es\/wp-json\/wp\/v2\/pages\/22243\/revisions"}],"predecessor-version":[{"id":24888,"href":"https:\/\/www.siredwards.com\/es\/wp-json\/wp\/v2\/pages\/22243\/revisions\/24888"}],"up":[{"embeddable":true,"href":"https:\/\/www.siredwards.com\/es\/wp-json\/wp\/v2\/pages\/23629"}],"wp:featuredmedia":[{"embeddable":true,"href":"https:\/\/www.siredwards.com\/es\/wp-json\/wp\/v2\/media\/22244"}],"wp:attachment":[{"href":"https:\/\/www.siredwards.com\/es\/wp-json\/wp\/v2\/media?parent=22243"}],"curies":[{"name":"wp","href":"https:\/\/api.w.org\/{rel}","templated":true}]}}