{"id":22178,"date":"2015-05-20T13:00:37","date_gmt":"2015-05-20T11:00:37","guid":{"rendered":"https:\/\/www.siredwards.com\/los-mejores-maridajes-con-whisky\/"},"modified":"2015-05-20T13:00:37","modified_gmt":"2015-05-20T11:00:37","slug":"los-mejores-maridajes-con-whisky","status":"publish","type":"page","link":"https:\/\/www.siredwards.com\/es\/cocktails-room\/maridaje-con-whisky\/los-mejores-maridajes-con-whisky\/","title":{"rendered":"Los mejores maridajes con whisky"},"content":{"rendered":"<p style=\"text-align: center;\">El <strong>whisky escoc\u00e9s<\/strong> es el vivo reflejo de <strong><a href=\"https:\/\/es.siredwards.com\/video-la-tierra-del-whisky-sir-edwards\/\">los terru\u00f1os de Escocia<\/a><\/strong>. <!--more-->Para descubrir, pues, los mejores <strong>maridajes de alimentos y whisky<\/strong> hay que tener en cuenta <strong><a href=\"https:\/\/es.siredwards.com\/como-disfrutar-el-whisky\/maridaje-con-whisky\/el-whisky-la-estrella-en-la-nueva-cocina\/\">las especialidades escocesas<\/a><\/strong>. Degustar un whisky acompa\u00f1ado del popular <strong>plato escoc\u00e9s <\/strong><em><strong>haggis<\/strong>, <\/em>el est\u00f3mago de la oveja relleno de v\u00edsceras y condimentado, es una aut\u00e9ntica delicia.<\/p>\n<p style=\"text-align: center;\">Para un maridaje <strong>rico en sabores<\/strong>, es inevitable pensar en el <strong>salm\u00f3n escoc\u00e9s<\/strong>. Los <strong>pescados y las carnes ahumados<\/strong> tienen adem\u00e1s unos<strong> <a href=\"https:\/\/es.siredwards.com\/como-disfrutar-el-whisky\/los-aromas-del-whisky\/todos-los-aromas-de-escocia-en-el-whisky\/\">aromas<\/a> <\/strong>que suelen <strong>reflejar las notas ahumadas del whisky<\/strong>.<\/p>\n<p style=\"text-align: center;\">Los n\u00e9ctares escoceses destilados cerca del mar incorporan s<strong>utiles notas yodadas y saladas<\/strong>. Estos tipos de whisky combinan a la perfecci\u00f3n con cualquier producto del mar. Las <strong>gambas, las vieiras o las ostras adquieren<\/strong>, gracias al whisky, una dimensi\u00f3n propia.<\/p>\n<p style=\"text-align: center;\">Rico en <strong>aromas afrutados, especiados o amaderados<\/strong>, el whisky es tambi\u00e9n un excelente compa\u00f1ero a la hora de degustar <strong>quesos de calidad <\/strong>: <strong>Roquefort, Saint-Nectaire <\/strong>u<strong> Ossau-Iraty<\/strong>, son algunos de los quesos cuyo valor va en aumento si se degustan con whisky escoc\u00e9s.<\/p>\n","protected":false},"excerpt":{"rendered":"<p>El whisky escoc\u00e9s es el vivo reflejo de los terru\u00f1os de Escocia.<\/p>\n","protected":false},"author":21683,"featured_media":22179,"parent":22570,"menu_order":0,"comment_status":"open","ping_status":"open","template":"","meta":{"_acf_changed":false,"footnotes":""},"class_list":["post-22178","page","type-page","status-publish","has-post-thumbnail","hentry"],"acf":[],"yoast_head":"<!-- This site is optimized with the Yoast SEO plugin v27.3 - https:\/\/yoast.com\/product\/yoast-seo-wordpress\/ -->\n<title>Los mejores maridajes con whisky - Sir Edwards EN<\/title>\n<meta name=\"robots\" content=\"index, follow, max-snippet:-1, max-image-preview:large, max-video-preview:-1\" \/>\n<link rel=\"canonical\" href=\"https:\/\/www.siredwards.com\/es\/cocktails-room\/maridaje-con-whisky\/los-mejores-maridajes-con-whisky\/\" \/>\n<meta property=\"og:locale\" content=\"es_ES\" \/>\n<meta property=\"og:type\" content=\"article\" \/>\n<meta property=\"og:title\" content=\"Los mejores maridajes con whisky - Sir Edwards EN\" \/>\n<meta property=\"og:description\" content=\"El whisky escoc\u00e9s es el vivo reflejo de los terru\u00f1os de Escocia.\" \/>\n<meta property=\"og:url\" content=\"https:\/\/www.siredwards.com\/es\/cocktails-room\/maridaje-con-whisky\/los-mejores-maridajes-con-whisky\/\" \/>\n<meta property=\"og:site_name\" content=\"Sir Edwards EN\" \/>\n<meta property=\"og:image\" content=\"https:\/\/www.siredwards.fr\/wp-content\/uploads\/sites\/3\/2025\/12\/mets-et-whisky-les-alliances-reussies-sir-edwards-page1-5.jpg\" \/>\n\t<meta property=\"og:image:width\" content=\"990\" \/>\n\t<meta property=\"og:image:height\" content=\"340\" \/>\n\t<meta property=\"og:image:type\" content=\"image\/jpeg\" \/>\n<meta name=\"twitter:card\" content=\"summary_large_image\" \/>\n<meta name=\"twitter:label1\" content=\"Tiempo de lectura\" \/>\n\t<meta name=\"twitter:data1\" content=\"1 minuto\" \/>\n<script type=\"application\/ld+json\" class=\"yoast-schema-graph\">{\"@context\":\"https:\\\/\\\/schema.org\",\"@graph\":[{\"@type\":\"WebPage\",\"@id\":\"https:\\\/\\\/www.siredwards.com\\\/es\\\/cocktails-room\\\/maridaje-con-whisky\\\/los-mejores-maridajes-con-whisky\\\/\",\"url\":\"https:\\\/\\\/www.siredwards.com\\\/es\\\/cocktails-room\\\/maridaje-con-whisky\\\/los-mejores-maridajes-con-whisky\\\/\",\"name\":\"Los mejores maridajes con whisky - Sir Edwards EN\",\"isPartOf\":{\"@id\":\"https:\\\/\\\/www.siredwards.com\\\/es\\\/en\\\/#website\"},\"primaryImageOfPage\":{\"@id\":\"https:\\\/\\\/www.siredwards.com\\\/es\\\/cocktails-room\\\/maridaje-con-whisky\\\/los-mejores-maridajes-con-whisky\\\/#primaryimage\"},\"image\":{\"@id\":\"https:\\\/\\\/www.siredwards.com\\\/es\\\/cocktails-room\\\/maridaje-con-whisky\\\/los-mejores-maridajes-con-whisky\\\/#primaryimage\"},\"thumbnailUrl\":\"https:\\\/\\\/www.siredwards.com\\\/wp-content\\\/uploads\\\/sites\\\/3\\\/2025\\\/12\\\/mets-et-whisky-les-alliances-reussies-sir-edwards-page1-5.jpg\",\"datePublished\":\"2015-05-20T11:00:37+00:00\",\"breadcrumb\":{\"@id\":\"https:\\\/\\\/www.siredwards.com\\\/es\\\/cocktails-room\\\/maridaje-con-whisky\\\/los-mejores-maridajes-con-whisky\\\/#breadcrumb\"},\"inLanguage\":\"es\",\"potentialAction\":[{\"@type\":\"ReadAction\",\"target\":[\"https:\\\/\\\/www.siredwards.com\\\/es\\\/cocktails-room\\\/maridaje-con-whisky\\\/los-mejores-maridajes-con-whisky\\\/\"]}]},{\"@type\":\"ImageObject\",\"inLanguage\":\"es\",\"@id\":\"https:\\\/\\\/www.siredwards.com\\\/es\\\/cocktails-room\\\/maridaje-con-whisky\\\/los-mejores-maridajes-con-whisky\\\/#primaryimage\",\"url\":\"https:\\\/\\\/www.siredwards.com\\\/wp-content\\\/uploads\\\/sites\\\/3\\\/2025\\\/12\\\/mets-et-whisky-les-alliances-reussies-sir-edwards-page1-5.jpg\",\"contentUrl\":\"https:\\\/\\\/www.siredwards.com\\\/wp-content\\\/uploads\\\/sites\\\/3\\\/2025\\\/12\\\/mets-et-whisky-les-alliances-reussies-sir-edwards-page1-5.jpg\",\"width\":990,\"height\":340,\"caption\":\"Mets et whisky, les alliances r\u00e9ussies\"},{\"@type\":\"BreadcrumbList\",\"@id\":\"https:\\\/\\\/www.siredwards.com\\\/es\\\/cocktails-room\\\/maridaje-con-whisky\\\/los-mejores-maridajes-con-whisky\\\/#breadcrumb\",\"itemListElement\":[{\"@type\":\"ListItem\",\"position\":1,\"name\":\"Home\",\"item\":\"https:\\\/\\\/www.siredwards.com\\\/es\\\/en\\\/\"},{\"@type\":\"ListItem\",\"position\":2,\"name\":\"Cocktails room\",\"item\":\"https:\\\/\\\/www.siredwards.com\\\/es\\\/cocktails-room\\\/\"},{\"@type\":\"ListItem\",\"position\":3,\"name\":\"Maridaje con whisky\",\"item\":\"https:\\\/\\\/www.siredwards.com\\\/es\\\/cocktails-room\\\/maridaje-con-whisky\\\/\"},{\"@type\":\"ListItem\",\"position\":4,\"name\":\"Los mejores maridajes con whisky\"}]},{\"@type\":\"WebSite\",\"@id\":\"https:\\\/\\\/www.siredwards.com\\\/es\\\/en\\\/#website\",\"url\":\"https:\\\/\\\/www.siredwards.com\\\/es\\\/en\\\/\",\"name\":\"Sir Edwards EN\",\"description\":\"\",\"potentialAction\":[{\"@type\":\"SearchAction\",\"target\":{\"@type\":\"EntryPoint\",\"urlTemplate\":\"https:\\\/\\\/www.siredwards.com\\\/es\\\/en\\\/?s={search_term_string}\"},\"query-input\":{\"@type\":\"PropertyValueSpecification\",\"valueRequired\":true,\"valueName\":\"search_term_string\"}}],\"inLanguage\":\"es\"}]}<\/script>\n<!-- \/ Yoast SEO plugin. -->","yoast_head_json":{"title":"Los mejores maridajes con whisky - Sir Edwards EN","robots":{"index":"index","follow":"follow","max-snippet":"max-snippet:-1","max-image-preview":"max-image-preview:large","max-video-preview":"max-video-preview:-1"},"canonical":"https:\/\/www.siredwards.com\/es\/cocktails-room\/maridaje-con-whisky\/los-mejores-maridajes-con-whisky\/","og_locale":"es_ES","og_type":"article","og_title":"Los mejores maridajes con whisky - Sir Edwards EN","og_description":"El whisky escoc\u00e9s es el vivo reflejo de los terru\u00f1os de Escocia.","og_url":"https:\/\/www.siredwards.com\/es\/cocktails-room\/maridaje-con-whisky\/los-mejores-maridajes-con-whisky\/","og_site_name":"Sir Edwards EN","og_image":[{"width":990,"height":340,"url":"https:\/\/www.siredwards.fr\/wp-content\/uploads\/sites\/3\/2025\/12\/mets-et-whisky-les-alliances-reussies-sir-edwards-page1-5.jpg","type":"image\/jpeg"}],"twitter_card":"summary_large_image","twitter_misc":{"Tiempo de lectura":"1 minuto"},"schema":{"@context":"https:\/\/schema.org","@graph":[{"@type":"WebPage","@id":"https:\/\/www.siredwards.com\/es\/cocktails-room\/maridaje-con-whisky\/los-mejores-maridajes-con-whisky\/","url":"https:\/\/www.siredwards.com\/es\/cocktails-room\/maridaje-con-whisky\/los-mejores-maridajes-con-whisky\/","name":"Los mejores maridajes con whisky - Sir Edwards EN","isPartOf":{"@id":"https:\/\/www.siredwards.com\/es\/en\/#website"},"primaryImageOfPage":{"@id":"https:\/\/www.siredwards.com\/es\/cocktails-room\/maridaje-con-whisky\/los-mejores-maridajes-con-whisky\/#primaryimage"},"image":{"@id":"https:\/\/www.siredwards.com\/es\/cocktails-room\/maridaje-con-whisky\/los-mejores-maridajes-con-whisky\/#primaryimage"},"thumbnailUrl":"https:\/\/www.siredwards.com\/wp-content\/uploads\/sites\/3\/2025\/12\/mets-et-whisky-les-alliances-reussies-sir-edwards-page1-5.jpg","datePublished":"2015-05-20T11:00:37+00:00","breadcrumb":{"@id":"https:\/\/www.siredwards.com\/es\/cocktails-room\/maridaje-con-whisky\/los-mejores-maridajes-con-whisky\/#breadcrumb"},"inLanguage":"es","potentialAction":[{"@type":"ReadAction","target":["https:\/\/www.siredwards.com\/es\/cocktails-room\/maridaje-con-whisky\/los-mejores-maridajes-con-whisky\/"]}]},{"@type":"ImageObject","inLanguage":"es","@id":"https:\/\/www.siredwards.com\/es\/cocktails-room\/maridaje-con-whisky\/los-mejores-maridajes-con-whisky\/#primaryimage","url":"https:\/\/www.siredwards.com\/wp-content\/uploads\/sites\/3\/2025\/12\/mets-et-whisky-les-alliances-reussies-sir-edwards-page1-5.jpg","contentUrl":"https:\/\/www.siredwards.com\/wp-content\/uploads\/sites\/3\/2025\/12\/mets-et-whisky-les-alliances-reussies-sir-edwards-page1-5.jpg","width":990,"height":340,"caption":"Mets et whisky, les alliances r\u00e9ussies"},{"@type":"BreadcrumbList","@id":"https:\/\/www.siredwards.com\/es\/cocktails-room\/maridaje-con-whisky\/los-mejores-maridajes-con-whisky\/#breadcrumb","itemListElement":[{"@type":"ListItem","position":1,"name":"Home","item":"https:\/\/www.siredwards.com\/es\/en\/"},{"@type":"ListItem","position":2,"name":"Cocktails room","item":"https:\/\/www.siredwards.com\/es\/cocktails-room\/"},{"@type":"ListItem","position":3,"name":"Maridaje con whisky","item":"https:\/\/www.siredwards.com\/es\/cocktails-room\/maridaje-con-whisky\/"},{"@type":"ListItem","position":4,"name":"Los mejores maridajes con whisky"}]},{"@type":"WebSite","@id":"https:\/\/www.siredwards.com\/es\/en\/#website","url":"https:\/\/www.siredwards.com\/es\/en\/","name":"Sir Edwards EN","description":"","potentialAction":[{"@type":"SearchAction","target":{"@type":"EntryPoint","urlTemplate":"https:\/\/www.siredwards.com\/es\/en\/?s={search_term_string}"},"query-input":{"@type":"PropertyValueSpecification","valueRequired":true,"valueName":"search_term_string"}}],"inLanguage":"es"}]}},"_links":{"self":[{"href":"https:\/\/www.siredwards.com\/es\/wp-json\/wp\/v2\/pages\/22178","targetHints":{"allow":["GET"]}}],"collection":[{"href":"https:\/\/www.siredwards.com\/es\/wp-json\/wp\/v2\/pages"}],"about":[{"href":"https:\/\/www.siredwards.com\/es\/wp-json\/wp\/v2\/types\/page"}],"author":[{"embeddable":true,"href":"https:\/\/www.siredwards.com\/es\/wp-json\/wp\/v2\/users\/21683"}],"replies":[{"embeddable":true,"href":"https:\/\/www.siredwards.com\/es\/wp-json\/wp\/v2\/comments?post=22178"}],"version-history":[{"count":0,"href":"https:\/\/www.siredwards.com\/es\/wp-json\/wp\/v2\/pages\/22178\/revisions"}],"up":[{"embeddable":true,"href":"https:\/\/www.siredwards.com\/es\/wp-json\/wp\/v2\/pages\/22570"}],"wp:featuredmedia":[{"embeddable":true,"href":"https:\/\/www.siredwards.com\/es\/wp-json\/wp\/v2\/media\/22179"}],"wp:attachment":[{"href":"https:\/\/www.siredwards.com\/es\/wp-json\/wp\/v2\/media?parent=22178"}],"curies":[{"name":"wp","href":"https:\/\/api.w.org\/{rel}","templated":true}]}}