{"id":21998,"date":"2015-05-28T09:52:56","date_gmt":"2015-05-28T07:52:56","guid":{"rendered":"https:\/\/www.siredwards.com\/los-mejores-momentos-para-disfrutar-un-whisky\/"},"modified":"2015-05-28T09:52:56","modified_gmt":"2015-05-28T07:52:56","slug":"los-mejores-momentos-para-disfrutar-un-whisky","status":"publish","type":"page","link":"https:\/\/www.siredwards.com\/es\/cocktails-room\/la-cata-escocesa-del-whisky\/los-mejores-momentos-para-disfrutar-un-whisky\/","title":{"rendered":"Los mejores momentos para disfrutar un whisky"},"content":{"rendered":"<p>Esta <strong><a href=\"https:\/\/es.siredwards.com\/descubra-el-universo-del-whisky\/tradicion-y-autenticidad-del-whisky-escoces\/el-caracter-del-whisky\/\">bebida rebosante de personalidad<\/a><\/strong>, se puede degustar tanto en un <strong>aperitivo<\/strong> como en una <strong>cena<\/strong>. <!--more-->Simplemente hay que tener el <strong>vaso<\/strong> <strong>adecuado<\/strong>.  El <strong>vaso ancho<\/strong> que aparece con frecuencia en las pel\u00edculas americanas, no es en realidad el m\u00e1s utilizado.  Para degustar correctamente un whisky escoc\u00e9s, <strong>la mejor opci\u00f3n es una copa de vino<\/strong>. Sorprendente, \u00bfverdad? La forma de tulip\u00e1n de la copa <strong>concentra los <a href=\"https:\/\/es.siredwards.com\/como-disfrutar-el-whisky\/los-aromas-del-whisky\/todos-los-aromas-de-escocia-en-el-whisky\/\">aromas<\/a><\/strong> y permite ofrecerlos en todo su esplendor al degustador.  El pie de <strong>la copa evita tambi\u00e9n que las manos calienten el l\u00edquido<\/strong> y el whisky se mantenga a temperatura ambiente <strong>preservando todos sus matices<\/strong>.  De todas formas, el whisky<strong> no se consume \u00fanicamente solo<\/strong>. Constituye tambi\u00e9n<strong> una excelente base para elaborar <a href=\"https:\/\/es.siredwards.com\/como-disfrutar-el-whisky\/los-mix-ideales-con-whisky\/\">c\u00f3cteles<\/a><\/strong>.  El famoso <strong>vaso alto o <em><strong>tu<\/strong>mbler<\/em><\/strong> que utiliza <strong>James Bond<\/strong> es perfecto para servir combinados, desde los m\u00e1s cl\u00e1sicos a los m\u00e1s innovadores.  Estos vasos permiten <strong>a\u00f1adir whisky<\/strong>, <strong>bebidas para mezclar y cubitos de hielo<\/strong> antes de usar la coctelera.<\/p>\n","protected":false},"excerpt":{"rendered":"<p>Esta bebida rebosante de personalidad, se puede degustar tanto en un aperitivo como en una cena.<\/p>\n","protected":false},"author":21683,"featured_media":21999,"parent":22032,"menu_order":0,"comment_status":"open","ping_status":"open","template":"","meta":{"_acf_changed":false,"footnotes":""},"class_list":["post-21998","page","type-page","status-publish","has-post-thumbnail","hentry"],"acf":[],"yoast_head":"<!-- This site is optimized with the Yoast SEO plugin v27.3 - https:\/\/yoast.com\/product\/yoast-seo-wordpress\/ -->\n<title>Los mejores momentos para disfrutar un whisky - Sir Edwards EN<\/title>\n<meta name=\"robots\" content=\"index, follow, max-snippet:-1, max-image-preview:large, max-video-preview:-1\" \/>\n<link rel=\"canonical\" href=\"https:\/\/www.siredwards.com\/es\/cocktails-room\/la-cata-escocesa-del-whisky\/los-mejores-momentos-para-disfrutar-un-whisky\/\" \/>\n<meta property=\"og:locale\" content=\"es_ES\" \/>\n<meta property=\"og:type\" content=\"article\" \/>\n<meta property=\"og:title\" content=\"Los mejores momentos para disfrutar un whisky - Sir Edwards EN\" \/>\n<meta property=\"og:description\" content=\"Esta bebida rebosante de personalidad, se puede degustar tanto en un aperitivo como en una cena.\" \/>\n<meta property=\"og:url\" content=\"https:\/\/www.siredwards.com\/es\/cocktails-room\/la-cata-escocesa-del-whisky\/los-mejores-momentos-para-disfrutar-un-whisky\/\" \/>\n<meta property=\"og:site_name\" content=\"Sir Edwards EN\" \/>\n<meta property=\"og:image\" content=\"https:\/\/www.siredwards.fr\/wp-content\/uploads\/sites\/3\/2025\/12\/les-moments-propices-a-la-degustation-du-whisky-sir-edwards-page1-5.jpg\" \/>\n\t<meta property=\"og:image:width\" content=\"990\" \/>\n\t<meta property=\"og:image:height\" content=\"340\" \/>\n\t<meta property=\"og:image:type\" content=\"image\/jpeg\" \/>\n<meta name=\"twitter:card\" content=\"summary_large_image\" \/>\n<meta name=\"twitter:label1\" content=\"Tiempo de lectura\" \/>\n\t<meta name=\"twitter:data1\" content=\"1 minuto\" \/>\n<script type=\"application\/ld+json\" class=\"yoast-schema-graph\">{\"@context\":\"https:\\\/\\\/schema.org\",\"@graph\":[{\"@type\":\"WebPage\",\"@id\":\"https:\\\/\\\/www.siredwards.com\\\/es\\\/cocktails-room\\\/la-cata-escocesa-del-whisky\\\/los-mejores-momentos-para-disfrutar-un-whisky\\\/\",\"url\":\"https:\\\/\\\/www.siredwards.com\\\/es\\\/cocktails-room\\\/la-cata-escocesa-del-whisky\\\/los-mejores-momentos-para-disfrutar-un-whisky\\\/\",\"name\":\"Los mejores momentos para disfrutar un whisky - Sir Edwards EN\",\"isPartOf\":{\"@id\":\"https:\\\/\\\/www.siredwards.com\\\/es\\\/en\\\/#website\"},\"primaryImageOfPage\":{\"@id\":\"https:\\\/\\\/www.siredwards.com\\\/es\\\/cocktails-room\\\/la-cata-escocesa-del-whisky\\\/los-mejores-momentos-para-disfrutar-un-whisky\\\/#primaryimage\"},\"image\":{\"@id\":\"https:\\\/\\\/www.siredwards.com\\\/es\\\/cocktails-room\\\/la-cata-escocesa-del-whisky\\\/los-mejores-momentos-para-disfrutar-un-whisky\\\/#primaryimage\"},\"thumbnailUrl\":\"https:\\\/\\\/www.siredwards.com\\\/wp-content\\\/uploads\\\/sites\\\/3\\\/2025\\\/12\\\/les-moments-propices-a-la-degustation-du-whisky-sir-edwards-page1-5.jpg\",\"datePublished\":\"2015-05-28T07:52:56+00:00\",\"breadcrumb\":{\"@id\":\"https:\\\/\\\/www.siredwards.com\\\/es\\\/cocktails-room\\\/la-cata-escocesa-del-whisky\\\/los-mejores-momentos-para-disfrutar-un-whisky\\\/#breadcrumb\"},\"inLanguage\":\"es\",\"potentialAction\":[{\"@type\":\"ReadAction\",\"target\":[\"https:\\\/\\\/www.siredwards.com\\\/es\\\/cocktails-room\\\/la-cata-escocesa-del-whisky\\\/los-mejores-momentos-para-disfrutar-un-whisky\\\/\"]}]},{\"@type\":\"ImageObject\",\"inLanguage\":\"es\",\"@id\":\"https:\\\/\\\/www.siredwards.com\\\/es\\\/cocktails-room\\\/la-cata-escocesa-del-whisky\\\/los-mejores-momentos-para-disfrutar-un-whisky\\\/#primaryimage\",\"url\":\"https:\\\/\\\/www.siredwards.com\\\/wp-content\\\/uploads\\\/sites\\\/3\\\/2025\\\/12\\\/les-moments-propices-a-la-degustation-du-whisky-sir-edwards-page1-5.jpg\",\"contentUrl\":\"https:\\\/\\\/www.siredwards.com\\\/wp-content\\\/uploads\\\/sites\\\/3\\\/2025\\\/12\\\/les-moments-propices-a-la-degustation-du-whisky-sir-edwards-page1-5.jpg\",\"width\":990,\"height\":340,\"caption\":\"Les moments propices \u00e0 la d\u00e9gustation du whisky\"},{\"@type\":\"BreadcrumbList\",\"@id\":\"https:\\\/\\\/www.siredwards.com\\\/es\\\/cocktails-room\\\/la-cata-escocesa-del-whisky\\\/los-mejores-momentos-para-disfrutar-un-whisky\\\/#breadcrumb\",\"itemListElement\":[{\"@type\":\"ListItem\",\"position\":1,\"name\":\"Home\",\"item\":\"https:\\\/\\\/www.siredwards.com\\\/es\\\/en\\\/\"},{\"@type\":\"ListItem\",\"position\":2,\"name\":\"Cocktails room\",\"item\":\"https:\\\/\\\/www.siredwards.com\\\/es\\\/cocktails-room\\\/\"},{\"@type\":\"ListItem\",\"position\":3,\"name\":\"La cata escocesa del whisky\",\"item\":\"https:\\\/\\\/www.siredwards.com\\\/es\\\/cocktails-recettes\\\/la-degustation-ecossaise-du-whisky\\\/\"},{\"@type\":\"ListItem\",\"position\":4,\"name\":\"Los mejores momentos para disfrutar un whisky\"}]},{\"@type\":\"WebSite\",\"@id\":\"https:\\\/\\\/www.siredwards.com\\\/es\\\/en\\\/#website\",\"url\":\"https:\\\/\\\/www.siredwards.com\\\/es\\\/en\\\/\",\"name\":\"Sir Edwards EN\",\"description\":\"\",\"potentialAction\":[{\"@type\":\"SearchAction\",\"target\":{\"@type\":\"EntryPoint\",\"urlTemplate\":\"https:\\\/\\\/www.siredwards.com\\\/es\\\/en\\\/?s={search_term_string}\"},\"query-input\":{\"@type\":\"PropertyValueSpecification\",\"valueRequired\":true,\"valueName\":\"search_term_string\"}}],\"inLanguage\":\"es\"}]}<\/script>\n<!-- \/ Yoast SEO plugin. -->","yoast_head_json":{"title":"Los mejores momentos para disfrutar un whisky - Sir Edwards EN","robots":{"index":"index","follow":"follow","max-snippet":"max-snippet:-1","max-image-preview":"max-image-preview:large","max-video-preview":"max-video-preview:-1"},"canonical":"https:\/\/www.siredwards.com\/es\/cocktails-room\/la-cata-escocesa-del-whisky\/los-mejores-momentos-para-disfrutar-un-whisky\/","og_locale":"es_ES","og_type":"article","og_title":"Los mejores momentos para disfrutar un whisky - Sir Edwards EN","og_description":"Esta bebida rebosante de personalidad, se puede degustar tanto en un aperitivo como en una cena.","og_url":"https:\/\/www.siredwards.com\/es\/cocktails-room\/la-cata-escocesa-del-whisky\/los-mejores-momentos-para-disfrutar-un-whisky\/","og_site_name":"Sir Edwards EN","og_image":[{"width":990,"height":340,"url":"https:\/\/www.siredwards.fr\/wp-content\/uploads\/sites\/3\/2025\/12\/les-moments-propices-a-la-degustation-du-whisky-sir-edwards-page1-5.jpg","type":"image\/jpeg"}],"twitter_card":"summary_large_image","twitter_misc":{"Tiempo de lectura":"1 minuto"},"schema":{"@context":"https:\/\/schema.org","@graph":[{"@type":"WebPage","@id":"https:\/\/www.siredwards.com\/es\/cocktails-room\/la-cata-escocesa-del-whisky\/los-mejores-momentos-para-disfrutar-un-whisky\/","url":"https:\/\/www.siredwards.com\/es\/cocktails-room\/la-cata-escocesa-del-whisky\/los-mejores-momentos-para-disfrutar-un-whisky\/","name":"Los mejores momentos para disfrutar un whisky - Sir Edwards EN","isPartOf":{"@id":"https:\/\/www.siredwards.com\/es\/en\/#website"},"primaryImageOfPage":{"@id":"https:\/\/www.siredwards.com\/es\/cocktails-room\/la-cata-escocesa-del-whisky\/los-mejores-momentos-para-disfrutar-un-whisky\/#primaryimage"},"image":{"@id":"https:\/\/www.siredwards.com\/es\/cocktails-room\/la-cata-escocesa-del-whisky\/los-mejores-momentos-para-disfrutar-un-whisky\/#primaryimage"},"thumbnailUrl":"https:\/\/www.siredwards.com\/wp-content\/uploads\/sites\/3\/2025\/12\/les-moments-propices-a-la-degustation-du-whisky-sir-edwards-page1-5.jpg","datePublished":"2015-05-28T07:52:56+00:00","breadcrumb":{"@id":"https:\/\/www.siredwards.com\/es\/cocktails-room\/la-cata-escocesa-del-whisky\/los-mejores-momentos-para-disfrutar-un-whisky\/#breadcrumb"},"inLanguage":"es","potentialAction":[{"@type":"ReadAction","target":["https:\/\/www.siredwards.com\/es\/cocktails-room\/la-cata-escocesa-del-whisky\/los-mejores-momentos-para-disfrutar-un-whisky\/"]}]},{"@type":"ImageObject","inLanguage":"es","@id":"https:\/\/www.siredwards.com\/es\/cocktails-room\/la-cata-escocesa-del-whisky\/los-mejores-momentos-para-disfrutar-un-whisky\/#primaryimage","url":"https:\/\/www.siredwards.com\/wp-content\/uploads\/sites\/3\/2025\/12\/les-moments-propices-a-la-degustation-du-whisky-sir-edwards-page1-5.jpg","contentUrl":"https:\/\/www.siredwards.com\/wp-content\/uploads\/sites\/3\/2025\/12\/les-moments-propices-a-la-degustation-du-whisky-sir-edwards-page1-5.jpg","width":990,"height":340,"caption":"Les moments propices \u00e0 la d\u00e9gustation du whisky"},{"@type":"BreadcrumbList","@id":"https:\/\/www.siredwards.com\/es\/cocktails-room\/la-cata-escocesa-del-whisky\/los-mejores-momentos-para-disfrutar-un-whisky\/#breadcrumb","itemListElement":[{"@type":"ListItem","position":1,"name":"Home","item":"https:\/\/www.siredwards.com\/es\/en\/"},{"@type":"ListItem","position":2,"name":"Cocktails room","item":"https:\/\/www.siredwards.com\/es\/cocktails-room\/"},{"@type":"ListItem","position":3,"name":"La cata escocesa del whisky","item":"https:\/\/www.siredwards.com\/es\/cocktails-recettes\/la-degustation-ecossaise-du-whisky\/"},{"@type":"ListItem","position":4,"name":"Los mejores momentos para disfrutar un whisky"}]},{"@type":"WebSite","@id":"https:\/\/www.siredwards.com\/es\/en\/#website","url":"https:\/\/www.siredwards.com\/es\/en\/","name":"Sir Edwards EN","description":"","potentialAction":[{"@type":"SearchAction","target":{"@type":"EntryPoint","urlTemplate":"https:\/\/www.siredwards.com\/es\/en\/?s={search_term_string}"},"query-input":{"@type":"PropertyValueSpecification","valueRequired":true,"valueName":"search_term_string"}}],"inLanguage":"es"}]}},"_links":{"self":[{"href":"https:\/\/www.siredwards.com\/es\/wp-json\/wp\/v2\/pages\/21998","targetHints":{"allow":["GET"]}}],"collection":[{"href":"https:\/\/www.siredwards.com\/es\/wp-json\/wp\/v2\/pages"}],"about":[{"href":"https:\/\/www.siredwards.com\/es\/wp-json\/wp\/v2\/types\/page"}],"author":[{"embeddable":true,"href":"https:\/\/www.siredwards.com\/es\/wp-json\/wp\/v2\/users\/21683"}],"replies":[{"embeddable":true,"href":"https:\/\/www.siredwards.com\/es\/wp-json\/wp\/v2\/comments?post=21998"}],"version-history":[{"count":0,"href":"https:\/\/www.siredwards.com\/es\/wp-json\/wp\/v2\/pages\/21998\/revisions"}],"up":[{"embeddable":true,"href":"https:\/\/www.siredwards.com\/es\/wp-json\/wp\/v2\/pages\/22032"}],"wp:featuredmedia":[{"embeddable":true,"href":"https:\/\/www.siredwards.com\/es\/wp-json\/wp\/v2\/media\/21999"}],"wp:attachment":[{"href":"https:\/\/www.siredwards.com\/es\/wp-json\/wp\/v2\/media?parent=21998"}],"curies":[{"name":"wp","href":"https:\/\/api.w.org\/{rel}","templated":true}]}}