{"id":21966,"date":"2014-05-15T16:26:42","date_gmt":"2014-05-15T14:26:42","guid":{"rendered":"https:\/\/www.siredwards.com\/presentacion-del-whisky-escoces\/"},"modified":"2026-01-06T10:23:10","modified_gmt":"2026-01-06T09:23:10","slug":"presentacion-del-whisky-escoces","status":"publish","type":"page","link":"https:\/\/www.siredwards.com\/es\/terroir-y-territorio\/presentacion-del-whisky-escoces\/","title":{"rendered":"Presentaci\u00f3n del whisky escoc\u00e9s"},"content":{"rendered":"<p style=\"text-align: center;\">Heredero de una larga <strong>tradici\u00f3n<\/strong>, el whisky escoc\u00e9s hunde sus ra\u00edces en un pasado lejano. <strong>Universal<\/strong> y <strong>moderno<\/strong>, este <strong>n\u00e9ctar<\/strong> de abundantes <strong>aromas<\/strong> sabe c\u00f3mo conectar con el mundo entero.<\/p>\n<p style=\"text-align: center;\">Tanto si procede del <strong>valle de Spey<\/strong> como si se ensambla en las riberas de las tierras altas, el whisky es un reflejo de la majestuosidad de los <strong>terru\u00f1os<\/strong> que le han visto nacer.<\/p>\n<p style=\"text-align: center;\">De notas <strong>turbadas<\/strong>, <strong>ahumadas<\/strong> o <strong>herb\u00e1ceas<\/strong>, este emblema de las tierras del fin del mundo despierta los sentidos y sorprende por su personalidad. Al igual que el pueblo escoc\u00e9s, se muestra delicado y generoso.<\/p>\n<p style=\"text-align: center;\">Elaborado a partir de una <strong>cuidadosa selecci\u00f3n de la cebada<\/strong>, el whisky adquiere sus propiedades gracias a unas manos expertas que atesoran el secreto del ensamblaje perfecto.<\/p>\n<p style=\"text-align: center;\">Su paulatino a\u00f1ejamiento en un territorio azotado por los vientos del mar del Norte, le confieren un abanico de <strong>aromas<\/strong> infinito. De matices dorados y ambarinos, el color del whisky es un tesoro que refleja con suavidad el tibio sol escoc\u00e9s.<\/p>\n","protected":false},"excerpt":{"rendered":"<p>Heredero de una larga tradici\u00f3n, el whisky escoc\u00e9s hunde sus ra\u00edces en un pasado lejano. Universal y moderno, este n\u00e9ctar de abundantes aromas sabe c\u00f3mo conectar con el mundo entero. Tanto si procede del valle de Spey como si se ensambla en las riberas de las tierras altas, el whisky es un reflejo de la [&hellip;]<\/p>\n","protected":false},"author":21683,"featured_media":21967,"parent":23684,"menu_order":1,"comment_status":"open","ping_status":"open","template":"","meta":{"_acf_changed":false,"footnotes":""},"class_list":["post-21966","page","type-page","status-publish","has-post-thumbnail","hentry"],"acf":[],"yoast_head":"<!-- This site is optimized with the Yoast SEO plugin v27.3 - https:\/\/yoast.com\/product\/yoast-seo-wordpress\/ -->\n<title>Presentaci\u00f3n del whisky escoc\u00e9s - Sir Edwards EN<\/title>\n<meta name=\"robots\" content=\"index, follow, max-snippet:-1, max-image-preview:large, max-video-preview:-1\" \/>\n<link rel=\"canonical\" href=\"https:\/\/www.siredwards.com\/es\/terroir-y-territorio\/presentacion-del-whisky-escoces\/\" \/>\n<meta property=\"og:locale\" content=\"es_ES\" \/>\n<meta property=\"og:type\" content=\"article\" \/>\n<meta property=\"og:title\" content=\"Presentaci\u00f3n del whisky escoc\u00e9s - Sir Edwards EN\" \/>\n<meta property=\"og:description\" content=\"Heredero de una larga tradici\u00f3n, el whisky escoc\u00e9s hunde sus ra\u00edces en un pasado lejano. Universal y moderno, este n\u00e9ctar de abundantes aromas sabe c\u00f3mo conectar con el mundo entero. Tanto si procede del valle de Spey como si se ensambla en las riberas de las tierras altas, el whisky es un reflejo de la [&hellip;]\" \/>\n<meta property=\"og:url\" content=\"https:\/\/www.siredwards.com\/es\/terroir-y-territorio\/presentacion-del-whisky-escoces\/\" \/>\n<meta property=\"og:site_name\" content=\"Sir Edwards EN\" \/>\n<meta property=\"article:modified_time\" content=\"2026-01-06T09:23:10+00:00\" \/>\n<meta property=\"og:image\" content=\"https:\/\/www.siredwards.com\/wp-content\/uploads\/sites\/3\/2025\/12\/whisky-escoces-4-scaled.jpeg\" \/>\n\t<meta property=\"og:image:width\" content=\"2560\" \/>\n\t<meta property=\"og:image:height\" content=\"1782\" \/>\n\t<meta property=\"og:image:type\" content=\"image\/jpeg\" \/>\n<meta name=\"twitter:card\" content=\"summary_large_image\" \/>\n<meta name=\"twitter:label1\" content=\"Tiempo de lectura\" \/>\n\t<meta name=\"twitter:data1\" content=\"2 minutos\" \/>\n<script type=\"application\/ld+json\" class=\"yoast-schema-graph\">{\"@context\":\"https:\\\/\\\/schema.org\",\"@graph\":[{\"@type\":\"WebPage\",\"@id\":\"https:\\\/\\\/www.siredwards.com\\\/es\\\/terroir-y-territorio\\\/presentacion-del-whisky-escoces\\\/\",\"url\":\"https:\\\/\\\/www.siredwards.com\\\/es\\\/terroir-y-territorio\\\/presentacion-del-whisky-escoces\\\/\",\"name\":\"Presentaci\u00f3n del whisky escoc\u00e9s - Sir Edwards EN\",\"isPartOf\":{\"@id\":\"https:\\\/\\\/www.siredwards.com\\\/es\\\/en\\\/#website\"},\"primaryImageOfPage\":{\"@id\":\"https:\\\/\\\/www.siredwards.com\\\/es\\\/terroir-y-territorio\\\/presentacion-del-whisky-escoces\\\/#primaryimage\"},\"image\":{\"@id\":\"https:\\\/\\\/www.siredwards.com\\\/es\\\/terroir-y-territorio\\\/presentacion-del-whisky-escoces\\\/#primaryimage\"},\"thumbnailUrl\":\"https:\\\/\\\/www.siredwards.com\\\/wp-content\\\/uploads\\\/sites\\\/3\\\/2025\\\/12\\\/whisky-escoces-4-scaled.jpeg\",\"datePublished\":\"2014-05-15T14:26:42+00:00\",\"dateModified\":\"2026-01-06T09:23:10+00:00\",\"breadcrumb\":{\"@id\":\"https:\\\/\\\/www.siredwards.com\\\/es\\\/terroir-y-territorio\\\/presentacion-del-whisky-escoces\\\/#breadcrumb\"},\"inLanguage\":\"es\",\"potentialAction\":[{\"@type\":\"ReadAction\",\"target\":[\"https:\\\/\\\/www.siredwards.com\\\/es\\\/terroir-y-territorio\\\/presentacion-del-whisky-escoces\\\/\"]}]},{\"@type\":\"ImageObject\",\"inLanguage\":\"es\",\"@id\":\"https:\\\/\\\/www.siredwards.com\\\/es\\\/terroir-y-territorio\\\/presentacion-del-whisky-escoces\\\/#primaryimage\",\"url\":\"https:\\\/\\\/www.siredwards.com\\\/wp-content\\\/uploads\\\/sites\\\/3\\\/2025\\\/12\\\/whisky-escoces-4-scaled.jpeg\",\"contentUrl\":\"https:\\\/\\\/www.siredwards.com\\\/wp-content\\\/uploads\\\/sites\\\/3\\\/2025\\\/12\\\/whisky-escoces-4-scaled.jpeg\",\"width\":2560,\"height\":1782,\"caption\":\"whisky escoces\"},{\"@type\":\"BreadcrumbList\",\"@id\":\"https:\\\/\\\/www.siredwards.com\\\/es\\\/terroir-y-territorio\\\/presentacion-del-whisky-escoces\\\/#breadcrumb\",\"itemListElement\":[{\"@type\":\"ListItem\",\"position\":1,\"name\":\"Home\",\"item\":\"https:\\\/\\\/www.siredwards.com\\\/es\\\/en\\\/\"},{\"@type\":\"ListItem\",\"position\":2,\"name\":\"Terroir y territorio\",\"item\":\"https:\\\/\\\/www.siredwards.com\\\/es\\\/terroir-y-territorio\\\/\"},{\"@type\":\"ListItem\",\"position\":3,\"name\":\"Presentaci\u00f3n del whisky escoc\u00e9s\"}]},{\"@type\":\"WebSite\",\"@id\":\"https:\\\/\\\/www.siredwards.com\\\/es\\\/en\\\/#website\",\"url\":\"https:\\\/\\\/www.siredwards.com\\\/es\\\/en\\\/\",\"name\":\"Sir Edwards EN\",\"description\":\"\",\"potentialAction\":[{\"@type\":\"SearchAction\",\"target\":{\"@type\":\"EntryPoint\",\"urlTemplate\":\"https:\\\/\\\/www.siredwards.com\\\/es\\\/en\\\/?s={search_term_string}\"},\"query-input\":{\"@type\":\"PropertyValueSpecification\",\"valueRequired\":true,\"valueName\":\"search_term_string\"}}],\"inLanguage\":\"es\"}]}<\/script>\n<!-- \/ Yoast SEO plugin. -->","yoast_head_json":{"title":"Presentaci\u00f3n del whisky escoc\u00e9s - Sir Edwards EN","robots":{"index":"index","follow":"follow","max-snippet":"max-snippet:-1","max-image-preview":"max-image-preview:large","max-video-preview":"max-video-preview:-1"},"canonical":"https:\/\/www.siredwards.com\/es\/terroir-y-territorio\/presentacion-del-whisky-escoces\/","og_locale":"es_ES","og_type":"article","og_title":"Presentaci\u00f3n del whisky escoc\u00e9s - Sir Edwards EN","og_description":"Heredero de una larga tradici\u00f3n, el whisky escoc\u00e9s hunde sus ra\u00edces en un pasado lejano. Universal y moderno, este n\u00e9ctar de abundantes aromas sabe c\u00f3mo conectar con el mundo entero. Tanto si procede del valle de Spey como si se ensambla en las riberas de las tierras altas, el whisky es un reflejo de la [&hellip;]","og_url":"https:\/\/www.siredwards.com\/es\/terroir-y-territorio\/presentacion-del-whisky-escoces\/","og_site_name":"Sir Edwards EN","article_modified_time":"2026-01-06T09:23:10+00:00","og_image":[{"width":2560,"height":1782,"url":"https:\/\/www.siredwards.com\/wp-content\/uploads\/sites\/3\/2025\/12\/whisky-escoces-4-scaled.jpeg","type":"image\/jpeg"}],"twitter_card":"summary_large_image","twitter_misc":{"Tiempo de lectura":"2 minutos"},"schema":{"@context":"https:\/\/schema.org","@graph":[{"@type":"WebPage","@id":"https:\/\/www.siredwards.com\/es\/terroir-y-territorio\/presentacion-del-whisky-escoces\/","url":"https:\/\/www.siredwards.com\/es\/terroir-y-territorio\/presentacion-del-whisky-escoces\/","name":"Presentaci\u00f3n del whisky escoc\u00e9s - Sir Edwards EN","isPartOf":{"@id":"https:\/\/www.siredwards.com\/es\/en\/#website"},"primaryImageOfPage":{"@id":"https:\/\/www.siredwards.com\/es\/terroir-y-territorio\/presentacion-del-whisky-escoces\/#primaryimage"},"image":{"@id":"https:\/\/www.siredwards.com\/es\/terroir-y-territorio\/presentacion-del-whisky-escoces\/#primaryimage"},"thumbnailUrl":"https:\/\/www.siredwards.com\/wp-content\/uploads\/sites\/3\/2025\/12\/whisky-escoces-4-scaled.jpeg","datePublished":"2014-05-15T14:26:42+00:00","dateModified":"2026-01-06T09:23:10+00:00","breadcrumb":{"@id":"https:\/\/www.siredwards.com\/es\/terroir-y-territorio\/presentacion-del-whisky-escoces\/#breadcrumb"},"inLanguage":"es","potentialAction":[{"@type":"ReadAction","target":["https:\/\/www.siredwards.com\/es\/terroir-y-territorio\/presentacion-del-whisky-escoces\/"]}]},{"@type":"ImageObject","inLanguage":"es","@id":"https:\/\/www.siredwards.com\/es\/terroir-y-territorio\/presentacion-del-whisky-escoces\/#primaryimage","url":"https:\/\/www.siredwards.com\/wp-content\/uploads\/sites\/3\/2025\/12\/whisky-escoces-4-scaled.jpeg","contentUrl":"https:\/\/www.siredwards.com\/wp-content\/uploads\/sites\/3\/2025\/12\/whisky-escoces-4-scaled.jpeg","width":2560,"height":1782,"caption":"whisky escoces"},{"@type":"BreadcrumbList","@id":"https:\/\/www.siredwards.com\/es\/terroir-y-territorio\/presentacion-del-whisky-escoces\/#breadcrumb","itemListElement":[{"@type":"ListItem","position":1,"name":"Home","item":"https:\/\/www.siredwards.com\/es\/en\/"},{"@type":"ListItem","position":2,"name":"Terroir y territorio","item":"https:\/\/www.siredwards.com\/es\/terroir-y-territorio\/"},{"@type":"ListItem","position":3,"name":"Presentaci\u00f3n del whisky escoc\u00e9s"}]},{"@type":"WebSite","@id":"https:\/\/www.siredwards.com\/es\/en\/#website","url":"https:\/\/www.siredwards.com\/es\/en\/","name":"Sir Edwards EN","description":"","potentialAction":[{"@type":"SearchAction","target":{"@type":"EntryPoint","urlTemplate":"https:\/\/www.siredwards.com\/es\/en\/?s={search_term_string}"},"query-input":{"@type":"PropertyValueSpecification","valueRequired":true,"valueName":"search_term_string"}}],"inLanguage":"es"}]}},"_links":{"self":[{"href":"https:\/\/www.siredwards.com\/es\/wp-json\/wp\/v2\/pages\/21966","targetHints":{"allow":["GET"]}}],"collection":[{"href":"https:\/\/www.siredwards.com\/es\/wp-json\/wp\/v2\/pages"}],"about":[{"href":"https:\/\/www.siredwards.com\/es\/wp-json\/wp\/v2\/types\/page"}],"author":[{"embeddable":true,"href":"https:\/\/www.siredwards.com\/es\/wp-json\/wp\/v2\/users\/21683"}],"replies":[{"embeddable":true,"href":"https:\/\/www.siredwards.com\/es\/wp-json\/wp\/v2\/comments?post=21966"}],"version-history":[{"count":2,"href":"https:\/\/www.siredwards.com\/es\/wp-json\/wp\/v2\/pages\/21966\/revisions"}],"predecessor-version":[{"id":28627,"href":"https:\/\/www.siredwards.com\/es\/wp-json\/wp\/v2\/pages\/21966\/revisions\/28627"}],"up":[{"embeddable":true,"href":"https:\/\/www.siredwards.com\/es\/wp-json\/wp\/v2\/pages\/23684"}],"wp:featuredmedia":[{"embeddable":true,"href":"https:\/\/www.siredwards.com\/es\/wp-json\/wp\/v2\/media\/21967"}],"wp:attachment":[{"href":"https:\/\/www.siredwards.com\/es\/wp-json\/wp\/v2\/media?parent=21966"}],"curies":[{"name":"wp","href":"https:\/\/api.w.org\/{rel}","templated":true}]}}