{"id":21949,"date":"2015-05-28T09:29:19","date_gmt":"2015-05-28T07:29:19","guid":{"rendered":"https:\/\/www.siredwards.com\/la-simplicidad-de-degustar-un-whisky\/"},"modified":"2025-12-04T14:18:05","modified_gmt":"2025-12-04T13:18:05","slug":"la-simplicidad-de-degustar-un-whisky","status":"publish","type":"page","link":"https:\/\/www.siredwards.com\/es\/terroir-y-territorio\/el-whisky-una-bebida-espirituosa-universal\/la-simplicidad-de-degustar-un-whisky\/","title":{"rendered":"La simplicidad de degustar un whisky"},"content":{"rendered":"<p style=\"text-align: center;\">Durante mucho tiempo el whisky ha proyectado la imagen de ser una bebida que exige unos determinados rituales para su degustaci\u00f3n. <!--more-->Pero ya no es as\u00ed hoy en d\u00eda. <strong>A muchas personas les gusta el whisky<\/strong> hoy en d\u00eda, tanto a <strong>hombres<\/strong> como a <strong>mujeres<\/strong>.<\/p>\n<p style=\"text-align: center;\">Y los <strong>franceses<\/strong> no son una excepci\u00f3n: <strong>son los primeros importadores de whisky escoc\u00e9s del mundo<\/strong>.<\/p>\n<p style=\"text-align: center;\">Y quien dice nuevos adeptos, dice <strong><a href=\"https:\/\/es.siredwards.com\/como-disfrutar-el-whisky\/\">nuevas formas de consumo<\/a><\/strong>. Esta bebida espirituosa <strong>puede saborearse sola<\/strong>, para disfrutar al m\u00e1ximo de todos los sabores de Escocia o, si se prefiere, a\u00f1adir <strong>un poco de agua<\/strong> o tomarla con <strong>uno o dos cubitos de hielo<\/strong>.<\/p>\n<p style=\"text-align: center;\">Este n\u00e9ctar de aromas m\u00faltiples, combina a la perfecci\u00f3n con cualquier mezcla de sabores en <strong><a href=\"https:\/\/es.siredwards.com\/como-disfrutar-el-whisky\/los-mix-ideales-con-whisky\/el-whisky-en-los-cocteles\/\">sorprendentes c\u00f3cteles<\/a><\/strong>.<\/p>\n<p style=\"text-align: center;\">Para los aficionados a la cocina, <strong>el whisky escoc\u00e9s <a href=\"https:\/\/es.siredwards.com\/como-disfrutar-el-whisky\/maridaje-con-whisky\/\">marida tambi\u00e9n bien con muchos alimentos<\/a><\/strong>, o puede servir para a\u00f1adir un ligero toque escoc\u00e9s a sus preparaciones culinarias. Permita a su <strong>creatividad culinaria alzar el vuelo<\/strong>.<\/p>\n","protected":false},"excerpt":{"rendered":"<p>Durante mucho tiempo el whisky ha proyectado la imagen de ser una bebida que exige unos determinados rituales para su degustaci\u00f3n.<\/p>\n","protected":false},"author":21683,"featured_media":21950,"parent":21823,"menu_order":0,"comment_status":"open","ping_status":"open","template":"","meta":{"_acf_changed":false,"footnotes":""},"class_list":["post-21949","page","type-page","status-publish","has-post-thumbnail","hentry"],"acf":[],"yoast_head":"<!-- This site is optimized with the Yoast SEO plugin v27.3 - https:\/\/yoast.com\/product\/yoast-seo-wordpress\/ -->\n<title>La simplicidad de degustar un whisky - Sir Edwards EN<\/title>\n<meta name=\"robots\" content=\"index, follow, max-snippet:-1, max-image-preview:large, max-video-preview:-1\" \/>\n<link rel=\"canonical\" href=\"https:\/\/www.siredwards.com\/es\/terroir-y-territorio\/el-whisky-una-bebida-espirituosa-universal\/la-simplicidad-de-degustar-un-whisky\/\" \/>\n<meta property=\"og:locale\" content=\"es_ES\" \/>\n<meta property=\"og:type\" content=\"article\" \/>\n<meta property=\"og:title\" content=\"La simplicidad de degustar un whisky - Sir Edwards EN\" \/>\n<meta property=\"og:description\" content=\"Durante mucho tiempo el whisky ha proyectado la imagen de ser una bebida que exige unos determinados rituales para su degustaci\u00f3n.\" \/>\n<meta property=\"og:url\" content=\"https:\/\/www.siredwards.com\/es\/terroir-y-territorio\/el-whisky-una-bebida-espirituosa-universal\/la-simplicidad-de-degustar-un-whisky\/\" \/>\n<meta property=\"og:site_name\" content=\"Sir Edwards EN\" \/>\n<meta property=\"article:modified_time\" content=\"2025-12-04T13:18:05+00:00\" \/>\n<meta property=\"og:image\" content=\"https:\/\/www.siredwards.fr\/wp-content\/uploads\/sites\/3\/2025\/12\/glacons-4.jpg\" \/>\n\t<meta property=\"og:image:width\" content=\"2000\" \/>\n\t<meta property=\"og:image:height\" content=\"685\" \/>\n\t<meta property=\"og:image:type\" content=\"image\/jpeg\" \/>\n<meta name=\"twitter:card\" content=\"summary_large_image\" \/>\n<meta name=\"twitter:label1\" content=\"Tiempo de lectura\" \/>\n\t<meta name=\"twitter:data1\" content=\"1 minuto\" \/>\n<script type=\"application\/ld+json\" class=\"yoast-schema-graph\">{\"@context\":\"https:\\\/\\\/schema.org\",\"@graph\":[{\"@type\":\"WebPage\",\"@id\":\"https:\\\/\\\/www.siredwards.com\\\/es\\\/terroir-y-territorio\\\/el-whisky-una-bebida-espirituosa-universal\\\/la-simplicidad-de-degustar-un-whisky\\\/\",\"url\":\"https:\\\/\\\/www.siredwards.com\\\/es\\\/terroir-y-territorio\\\/el-whisky-una-bebida-espirituosa-universal\\\/la-simplicidad-de-degustar-un-whisky\\\/\",\"name\":\"La simplicidad de degustar un whisky - Sir Edwards EN\",\"isPartOf\":{\"@id\":\"https:\\\/\\\/www.siredwards.com\\\/es\\\/en\\\/#website\"},\"primaryImageOfPage\":{\"@id\":\"https:\\\/\\\/www.siredwards.com\\\/es\\\/terroir-y-territorio\\\/el-whisky-una-bebida-espirituosa-universal\\\/la-simplicidad-de-degustar-un-whisky\\\/#primaryimage\"},\"image\":{\"@id\":\"https:\\\/\\\/www.siredwards.com\\\/es\\\/terroir-y-territorio\\\/el-whisky-una-bebida-espirituosa-universal\\\/la-simplicidad-de-degustar-un-whisky\\\/#primaryimage\"},\"thumbnailUrl\":\"https:\\\/\\\/www.siredwards.com\\\/wp-content\\\/uploads\\\/sites\\\/3\\\/2025\\\/12\\\/glacons-4.jpg\",\"datePublished\":\"2015-05-28T07:29:19+00:00\",\"dateModified\":\"2025-12-04T13:18:05+00:00\",\"breadcrumb\":{\"@id\":\"https:\\\/\\\/www.siredwards.com\\\/es\\\/terroir-y-territorio\\\/el-whisky-una-bebida-espirituosa-universal\\\/la-simplicidad-de-degustar-un-whisky\\\/#breadcrumb\"},\"inLanguage\":\"es\",\"potentialAction\":[{\"@type\":\"ReadAction\",\"target\":[\"https:\\\/\\\/www.siredwards.com\\\/es\\\/terroir-y-territorio\\\/el-whisky-una-bebida-espirituosa-universal\\\/la-simplicidad-de-degustar-un-whisky\\\/\"]}]},{\"@type\":\"ImageObject\",\"inLanguage\":\"es\",\"@id\":\"https:\\\/\\\/www.siredwards.com\\\/es\\\/terroir-y-territorio\\\/el-whisky-una-bebida-espirituosa-universal\\\/la-simplicidad-de-degustar-un-whisky\\\/#primaryimage\",\"url\":\"https:\\\/\\\/www.siredwards.com\\\/wp-content\\\/uploads\\\/sites\\\/3\\\/2025\\\/12\\\/glacons-4.jpg\",\"contentUrl\":\"https:\\\/\\\/www.siredwards.com\\\/wp-content\\\/uploads\\\/sites\\\/3\\\/2025\\\/12\\\/glacons-4.jpg\",\"width\":2000,\"height\":685,\"caption\":\"Gla\u00e7ons\"},{\"@type\":\"BreadcrumbList\",\"@id\":\"https:\\\/\\\/www.siredwards.com\\\/es\\\/terroir-y-territorio\\\/el-whisky-una-bebida-espirituosa-universal\\\/la-simplicidad-de-degustar-un-whisky\\\/#breadcrumb\",\"itemListElement\":[{\"@type\":\"ListItem\",\"position\":1,\"name\":\"Home\",\"item\":\"https:\\\/\\\/www.siredwards.com\\\/es\\\/en\\\/\"},{\"@type\":\"ListItem\",\"position\":2,\"name\":\"Terroir y territorio\",\"item\":\"https:\\\/\\\/www.siredwards.com\\\/es\\\/terroir-y-territorio\\\/\"},{\"@type\":\"ListItem\",\"position\":3,\"name\":\"El whisky, una bebida espirituosa universal\",\"item\":\"https:\\\/\\\/www.siredwards.com\\\/es\\\/terroir-y-territorio\\\/el-whisky-una-bebida-espirituosa-universal\\\/\"},{\"@type\":\"ListItem\",\"position\":4,\"name\":\"La simplicidad de degustar un whisky\"}]},{\"@type\":\"WebSite\",\"@id\":\"https:\\\/\\\/www.siredwards.com\\\/es\\\/en\\\/#website\",\"url\":\"https:\\\/\\\/www.siredwards.com\\\/es\\\/en\\\/\",\"name\":\"Sir Edwards EN\",\"description\":\"\",\"potentialAction\":[{\"@type\":\"SearchAction\",\"target\":{\"@type\":\"EntryPoint\",\"urlTemplate\":\"https:\\\/\\\/www.siredwards.com\\\/es\\\/en\\\/?s={search_term_string}\"},\"query-input\":{\"@type\":\"PropertyValueSpecification\",\"valueRequired\":true,\"valueName\":\"search_term_string\"}}],\"inLanguage\":\"es\"}]}<\/script>\n<!-- \/ Yoast SEO plugin. -->","yoast_head_json":{"title":"La simplicidad de degustar un whisky - Sir Edwards EN","robots":{"index":"index","follow":"follow","max-snippet":"max-snippet:-1","max-image-preview":"max-image-preview:large","max-video-preview":"max-video-preview:-1"},"canonical":"https:\/\/www.siredwards.com\/es\/terroir-y-territorio\/el-whisky-una-bebida-espirituosa-universal\/la-simplicidad-de-degustar-un-whisky\/","og_locale":"es_ES","og_type":"article","og_title":"La simplicidad de degustar un whisky - Sir Edwards EN","og_description":"Durante mucho tiempo el whisky ha proyectado la imagen de ser una bebida que exige unos determinados rituales para su degustaci\u00f3n.","og_url":"https:\/\/www.siredwards.com\/es\/terroir-y-territorio\/el-whisky-una-bebida-espirituosa-universal\/la-simplicidad-de-degustar-un-whisky\/","og_site_name":"Sir Edwards EN","article_modified_time":"2025-12-04T13:18:05+00:00","og_image":[{"width":2000,"height":685,"url":"https:\/\/www.siredwards.fr\/wp-content\/uploads\/sites\/3\/2025\/12\/glacons-4.jpg","type":"image\/jpeg"}],"twitter_card":"summary_large_image","twitter_misc":{"Tiempo de lectura":"1 minuto"},"schema":{"@context":"https:\/\/schema.org","@graph":[{"@type":"WebPage","@id":"https:\/\/www.siredwards.com\/es\/terroir-y-territorio\/el-whisky-una-bebida-espirituosa-universal\/la-simplicidad-de-degustar-un-whisky\/","url":"https:\/\/www.siredwards.com\/es\/terroir-y-territorio\/el-whisky-una-bebida-espirituosa-universal\/la-simplicidad-de-degustar-un-whisky\/","name":"La simplicidad de degustar un whisky - Sir Edwards EN","isPartOf":{"@id":"https:\/\/www.siredwards.com\/es\/en\/#website"},"primaryImageOfPage":{"@id":"https:\/\/www.siredwards.com\/es\/terroir-y-territorio\/el-whisky-una-bebida-espirituosa-universal\/la-simplicidad-de-degustar-un-whisky\/#primaryimage"},"image":{"@id":"https:\/\/www.siredwards.com\/es\/terroir-y-territorio\/el-whisky-una-bebida-espirituosa-universal\/la-simplicidad-de-degustar-un-whisky\/#primaryimage"},"thumbnailUrl":"https:\/\/www.siredwards.com\/wp-content\/uploads\/sites\/3\/2025\/12\/glacons-4.jpg","datePublished":"2015-05-28T07:29:19+00:00","dateModified":"2025-12-04T13:18:05+00:00","breadcrumb":{"@id":"https:\/\/www.siredwards.com\/es\/terroir-y-territorio\/el-whisky-una-bebida-espirituosa-universal\/la-simplicidad-de-degustar-un-whisky\/#breadcrumb"},"inLanguage":"es","potentialAction":[{"@type":"ReadAction","target":["https:\/\/www.siredwards.com\/es\/terroir-y-territorio\/el-whisky-una-bebida-espirituosa-universal\/la-simplicidad-de-degustar-un-whisky\/"]}]},{"@type":"ImageObject","inLanguage":"es","@id":"https:\/\/www.siredwards.com\/es\/terroir-y-territorio\/el-whisky-una-bebida-espirituosa-universal\/la-simplicidad-de-degustar-un-whisky\/#primaryimage","url":"https:\/\/www.siredwards.com\/wp-content\/uploads\/sites\/3\/2025\/12\/glacons-4.jpg","contentUrl":"https:\/\/www.siredwards.com\/wp-content\/uploads\/sites\/3\/2025\/12\/glacons-4.jpg","width":2000,"height":685,"caption":"Gla\u00e7ons"},{"@type":"BreadcrumbList","@id":"https:\/\/www.siredwards.com\/es\/terroir-y-territorio\/el-whisky-una-bebida-espirituosa-universal\/la-simplicidad-de-degustar-un-whisky\/#breadcrumb","itemListElement":[{"@type":"ListItem","position":1,"name":"Home","item":"https:\/\/www.siredwards.com\/es\/en\/"},{"@type":"ListItem","position":2,"name":"Terroir y territorio","item":"https:\/\/www.siredwards.com\/es\/terroir-y-territorio\/"},{"@type":"ListItem","position":3,"name":"El whisky, una bebida espirituosa universal","item":"https:\/\/www.siredwards.com\/es\/terroir-y-territorio\/el-whisky-una-bebida-espirituosa-universal\/"},{"@type":"ListItem","position":4,"name":"La simplicidad de degustar un whisky"}]},{"@type":"WebSite","@id":"https:\/\/www.siredwards.com\/es\/en\/#website","url":"https:\/\/www.siredwards.com\/es\/en\/","name":"Sir Edwards EN","description":"","potentialAction":[{"@type":"SearchAction","target":{"@type":"EntryPoint","urlTemplate":"https:\/\/www.siredwards.com\/es\/en\/?s={search_term_string}"},"query-input":{"@type":"PropertyValueSpecification","valueRequired":true,"valueName":"search_term_string"}}],"inLanguage":"es"}]}},"_links":{"self":[{"href":"https:\/\/www.siredwards.com\/es\/wp-json\/wp\/v2\/pages\/21949","targetHints":{"allow":["GET"]}}],"collection":[{"href":"https:\/\/www.siredwards.com\/es\/wp-json\/wp\/v2\/pages"}],"about":[{"href":"https:\/\/www.siredwards.com\/es\/wp-json\/wp\/v2\/types\/page"}],"author":[{"embeddable":true,"href":"https:\/\/www.siredwards.com\/es\/wp-json\/wp\/v2\/users\/21683"}],"replies":[{"embeddable":true,"href":"https:\/\/www.siredwards.com\/es\/wp-json\/wp\/v2\/comments?post=21949"}],"version-history":[{"count":1,"href":"https:\/\/www.siredwards.com\/es\/wp-json\/wp\/v2\/pages\/21949\/revisions"}],"predecessor-version":[{"id":24882,"href":"https:\/\/www.siredwards.com\/es\/wp-json\/wp\/v2\/pages\/21949\/revisions\/24882"}],"up":[{"embeddable":true,"href":"https:\/\/www.siredwards.com\/es\/wp-json\/wp\/v2\/pages\/21823"}],"wp:featuredmedia":[{"embeddable":true,"href":"https:\/\/www.siredwards.com\/es\/wp-json\/wp\/v2\/media\/21950"}],"wp:attachment":[{"href":"https:\/\/www.siredwards.com\/es\/wp-json\/wp\/v2\/media?parent=21949"}],"curies":[{"name":"wp","href":"https:\/\/api.w.org\/{rel}","templated":true}]}}