{"id":21930,"date":"2015-05-28T09:24:27","date_gmt":"2015-05-28T07:24:27","guid":{"rendered":"https:\/\/www.siredwards.com\/una-elaboracion-especifica\/"},"modified":"2025-12-04T14:18:05","modified_gmt":"2025-12-04T13:18:05","slug":"una-elaboracion-especifica","status":"publish","type":"page","link":"https:\/\/www.siredwards.com\/es\/terroir-y-territorio\/el-whisky-una-bebida-espirituosa-universal\/una-elaboracion-especifica\/","title":{"rendered":"Una elaboraci\u00f3n espec\u00edfica"},"content":{"rendered":"<p style=\"text-align: center;\"><strong>Para que un whisky sea escoc\u00e9s,<\/strong> tiene que <strong><a href=\"https:\/\/es.siredwards.com\/el-whisky-una-tradicion\/la-fermentacion\/vapores-de-agua-y-nectar\/\">destilarse<\/a> en Escocia<\/strong> y <strong><a href=\"https:\/\/es.siredwards.com\/el-whisky-una-tradicion\/el-anejamiento-del-whisky\/\">envejecer<\/a>, como m\u00ednimo tres a\u00f1os<\/strong>, en <strong>barricas de roble<\/strong> en territorio escoc\u00e9s. La denominaci\u00f3n de whisky escoc\u00e9s se reserva en exclusiva a las bebidas espirituosas que cumplen estrictamente con estas condiciones.<\/p>\n<p style=\"text-align: center;\"><strong>La mayor\u00eda de los whiskys escoceses son <a href=\"https:\/\/es.siredwards.com\/el-whisky-una-tradicion\/el-ensamblaje\/el-ensamblaje-el-whisky-escoces-mezclado\/\">Blend<\/a><\/strong>, es decir, <strong>ensamblajes de whisky puro de grano y whisky puro de malta<\/strong>. La pasi\u00f3n de los escoceses es dominar a la perfecci\u00f3n estas mezclas para crear un estilo propio, un <strong><a href=\"https:\/\/es.siredwards.com\/descubra-el-universo-del-whisky\/el-whisky-una-bebida-espirituosa-universal\/\">determinado gusto<\/a><\/strong> que los amantes de Sir Edward puedan siempre reconocer.<\/p>\n<p style=\"text-align: center;\">Se sabe a ciencia cierta que tratar de reproducir con exactitud una bebida espirituosa no es tarea f\u00e1cil. Es una labor que exige de un <strong>master blender, la m\u00e1xima maestr\u00eda<\/strong> para que los complejos <strong><a href=\"https:\/\/es.siredwards.com\/como-disfrutar-el-whisky\/los-aromas-del-whisky\/todos-los-aromas-de-escocia-en-el-whisky\/\">aromas de Escocia<\/a><\/strong> se concentren, a\u00f1o tras a\u00f1o, en cada una de las botellas.<\/p>\n<p style=\"text-align: center;\">As\u00ed es como el <strong>whisky SIR EDWARD&#8217;S<\/strong> , <strong><a href=\"https:\/\/es.siredwards.com\/el-whisky-una-tradicion\/el-anejamiento-del-whisky\/la-barrica-un-concentrado-de-aromas-para-el-whisky\/\">a\u00f1ejado en barricas de roble<\/a><\/strong>, le ofrece ese caracter\u00edstico gusto <strong>suave<\/strong> a notas <strong>amaderadas y malteadas<\/strong> en cada degustaci\u00f3n.<\/p>\n","protected":false},"excerpt":{"rendered":"<p>Para que un whisky sea escoc\u00e9s, tiene que destilarse en Escocia y envejecer, como m\u00ednimo tres a\u00f1os, en barricas de roble en territorio escoc\u00e9s. La denominaci\u00f3n de whisky escoc\u00e9s se reserva en exclusiva a las bebidas espirituosas que cumplen estrictamente con estas condiciones. La mayor\u00eda de los whiskys escoceses son Blend, es decir, ensamblajes de [&hellip;]<\/p>\n","protected":false},"author":21683,"featured_media":21931,"parent":21823,"menu_order":0,"comment_status":"open","ping_status":"open","template":"","meta":{"_acf_changed":false,"footnotes":""},"class_list":["post-21930","page","type-page","status-publish","has-post-thumbnail","hentry"],"acf":[],"yoast_head":"<!-- This site is optimized with the Yoast SEO plugin v27.3 - https:\/\/yoast.com\/product\/yoast-seo-wordpress\/ -->\n<title>Una elaboraci\u00f3n espec\u00edfica - Sir Edwards EN<\/title>\n<meta name=\"robots\" content=\"index, follow, max-snippet:-1, max-image-preview:large, max-video-preview:-1\" \/>\n<link rel=\"canonical\" href=\"https:\/\/www.siredwards.com\/es\/terroir-y-territorio\/el-whisky-una-bebida-espirituosa-universal\/una-elaboracion-especifica\/\" \/>\n<meta property=\"og:locale\" content=\"es_ES\" \/>\n<meta property=\"og:type\" content=\"article\" \/>\n<meta property=\"og:title\" content=\"Una elaboraci\u00f3n espec\u00edfica - Sir Edwards EN\" \/>\n<meta property=\"og:description\" content=\"Para que un whisky sea escoc\u00e9s, tiene que destilarse en Escocia y envejecer, como m\u00ednimo tres a\u00f1os, en barricas de roble en territorio escoc\u00e9s. La denominaci\u00f3n de whisky escoc\u00e9s se reserva en exclusiva a las bebidas espirituosas que cumplen estrictamente con estas condiciones. La mayor\u00eda de los whiskys escoceses son Blend, es decir, ensamblajes de [&hellip;]\" \/>\n<meta property=\"og:url\" content=\"https:\/\/www.siredwards.com\/es\/terroir-y-territorio\/el-whisky-una-bebida-espirituosa-universal\/una-elaboracion-especifica\/\" \/>\n<meta property=\"og:site_name\" content=\"Sir Edwards EN\" \/>\n<meta property=\"article:modified_time\" content=\"2025-12-04T13:18:05+00:00\" \/>\n<meta property=\"og:image\" content=\"https:\/\/www.siredwards.fr\/wp-content\/uploads\/sites\/3\/2025\/12\/una-elaboracion-especifica-4-scaled.jpeg\" \/>\n\t<meta property=\"og:image:width\" content=\"2560\" \/>\n\t<meta property=\"og:image:height\" content=\"1707\" \/>\n\t<meta property=\"og:image:type\" content=\"image\/jpeg\" \/>\n<meta name=\"twitter:card\" content=\"summary_large_image\" \/>\n<meta name=\"twitter:label1\" content=\"Tiempo de lectura\" \/>\n\t<meta name=\"twitter:data1\" content=\"1 minuto\" \/>\n<script type=\"application\/ld+json\" class=\"yoast-schema-graph\">{\"@context\":\"https:\\\/\\\/schema.org\",\"@graph\":[{\"@type\":\"WebPage\",\"@id\":\"https:\\\/\\\/www.siredwards.com\\\/es\\\/terroir-y-territorio\\\/el-whisky-una-bebida-espirituosa-universal\\\/una-elaboracion-especifica\\\/\",\"url\":\"https:\\\/\\\/www.siredwards.com\\\/es\\\/terroir-y-territorio\\\/el-whisky-una-bebida-espirituosa-universal\\\/una-elaboracion-especifica\\\/\",\"name\":\"Una elaboraci\u00f3n espec\u00edfica - Sir Edwards EN\",\"isPartOf\":{\"@id\":\"https:\\\/\\\/www.siredwards.com\\\/es\\\/en\\\/#website\"},\"primaryImageOfPage\":{\"@id\":\"https:\\\/\\\/www.siredwards.com\\\/es\\\/terroir-y-territorio\\\/el-whisky-una-bebida-espirituosa-universal\\\/una-elaboracion-especifica\\\/#primaryimage\"},\"image\":{\"@id\":\"https:\\\/\\\/www.siredwards.com\\\/es\\\/terroir-y-territorio\\\/el-whisky-una-bebida-espirituosa-universal\\\/una-elaboracion-especifica\\\/#primaryimage\"},\"thumbnailUrl\":\"https:\\\/\\\/www.siredwards.com\\\/wp-content\\\/uploads\\\/sites\\\/3\\\/2025\\\/12\\\/una-elaboracion-especifica-4-scaled.jpeg\",\"datePublished\":\"2015-05-28T07:24:27+00:00\",\"dateModified\":\"2025-12-04T13:18:05+00:00\",\"breadcrumb\":{\"@id\":\"https:\\\/\\\/www.siredwards.com\\\/es\\\/terroir-y-territorio\\\/el-whisky-una-bebida-espirituosa-universal\\\/una-elaboracion-especifica\\\/#breadcrumb\"},\"inLanguage\":\"es\",\"potentialAction\":[{\"@type\":\"ReadAction\",\"target\":[\"https:\\\/\\\/www.siredwards.com\\\/es\\\/terroir-y-territorio\\\/el-whisky-una-bebida-espirituosa-universal\\\/una-elaboracion-especifica\\\/\"]}]},{\"@type\":\"ImageObject\",\"inLanguage\":\"es\",\"@id\":\"https:\\\/\\\/www.siredwards.com\\\/es\\\/terroir-y-territorio\\\/el-whisky-una-bebida-espirituosa-universal\\\/una-elaboracion-especifica\\\/#primaryimage\",\"url\":\"https:\\\/\\\/www.siredwards.com\\\/wp-content\\\/uploads\\\/sites\\\/3\\\/2025\\\/12\\\/una-elaboracion-especifica-4-scaled.jpeg\",\"contentUrl\":\"https:\\\/\\\/www.siredwards.com\\\/wp-content\\\/uploads\\\/sites\\\/3\\\/2025\\\/12\\\/una-elaboracion-especifica-4-scaled.jpeg\",\"width\":2560,\"height\":1707,\"caption\":\"una-elaboracion-especifica\"},{\"@type\":\"BreadcrumbList\",\"@id\":\"https:\\\/\\\/www.siredwards.com\\\/es\\\/terroir-y-territorio\\\/el-whisky-una-bebida-espirituosa-universal\\\/una-elaboracion-especifica\\\/#breadcrumb\",\"itemListElement\":[{\"@type\":\"ListItem\",\"position\":1,\"name\":\"Home\",\"item\":\"https:\\\/\\\/www.siredwards.com\\\/es\\\/en\\\/\"},{\"@type\":\"ListItem\",\"position\":2,\"name\":\"Terroir y territorio\",\"item\":\"https:\\\/\\\/www.siredwards.com\\\/es\\\/terroir-y-territorio\\\/\"},{\"@type\":\"ListItem\",\"position\":3,\"name\":\"El whisky, una bebida espirituosa universal\",\"item\":\"https:\\\/\\\/www.siredwards.com\\\/es\\\/terroir-y-territorio\\\/el-whisky-una-bebida-espirituosa-universal\\\/\"},{\"@type\":\"ListItem\",\"position\":4,\"name\":\"Una elaboraci\u00f3n espec\u00edfica\"}]},{\"@type\":\"WebSite\",\"@id\":\"https:\\\/\\\/www.siredwards.com\\\/es\\\/en\\\/#website\",\"url\":\"https:\\\/\\\/www.siredwards.com\\\/es\\\/en\\\/\",\"name\":\"Sir Edwards EN\",\"description\":\"\",\"potentialAction\":[{\"@type\":\"SearchAction\",\"target\":{\"@type\":\"EntryPoint\",\"urlTemplate\":\"https:\\\/\\\/www.siredwards.com\\\/es\\\/en\\\/?s={search_term_string}\"},\"query-input\":{\"@type\":\"PropertyValueSpecification\",\"valueRequired\":true,\"valueName\":\"search_term_string\"}}],\"inLanguage\":\"es\"}]}<\/script>\n<!-- \/ Yoast SEO plugin. -->","yoast_head_json":{"title":"Una elaboraci\u00f3n espec\u00edfica - Sir Edwards EN","robots":{"index":"index","follow":"follow","max-snippet":"max-snippet:-1","max-image-preview":"max-image-preview:large","max-video-preview":"max-video-preview:-1"},"canonical":"https:\/\/www.siredwards.com\/es\/terroir-y-territorio\/el-whisky-una-bebida-espirituosa-universal\/una-elaboracion-especifica\/","og_locale":"es_ES","og_type":"article","og_title":"Una elaboraci\u00f3n espec\u00edfica - Sir Edwards EN","og_description":"Para que un whisky sea escoc\u00e9s, tiene que destilarse en Escocia y envejecer, como m\u00ednimo tres a\u00f1os, en barricas de roble en territorio escoc\u00e9s. La denominaci\u00f3n de whisky escoc\u00e9s se reserva en exclusiva a las bebidas espirituosas que cumplen estrictamente con estas condiciones. La mayor\u00eda de los whiskys escoceses son Blend, es decir, ensamblajes de [&hellip;]","og_url":"https:\/\/www.siredwards.com\/es\/terroir-y-territorio\/el-whisky-una-bebida-espirituosa-universal\/una-elaboracion-especifica\/","og_site_name":"Sir Edwards EN","article_modified_time":"2025-12-04T13:18:05+00:00","og_image":[{"width":2560,"height":1707,"url":"https:\/\/www.siredwards.fr\/wp-content\/uploads\/sites\/3\/2025\/12\/una-elaboracion-especifica-4-scaled.jpeg","type":"image\/jpeg"}],"twitter_card":"summary_large_image","twitter_misc":{"Tiempo de lectura":"1 minuto"},"schema":{"@context":"https:\/\/schema.org","@graph":[{"@type":"WebPage","@id":"https:\/\/www.siredwards.com\/es\/terroir-y-territorio\/el-whisky-una-bebida-espirituosa-universal\/una-elaboracion-especifica\/","url":"https:\/\/www.siredwards.com\/es\/terroir-y-territorio\/el-whisky-una-bebida-espirituosa-universal\/una-elaboracion-especifica\/","name":"Una elaboraci\u00f3n espec\u00edfica - Sir Edwards EN","isPartOf":{"@id":"https:\/\/www.siredwards.com\/es\/en\/#website"},"primaryImageOfPage":{"@id":"https:\/\/www.siredwards.com\/es\/terroir-y-territorio\/el-whisky-una-bebida-espirituosa-universal\/una-elaboracion-especifica\/#primaryimage"},"image":{"@id":"https:\/\/www.siredwards.com\/es\/terroir-y-territorio\/el-whisky-una-bebida-espirituosa-universal\/una-elaboracion-especifica\/#primaryimage"},"thumbnailUrl":"https:\/\/www.siredwards.com\/wp-content\/uploads\/sites\/3\/2025\/12\/una-elaboracion-especifica-4-scaled.jpeg","datePublished":"2015-05-28T07:24:27+00:00","dateModified":"2025-12-04T13:18:05+00:00","breadcrumb":{"@id":"https:\/\/www.siredwards.com\/es\/terroir-y-territorio\/el-whisky-una-bebida-espirituosa-universal\/una-elaboracion-especifica\/#breadcrumb"},"inLanguage":"es","potentialAction":[{"@type":"ReadAction","target":["https:\/\/www.siredwards.com\/es\/terroir-y-territorio\/el-whisky-una-bebida-espirituosa-universal\/una-elaboracion-especifica\/"]}]},{"@type":"ImageObject","inLanguage":"es","@id":"https:\/\/www.siredwards.com\/es\/terroir-y-territorio\/el-whisky-una-bebida-espirituosa-universal\/una-elaboracion-especifica\/#primaryimage","url":"https:\/\/www.siredwards.com\/wp-content\/uploads\/sites\/3\/2025\/12\/una-elaboracion-especifica-4-scaled.jpeg","contentUrl":"https:\/\/www.siredwards.com\/wp-content\/uploads\/sites\/3\/2025\/12\/una-elaboracion-especifica-4-scaled.jpeg","width":2560,"height":1707,"caption":"una-elaboracion-especifica"},{"@type":"BreadcrumbList","@id":"https:\/\/www.siredwards.com\/es\/terroir-y-territorio\/el-whisky-una-bebida-espirituosa-universal\/una-elaboracion-especifica\/#breadcrumb","itemListElement":[{"@type":"ListItem","position":1,"name":"Home","item":"https:\/\/www.siredwards.com\/es\/en\/"},{"@type":"ListItem","position":2,"name":"Terroir y territorio","item":"https:\/\/www.siredwards.com\/es\/terroir-y-territorio\/"},{"@type":"ListItem","position":3,"name":"El whisky, una bebida espirituosa universal","item":"https:\/\/www.siredwards.com\/es\/terroir-y-territorio\/el-whisky-una-bebida-espirituosa-universal\/"},{"@type":"ListItem","position":4,"name":"Una elaboraci\u00f3n espec\u00edfica"}]},{"@type":"WebSite","@id":"https:\/\/www.siredwards.com\/es\/en\/#website","url":"https:\/\/www.siredwards.com\/es\/en\/","name":"Sir Edwards EN","description":"","potentialAction":[{"@type":"SearchAction","target":{"@type":"EntryPoint","urlTemplate":"https:\/\/www.siredwards.com\/es\/en\/?s={search_term_string}"},"query-input":{"@type":"PropertyValueSpecification","valueRequired":true,"valueName":"search_term_string"}}],"inLanguage":"es"}]}},"_links":{"self":[{"href":"https:\/\/www.siredwards.com\/es\/wp-json\/wp\/v2\/pages\/21930","targetHints":{"allow":["GET"]}}],"collection":[{"href":"https:\/\/www.siredwards.com\/es\/wp-json\/wp\/v2\/pages"}],"about":[{"href":"https:\/\/www.siredwards.com\/es\/wp-json\/wp\/v2\/types\/page"}],"author":[{"embeddable":true,"href":"https:\/\/www.siredwards.com\/es\/wp-json\/wp\/v2\/users\/21683"}],"replies":[{"embeddable":true,"href":"https:\/\/www.siredwards.com\/es\/wp-json\/wp\/v2\/comments?post=21930"}],"version-history":[{"count":1,"href":"https:\/\/www.siredwards.com\/es\/wp-json\/wp\/v2\/pages\/21930\/revisions"}],"predecessor-version":[{"id":24881,"href":"https:\/\/www.siredwards.com\/es\/wp-json\/wp\/v2\/pages\/21930\/revisions\/24881"}],"up":[{"embeddable":true,"href":"https:\/\/www.siredwards.com\/es\/wp-json\/wp\/v2\/pages\/21823"}],"wp:featuredmedia":[{"embeddable":true,"href":"https:\/\/www.siredwards.com\/es\/wp-json\/wp\/v2\/media\/21931"}],"wp:attachment":[{"href":"https:\/\/www.siredwards.com\/es\/wp-json\/wp\/v2\/media?parent=21930"}],"curies":[{"name":"wp","href":"https:\/\/api.w.org\/{rel}","templated":true}]}}