{"id":21903,"date":"2014-05-02T12:09:25","date_gmt":"2014-05-02T10:09:25","guid":{"rendered":"https:\/\/www.siredwards.com\/las-tierras-del-whisky-escoces\/"},"modified":"2026-01-06T10:32:13","modified_gmt":"2026-01-06T09:32:13","slug":"las-tierras-del-whisky-escoces","status":"publish","type":"page","link":"https:\/\/www.siredwards.com\/es\/terroir-y-territorio\/las-tierras-del-whisky-escoces\/","title":{"rendered":"Las tierras del whisky escoc\u00e9s"},"content":{"rendered":"<p style=\"text-align: center;\">Al igual que ocurre con los<strong> terru\u00f1os en Francia<\/strong>, la <strong>tierra escocesa<\/strong> es en s\u00ed misma <strong>muy variada<\/strong>. <strong>Al sur<\/strong> del pa\u00eds, las tierras bajas producen unos <strong>whiskys de pura malta<\/strong> de gran prestigio por su <strong>dulzura y suavidad<\/strong>. Unos whiskys que se caracterizan por una <strong>gran diversidad<\/strong>.<\/p>\n<p style=\"text-align: center;\">Al <strong>noroeste<\/strong> los <strong>espirituosos son redondos y secos<\/strong>, con <strong>matices turbados<\/strong>.<\/p>\n<p style=\"text-align: center;\">Al <strong>norte de las tierras altas<\/strong>, el car\u00e1cter <strong>especiado<\/strong> y el gusto a <strong>brezo<\/strong> se perciben en la nariz y el paladar, mientras que el whisky procedente del <strong>noreste<\/strong> es de gusto m\u00e1s <strong>afrutado<\/strong>.<\/p>\n<p style=\"text-align: center;\">La regi\u00f3n de <strong>Speyside<\/strong>, al <strong>noreste de Escocia<\/strong>, es la regi\u00f3n productora de whisky escoc\u00e9s m\u00e1s importante. Sus whiskys <strong>puros de malta<\/strong> son apreciados por su <strong>elegancia y complejidad arom\u00e1tica<\/strong>, que con frecuencia complementan con <strong>notas ahumadas<\/strong>.<\/p>\n<p style=\"text-align: center;\">La costa <strong>occidental<\/strong>, que se caracteriza por mostrar cualquier clima inimaginable en un solo d\u00eda, cuenta con dos regiones productoras de whisky. <strong>Campbeltown destila whiskys puros de malta ligeramente turbados o ahumados<\/strong>. Mientras que los procedentes de la <strong>isla de Islay<\/strong> incorporan el sabor de la <strong>turba<\/strong> abatida por los <strong>vientos cargados de salpicaduras del oleaje<\/strong>.<\/p>\n","protected":false},"excerpt":{"rendered":"<p>Al igual que ocurre con los terru\u00f1os en Francia, la tierra escocesa es en s\u00ed misma muy variada. Al sur del pa\u00eds, las tierras bajas producen unos whiskys de pura malta de gran prestigio por su dulzura y suavidad. Unos whiskys que se caracterizan por una gran diversidad. Al noroeste los espirituosos son redondos y [&hellip;]<\/p>\n","protected":false},"author":21683,"featured_media":21904,"parent":23684,"menu_order":4,"comment_status":"open","ping_status":"open","template":"","meta":{"_acf_changed":false,"footnotes":""},"class_list":["post-21903","page","type-page","status-publish","has-post-thumbnail","hentry"],"acf":[],"yoast_head":"<!-- This site is optimized with the Yoast SEO plugin v27.3 - https:\/\/yoast.com\/product\/yoast-seo-wordpress\/ -->\n<title>Las tierras del whisky escoc\u00e9s - Sir Edwards EN<\/title>\n<meta name=\"robots\" content=\"index, follow, max-snippet:-1, max-image-preview:large, max-video-preview:-1\" \/>\n<link rel=\"canonical\" href=\"https:\/\/www.siredwards.com\/es\/terroir-y-territorio\/las-tierras-del-whisky-escoces\/\" \/>\n<meta property=\"og:locale\" content=\"es_ES\" \/>\n<meta property=\"og:type\" content=\"article\" \/>\n<meta property=\"og:title\" content=\"Las tierras del whisky escoc\u00e9s - Sir Edwards EN\" \/>\n<meta property=\"og:description\" content=\"Al igual que ocurre con los terru\u00f1os en Francia, la tierra escocesa es en s\u00ed misma muy variada. Al sur del pa\u00eds, las tierras bajas producen unos whiskys de pura malta de gran prestigio por su dulzura y suavidad. Unos whiskys que se caracterizan por una gran diversidad. Al noroeste los espirituosos son redondos y [&hellip;]\" \/>\n<meta property=\"og:url\" content=\"https:\/\/www.siredwards.com\/es\/terroir-y-territorio\/las-tierras-del-whisky-escoces\/\" \/>\n<meta property=\"og:site_name\" content=\"Sir Edwards EN\" \/>\n<meta property=\"article:modified_time\" content=\"2026-01-06T09:32:13+00:00\" \/>\n<meta property=\"og:image\" content=\"https:\/\/www.siredwards.com\/wp-content\/uploads\/sites\/3\/2025\/12\/feliz-como-una-oveja-escocesa.jpg\" \/>\n\t<meta property=\"og:image:width\" content=\"2000\" \/>\n\t<meta property=\"og:image:height\" content=\"1200\" \/>\n\t<meta property=\"og:image:type\" content=\"image\/jpeg\" \/>\n<meta name=\"twitter:card\" content=\"summary_large_image\" \/>\n<meta name=\"twitter:label1\" content=\"Tiempo de lectura\" \/>\n\t<meta name=\"twitter:data1\" content=\"2 minutos\" \/>\n<script type=\"application\/ld+json\" class=\"yoast-schema-graph\">{\"@context\":\"https:\\\/\\\/schema.org\",\"@graph\":[{\"@type\":\"WebPage\",\"@id\":\"https:\\\/\\\/www.siredwards.com\\\/es\\\/terroir-y-territorio\\\/las-tierras-del-whisky-escoces\\\/\",\"url\":\"https:\\\/\\\/www.siredwards.com\\\/es\\\/terroir-y-territorio\\\/las-tierras-del-whisky-escoces\\\/\",\"name\":\"Las tierras del whisky escoc\u00e9s - Sir Edwards EN\",\"isPartOf\":{\"@id\":\"https:\\\/\\\/www.siredwards.com\\\/es\\\/en\\\/#website\"},\"primaryImageOfPage\":{\"@id\":\"https:\\\/\\\/www.siredwards.com\\\/es\\\/terroir-y-territorio\\\/las-tierras-del-whisky-escoces\\\/#primaryimage\"},\"image\":{\"@id\":\"https:\\\/\\\/www.siredwards.com\\\/es\\\/terroir-y-territorio\\\/las-tierras-del-whisky-escoces\\\/#primaryimage\"},\"thumbnailUrl\":\"https:\\\/\\\/www.siredwards.com\\\/wp-content\\\/uploads\\\/sites\\\/3\\\/2025\\\/12\\\/feliz-como-una-oveja-escocesa.jpg\",\"datePublished\":\"2014-05-02T10:09:25+00:00\",\"dateModified\":\"2026-01-06T09:32:13+00:00\",\"breadcrumb\":{\"@id\":\"https:\\\/\\\/www.siredwards.com\\\/es\\\/terroir-y-territorio\\\/las-tierras-del-whisky-escoces\\\/#breadcrumb\"},\"inLanguage\":\"es\",\"potentialAction\":[{\"@type\":\"ReadAction\",\"target\":[\"https:\\\/\\\/www.siredwards.com\\\/es\\\/terroir-y-territorio\\\/las-tierras-del-whisky-escoces\\\/\"]}]},{\"@type\":\"ImageObject\",\"inLanguage\":\"es\",\"@id\":\"https:\\\/\\\/www.siredwards.com\\\/es\\\/terroir-y-territorio\\\/las-tierras-del-whisky-escoces\\\/#primaryimage\",\"url\":\"https:\\\/\\\/www.siredwards.com\\\/wp-content\\\/uploads\\\/sites\\\/3\\\/2025\\\/12\\\/feliz-como-una-oveja-escocesa.jpg\",\"contentUrl\":\"https:\\\/\\\/www.siredwards.com\\\/wp-content\\\/uploads\\\/sites\\\/3\\\/2025\\\/12\\\/feliz-como-una-oveja-escocesa.jpg\",\"width\":2000,\"height\":1200,\"caption\":\"feliz como una oveja escocesa\"},{\"@type\":\"BreadcrumbList\",\"@id\":\"https:\\\/\\\/www.siredwards.com\\\/es\\\/terroir-y-territorio\\\/las-tierras-del-whisky-escoces\\\/#breadcrumb\",\"itemListElement\":[{\"@type\":\"ListItem\",\"position\":1,\"name\":\"Home\",\"item\":\"https:\\\/\\\/www.siredwards.com\\\/es\\\/en\\\/\"},{\"@type\":\"ListItem\",\"position\":2,\"name\":\"Terroir y territorio\",\"item\":\"https:\\\/\\\/www.siredwards.com\\\/es\\\/terroir-y-territorio\\\/\"},{\"@type\":\"ListItem\",\"position\":3,\"name\":\"Las tierras del whisky escoc\u00e9s\"}]},{\"@type\":\"WebSite\",\"@id\":\"https:\\\/\\\/www.siredwards.com\\\/es\\\/en\\\/#website\",\"url\":\"https:\\\/\\\/www.siredwards.com\\\/es\\\/en\\\/\",\"name\":\"Sir Edwards EN\",\"description\":\"\",\"potentialAction\":[{\"@type\":\"SearchAction\",\"target\":{\"@type\":\"EntryPoint\",\"urlTemplate\":\"https:\\\/\\\/www.siredwards.com\\\/es\\\/en\\\/?s={search_term_string}\"},\"query-input\":{\"@type\":\"PropertyValueSpecification\",\"valueRequired\":true,\"valueName\":\"search_term_string\"}}],\"inLanguage\":\"es\"}]}<\/script>\n<!-- \/ Yoast SEO plugin. -->","yoast_head_json":{"title":"Las tierras del whisky escoc\u00e9s - Sir Edwards EN","robots":{"index":"index","follow":"follow","max-snippet":"max-snippet:-1","max-image-preview":"max-image-preview:large","max-video-preview":"max-video-preview:-1"},"canonical":"https:\/\/www.siredwards.com\/es\/terroir-y-territorio\/las-tierras-del-whisky-escoces\/","og_locale":"es_ES","og_type":"article","og_title":"Las tierras del whisky escoc\u00e9s - Sir Edwards EN","og_description":"Al igual que ocurre con los terru\u00f1os en Francia, la tierra escocesa es en s\u00ed misma muy variada. Al sur del pa\u00eds, las tierras bajas producen unos whiskys de pura malta de gran prestigio por su dulzura y suavidad. Unos whiskys que se caracterizan por una gran diversidad. Al noroeste los espirituosos son redondos y [&hellip;]","og_url":"https:\/\/www.siredwards.com\/es\/terroir-y-territorio\/las-tierras-del-whisky-escoces\/","og_site_name":"Sir Edwards EN","article_modified_time":"2026-01-06T09:32:13+00:00","og_image":[{"width":2000,"height":1200,"url":"https:\/\/www.siredwards.com\/wp-content\/uploads\/sites\/3\/2025\/12\/feliz-como-una-oveja-escocesa.jpg","type":"image\/jpeg"}],"twitter_card":"summary_large_image","twitter_misc":{"Tiempo de lectura":"2 minutos"},"schema":{"@context":"https:\/\/schema.org","@graph":[{"@type":"WebPage","@id":"https:\/\/www.siredwards.com\/es\/terroir-y-territorio\/las-tierras-del-whisky-escoces\/","url":"https:\/\/www.siredwards.com\/es\/terroir-y-territorio\/las-tierras-del-whisky-escoces\/","name":"Las tierras del whisky escoc\u00e9s - Sir Edwards EN","isPartOf":{"@id":"https:\/\/www.siredwards.com\/es\/en\/#website"},"primaryImageOfPage":{"@id":"https:\/\/www.siredwards.com\/es\/terroir-y-territorio\/las-tierras-del-whisky-escoces\/#primaryimage"},"image":{"@id":"https:\/\/www.siredwards.com\/es\/terroir-y-territorio\/las-tierras-del-whisky-escoces\/#primaryimage"},"thumbnailUrl":"https:\/\/www.siredwards.com\/wp-content\/uploads\/sites\/3\/2025\/12\/feliz-como-una-oveja-escocesa.jpg","datePublished":"2014-05-02T10:09:25+00:00","dateModified":"2026-01-06T09:32:13+00:00","breadcrumb":{"@id":"https:\/\/www.siredwards.com\/es\/terroir-y-territorio\/las-tierras-del-whisky-escoces\/#breadcrumb"},"inLanguage":"es","potentialAction":[{"@type":"ReadAction","target":["https:\/\/www.siredwards.com\/es\/terroir-y-territorio\/las-tierras-del-whisky-escoces\/"]}]},{"@type":"ImageObject","inLanguage":"es","@id":"https:\/\/www.siredwards.com\/es\/terroir-y-territorio\/las-tierras-del-whisky-escoces\/#primaryimage","url":"https:\/\/www.siredwards.com\/wp-content\/uploads\/sites\/3\/2025\/12\/feliz-como-una-oveja-escocesa.jpg","contentUrl":"https:\/\/www.siredwards.com\/wp-content\/uploads\/sites\/3\/2025\/12\/feliz-como-una-oveja-escocesa.jpg","width":2000,"height":1200,"caption":"feliz como una oveja escocesa"},{"@type":"BreadcrumbList","@id":"https:\/\/www.siredwards.com\/es\/terroir-y-territorio\/las-tierras-del-whisky-escoces\/#breadcrumb","itemListElement":[{"@type":"ListItem","position":1,"name":"Home","item":"https:\/\/www.siredwards.com\/es\/en\/"},{"@type":"ListItem","position":2,"name":"Terroir y territorio","item":"https:\/\/www.siredwards.com\/es\/terroir-y-territorio\/"},{"@type":"ListItem","position":3,"name":"Las tierras del whisky escoc\u00e9s"}]},{"@type":"WebSite","@id":"https:\/\/www.siredwards.com\/es\/en\/#website","url":"https:\/\/www.siredwards.com\/es\/en\/","name":"Sir Edwards EN","description":"","potentialAction":[{"@type":"SearchAction","target":{"@type":"EntryPoint","urlTemplate":"https:\/\/www.siredwards.com\/es\/en\/?s={search_term_string}"},"query-input":{"@type":"PropertyValueSpecification","valueRequired":true,"valueName":"search_term_string"}}],"inLanguage":"es"}]}},"_links":{"self":[{"href":"https:\/\/www.siredwards.com\/es\/wp-json\/wp\/v2\/pages\/21903","targetHints":{"allow":["GET"]}}],"collection":[{"href":"https:\/\/www.siredwards.com\/es\/wp-json\/wp\/v2\/pages"}],"about":[{"href":"https:\/\/www.siredwards.com\/es\/wp-json\/wp\/v2\/types\/page"}],"author":[{"embeddable":true,"href":"https:\/\/www.siredwards.com\/es\/wp-json\/wp\/v2\/users\/21683"}],"replies":[{"embeddable":true,"href":"https:\/\/www.siredwards.com\/es\/wp-json\/wp\/v2\/comments?post=21903"}],"version-history":[{"count":2,"href":"https:\/\/www.siredwards.com\/es\/wp-json\/wp\/v2\/pages\/21903\/revisions"}],"predecessor-version":[{"id":28653,"href":"https:\/\/www.siredwards.com\/es\/wp-json\/wp\/v2\/pages\/21903\/revisions\/28653"}],"up":[{"embeddable":true,"href":"https:\/\/www.siredwards.com\/es\/wp-json\/wp\/v2\/pages\/23684"}],"wp:featuredmedia":[{"embeddable":true,"href":"https:\/\/www.siredwards.com\/es\/wp-json\/wp\/v2\/media\/21904"}],"wp:attachment":[{"href":"https:\/\/www.siredwards.com\/es\/wp-json\/wp\/v2\/media?parent=21903"}],"curies":[{"name":"wp","href":"https:\/\/api.w.org\/{rel}","templated":true}]}}