{"id":21884,"date":"2015-05-28T08:39:25","date_gmt":"2015-05-28T06:39:25","guid":{"rendered":"https:\/\/www.siredwards.com\/el-anejamiento-del-whisky\/"},"modified":"2025-12-04T14:18:05","modified_gmt":"2025-12-04T13:18:05","slug":"el-anejamiento-del-whisky","status":"publish","type":"page","link":"https:\/\/www.siredwards.com\/es\/whisky-factory-2\/pasos-de-fabricacion\/el-anejamiento-del-whisky\/","title":{"rendered":"El a\u00f1ejamiento del whisky"},"content":{"rendered":"<h3 style=\"text-align: center;\">El envejecimiento del whisky en Escocia<\/h3>\n<p style=\"text-align: center;\">Una vez terminada la destilaci\u00f3n, las barricas de roble se llenan y se guardan en la bodega.<\/p>\n<p style=\"text-align: center;\">Tras sus pesadas puertas, el whisky <strong>madura muy lentamente<\/strong> hasta llegar a convertirse en un whisky profundamente escoc\u00e9s.<\/p>\n<p style=\"text-align: center;\">Para favorecer un a\u00f1ejamiento arm\u00f3nico, la <strong>tasa de humedad<\/strong> y la <strong>temperatura ambiente<\/strong> se controlan con precisi\u00f3n.<\/p>\n<p style=\"text-align: center;\">Durante como m\u00ednimo tres a\u00f1os, la serenidad que reina en las bodegas \u00fanicamente se ver\u00e1 turbada por el paso de las estaciones. Oto\u00f1o, invierno, primavera, verano&#8230; Para alcanzar la perfecci\u00f3n, la palabra clave es <strong>equilibrio en el interior de la bodega<\/strong>.<\/p>\n<p style=\"text-align: center;\">El medio escoc\u00e9s puede, no obstante, expresarse en toda su plenitud. Las barricas de roble favorecen una cierta porosidad. Lo que permite pagar el correspondiente \u00ab<strong>impuesto a los \u00e1ngeles<\/strong>\u00bb gracias a la evaporaci\u00f3n, un fen\u00f3meno natural esencial para alcanzar la madurez.<\/p>\n<p style=\"text-align: center;\">Esta capacidad permite tambi\u00e9n al aire circundante infiltrarse en las barricas y al whisky impregnarse de Escocia. Por eso los whiskys <strong>a\u00f1ejados cerca del mar<\/strong> presentan normalmente un sabor salado.<\/p>\n<p style=\"text-align: center;\">Durante la fase de a\u00f1ejamiento, el whisky adquiere sus hermosos <strong>matices dorados<\/strong>. As\u00ed como tambi\u00e9n es en el coraz\u00f3n de la bodega, en cada barrica de roble, donde se desarrollan decenas de aromas de gran sutileza.<\/p>\n<h2 style=\"text-align: center;\">La barrica, un concentrado de aromas para el whisky<\/h2>\n<p style=\"text-align: center;\">Para que un whisky se considere escoc\u00e9s, su a\u00f1ejamiento debe realizarse en <strong>barricas de roble<\/strong>. Este requisito es fundamental.<\/p>\n<p style=\"text-align: center;\">Gracias al contacto con la madera, el n\u00e9ctar reci\u00e9n destilado se transforma en whisky, adquiere su color dorado y despliega sus aromas.<\/p>\n<p style=\"text-align: center;\">La mayor parte de las barricas que se utilizan en Escocia con barricas reutilizadas. Un parte de ellas proceden de Am\u00e9rica y su madera ha modelado previamente los <strong>sabores del bourbon<\/strong>.<\/p>\n<p style=\"text-align: center;\">De este hu\u00e9sped anterior, el whisky escoc\u00e9s guarda buenos <strong>recuerdos<\/strong>. Las huellas que el bourbon deja en la madera de roble blanco, destila sutiles aromas a vainilla, jengibre o caramelo.<\/p>\n<p style=\"text-align: center;\">Antiguas barricas de oporto, de jerez o de vinos franceses, as\u00ed como barricas procedentes de cualquier parte del mundo, aportan su toque personal al whisky escoc\u00e9s.<\/p>\n<p style=\"text-align: center;\">Para degustar un aut\u00e9ntico whisky escoc\u00e9s, los aficionados a esta bebida tienen que esperar varios a\u00f1os.<\/p>\n<p style=\"text-align: center;\">Mientras tanto Escocia trabaja sin descanso, inmersa en silencio de sus bodegas, para ofrecer un whisky que lleve el sello de <strong>su identidad<\/strong>.<\/p>\n<h2 style=\"text-align: center;\">El whisky y el impuesto de los \u00e1ngeles<\/h2>\n<p style=\"text-align: center;\">Entre brezales abatidos por el viento y paisajes sembrados de rocas de granito, es f\u00e1cil imaginarse que los esp\u00edritus ben\u00e9volos habitan por tierras escocesas. Rodeados de paisajes g\u00f3ticos, las bebidas espirituosas se someten a una <strong>alquimia sutil<\/strong>, pero no por ello menos aut\u00e9ntica.<\/p>\n<p style=\"text-align: center;\">Escuche con atenci\u00f3n, porque los \u00e1ngeles se pasean por las bodegas escocesas. Tambi\u00e9n se dice que participan en el proceso. Al fen\u00f3meno de la evaporaci\u00f3n, que se produce de forma natural durante el <strong>proceso de a\u00f1ejamiento<\/strong>, se le denomina po\u00e9ticamente \u00abel impuesto de los \u00e1ngeles\u00bb.<\/p>\n<p style=\"text-align: center;\">Se calcula que entre un <strong>1% y un 2% anual<\/strong> del whisky de los toneles se evapora.<\/p>\n<p style=\"text-align: center;\">Gracias a este tributo que se paga a la naturaleza, el whisky adquiere esa redondez que le caracteriza.<\/p>\n<p style=\"text-align: center;\">La evaporaci\u00f3n del whisky depende en gran medida del grado de humedad de las bodegas. Para que el whisky escoc\u00e9s lleve a cabo su lento proceso de maduraci\u00f3n, el equilibrio entre humedad y sequedad en las bodegas debe ser perfecto.<\/p>\n<p style=\"text-align: center;\">El whisky escoc\u00e9s <strong>nace a partir del lento transcurrir del tiempo<\/strong>.<\/p>\n","protected":false},"excerpt":{"rendered":"<p>El envejecimiento del whisky en Escocia Una vez terminada la destilaci\u00f3n, las barricas de roble se llenan y se guardan en la bodega. Tras sus pesadas puertas, el whisky madura muy lentamente hasta llegar a convertirse en un whisky profundamente escoc\u00e9s. Para favorecer un a\u00f1ejamiento arm\u00f3nico, la tasa de humedad y la temperatura ambiente se [&hellip;]<\/p>\n","protected":false},"author":21683,"featured_media":21885,"parent":23629,"menu_order":0,"comment_status":"open","ping_status":"open","template":"","meta":{"_acf_changed":false,"footnotes":""},"class_list":["post-21884","page","type-page","status-publish","has-post-thumbnail","hentry"],"acf":[],"yoast_head":"<!-- This site is optimized with the Yoast SEO plugin v27.3 - https:\/\/yoast.com\/product\/yoast-seo-wordpress\/ -->\n<title>El a\u00f1ejamiento del whisky - Sir Edwards EN<\/title>\n<meta name=\"robots\" content=\"index, follow, max-snippet:-1, max-image-preview:large, max-video-preview:-1\" \/>\n<link rel=\"canonical\" href=\"https:\/\/www.siredwards.com\/es\/whisky-factory-2\/pasos-de-fabricacion\/el-anejamiento-del-whisky\/\" \/>\n<meta property=\"og:locale\" content=\"es_ES\" \/>\n<meta property=\"og:type\" content=\"article\" \/>\n<meta property=\"og:title\" content=\"El a\u00f1ejamiento del whisky - Sir Edwards EN\" \/>\n<meta property=\"og:description\" content=\"El envejecimiento del whisky en Escocia Una vez terminada la destilaci\u00f3n, las barricas de roble se llenan y se guardan en la bodega. Tras sus pesadas puertas, el whisky madura muy lentamente hasta llegar a convertirse en un whisky profundamente escoc\u00e9s. Para favorecer un a\u00f1ejamiento arm\u00f3nico, la tasa de humedad y la temperatura ambiente se [&hellip;]\" \/>\n<meta property=\"og:url\" content=\"https:\/\/www.siredwards.com\/es\/whisky-factory-2\/pasos-de-fabricacion\/el-anejamiento-del-whisky\/\" \/>\n<meta property=\"og:site_name\" content=\"Sir Edwards EN\" \/>\n<meta property=\"article:modified_time\" content=\"2025-12-04T13:18:05+00:00\" \/>\n<meta property=\"og:image\" content=\"https:\/\/www.siredwards.fr\/wp-content\/uploads\/sites\/3\/2025\/12\/el-anejamiento-del-whisky-escocia-sir-edwards-page.jpg\" \/>\n\t<meta property=\"og:image:width\" content=\"990\" \/>\n\t<meta property=\"og:image:height\" content=\"340\" \/>\n\t<meta property=\"og:image:type\" content=\"image\/jpeg\" \/>\n<meta name=\"twitter:card\" content=\"summary_large_image\" \/>\n<meta name=\"twitter:label1\" content=\"Tiempo de lectura\" \/>\n\t<meta name=\"twitter:data1\" content=\"3 minutos\" \/>\n<script type=\"application\/ld+json\" class=\"yoast-schema-graph\">{\"@context\":\"https:\\\/\\\/schema.org\",\"@graph\":[{\"@type\":\"WebPage\",\"@id\":\"https:\\\/\\\/www.siredwards.com\\\/es\\\/whisky-factory-2\\\/pasos-de-fabricacion\\\/el-anejamiento-del-whisky\\\/\",\"url\":\"https:\\\/\\\/www.siredwards.com\\\/es\\\/whisky-factory-2\\\/pasos-de-fabricacion\\\/el-anejamiento-del-whisky\\\/\",\"name\":\"El a\u00f1ejamiento del whisky - Sir Edwards EN\",\"isPartOf\":{\"@id\":\"https:\\\/\\\/www.siredwards.com\\\/es\\\/en\\\/#website\"},\"primaryImageOfPage\":{\"@id\":\"https:\\\/\\\/www.siredwards.com\\\/es\\\/whisky-factory-2\\\/pasos-de-fabricacion\\\/el-anejamiento-del-whisky\\\/#primaryimage\"},\"image\":{\"@id\":\"https:\\\/\\\/www.siredwards.com\\\/es\\\/whisky-factory-2\\\/pasos-de-fabricacion\\\/el-anejamiento-del-whisky\\\/#primaryimage\"},\"thumbnailUrl\":\"https:\\\/\\\/www.siredwards.com\\\/wp-content\\\/uploads\\\/sites\\\/3\\\/2025\\\/12\\\/el-anejamiento-del-whisky-escocia-sir-edwards-page.jpg\",\"datePublished\":\"2015-05-28T06:39:25+00:00\",\"dateModified\":\"2025-12-04T13:18:05+00:00\",\"breadcrumb\":{\"@id\":\"https:\\\/\\\/www.siredwards.com\\\/es\\\/whisky-factory-2\\\/pasos-de-fabricacion\\\/el-anejamiento-del-whisky\\\/#breadcrumb\"},\"inLanguage\":\"es\",\"potentialAction\":[{\"@type\":\"ReadAction\",\"target\":[\"https:\\\/\\\/www.siredwards.com\\\/es\\\/whisky-factory-2\\\/pasos-de-fabricacion\\\/el-anejamiento-del-whisky\\\/\"]}]},{\"@type\":\"ImageObject\",\"inLanguage\":\"es\",\"@id\":\"https:\\\/\\\/www.siredwards.com\\\/es\\\/whisky-factory-2\\\/pasos-de-fabricacion\\\/el-anejamiento-del-whisky\\\/#primaryimage\",\"url\":\"https:\\\/\\\/www.siredwards.com\\\/wp-content\\\/uploads\\\/sites\\\/3\\\/2025\\\/12\\\/el-anejamiento-del-whisky-escocia-sir-edwards-page.jpg\",\"contentUrl\":\"https:\\\/\\\/www.siredwards.com\\\/wp-content\\\/uploads\\\/sites\\\/3\\\/2025\\\/12\\\/el-anejamiento-del-whisky-escocia-sir-edwards-page.jpg\",\"width\":990,\"height\":340},{\"@type\":\"BreadcrumbList\",\"@id\":\"https:\\\/\\\/www.siredwards.com\\\/es\\\/whisky-factory-2\\\/pasos-de-fabricacion\\\/el-anejamiento-del-whisky\\\/#breadcrumb\",\"itemListElement\":[{\"@type\":\"ListItem\",\"position\":1,\"name\":\"Home\",\"item\":\"https:\\\/\\\/www.siredwards.com\\\/es\\\/en\\\/\"},{\"@type\":\"ListItem\",\"position\":2,\"name\":\"Whisky factory\",\"item\":\"https:\\\/\\\/www.siredwards.com\\\/es\\\/whisky-factory-2\\\/\"},{\"@type\":\"ListItem\",\"position\":3,\"name\":\"Pasos de fabricaci\u00f3n\",\"item\":\"https:\\\/\\\/www.siredwards.com\\\/es\\\/whisky-factory-2\\\/pasos-de-fabricacion\\\/\"},{\"@type\":\"ListItem\",\"position\":4,\"name\":\"El a\u00f1ejamiento del whisky\"}]},{\"@type\":\"WebSite\",\"@id\":\"https:\\\/\\\/www.siredwards.com\\\/es\\\/en\\\/#website\",\"url\":\"https:\\\/\\\/www.siredwards.com\\\/es\\\/en\\\/\",\"name\":\"Sir Edwards EN\",\"description\":\"\",\"potentialAction\":[{\"@type\":\"SearchAction\",\"target\":{\"@type\":\"EntryPoint\",\"urlTemplate\":\"https:\\\/\\\/www.siredwards.com\\\/es\\\/en\\\/?s={search_term_string}\"},\"query-input\":{\"@type\":\"PropertyValueSpecification\",\"valueRequired\":true,\"valueName\":\"search_term_string\"}}],\"inLanguage\":\"es\"}]}<\/script>\n<!-- \/ Yoast SEO plugin. -->","yoast_head_json":{"title":"El a\u00f1ejamiento del whisky - Sir Edwards EN","robots":{"index":"index","follow":"follow","max-snippet":"max-snippet:-1","max-image-preview":"max-image-preview:large","max-video-preview":"max-video-preview:-1"},"canonical":"https:\/\/www.siredwards.com\/es\/whisky-factory-2\/pasos-de-fabricacion\/el-anejamiento-del-whisky\/","og_locale":"es_ES","og_type":"article","og_title":"El a\u00f1ejamiento del whisky - Sir Edwards EN","og_description":"El envejecimiento del whisky en Escocia Una vez terminada la destilaci\u00f3n, las barricas de roble se llenan y se guardan en la bodega. Tras sus pesadas puertas, el whisky madura muy lentamente hasta llegar a convertirse en un whisky profundamente escoc\u00e9s. Para favorecer un a\u00f1ejamiento arm\u00f3nico, la tasa de humedad y la temperatura ambiente se [&hellip;]","og_url":"https:\/\/www.siredwards.com\/es\/whisky-factory-2\/pasos-de-fabricacion\/el-anejamiento-del-whisky\/","og_site_name":"Sir Edwards EN","article_modified_time":"2025-12-04T13:18:05+00:00","og_image":[{"width":990,"height":340,"url":"https:\/\/www.siredwards.fr\/wp-content\/uploads\/sites\/3\/2025\/12\/el-anejamiento-del-whisky-escocia-sir-edwards-page.jpg","type":"image\/jpeg"}],"twitter_card":"summary_large_image","twitter_misc":{"Tiempo de lectura":"3 minutos"},"schema":{"@context":"https:\/\/schema.org","@graph":[{"@type":"WebPage","@id":"https:\/\/www.siredwards.com\/es\/whisky-factory-2\/pasos-de-fabricacion\/el-anejamiento-del-whisky\/","url":"https:\/\/www.siredwards.com\/es\/whisky-factory-2\/pasos-de-fabricacion\/el-anejamiento-del-whisky\/","name":"El a\u00f1ejamiento del whisky - Sir Edwards EN","isPartOf":{"@id":"https:\/\/www.siredwards.com\/es\/en\/#website"},"primaryImageOfPage":{"@id":"https:\/\/www.siredwards.com\/es\/whisky-factory-2\/pasos-de-fabricacion\/el-anejamiento-del-whisky\/#primaryimage"},"image":{"@id":"https:\/\/www.siredwards.com\/es\/whisky-factory-2\/pasos-de-fabricacion\/el-anejamiento-del-whisky\/#primaryimage"},"thumbnailUrl":"https:\/\/www.siredwards.com\/wp-content\/uploads\/sites\/3\/2025\/12\/el-anejamiento-del-whisky-escocia-sir-edwards-page.jpg","datePublished":"2015-05-28T06:39:25+00:00","dateModified":"2025-12-04T13:18:05+00:00","breadcrumb":{"@id":"https:\/\/www.siredwards.com\/es\/whisky-factory-2\/pasos-de-fabricacion\/el-anejamiento-del-whisky\/#breadcrumb"},"inLanguage":"es","potentialAction":[{"@type":"ReadAction","target":["https:\/\/www.siredwards.com\/es\/whisky-factory-2\/pasos-de-fabricacion\/el-anejamiento-del-whisky\/"]}]},{"@type":"ImageObject","inLanguage":"es","@id":"https:\/\/www.siredwards.com\/es\/whisky-factory-2\/pasos-de-fabricacion\/el-anejamiento-del-whisky\/#primaryimage","url":"https:\/\/www.siredwards.com\/wp-content\/uploads\/sites\/3\/2025\/12\/el-anejamiento-del-whisky-escocia-sir-edwards-page.jpg","contentUrl":"https:\/\/www.siredwards.com\/wp-content\/uploads\/sites\/3\/2025\/12\/el-anejamiento-del-whisky-escocia-sir-edwards-page.jpg","width":990,"height":340},{"@type":"BreadcrumbList","@id":"https:\/\/www.siredwards.com\/es\/whisky-factory-2\/pasos-de-fabricacion\/el-anejamiento-del-whisky\/#breadcrumb","itemListElement":[{"@type":"ListItem","position":1,"name":"Home","item":"https:\/\/www.siredwards.com\/es\/en\/"},{"@type":"ListItem","position":2,"name":"Whisky factory","item":"https:\/\/www.siredwards.com\/es\/whisky-factory-2\/"},{"@type":"ListItem","position":3,"name":"Pasos de fabricaci\u00f3n","item":"https:\/\/www.siredwards.com\/es\/whisky-factory-2\/pasos-de-fabricacion\/"},{"@type":"ListItem","position":4,"name":"El a\u00f1ejamiento del whisky"}]},{"@type":"WebSite","@id":"https:\/\/www.siredwards.com\/es\/en\/#website","url":"https:\/\/www.siredwards.com\/es\/en\/","name":"Sir Edwards EN","description":"","potentialAction":[{"@type":"SearchAction","target":{"@type":"EntryPoint","urlTemplate":"https:\/\/www.siredwards.com\/es\/en\/?s={search_term_string}"},"query-input":{"@type":"PropertyValueSpecification","valueRequired":true,"valueName":"search_term_string"}}],"inLanguage":"es"}]}},"_links":{"self":[{"href":"https:\/\/www.siredwards.com\/es\/wp-json\/wp\/v2\/pages\/21884","targetHints":{"allow":["GET"]}}],"collection":[{"href":"https:\/\/www.siredwards.com\/es\/wp-json\/wp\/v2\/pages"}],"about":[{"href":"https:\/\/www.siredwards.com\/es\/wp-json\/wp\/v2\/types\/page"}],"author":[{"embeddable":true,"href":"https:\/\/www.siredwards.com\/es\/wp-json\/wp\/v2\/users\/21683"}],"replies":[{"embeddable":true,"href":"https:\/\/www.siredwards.com\/es\/wp-json\/wp\/v2\/comments?post=21884"}],"version-history":[{"count":1,"href":"https:\/\/www.siredwards.com\/es\/wp-json\/wp\/v2\/pages\/21884\/revisions"}],"predecessor-version":[{"id":24879,"href":"https:\/\/www.siredwards.com\/es\/wp-json\/wp\/v2\/pages\/21884\/revisions\/24879"}],"up":[{"embeddable":true,"href":"https:\/\/www.siredwards.com\/es\/wp-json\/wp\/v2\/pages\/23629"}],"wp:featuredmedia":[{"embeddable":true,"href":"https:\/\/www.siredwards.com\/es\/wp-json\/wp\/v2\/media\/21885"}],"wp:attachment":[{"href":"https:\/\/www.siredwards.com\/es\/wp-json\/wp\/v2\/media?parent=21884"}],"curies":[{"name":"wp","href":"https:\/\/api.w.org\/{rel}","templated":true}]}}