{"id":21814,"date":"2015-05-28T08:08:50","date_gmt":"2015-05-28T06:08:50","guid":{"rendered":"https:\/\/www.siredwards.com\/el-whisky-una-tradicion-escocesa\/"},"modified":"2025-12-04T14:18:05","modified_gmt":"2025-12-04T13:18:05","slug":"el-whisky-una-tradicion-escocesa","status":"publish","type":"page","link":"https:\/\/www.siredwards.com\/es\/terroir-y-territorio\/tradicion-y-autenticidad-del-whisky-escoces\/el-whisky-una-tradicion-escocesa\/","title":{"rendered":"El whisky, una tradici\u00f3n escocesa"},"content":{"rendered":"<p style=\"text-align: center;\">El tradicional proverbio escoc\u00e9s \u00ab<a href=\"https:\/\/es.siredwards.com\/el-whisky-una-tradicion\/los-ingredientes-del-whisky\/el-agua-la-marca-del-whisky-escoces\/\"><strong>la lluvia de hoy es el whisky de ma\u00f1ana<\/strong><\/a>\u00bb deja claro, en caso de duda, <a href=\"https:\/\/es.siredwards.com\/descubra-el-universo-del-whisky\/tradicion-y-autenticidad-del-whisky-escoces\/el-alma-escocesa-a-traves-del-whisky\/\"><strong>la importancia que el whisky tiene en la vida diaria<\/strong><\/a>. <!--more-->Aunque a d\u00eda de hoy el whisky traspasa las fronteras de Escocia, la patria del clan McLeod sigue siendo una de sus cunas. La p<strong>rimera producci\u00f3n de whisky oficialmente registrada en Escocia<\/strong> se remonta al a\u00f1o <strong>1494<\/strong>.<\/p>\n<p style=\"text-align: center;\">Hoy en d\u00eda, las <a href=\"https:\/\/es.siredwards.com\/el-whisky-una-tradicion\/\"><strong>destiler\u00edas de whisky<\/strong><\/a>, con su hermosa chimenea y su caracter\u00edstico olor a alaj\u00fa, siguen siendo <strong>un punto de referencia caracter\u00edstico<\/strong> del paisaje poblado de landas y brezos.<\/p>\n<p style=\"text-align: center;\">Con <strong>m\u00e1s de cinco siglos de experiencia a sus espaldas en la destilaci\u00f3n de whisky<\/strong>, Escocia ha alcanzado la cumbre en este arte. La <a href=\"https:\/\/es.siredwards.com\/video-la-tierra-del-whisky-sir-edwards\/\"><strong>tierra escocesa<\/strong><\/a> est\u00e1 \u00edntimamente relacionada con <strong>la identidad del whisky escoc\u00e9s<\/strong>. Esta bebida espirituosa es el punto de encuentro entre un saber hacer ancestral y una abundancia de recursos naturales; la alianza entre <strong>el agua que cae del cielo<\/strong> y <a href=\"https:\/\/es.siredwards.com\/el-whisky-una-tradicion\/los-ingredientes-del-whisky\/la-cebada-el-cereal-estrella-del-whisky\/\"><strong>la cebada<\/strong><\/a> que nace de la tierra caledoniana.<\/p>\n<p style=\"text-align: center;\">Orgullosos de su whisky, a los <strong><a href=\"https:\/\/es.siredwards.com\/descubra-el-universo-del-whisky\/tradicion-y-autenticidad-del-whisky-escoces\/el-whisky-un-reflejo-de-los-escoceses\/\">escoceses<\/a> les gusta que se conozca<\/strong>. Los compatriotas de Sean Connery afirman que interesarse por la <strong>cultura del whisky<\/strong> es una excelente forma de <strong>conocer sus tradiciones<\/strong>.<\/p>\n","protected":false},"excerpt":{"rendered":"<p>El tradicional proverbio escoc\u00e9s \u00abla lluvia de hoy es el whisky de ma\u00f1ana\u00bb deja claro, en caso de duda, la importancia que el whisky tiene en la vida diaria.<\/p>\n","protected":false},"author":21683,"featured_media":21815,"parent":21694,"menu_order":0,"comment_status":"open","ping_status":"open","template":"","meta":{"_acf_changed":false,"footnotes":""},"class_list":["post-21814","page","type-page","status-publish","has-post-thumbnail","hentry"],"acf":[],"yoast_head":"<!-- This site is optimized with the Yoast SEO plugin v27.3 - https:\/\/yoast.com\/product\/yoast-seo-wordpress\/ -->\n<title>El whisky, una tradici\u00f3n escocesa - Sir Edwards EN<\/title>\n<meta name=\"robots\" content=\"index, follow, max-snippet:-1, max-image-preview:large, max-video-preview:-1\" \/>\n<link rel=\"canonical\" href=\"https:\/\/www.siredwards.com\/es\/terroir-y-territorio\/tradicion-y-autenticidad-del-whisky-escoces\/el-whisky-una-tradicion-escocesa\/\" \/>\n<meta property=\"og:locale\" content=\"es_ES\" \/>\n<meta property=\"og:type\" content=\"article\" \/>\n<meta property=\"og:title\" content=\"El whisky, una tradici\u00f3n escocesa - Sir Edwards EN\" \/>\n<meta property=\"og:description\" content=\"El tradicional proverbio escoc\u00e9s \u00abla lluvia de hoy es el whisky de ma\u00f1ana\u00bb deja claro, en caso de duda, la importancia que el whisky tiene en la vida diaria.\" \/>\n<meta property=\"og:url\" content=\"https:\/\/www.siredwards.com\/es\/terroir-y-territorio\/tradicion-y-autenticidad-del-whisky-escoces\/el-whisky-una-tradicion-escocesa\/\" \/>\n<meta property=\"og:site_name\" content=\"Sir Edwards EN\" \/>\n<meta property=\"article:modified_time\" content=\"2025-12-04T13:18:05+00:00\" \/>\n<meta property=\"og:image\" content=\"https:\/\/www.siredwards.fr\/wp-content\/uploads\/sites\/3\/2025\/12\/la-tradition-ecossaise-sir-edwards-page-6.jpg\" \/>\n\t<meta property=\"og:image:width\" content=\"990\" \/>\n\t<meta property=\"og:image:height\" content=\"340\" \/>\n\t<meta property=\"og:image:type\" content=\"image\/jpeg\" \/>\n<meta name=\"twitter:card\" content=\"summary_large_image\" \/>\n<meta name=\"twitter:label1\" content=\"Tiempo de lectura\" \/>\n\t<meta name=\"twitter:data1\" content=\"1 minuto\" \/>\n<script type=\"application\/ld+json\" class=\"yoast-schema-graph\">{\"@context\":\"https:\\\/\\\/schema.org\",\"@graph\":[{\"@type\":\"WebPage\",\"@id\":\"https:\\\/\\\/www.siredwards.com\\\/es\\\/terroir-y-territorio\\\/tradicion-y-autenticidad-del-whisky-escoces\\\/el-whisky-una-tradicion-escocesa\\\/\",\"url\":\"https:\\\/\\\/www.siredwards.com\\\/es\\\/terroir-y-territorio\\\/tradicion-y-autenticidad-del-whisky-escoces\\\/el-whisky-una-tradicion-escocesa\\\/\",\"name\":\"El whisky, una tradici\u00f3n escocesa - Sir Edwards EN\",\"isPartOf\":{\"@id\":\"https:\\\/\\\/www.siredwards.com\\\/es\\\/en\\\/#website\"},\"primaryImageOfPage\":{\"@id\":\"https:\\\/\\\/www.siredwards.com\\\/es\\\/terroir-y-territorio\\\/tradicion-y-autenticidad-del-whisky-escoces\\\/el-whisky-una-tradicion-escocesa\\\/#primaryimage\"},\"image\":{\"@id\":\"https:\\\/\\\/www.siredwards.com\\\/es\\\/terroir-y-territorio\\\/tradicion-y-autenticidad-del-whisky-escoces\\\/el-whisky-una-tradicion-escocesa\\\/#primaryimage\"},\"thumbnailUrl\":\"https:\\\/\\\/www.siredwards.com\\\/wp-content\\\/uploads\\\/sites\\\/3\\\/2025\\\/12\\\/la-tradition-ecossaise-sir-edwards-page-6.jpg\",\"datePublished\":\"2015-05-28T06:08:50+00:00\",\"dateModified\":\"2025-12-04T13:18:05+00:00\",\"breadcrumb\":{\"@id\":\"https:\\\/\\\/www.siredwards.com\\\/es\\\/terroir-y-territorio\\\/tradicion-y-autenticidad-del-whisky-escoces\\\/el-whisky-una-tradicion-escocesa\\\/#breadcrumb\"},\"inLanguage\":\"es\",\"potentialAction\":[{\"@type\":\"ReadAction\",\"target\":[\"https:\\\/\\\/www.siredwards.com\\\/es\\\/terroir-y-territorio\\\/tradicion-y-autenticidad-del-whisky-escoces\\\/el-whisky-una-tradicion-escocesa\\\/\"]}]},{\"@type\":\"ImageObject\",\"inLanguage\":\"es\",\"@id\":\"https:\\\/\\\/www.siredwards.com\\\/es\\\/terroir-y-territorio\\\/tradicion-y-autenticidad-del-whisky-escoces\\\/el-whisky-una-tradicion-escocesa\\\/#primaryimage\",\"url\":\"https:\\\/\\\/www.siredwards.com\\\/wp-content\\\/uploads\\\/sites\\\/3\\\/2025\\\/12\\\/la-tradition-ecossaise-sir-edwards-page-6.jpg\",\"contentUrl\":\"https:\\\/\\\/www.siredwards.com\\\/wp-content\\\/uploads\\\/sites\\\/3\\\/2025\\\/12\\\/la-tradition-ecossaise-sir-edwards-page-6.jpg\",\"width\":990,\"height\":340,\"caption\":\"La tradition \u00e9cossaise\"},{\"@type\":\"BreadcrumbList\",\"@id\":\"https:\\\/\\\/www.siredwards.com\\\/es\\\/terroir-y-territorio\\\/tradicion-y-autenticidad-del-whisky-escoces\\\/el-whisky-una-tradicion-escocesa\\\/#breadcrumb\",\"itemListElement\":[{\"@type\":\"ListItem\",\"position\":1,\"name\":\"Home\",\"item\":\"https:\\\/\\\/www.siredwards.com\\\/es\\\/en\\\/\"},{\"@type\":\"ListItem\",\"position\":2,\"name\":\"Terroir y territorio\",\"item\":\"https:\\\/\\\/www.siredwards.com\\\/es\\\/terroir-y-territorio\\\/\"},{\"@type\":\"ListItem\",\"position\":3,\"name\":\"Tradici\u00f3n y autenticidad\",\"item\":\"https:\\\/\\\/www.siredwards.com\\\/es\\\/terroir-y-territorio\\\/tradicion-y-autenticidad-del-whisky-escoces\\\/\"},{\"@type\":\"ListItem\",\"position\":4,\"name\":\"El whisky, una tradici\u00f3n escocesa\"}]},{\"@type\":\"WebSite\",\"@id\":\"https:\\\/\\\/www.siredwards.com\\\/es\\\/en\\\/#website\",\"url\":\"https:\\\/\\\/www.siredwards.com\\\/es\\\/en\\\/\",\"name\":\"Sir Edwards EN\",\"description\":\"\",\"potentialAction\":[{\"@type\":\"SearchAction\",\"target\":{\"@type\":\"EntryPoint\",\"urlTemplate\":\"https:\\\/\\\/www.siredwards.com\\\/es\\\/en\\\/?s={search_term_string}\"},\"query-input\":{\"@type\":\"PropertyValueSpecification\",\"valueRequired\":true,\"valueName\":\"search_term_string\"}}],\"inLanguage\":\"es\"}]}<\/script>\n<!-- \/ Yoast SEO plugin. -->","yoast_head_json":{"title":"El whisky, una tradici\u00f3n escocesa - Sir Edwards EN","robots":{"index":"index","follow":"follow","max-snippet":"max-snippet:-1","max-image-preview":"max-image-preview:large","max-video-preview":"max-video-preview:-1"},"canonical":"https:\/\/www.siredwards.com\/es\/terroir-y-territorio\/tradicion-y-autenticidad-del-whisky-escoces\/el-whisky-una-tradicion-escocesa\/","og_locale":"es_ES","og_type":"article","og_title":"El whisky, una tradici\u00f3n escocesa - Sir Edwards EN","og_description":"El tradicional proverbio escoc\u00e9s \u00abla lluvia de hoy es el whisky de ma\u00f1ana\u00bb deja claro, en caso de duda, la importancia que el whisky tiene en la vida diaria.","og_url":"https:\/\/www.siredwards.com\/es\/terroir-y-territorio\/tradicion-y-autenticidad-del-whisky-escoces\/el-whisky-una-tradicion-escocesa\/","og_site_name":"Sir Edwards EN","article_modified_time":"2025-12-04T13:18:05+00:00","og_image":[{"width":990,"height":340,"url":"https:\/\/www.siredwards.fr\/wp-content\/uploads\/sites\/3\/2025\/12\/la-tradition-ecossaise-sir-edwards-page-6.jpg","type":"image\/jpeg"}],"twitter_card":"summary_large_image","twitter_misc":{"Tiempo de lectura":"1 minuto"},"schema":{"@context":"https:\/\/schema.org","@graph":[{"@type":"WebPage","@id":"https:\/\/www.siredwards.com\/es\/terroir-y-territorio\/tradicion-y-autenticidad-del-whisky-escoces\/el-whisky-una-tradicion-escocesa\/","url":"https:\/\/www.siredwards.com\/es\/terroir-y-territorio\/tradicion-y-autenticidad-del-whisky-escoces\/el-whisky-una-tradicion-escocesa\/","name":"El whisky, una tradici\u00f3n escocesa - Sir Edwards EN","isPartOf":{"@id":"https:\/\/www.siredwards.com\/es\/en\/#website"},"primaryImageOfPage":{"@id":"https:\/\/www.siredwards.com\/es\/terroir-y-territorio\/tradicion-y-autenticidad-del-whisky-escoces\/el-whisky-una-tradicion-escocesa\/#primaryimage"},"image":{"@id":"https:\/\/www.siredwards.com\/es\/terroir-y-territorio\/tradicion-y-autenticidad-del-whisky-escoces\/el-whisky-una-tradicion-escocesa\/#primaryimage"},"thumbnailUrl":"https:\/\/www.siredwards.com\/wp-content\/uploads\/sites\/3\/2025\/12\/la-tradition-ecossaise-sir-edwards-page-6.jpg","datePublished":"2015-05-28T06:08:50+00:00","dateModified":"2025-12-04T13:18:05+00:00","breadcrumb":{"@id":"https:\/\/www.siredwards.com\/es\/terroir-y-territorio\/tradicion-y-autenticidad-del-whisky-escoces\/el-whisky-una-tradicion-escocesa\/#breadcrumb"},"inLanguage":"es","potentialAction":[{"@type":"ReadAction","target":["https:\/\/www.siredwards.com\/es\/terroir-y-territorio\/tradicion-y-autenticidad-del-whisky-escoces\/el-whisky-una-tradicion-escocesa\/"]}]},{"@type":"ImageObject","inLanguage":"es","@id":"https:\/\/www.siredwards.com\/es\/terroir-y-territorio\/tradicion-y-autenticidad-del-whisky-escoces\/el-whisky-una-tradicion-escocesa\/#primaryimage","url":"https:\/\/www.siredwards.com\/wp-content\/uploads\/sites\/3\/2025\/12\/la-tradition-ecossaise-sir-edwards-page-6.jpg","contentUrl":"https:\/\/www.siredwards.com\/wp-content\/uploads\/sites\/3\/2025\/12\/la-tradition-ecossaise-sir-edwards-page-6.jpg","width":990,"height":340,"caption":"La tradition \u00e9cossaise"},{"@type":"BreadcrumbList","@id":"https:\/\/www.siredwards.com\/es\/terroir-y-territorio\/tradicion-y-autenticidad-del-whisky-escoces\/el-whisky-una-tradicion-escocesa\/#breadcrumb","itemListElement":[{"@type":"ListItem","position":1,"name":"Home","item":"https:\/\/www.siredwards.com\/es\/en\/"},{"@type":"ListItem","position":2,"name":"Terroir y territorio","item":"https:\/\/www.siredwards.com\/es\/terroir-y-territorio\/"},{"@type":"ListItem","position":3,"name":"Tradici\u00f3n y autenticidad","item":"https:\/\/www.siredwards.com\/es\/terroir-y-territorio\/tradicion-y-autenticidad-del-whisky-escoces\/"},{"@type":"ListItem","position":4,"name":"El whisky, una tradici\u00f3n escocesa"}]},{"@type":"WebSite","@id":"https:\/\/www.siredwards.com\/es\/en\/#website","url":"https:\/\/www.siredwards.com\/es\/en\/","name":"Sir Edwards EN","description":"","potentialAction":[{"@type":"SearchAction","target":{"@type":"EntryPoint","urlTemplate":"https:\/\/www.siredwards.com\/es\/en\/?s={search_term_string}"},"query-input":{"@type":"PropertyValueSpecification","valueRequired":true,"valueName":"search_term_string"}}],"inLanguage":"es"}]}},"_links":{"self":[{"href":"https:\/\/www.siredwards.com\/es\/wp-json\/wp\/v2\/pages\/21814","targetHints":{"allow":["GET"]}}],"collection":[{"href":"https:\/\/www.siredwards.com\/es\/wp-json\/wp\/v2\/pages"}],"about":[{"href":"https:\/\/www.siredwards.com\/es\/wp-json\/wp\/v2\/types\/page"}],"author":[{"embeddable":true,"href":"https:\/\/www.siredwards.com\/es\/wp-json\/wp\/v2\/users\/21683"}],"replies":[{"embeddable":true,"href":"https:\/\/www.siredwards.com\/es\/wp-json\/wp\/v2\/comments?post=21814"}],"version-history":[{"count":1,"href":"https:\/\/www.siredwards.com\/es\/wp-json\/wp\/v2\/pages\/21814\/revisions"}],"predecessor-version":[{"id":24874,"href":"https:\/\/www.siredwards.com\/es\/wp-json\/wp\/v2\/pages\/21814\/revisions\/24874"}],"up":[{"embeddable":true,"href":"https:\/\/www.siredwards.com\/es\/wp-json\/wp\/v2\/pages\/21694"}],"wp:featuredmedia":[{"embeddable":true,"href":"https:\/\/www.siredwards.com\/es\/wp-json\/wp\/v2\/media\/21815"}],"wp:attachment":[{"href":"https:\/\/www.siredwards.com\/es\/wp-json\/wp\/v2\/media?parent=21814"}],"curies":[{"name":"wp","href":"https:\/\/api.w.org\/{rel}","templated":true}]}}