{"id":21799,"date":"2015-05-28T08:22:15","date_gmt":"2015-05-28T06:22:15","guid":{"rendered":"https:\/\/www.siredwards.com\/el-whisky-un-reflejo-de-los-escoceses\/"},"modified":"2025-12-04T14:18:05","modified_gmt":"2025-12-04T13:18:05","slug":"el-whisky-un-reflejo-de-los-escoceses","status":"publish","type":"page","link":"https:\/\/www.siredwards.com\/es\/terroir-y-territorio\/tradicion-y-autenticidad-del-whisky-escoces\/el-whisky-un-reflejo-de-los-escoceses\/","title":{"rendered":"El whisky, un reflejo de los escoceses"},"content":{"rendered":"<p style=\"text-align: center;\">El whisky escoc\u00e9s es la expresi\u00f3n de un <a href=\"https:\/\/es.siredwards.com\/el-whisky-una-tradicion\/\"><strong>saber hacer secular<\/strong><\/a> y de los aromas que emanan de la tierra. <!--more--><\/p>\n<p style=\"text-align: center;\">Es tambi\u00e9n el fiel <a href=\"https:\/\/es.siredwards.com\/descubra-el-universo-del-whisky\/tradicion-y-autenticidad-del-whisky-escoces\/el-alma-escocesa-a-traves-del-whisky\/\"><strong>reflejo del alma escocesa<\/strong><\/a>. <strong>Desde Glasgow hasta Inverness<\/strong>, el valor de compartir est\u00e1 profundamente arraigado en esta cultura.<\/p>\n<p style=\"text-align: center;\">Para convencerse de ello, basta simplemente con asistir a una <strong><em>ceilidh<\/em><\/strong> (pronunciarse como ke\u00ef-li), una<strong> fiesta tradicional ga\u00e9lica<\/strong> en la que amigos y vecinos se re\u00fanen y bailan al son del <strong>viol\u00edn<\/strong>, la <strong>flauta<\/strong> o la <strong>guitarra<\/strong>. El bullicio de las conversaciones queda entrecortado por las <strong>danzas<\/strong> que se suceden a un ritmo fren\u00e9tico. Y no hay que olvidar la presencia indispensable de los<strong> t\u00edpicos tartanes<\/strong> para que cualquier <em>ceilidh<\/em> resulte todo un \u00e9xito.<\/p>\n<p style=\"text-align: center;\">La pasi\u00f3n es el motor que mueve Escocia a producir un excelente whisky. Y el resultado de esta pasi\u00f3n es la extraordinaria sutileza de sus <a href=\"https:\/\/es.siredwards.com\/como-disfrutar-el-whisky\/los-aromas-del-whisky\/todos-los-aromas-de-escocia-en-el-whisky\/\"><strong>aromas<\/strong><\/a>. El whisky es en esencia una bebida tradicional.<\/p>\n<p style=\"text-align: center;\">Como pilar fundamental de la cultura escocesa, sus cualidades son objeto de amistosos pero apasionados debates. Sus notas <strong>turbadas, ahumadas o herb\u00e1ceas<\/strong> ti\u00f1en de recuerdos los momentos m\u00e1s selectos. Generoso y rico en sabores, el whisky escoc\u00e9s sintetiza la<strong> esencia <a href=\"https:\/\/es.siredwards.com\/descubra-el-universo-del-whisky\/tradicion-y-autenticidad-del-whisky-escoces\/el-whisky-una-tradicion-escocesa\/\">del esp\u00edritu escoc\u00e9s<\/a>.<\/strong><\/p>\n","protected":false},"excerpt":{"rendered":"<p>El whisky escoc\u00e9s es la expresi\u00f3n de un saber hacer secular y de los aromas que emanan de la tierra.<\/p>\n","protected":false},"author":21683,"featured_media":21800,"parent":21694,"menu_order":1,"comment_status":"open","ping_status":"open","template":"","meta":{"_acf_changed":false,"footnotes":""},"class_list":["post-21799","page","type-page","status-publish","has-post-thumbnail","hentry"],"acf":[],"yoast_head":"<!-- This site is optimized with the Yoast SEO plugin v27.3 - https:\/\/yoast.com\/product\/yoast-seo-wordpress\/ -->\n<title>El whisky, un reflejo de los escoceses - Sir Edwards EN<\/title>\n<meta name=\"robots\" content=\"index, follow, max-snippet:-1, max-image-preview:large, max-video-preview:-1\" \/>\n<link rel=\"canonical\" href=\"https:\/\/www.siredwards.com\/es\/terroir-y-territorio\/tradicion-y-autenticidad-del-whisky-escoces\/el-whisky-un-reflejo-de-los-escoceses\/\" \/>\n<meta property=\"og:locale\" content=\"es_ES\" \/>\n<meta property=\"og:type\" content=\"article\" \/>\n<meta property=\"og:title\" content=\"El whisky, un reflejo de los escoceses - Sir Edwards EN\" \/>\n<meta property=\"og:description\" content=\"El whisky escoc\u00e9s es la expresi\u00f3n de un saber hacer secular y de los aromas que emanan de la tierra.\" \/>\n<meta property=\"og:url\" content=\"https:\/\/www.siredwards.com\/es\/terroir-y-territorio\/tradicion-y-autenticidad-del-whisky-escoces\/el-whisky-un-reflejo-de-los-escoceses\/\" \/>\n<meta property=\"og:site_name\" content=\"Sir Edwards EN\" \/>\n<meta property=\"article:modified_time\" content=\"2025-12-04T13:18:05+00:00\" \/>\n<meta property=\"og:image\" content=\"https:\/\/www.siredwards.fr\/wp-content\/uploads\/sites\/3\/2025\/12\/AdobeStock_94835653-5-scaled.jpeg\" \/>\n\t<meta property=\"og:image:width\" content=\"2560\" \/>\n\t<meta property=\"og:image:height\" content=\"1734\" \/>\n\t<meta property=\"og:image:type\" content=\"image\/jpeg\" \/>\n<meta name=\"twitter:card\" content=\"summary_large_image\" \/>\n<meta name=\"twitter:label1\" content=\"Tiempo de lectura\" \/>\n\t<meta name=\"twitter:data1\" content=\"1 minuto\" \/>\n<script type=\"application\/ld+json\" class=\"yoast-schema-graph\">{\"@context\":\"https:\\\/\\\/schema.org\",\"@graph\":[{\"@type\":\"WebPage\",\"@id\":\"https:\\\/\\\/www.siredwards.com\\\/es\\\/terroir-y-territorio\\\/tradicion-y-autenticidad-del-whisky-escoces\\\/el-whisky-un-reflejo-de-los-escoceses\\\/\",\"url\":\"https:\\\/\\\/www.siredwards.com\\\/es\\\/terroir-y-territorio\\\/tradicion-y-autenticidad-del-whisky-escoces\\\/el-whisky-un-reflejo-de-los-escoceses\\\/\",\"name\":\"El whisky, un reflejo de los escoceses - Sir Edwards EN\",\"isPartOf\":{\"@id\":\"https:\\\/\\\/www.siredwards.com\\\/es\\\/en\\\/#website\"},\"primaryImageOfPage\":{\"@id\":\"https:\\\/\\\/www.siredwards.com\\\/es\\\/terroir-y-territorio\\\/tradicion-y-autenticidad-del-whisky-escoces\\\/el-whisky-un-reflejo-de-los-escoceses\\\/#primaryimage\"},\"image\":{\"@id\":\"https:\\\/\\\/www.siredwards.com\\\/es\\\/terroir-y-territorio\\\/tradicion-y-autenticidad-del-whisky-escoces\\\/el-whisky-un-reflejo-de-los-escoceses\\\/#primaryimage\"},\"thumbnailUrl\":\"https:\\\/\\\/www.siredwards.com\\\/wp-content\\\/uploads\\\/sites\\\/3\\\/2025\\\/12\\\/AdobeStock_94835653-5-scaled.jpeg\",\"datePublished\":\"2015-05-28T06:22:15+00:00\",\"dateModified\":\"2025-12-04T13:18:05+00:00\",\"breadcrumb\":{\"@id\":\"https:\\\/\\\/www.siredwards.com\\\/es\\\/terroir-y-territorio\\\/tradicion-y-autenticidad-del-whisky-escoces\\\/el-whisky-un-reflejo-de-los-escoceses\\\/#breadcrumb\"},\"inLanguage\":\"es\",\"potentialAction\":[{\"@type\":\"ReadAction\",\"target\":[\"https:\\\/\\\/www.siredwards.com\\\/es\\\/terroir-y-territorio\\\/tradicion-y-autenticidad-del-whisky-escoces\\\/el-whisky-un-reflejo-de-los-escoceses\\\/\"]}]},{\"@type\":\"ImageObject\",\"inLanguage\":\"es\",\"@id\":\"https:\\\/\\\/www.siredwards.com\\\/es\\\/terroir-y-territorio\\\/tradicion-y-autenticidad-del-whisky-escoces\\\/el-whisky-un-reflejo-de-los-escoceses\\\/#primaryimage\",\"url\":\"https:\\\/\\\/www.siredwards.com\\\/wp-content\\\/uploads\\\/sites\\\/3\\\/2025\\\/12\\\/AdobeStock_94835653-5-scaled.jpeg\",\"contentUrl\":\"https:\\\/\\\/www.siredwards.com\\\/wp-content\\\/uploads\\\/sites\\\/3\\\/2025\\\/12\\\/AdobeStock_94835653-5-scaled.jpeg\",\"width\":2560,\"height\":1734,\"caption\":\"Scottish St. Andrews cross flag.\"},{\"@type\":\"BreadcrumbList\",\"@id\":\"https:\\\/\\\/www.siredwards.com\\\/es\\\/terroir-y-territorio\\\/tradicion-y-autenticidad-del-whisky-escoces\\\/el-whisky-un-reflejo-de-los-escoceses\\\/#breadcrumb\",\"itemListElement\":[{\"@type\":\"ListItem\",\"position\":1,\"name\":\"Home\",\"item\":\"https:\\\/\\\/www.siredwards.com\\\/es\\\/en\\\/\"},{\"@type\":\"ListItem\",\"position\":2,\"name\":\"Terroir y territorio\",\"item\":\"https:\\\/\\\/www.siredwards.com\\\/es\\\/terroir-y-territorio\\\/\"},{\"@type\":\"ListItem\",\"position\":3,\"name\":\"Tradici\u00f3n y autenticidad\",\"item\":\"https:\\\/\\\/www.siredwards.com\\\/es\\\/terroir-y-territorio\\\/tradicion-y-autenticidad-del-whisky-escoces\\\/\"},{\"@type\":\"ListItem\",\"position\":4,\"name\":\"El whisky, un reflejo de los escoceses\"}]},{\"@type\":\"WebSite\",\"@id\":\"https:\\\/\\\/www.siredwards.com\\\/es\\\/en\\\/#website\",\"url\":\"https:\\\/\\\/www.siredwards.com\\\/es\\\/en\\\/\",\"name\":\"Sir Edwards EN\",\"description\":\"\",\"potentialAction\":[{\"@type\":\"SearchAction\",\"target\":{\"@type\":\"EntryPoint\",\"urlTemplate\":\"https:\\\/\\\/www.siredwards.com\\\/es\\\/en\\\/?s={search_term_string}\"},\"query-input\":{\"@type\":\"PropertyValueSpecification\",\"valueRequired\":true,\"valueName\":\"search_term_string\"}}],\"inLanguage\":\"es\"}]}<\/script>\n<!-- \/ Yoast SEO plugin. -->","yoast_head_json":{"title":"El whisky, un reflejo de los escoceses - Sir Edwards EN","robots":{"index":"index","follow":"follow","max-snippet":"max-snippet:-1","max-image-preview":"max-image-preview:large","max-video-preview":"max-video-preview:-1"},"canonical":"https:\/\/www.siredwards.com\/es\/terroir-y-territorio\/tradicion-y-autenticidad-del-whisky-escoces\/el-whisky-un-reflejo-de-los-escoceses\/","og_locale":"es_ES","og_type":"article","og_title":"El whisky, un reflejo de los escoceses - Sir Edwards EN","og_description":"El whisky escoc\u00e9s es la expresi\u00f3n de un saber hacer secular y de los aromas que emanan de la tierra.","og_url":"https:\/\/www.siredwards.com\/es\/terroir-y-territorio\/tradicion-y-autenticidad-del-whisky-escoces\/el-whisky-un-reflejo-de-los-escoceses\/","og_site_name":"Sir Edwards EN","article_modified_time":"2025-12-04T13:18:05+00:00","og_image":[{"width":2560,"height":1734,"url":"https:\/\/www.siredwards.fr\/wp-content\/uploads\/sites\/3\/2025\/12\/AdobeStock_94835653-5-scaled.jpeg","type":"image\/jpeg"}],"twitter_card":"summary_large_image","twitter_misc":{"Tiempo de lectura":"1 minuto"},"schema":{"@context":"https:\/\/schema.org","@graph":[{"@type":"WebPage","@id":"https:\/\/www.siredwards.com\/es\/terroir-y-territorio\/tradicion-y-autenticidad-del-whisky-escoces\/el-whisky-un-reflejo-de-los-escoceses\/","url":"https:\/\/www.siredwards.com\/es\/terroir-y-territorio\/tradicion-y-autenticidad-del-whisky-escoces\/el-whisky-un-reflejo-de-los-escoceses\/","name":"El whisky, un reflejo de los escoceses - Sir Edwards EN","isPartOf":{"@id":"https:\/\/www.siredwards.com\/es\/en\/#website"},"primaryImageOfPage":{"@id":"https:\/\/www.siredwards.com\/es\/terroir-y-territorio\/tradicion-y-autenticidad-del-whisky-escoces\/el-whisky-un-reflejo-de-los-escoceses\/#primaryimage"},"image":{"@id":"https:\/\/www.siredwards.com\/es\/terroir-y-territorio\/tradicion-y-autenticidad-del-whisky-escoces\/el-whisky-un-reflejo-de-los-escoceses\/#primaryimage"},"thumbnailUrl":"https:\/\/www.siredwards.com\/wp-content\/uploads\/sites\/3\/2025\/12\/AdobeStock_94835653-5-scaled.jpeg","datePublished":"2015-05-28T06:22:15+00:00","dateModified":"2025-12-04T13:18:05+00:00","breadcrumb":{"@id":"https:\/\/www.siredwards.com\/es\/terroir-y-territorio\/tradicion-y-autenticidad-del-whisky-escoces\/el-whisky-un-reflejo-de-los-escoceses\/#breadcrumb"},"inLanguage":"es","potentialAction":[{"@type":"ReadAction","target":["https:\/\/www.siredwards.com\/es\/terroir-y-territorio\/tradicion-y-autenticidad-del-whisky-escoces\/el-whisky-un-reflejo-de-los-escoceses\/"]}]},{"@type":"ImageObject","inLanguage":"es","@id":"https:\/\/www.siredwards.com\/es\/terroir-y-territorio\/tradicion-y-autenticidad-del-whisky-escoces\/el-whisky-un-reflejo-de-los-escoceses\/#primaryimage","url":"https:\/\/www.siredwards.com\/wp-content\/uploads\/sites\/3\/2025\/12\/AdobeStock_94835653-5-scaled.jpeg","contentUrl":"https:\/\/www.siredwards.com\/wp-content\/uploads\/sites\/3\/2025\/12\/AdobeStock_94835653-5-scaled.jpeg","width":2560,"height":1734,"caption":"Scottish St. Andrews cross flag."},{"@type":"BreadcrumbList","@id":"https:\/\/www.siredwards.com\/es\/terroir-y-territorio\/tradicion-y-autenticidad-del-whisky-escoces\/el-whisky-un-reflejo-de-los-escoceses\/#breadcrumb","itemListElement":[{"@type":"ListItem","position":1,"name":"Home","item":"https:\/\/www.siredwards.com\/es\/en\/"},{"@type":"ListItem","position":2,"name":"Terroir y territorio","item":"https:\/\/www.siredwards.com\/es\/terroir-y-territorio\/"},{"@type":"ListItem","position":3,"name":"Tradici\u00f3n y autenticidad","item":"https:\/\/www.siredwards.com\/es\/terroir-y-territorio\/tradicion-y-autenticidad-del-whisky-escoces\/"},{"@type":"ListItem","position":4,"name":"El whisky, un reflejo de los escoceses"}]},{"@type":"WebSite","@id":"https:\/\/www.siredwards.com\/es\/en\/#website","url":"https:\/\/www.siredwards.com\/es\/en\/","name":"Sir Edwards EN","description":"","potentialAction":[{"@type":"SearchAction","target":{"@type":"EntryPoint","urlTemplate":"https:\/\/www.siredwards.com\/es\/en\/?s={search_term_string}"},"query-input":{"@type":"PropertyValueSpecification","valueRequired":true,"valueName":"search_term_string"}}],"inLanguage":"es"}]}},"_links":{"self":[{"href":"https:\/\/www.siredwards.com\/es\/wp-json\/wp\/v2\/pages\/21799","targetHints":{"allow":["GET"]}}],"collection":[{"href":"https:\/\/www.siredwards.com\/es\/wp-json\/wp\/v2\/pages"}],"about":[{"href":"https:\/\/www.siredwards.com\/es\/wp-json\/wp\/v2\/types\/page"}],"author":[{"embeddable":true,"href":"https:\/\/www.siredwards.com\/es\/wp-json\/wp\/v2\/users\/21683"}],"replies":[{"embeddable":true,"href":"https:\/\/www.siredwards.com\/es\/wp-json\/wp\/v2\/comments?post=21799"}],"version-history":[{"count":1,"href":"https:\/\/www.siredwards.com\/es\/wp-json\/wp\/v2\/pages\/21799\/revisions"}],"predecessor-version":[{"id":24873,"href":"https:\/\/www.siredwards.com\/es\/wp-json\/wp\/v2\/pages\/21799\/revisions\/24873"}],"up":[{"embeddable":true,"href":"https:\/\/www.siredwards.com\/es\/wp-json\/wp\/v2\/pages\/21694"}],"wp:featuredmedia":[{"embeddable":true,"href":"https:\/\/www.siredwards.com\/es\/wp-json\/wp\/v2\/media\/21800"}],"wp:attachment":[{"href":"https:\/\/www.siredwards.com\/es\/wp-json\/wp\/v2\/media?parent=21799"}],"curies":[{"name":"wp","href":"https:\/\/api.w.org\/{rel}","templated":true}]}}