{"id":21784,"date":"2015-05-28T08:23:38","date_gmt":"2015-05-28T06:23:38","guid":{"rendered":"https:\/\/www.siredwards.com\/el-caracter-del-whisky\/"},"modified":"2025-12-04T14:18:05","modified_gmt":"2025-12-04T13:18:05","slug":"el-caracter-del-whisky","status":"publish","type":"page","link":"https:\/\/www.siredwards.com\/es\/terroir-y-territorio\/tradicion-y-autenticidad-del-whisky-escoces\/el-caracter-del-whisky\/","title":{"rendered":"El car\u00e1cter del whisky"},"content":{"rendered":"<p style=\"text-align: center;\">Los escoceses afirman que <strong>cada whisky tiene su propia personalidad<\/strong>.<!--more--><\/p>\n<p style=\"text-align: center;\">Sin embargo, los whiskys procedentes de las <a href=\"https:\/\/es.siredwards.com\/descubra-el-universo-del-whisky\/las-tierras-del-whisky-escoces\/las-zonas-productoras-de-whisky-en-escocia\/\"><strong>cinco zonas productoras<\/strong><\/a> presentan ciertos<strong> rasgos similares<\/strong>.<\/p>\n<p style=\"text-align: center;\">Como no pod\u00eda ser de otro modo. Los whiskys escoceses llevan la impronta de su territorio, desde los relieves abruptos de la isla de Skye hasta las <strong>f\u00e9rtiles llanuras de Speyside<\/strong>. El paisaje, la tierra y el tiempo dejan su huella en cada etapa de la elaboraci\u00f3n.<\/p>\n<p style=\"text-align: center;\">La <strong>lluvia<\/strong> que cae con regularidad, garantiza el aprovisionamiento constante de agua; <a href=\"https:\/\/es.siredwards.com\/el-whisky-una-tradicion\/los-ingredientes-del-whisky\/el-agua-la-marca-del-whisky-escoces\/\"><strong>materia prima ineludible<\/strong><\/a> en la producci\u00f3n de whisky.<\/p>\n<p style=\"text-align: center;\">Las<strong> tierras, f\u00e9rtiles<\/strong>, permiten a los hombres cultivar una<a href=\"https:\/\/es.siredwards.com\/el-whisky-una-tradicion\/los-ingredientes-del-whisky\/la-cebada-el-cereal-estrella-del-whisky\/\"><strong> cebada generosa<\/strong><\/a>, que luego se transforma gracias al <strong>buen hacer de las destiler\u00edas escocesas<\/strong>.<\/p>\n<p style=\"text-align: center;\">Y, por \u00faltimo, el clima, entre un suave verano y un moderado invierno, acompa\u00f1a sin estridencias al whisky en su <a href=\"https:\/\/es.siredwards.com\/el-whisky-una-tradicion\/el-anejamiento-del-whisky\/\"><strong>lento proceso de maduraci\u00f3n<\/strong><\/a>. Los <a href=\"https:\/\/es.siredwards.com\/el-whisky-una-tradicion\/el-anejamiento-del-whisky\/el-whisky-y-el-impuesto-de-los-angeles\/\"><strong>\u00e1ngeles<\/strong><\/a> tambi\u00e9n tiene su parte de responsabilidad en estas barricas adormecidas.<\/p>\n<p style=\"text-align: center;\">El paso del tiempo potencia los aromas y suaviza el oro precioso de los escoceses. <strong>Fuerte y suave<\/strong>, as\u00ed es el car\u00e1cter del <strong>whisky escoc\u00e9s<\/strong>.<\/p>\n","protected":false},"excerpt":{"rendered":"<p>Los escoceses afirman que cada whisky tiene su propia personalidad.<\/p>\n","protected":false},"author":21683,"featured_media":21785,"parent":21694,"menu_order":0,"comment_status":"open","ping_status":"open","template":"","meta":{"_acf_changed":false,"footnotes":""},"class_list":["post-21784","page","type-page","status-publish","has-post-thumbnail","hentry"],"acf":[],"yoast_head":"<!-- This site is optimized with the Yoast SEO plugin v27.3 - https:\/\/yoast.com\/product\/yoast-seo-wordpress\/ -->\n<title>El car\u00e1cter del whisky - Sir Edwards EN<\/title>\n<meta name=\"robots\" content=\"index, follow, max-snippet:-1, max-image-preview:large, max-video-preview:-1\" \/>\n<link rel=\"canonical\" href=\"https:\/\/www.siredwards.com\/es\/terroir-y-territorio\/tradicion-y-autenticidad-del-whisky-escoces\/el-caracter-del-whisky\/\" \/>\n<meta property=\"og:locale\" content=\"es_ES\" \/>\n<meta property=\"og:type\" content=\"article\" \/>\n<meta property=\"og:title\" content=\"El car\u00e1cter del whisky - Sir Edwards EN\" \/>\n<meta property=\"og:description\" content=\"Los escoceses afirman que cada whisky tiene su propia personalidad.\" \/>\n<meta property=\"og:url\" content=\"https:\/\/www.siredwards.com\/es\/terroir-y-territorio\/tradicion-y-autenticidad-del-whisky-escoces\/el-caracter-del-whisky\/\" \/>\n<meta property=\"og:site_name\" content=\"Sir Edwards EN\" \/>\n<meta property=\"article:modified_time\" content=\"2025-12-04T13:18:05+00:00\" \/>\n<meta property=\"og:image\" content=\"https:\/\/www.siredwards.fr\/wp-content\/uploads\/sites\/3\/2025\/12\/AdobeStock_231303591-1-6-scaled.jpeg\" \/>\n\t<meta property=\"og:image:width\" content=\"2560\" \/>\n\t<meta property=\"og:image:height\" content=\"1486\" \/>\n\t<meta property=\"og:image:type\" content=\"image\/jpeg\" \/>\n<meta name=\"twitter:card\" content=\"summary_large_image\" \/>\n<meta name=\"twitter:label1\" content=\"Tiempo de lectura\" \/>\n\t<meta name=\"twitter:data1\" content=\"1 minuto\" \/>\n<script type=\"application\/ld+json\" class=\"yoast-schema-graph\">{\"@context\":\"https:\\\/\\\/schema.org\",\"@graph\":[{\"@type\":\"WebPage\",\"@id\":\"https:\\\/\\\/www.siredwards.com\\\/es\\\/terroir-y-territorio\\\/tradicion-y-autenticidad-del-whisky-escoces\\\/el-caracter-del-whisky\\\/\",\"url\":\"https:\\\/\\\/www.siredwards.com\\\/es\\\/terroir-y-territorio\\\/tradicion-y-autenticidad-del-whisky-escoces\\\/el-caracter-del-whisky\\\/\",\"name\":\"El car\u00e1cter del whisky - Sir Edwards EN\",\"isPartOf\":{\"@id\":\"https:\\\/\\\/www.siredwards.com\\\/es\\\/en\\\/#website\"},\"primaryImageOfPage\":{\"@id\":\"https:\\\/\\\/www.siredwards.com\\\/es\\\/terroir-y-territorio\\\/tradicion-y-autenticidad-del-whisky-escoces\\\/el-caracter-del-whisky\\\/#primaryimage\"},\"image\":{\"@id\":\"https:\\\/\\\/www.siredwards.com\\\/es\\\/terroir-y-territorio\\\/tradicion-y-autenticidad-del-whisky-escoces\\\/el-caracter-del-whisky\\\/#primaryimage\"},\"thumbnailUrl\":\"https:\\\/\\\/www.siredwards.com\\\/wp-content\\\/uploads\\\/sites\\\/3\\\/2025\\\/12\\\/AdobeStock_231303591-1-6-scaled.jpeg\",\"datePublished\":\"2015-05-28T06:23:38+00:00\",\"dateModified\":\"2025-12-04T13:18:05+00:00\",\"breadcrumb\":{\"@id\":\"https:\\\/\\\/www.siredwards.com\\\/es\\\/terroir-y-territorio\\\/tradicion-y-autenticidad-del-whisky-escoces\\\/el-caracter-del-whisky\\\/#breadcrumb\"},\"inLanguage\":\"es\",\"potentialAction\":[{\"@type\":\"ReadAction\",\"target\":[\"https:\\\/\\\/www.siredwards.com\\\/es\\\/terroir-y-territorio\\\/tradicion-y-autenticidad-del-whisky-escoces\\\/el-caracter-del-whisky\\\/\"]}]},{\"@type\":\"ImageObject\",\"inLanguage\":\"es\",\"@id\":\"https:\\\/\\\/www.siredwards.com\\\/es\\\/terroir-y-territorio\\\/tradicion-y-autenticidad-del-whisky-escoces\\\/el-caracter-del-whisky\\\/#primaryimage\",\"url\":\"https:\\\/\\\/www.siredwards.com\\\/wp-content\\\/uploads\\\/sites\\\/3\\\/2025\\\/12\\\/AdobeStock_231303591-1-6-scaled.jpeg\",\"contentUrl\":\"https:\\\/\\\/www.siredwards.com\\\/wp-content\\\/uploads\\\/sites\\\/3\\\/2025\\\/12\\\/AdobeStock_231303591-1-6-scaled.jpeg\",\"width\":2560,\"height\":1486,\"caption\":\"el car\u00e0cter del whisky\"},{\"@type\":\"BreadcrumbList\",\"@id\":\"https:\\\/\\\/www.siredwards.com\\\/es\\\/terroir-y-territorio\\\/tradicion-y-autenticidad-del-whisky-escoces\\\/el-caracter-del-whisky\\\/#breadcrumb\",\"itemListElement\":[{\"@type\":\"ListItem\",\"position\":1,\"name\":\"Home\",\"item\":\"https:\\\/\\\/www.siredwards.com\\\/es\\\/en\\\/\"},{\"@type\":\"ListItem\",\"position\":2,\"name\":\"Terroir y territorio\",\"item\":\"https:\\\/\\\/www.siredwards.com\\\/es\\\/terroir-y-territorio\\\/\"},{\"@type\":\"ListItem\",\"position\":3,\"name\":\"Tradici\u00f3n y autenticidad\",\"item\":\"https:\\\/\\\/www.siredwards.com\\\/es\\\/terroir-y-territorio\\\/tradicion-y-autenticidad-del-whisky-escoces\\\/\"},{\"@type\":\"ListItem\",\"position\":4,\"name\":\"El car\u00e1cter del whisky\"}]},{\"@type\":\"WebSite\",\"@id\":\"https:\\\/\\\/www.siredwards.com\\\/es\\\/en\\\/#website\",\"url\":\"https:\\\/\\\/www.siredwards.com\\\/es\\\/en\\\/\",\"name\":\"Sir Edwards EN\",\"description\":\"\",\"potentialAction\":[{\"@type\":\"SearchAction\",\"target\":{\"@type\":\"EntryPoint\",\"urlTemplate\":\"https:\\\/\\\/www.siredwards.com\\\/es\\\/en\\\/?s={search_term_string}\"},\"query-input\":{\"@type\":\"PropertyValueSpecification\",\"valueRequired\":true,\"valueName\":\"search_term_string\"}}],\"inLanguage\":\"es\"}]}<\/script>\n<!-- \/ Yoast SEO plugin. -->","yoast_head_json":{"title":"El car\u00e1cter del whisky - Sir Edwards EN","robots":{"index":"index","follow":"follow","max-snippet":"max-snippet:-1","max-image-preview":"max-image-preview:large","max-video-preview":"max-video-preview:-1"},"canonical":"https:\/\/www.siredwards.com\/es\/terroir-y-territorio\/tradicion-y-autenticidad-del-whisky-escoces\/el-caracter-del-whisky\/","og_locale":"es_ES","og_type":"article","og_title":"El car\u00e1cter del whisky - Sir Edwards EN","og_description":"Los escoceses afirman que cada whisky tiene su propia personalidad.","og_url":"https:\/\/www.siredwards.com\/es\/terroir-y-territorio\/tradicion-y-autenticidad-del-whisky-escoces\/el-caracter-del-whisky\/","og_site_name":"Sir Edwards EN","article_modified_time":"2025-12-04T13:18:05+00:00","og_image":[{"width":2560,"height":1486,"url":"https:\/\/www.siredwards.fr\/wp-content\/uploads\/sites\/3\/2025\/12\/AdobeStock_231303591-1-6-scaled.jpeg","type":"image\/jpeg"}],"twitter_card":"summary_large_image","twitter_misc":{"Tiempo de lectura":"1 minuto"},"schema":{"@context":"https:\/\/schema.org","@graph":[{"@type":"WebPage","@id":"https:\/\/www.siredwards.com\/es\/terroir-y-territorio\/tradicion-y-autenticidad-del-whisky-escoces\/el-caracter-del-whisky\/","url":"https:\/\/www.siredwards.com\/es\/terroir-y-territorio\/tradicion-y-autenticidad-del-whisky-escoces\/el-caracter-del-whisky\/","name":"El car\u00e1cter del whisky - Sir Edwards EN","isPartOf":{"@id":"https:\/\/www.siredwards.com\/es\/en\/#website"},"primaryImageOfPage":{"@id":"https:\/\/www.siredwards.com\/es\/terroir-y-territorio\/tradicion-y-autenticidad-del-whisky-escoces\/el-caracter-del-whisky\/#primaryimage"},"image":{"@id":"https:\/\/www.siredwards.com\/es\/terroir-y-territorio\/tradicion-y-autenticidad-del-whisky-escoces\/el-caracter-del-whisky\/#primaryimage"},"thumbnailUrl":"https:\/\/www.siredwards.com\/wp-content\/uploads\/sites\/3\/2025\/12\/AdobeStock_231303591-1-6-scaled.jpeg","datePublished":"2015-05-28T06:23:38+00:00","dateModified":"2025-12-04T13:18:05+00:00","breadcrumb":{"@id":"https:\/\/www.siredwards.com\/es\/terroir-y-territorio\/tradicion-y-autenticidad-del-whisky-escoces\/el-caracter-del-whisky\/#breadcrumb"},"inLanguage":"es","potentialAction":[{"@type":"ReadAction","target":["https:\/\/www.siredwards.com\/es\/terroir-y-territorio\/tradicion-y-autenticidad-del-whisky-escoces\/el-caracter-del-whisky\/"]}]},{"@type":"ImageObject","inLanguage":"es","@id":"https:\/\/www.siredwards.com\/es\/terroir-y-territorio\/tradicion-y-autenticidad-del-whisky-escoces\/el-caracter-del-whisky\/#primaryimage","url":"https:\/\/www.siredwards.com\/wp-content\/uploads\/sites\/3\/2025\/12\/AdobeStock_231303591-1-6-scaled.jpeg","contentUrl":"https:\/\/www.siredwards.com\/wp-content\/uploads\/sites\/3\/2025\/12\/AdobeStock_231303591-1-6-scaled.jpeg","width":2560,"height":1486,"caption":"el car\u00e0cter del whisky"},{"@type":"BreadcrumbList","@id":"https:\/\/www.siredwards.com\/es\/terroir-y-territorio\/tradicion-y-autenticidad-del-whisky-escoces\/el-caracter-del-whisky\/#breadcrumb","itemListElement":[{"@type":"ListItem","position":1,"name":"Home","item":"https:\/\/www.siredwards.com\/es\/en\/"},{"@type":"ListItem","position":2,"name":"Terroir y territorio","item":"https:\/\/www.siredwards.com\/es\/terroir-y-territorio\/"},{"@type":"ListItem","position":3,"name":"Tradici\u00f3n y autenticidad","item":"https:\/\/www.siredwards.com\/es\/terroir-y-territorio\/tradicion-y-autenticidad-del-whisky-escoces\/"},{"@type":"ListItem","position":4,"name":"El car\u00e1cter del whisky"}]},{"@type":"WebSite","@id":"https:\/\/www.siredwards.com\/es\/en\/#website","url":"https:\/\/www.siredwards.com\/es\/en\/","name":"Sir Edwards EN","description":"","potentialAction":[{"@type":"SearchAction","target":{"@type":"EntryPoint","urlTemplate":"https:\/\/www.siredwards.com\/es\/en\/?s={search_term_string}"},"query-input":{"@type":"PropertyValueSpecification","valueRequired":true,"valueName":"search_term_string"}}],"inLanguage":"es"}]}},"_links":{"self":[{"href":"https:\/\/www.siredwards.com\/es\/wp-json\/wp\/v2\/pages\/21784","targetHints":{"allow":["GET"]}}],"collection":[{"href":"https:\/\/www.siredwards.com\/es\/wp-json\/wp\/v2\/pages"}],"about":[{"href":"https:\/\/www.siredwards.com\/es\/wp-json\/wp\/v2\/types\/page"}],"author":[{"embeddable":true,"href":"https:\/\/www.siredwards.com\/es\/wp-json\/wp\/v2\/users\/21683"}],"replies":[{"embeddable":true,"href":"https:\/\/www.siredwards.com\/es\/wp-json\/wp\/v2\/comments?post=21784"}],"version-history":[{"count":1,"href":"https:\/\/www.siredwards.com\/es\/wp-json\/wp\/v2\/pages\/21784\/revisions"}],"predecessor-version":[{"id":24872,"href":"https:\/\/www.siredwards.com\/es\/wp-json\/wp\/v2\/pages\/21784\/revisions\/24872"}],"up":[{"embeddable":true,"href":"https:\/\/www.siredwards.com\/es\/wp-json\/wp\/v2\/pages\/21694"}],"wp:featuredmedia":[{"embeddable":true,"href":"https:\/\/www.siredwards.com\/es\/wp-json\/wp\/v2\/media\/21785"}],"wp:attachment":[{"href":"https:\/\/www.siredwards.com\/es\/wp-json\/wp\/v2\/media?parent=21784"}],"curies":[{"name":"wp","href":"https:\/\/api.w.org\/{rel}","templated":true}]}}