{"id":21742,"date":"2015-05-28T08:21:39","date_gmt":"2015-05-28T06:21:39","guid":{"rendered":"https:\/\/www.siredwards.com\/los-origenes-del-whisky\/"},"modified":"2025-12-04T14:18:05","modified_gmt":"2025-12-04T13:18:05","slug":"los-origenes-del-whisky","status":"publish","type":"page","link":"https:\/\/www.siredwards.com\/es\/terroir-y-territorio\/tradicion-y-autenticidad-del-whisky-escoces\/los-origenes-del-whisky\/","title":{"rendered":"Los or\u00edgenes del whisky"},"content":{"rendered":"<p style=\"text-align: center;\">La palabra que antiguamente se usaba para designar el whisky era <strong>uisge beatha<\/strong> (pronunciado, oosh-ga bih-houh), que en <strong>g\u00e1elico escoc\u00e9s<\/strong> significa \u2018<strong>agua de vida<\/strong>\u2019.<\/p>\n<p style=\"text-align: center;\"><!--more-->Considerada la bebida nacional de Escocia, la historia del whisky est\u00e1 <strong>estrechamente vinculada a este territorio<\/strong><\/p>\n<p style=\"text-align: center;\">El oro amarillo perfila su <strong><a href=\"https:\/\/es.siredwards.com\/como-disfrutar-el-whisky\/los-aromas-del-whisky\/todos-los-aromas-de-escocia-en-el-whisky\/\">rica paleta arom\u00e1tica<\/a><\/strong> sobre estas <strong><a href=\"https:\/\/es.siredwards.com\/video-la-tierra-del-whisky-sir-edwards\/\">tierras atormentadas<\/a><\/strong>. Se calcula que el proceso de <strong><a href=\"https:\/\/es.siredwards.com\/el-whisky-una-tradicion\/la-fermentacion\/vapores-de-agua-y-nectar\/\">destilaci\u00f3n<\/a><\/strong> se import\u00f3 a Gran Breta\u00f1a en los siglos IV y V.<\/p>\n<p style=\"text-align: center;\">M\u00e1s tarde, <strong>Escocia fue testigo de la expansi\u00f3n<\/strong> de <strong><a href=\"https:\/\/es.siredwards.com\/descubra-el-universo-del-whisky\/las-tierras-del-whisky-escoces\/\">cinco regiones<\/a><\/strong> de producci\u00f3n bien diferenciadas. La regi\u00f3n de <strong>Speyside<\/strong>, situada al este, concentra <strong>m\u00e1s de la mitad de las destiler\u00edas del pa\u00eds<\/strong>. Su impresionante <strong>Ruta del whisky (en ingl\u00e9s, <em>Whisky Trail<\/em>)<\/strong> es una buena prueba de ello.<\/p>\n<p style=\"text-align: center;\">Marcada en lo m\u00e1s profundo de su alma por la <strong><a href=\"https:\/\/es.siredwards.com\/descubra-el-universo-del-whisky\/tradicion-y-autenticidad-del-whisky-escoces\/el-whisky-una-tradicion-escocesa\/\">cultura del whisky<\/a><\/strong>, Escocia ha participado en gran medida a su <strong>difusi\u00f3n mundial<\/strong>.<\/p>\n<p style=\"text-align: center;\">En tiempos del Imperio brit\u00e1nico, las botellas de whisky comenzaron a conquistar a <strong><a href=\"https:\/\/es.siredwards.com\/como-disfrutar-el-whisky\/\">degustadores<\/a><\/strong> del mundo entero entre las filas de los <em>highlanders<\/em>, los habitantes de las tierras altas de Escocia.<\/p>\n<p style=\"text-align: center;\">A d\u00eda de hoy, el whisky escoc\u00e9s sigue siendo la expresi\u00f3n de una <strong><a href=\"https:\/\/es.siredwards.com\/descubra-el-universo-del-whisky\/tradicion-y-autenticidad-del-whisky-escoces\/el-alma-escocesa-a-traves-del-whisky\/\">cultura plurisecular<\/a><\/strong> bien viva. Basta con entrar en cualquier <strong>pub de Edimburgo<\/strong> o de la <strong>isla de Skye<\/strong> para ser testigos de la seriedad con se habla del whisky escoc\u00e9s.<\/p>\n","protected":false},"excerpt":{"rendered":"<p>La palabra que antiguamente se usaba para designar el whisky era uisge beatha (pronunciado, oosh-ga bih-houh), que en g\u00e1elico escoc\u00e9s significa \u2018agua de vida\u2019.<\/p>\n","protected":false},"author":21683,"featured_media":21743,"parent":21694,"menu_order":0,"comment_status":"open","ping_status":"open","template":"","meta":{"_acf_changed":false,"footnotes":""},"class_list":["post-21742","page","type-page","status-publish","has-post-thumbnail","hentry"],"acf":[],"yoast_head":"<!-- This site is optimized with the Yoast SEO plugin v27.3 - https:\/\/yoast.com\/product\/yoast-seo-wordpress\/ -->\n<title>Los or\u00edgenes del whisky - Sir Edwards EN<\/title>\n<meta name=\"robots\" content=\"index, follow, max-snippet:-1, max-image-preview:large, max-video-preview:-1\" \/>\n<link rel=\"canonical\" href=\"https:\/\/www.siredwards.com\/es\/terroir-y-territorio\/tradicion-y-autenticidad-del-whisky-escoces\/los-origenes-del-whisky\/\" \/>\n<meta property=\"og:locale\" content=\"es_ES\" \/>\n<meta property=\"og:type\" content=\"article\" \/>\n<meta property=\"og:title\" content=\"Los or\u00edgenes del whisky - Sir Edwards EN\" \/>\n<meta property=\"og:description\" content=\"La palabra que antiguamente se usaba para designar el whisky era uisge beatha (pronunciado, oosh-ga bih-houh), que en g\u00e1elico escoc\u00e9s significa \u2018agua de vida\u2019.\" \/>\n<meta property=\"og:url\" content=\"https:\/\/www.siredwards.com\/es\/terroir-y-territorio\/tradicion-y-autenticidad-del-whisky-escoces\/los-origenes-del-whisky\/\" \/>\n<meta property=\"og:site_name\" content=\"Sir Edwards EN\" \/>\n<meta property=\"article:modified_time\" content=\"2025-12-04T13:18:05+00:00\" \/>\n<meta property=\"og:image\" content=\"https:\/\/www.siredwards.fr\/wp-content\/uploads\/sites\/3\/2025\/12\/les-origines-du-whisky-sir-edwards-page-5.jpg\" \/>\n\t<meta property=\"og:image:width\" content=\"990\" \/>\n\t<meta property=\"og:image:height\" content=\"340\" \/>\n\t<meta property=\"og:image:type\" content=\"image\/jpeg\" \/>\n<meta name=\"twitter:card\" content=\"summary_large_image\" \/>\n<meta name=\"twitter:label1\" content=\"Tiempo de lectura\" \/>\n\t<meta name=\"twitter:data1\" content=\"1 minuto\" \/>\n<script type=\"application\/ld+json\" class=\"yoast-schema-graph\">{\"@context\":\"https:\\\/\\\/schema.org\",\"@graph\":[{\"@type\":\"WebPage\",\"@id\":\"https:\\\/\\\/www.siredwards.com\\\/es\\\/terroir-y-territorio\\\/tradicion-y-autenticidad-del-whisky-escoces\\\/los-origenes-del-whisky\\\/\",\"url\":\"https:\\\/\\\/www.siredwards.com\\\/es\\\/terroir-y-territorio\\\/tradicion-y-autenticidad-del-whisky-escoces\\\/los-origenes-del-whisky\\\/\",\"name\":\"Los or\u00edgenes del whisky - Sir Edwards EN\",\"isPartOf\":{\"@id\":\"https:\\\/\\\/www.siredwards.com\\\/es\\\/en\\\/#website\"},\"primaryImageOfPage\":{\"@id\":\"https:\\\/\\\/www.siredwards.com\\\/es\\\/terroir-y-territorio\\\/tradicion-y-autenticidad-del-whisky-escoces\\\/los-origenes-del-whisky\\\/#primaryimage\"},\"image\":{\"@id\":\"https:\\\/\\\/www.siredwards.com\\\/es\\\/terroir-y-territorio\\\/tradicion-y-autenticidad-del-whisky-escoces\\\/los-origenes-del-whisky\\\/#primaryimage\"},\"thumbnailUrl\":\"https:\\\/\\\/www.siredwards.com\\\/wp-content\\\/uploads\\\/sites\\\/3\\\/2025\\\/12\\\/les-origines-du-whisky-sir-edwards-page-5.jpg\",\"datePublished\":\"2015-05-28T06:21:39+00:00\",\"dateModified\":\"2025-12-04T13:18:05+00:00\",\"breadcrumb\":{\"@id\":\"https:\\\/\\\/www.siredwards.com\\\/es\\\/terroir-y-territorio\\\/tradicion-y-autenticidad-del-whisky-escoces\\\/los-origenes-del-whisky\\\/#breadcrumb\"},\"inLanguage\":\"es\",\"potentialAction\":[{\"@type\":\"ReadAction\",\"target\":[\"https:\\\/\\\/www.siredwards.com\\\/es\\\/terroir-y-territorio\\\/tradicion-y-autenticidad-del-whisky-escoces\\\/los-origenes-del-whisky\\\/\"]}]},{\"@type\":\"ImageObject\",\"inLanguage\":\"es\",\"@id\":\"https:\\\/\\\/www.siredwards.com\\\/es\\\/terroir-y-territorio\\\/tradicion-y-autenticidad-del-whisky-escoces\\\/los-origenes-del-whisky\\\/#primaryimage\",\"url\":\"https:\\\/\\\/www.siredwards.com\\\/wp-content\\\/uploads\\\/sites\\\/3\\\/2025\\\/12\\\/les-origines-du-whisky-sir-edwards-page-5.jpg\",\"contentUrl\":\"https:\\\/\\\/www.siredwards.com\\\/wp-content\\\/uploads\\\/sites\\\/3\\\/2025\\\/12\\\/les-origines-du-whisky-sir-edwards-page-5.jpg\",\"width\":990,\"height\":340,\"caption\":\"Les origines du whisky Sir Edward's\"},{\"@type\":\"BreadcrumbList\",\"@id\":\"https:\\\/\\\/www.siredwards.com\\\/es\\\/terroir-y-territorio\\\/tradicion-y-autenticidad-del-whisky-escoces\\\/los-origenes-del-whisky\\\/#breadcrumb\",\"itemListElement\":[{\"@type\":\"ListItem\",\"position\":1,\"name\":\"Home\",\"item\":\"https:\\\/\\\/www.siredwards.com\\\/es\\\/en\\\/\"},{\"@type\":\"ListItem\",\"position\":2,\"name\":\"Terroir y territorio\",\"item\":\"https:\\\/\\\/www.siredwards.com\\\/es\\\/terroir-y-territorio\\\/\"},{\"@type\":\"ListItem\",\"position\":3,\"name\":\"Tradici\u00f3n y autenticidad\",\"item\":\"https:\\\/\\\/www.siredwards.com\\\/es\\\/terroir-y-territorio\\\/tradicion-y-autenticidad-del-whisky-escoces\\\/\"},{\"@type\":\"ListItem\",\"position\":4,\"name\":\"Los or\u00edgenes del whisky\"}]},{\"@type\":\"WebSite\",\"@id\":\"https:\\\/\\\/www.siredwards.com\\\/es\\\/en\\\/#website\",\"url\":\"https:\\\/\\\/www.siredwards.com\\\/es\\\/en\\\/\",\"name\":\"Sir Edwards EN\",\"description\":\"\",\"potentialAction\":[{\"@type\":\"SearchAction\",\"target\":{\"@type\":\"EntryPoint\",\"urlTemplate\":\"https:\\\/\\\/www.siredwards.com\\\/es\\\/en\\\/?s={search_term_string}\"},\"query-input\":{\"@type\":\"PropertyValueSpecification\",\"valueRequired\":true,\"valueName\":\"search_term_string\"}}],\"inLanguage\":\"es\"}]}<\/script>\n<!-- \/ Yoast SEO plugin. -->","yoast_head_json":{"title":"Los or\u00edgenes del whisky - Sir Edwards EN","robots":{"index":"index","follow":"follow","max-snippet":"max-snippet:-1","max-image-preview":"max-image-preview:large","max-video-preview":"max-video-preview:-1"},"canonical":"https:\/\/www.siredwards.com\/es\/terroir-y-territorio\/tradicion-y-autenticidad-del-whisky-escoces\/los-origenes-del-whisky\/","og_locale":"es_ES","og_type":"article","og_title":"Los or\u00edgenes del whisky - Sir Edwards EN","og_description":"La palabra que antiguamente se usaba para designar el whisky era uisge beatha (pronunciado, oosh-ga bih-houh), que en g\u00e1elico escoc\u00e9s significa \u2018agua de vida\u2019.","og_url":"https:\/\/www.siredwards.com\/es\/terroir-y-territorio\/tradicion-y-autenticidad-del-whisky-escoces\/los-origenes-del-whisky\/","og_site_name":"Sir Edwards EN","article_modified_time":"2025-12-04T13:18:05+00:00","og_image":[{"width":990,"height":340,"url":"https:\/\/www.siredwards.fr\/wp-content\/uploads\/sites\/3\/2025\/12\/les-origines-du-whisky-sir-edwards-page-5.jpg","type":"image\/jpeg"}],"twitter_card":"summary_large_image","twitter_misc":{"Tiempo de lectura":"1 minuto"},"schema":{"@context":"https:\/\/schema.org","@graph":[{"@type":"WebPage","@id":"https:\/\/www.siredwards.com\/es\/terroir-y-territorio\/tradicion-y-autenticidad-del-whisky-escoces\/los-origenes-del-whisky\/","url":"https:\/\/www.siredwards.com\/es\/terroir-y-territorio\/tradicion-y-autenticidad-del-whisky-escoces\/los-origenes-del-whisky\/","name":"Los or\u00edgenes del whisky - Sir Edwards EN","isPartOf":{"@id":"https:\/\/www.siredwards.com\/es\/en\/#website"},"primaryImageOfPage":{"@id":"https:\/\/www.siredwards.com\/es\/terroir-y-territorio\/tradicion-y-autenticidad-del-whisky-escoces\/los-origenes-del-whisky\/#primaryimage"},"image":{"@id":"https:\/\/www.siredwards.com\/es\/terroir-y-territorio\/tradicion-y-autenticidad-del-whisky-escoces\/los-origenes-del-whisky\/#primaryimage"},"thumbnailUrl":"https:\/\/www.siredwards.com\/wp-content\/uploads\/sites\/3\/2025\/12\/les-origines-du-whisky-sir-edwards-page-5.jpg","datePublished":"2015-05-28T06:21:39+00:00","dateModified":"2025-12-04T13:18:05+00:00","breadcrumb":{"@id":"https:\/\/www.siredwards.com\/es\/terroir-y-territorio\/tradicion-y-autenticidad-del-whisky-escoces\/los-origenes-del-whisky\/#breadcrumb"},"inLanguage":"es","potentialAction":[{"@type":"ReadAction","target":["https:\/\/www.siredwards.com\/es\/terroir-y-territorio\/tradicion-y-autenticidad-del-whisky-escoces\/los-origenes-del-whisky\/"]}]},{"@type":"ImageObject","inLanguage":"es","@id":"https:\/\/www.siredwards.com\/es\/terroir-y-territorio\/tradicion-y-autenticidad-del-whisky-escoces\/los-origenes-del-whisky\/#primaryimage","url":"https:\/\/www.siredwards.com\/wp-content\/uploads\/sites\/3\/2025\/12\/les-origines-du-whisky-sir-edwards-page-5.jpg","contentUrl":"https:\/\/www.siredwards.com\/wp-content\/uploads\/sites\/3\/2025\/12\/les-origines-du-whisky-sir-edwards-page-5.jpg","width":990,"height":340,"caption":"Les origines du whisky Sir Edward's"},{"@type":"BreadcrumbList","@id":"https:\/\/www.siredwards.com\/es\/terroir-y-territorio\/tradicion-y-autenticidad-del-whisky-escoces\/los-origenes-del-whisky\/#breadcrumb","itemListElement":[{"@type":"ListItem","position":1,"name":"Home","item":"https:\/\/www.siredwards.com\/es\/en\/"},{"@type":"ListItem","position":2,"name":"Terroir y territorio","item":"https:\/\/www.siredwards.com\/es\/terroir-y-territorio\/"},{"@type":"ListItem","position":3,"name":"Tradici\u00f3n y autenticidad","item":"https:\/\/www.siredwards.com\/es\/terroir-y-territorio\/tradicion-y-autenticidad-del-whisky-escoces\/"},{"@type":"ListItem","position":4,"name":"Los or\u00edgenes del whisky"}]},{"@type":"WebSite","@id":"https:\/\/www.siredwards.com\/es\/en\/#website","url":"https:\/\/www.siredwards.com\/es\/en\/","name":"Sir Edwards EN","description":"","potentialAction":[{"@type":"SearchAction","target":{"@type":"EntryPoint","urlTemplate":"https:\/\/www.siredwards.com\/es\/en\/?s={search_term_string}"},"query-input":{"@type":"PropertyValueSpecification","valueRequired":true,"valueName":"search_term_string"}}],"inLanguage":"es"}]}},"_links":{"self":[{"href":"https:\/\/www.siredwards.com\/es\/wp-json\/wp\/v2\/pages\/21742","targetHints":{"allow":["GET"]}}],"collection":[{"href":"https:\/\/www.siredwards.com\/es\/wp-json\/wp\/v2\/pages"}],"about":[{"href":"https:\/\/www.siredwards.com\/es\/wp-json\/wp\/v2\/types\/page"}],"author":[{"embeddable":true,"href":"https:\/\/www.siredwards.com\/es\/wp-json\/wp\/v2\/users\/21683"}],"replies":[{"embeddable":true,"href":"https:\/\/www.siredwards.com\/es\/wp-json\/wp\/v2\/comments?post=21742"}],"version-history":[{"count":1,"href":"https:\/\/www.siredwards.com\/es\/wp-json\/wp\/v2\/pages\/21742\/revisions"}],"predecessor-version":[{"id":24871,"href":"https:\/\/www.siredwards.com\/es\/wp-json\/wp\/v2\/pages\/21742\/revisions\/24871"}],"up":[{"embeddable":true,"href":"https:\/\/www.siredwards.com\/es\/wp-json\/wp\/v2\/pages\/21694"}],"wp:featuredmedia":[{"embeddable":true,"href":"https:\/\/www.siredwards.com\/es\/wp-json\/wp\/v2\/media\/21743"}],"wp:attachment":[{"href":"https:\/\/www.siredwards.com\/es\/wp-json\/wp\/v2\/media?parent=21742"}],"curies":[{"name":"wp","href":"https:\/\/api.w.org\/{rel}","templated":true}]}}