{"id":21717,"date":"2015-05-27T15:58:38","date_gmt":"2015-05-27T13:58:38","guid":{"rendered":"https:\/\/www.siredwards.com\/pastel-escoces\/"},"modified":"2015-05-27T15:58:38","modified_gmt":"2015-05-27T13:58:38","slug":"pastel-escoces","status":"publish","type":"page","link":"https:\/\/www.siredwards.com\/es\/cocktails-room\/maridaje-con-whisky\/pastel-escoces\/","title":{"rendered":"Pastel escoc\u00e9s"},"content":{"rendered":"<p style=\"text-align: center;\">He aqu\u00ed una receta t\u00edpicamente escocesa: el <strong>pastel de whisky<\/strong>.<!--more--><\/p>\n<p style=\"text-align: center;\">Servido a <strong>la hora del t\u00e9<\/strong>, este pastel ofrece un <strong>sabroso momento de glotoner\u00eda<\/strong>. <strong>Para seis personas.<\/strong><\/p>\n<h2 style=\"text-align: center;\">Ingredientes<\/h2>\n<p style=\"text-align: center;\"><strong>Para el pastel:<\/strong><\/p>\n<p style=\"text-align: center;\">225 g de harina con levadura<\/p>\n<p style=\"text-align: center;\">225 g de<strong> pasas<\/strong><\/p>\n<p style=\"text-align: center;\">115 g de <strong>mantequilla<\/strong><\/p>\n<p style=\"text-align: center;\">115 g de <strong>nueces o avellanas picadas<\/strong><\/p>\n<p style=\"text-align: center;\">115 g de <strong>az\u00facar moreno<\/strong><\/p>\n<p style=\"text-align: center;\">2 huevos<\/p>\n<p style=\"text-align: center;\">1 cuchara de caf\u00e9 de <strong>especies variadas<\/strong><\/p>\n<p style=\"text-align: center;\">1 cuchara de caf\u00e9 de <strong>canela<\/strong><\/p>\n<p style=\"text-align: center;\">El zumo y la piel de un <strong>lim\u00f3n<\/strong><\/p>\n<p style=\"text-align: center;\">3 cucharas de caf\u00e9 de <strong>whisky<\/strong><\/p>\n<p style=\"text-align: center;\">Un pellizco de sal<\/p>\n<p style=\"text-align: center;\"><strong>Para el glaseado:<\/strong><\/p>\n<p style=\"text-align: center;\">55 g de mantequilla<\/p>\n<p style=\"text-align: center;\">55 g de <strong>az\u00facar glas<\/strong><\/p>\n<p style=\"text-align: center;\">Un poquito de whisky<\/p>\n<h2 style=\"text-align: center;\">Preparaci\u00f3n<\/h2>\n<ol>\n<li style=\"text-align: center;\">Deje <strong>macerar las pasas en whisky<\/strong> la noche anterior.<\/li>\n<li style=\"text-align: center;\">Precaliente el horno a 190\u00b0 y unte un molde para pasteles de 20 cm de di\u00e1metro con mantequilla.<\/li>\n<li style=\"text-align: center;\"><strong>Tamice la harina, las especies y las nueces<\/strong> en un bol. A\u00f1ada la mantequilla, el az\u00facar, los huevos y bata en\u00e9rgicamente.<\/li>\n<li style=\"text-align: center;\">A\u00f1ada las pasas, el zumo y la piel del lim\u00f3n a la mezcla y el resto del whisky que no han podido absorber las pasas. Si la masa es demasiado espesa, <strong>a\u00f1ada un poco de whisky para esponjarla<\/strong>.<\/li>\n<li style=\"text-align: center;\">Vierta la mezcla en el molde y horn\u00e9ela durante 45 minutos, comprobando con la punta de un cuchillo el grado de cocci\u00f3n. Cuando el cuchillo salga sin restos de pasta, el pastel ya est\u00e1 listo. <strong>Saque el pastel del horno<\/strong> <strong>y deje que se enfr\u00ede<\/strong> encima de una parrilla.<\/li>\n<li style=\"text-align: center;\">Una vez enfriado, prepare el glaseado: mezcle el az\u00facar glas, la mantequilla y a\u00f1ada un poquito de whisky. <strong>Bata con fuerza el preparado<\/strong> y cubra la totalidad del pastel con el glaseado.<\/li>\n<li style=\"text-align: center;\">Una hora m\u00e1s tarde, sirva el pastel con <strong>una taza de t\u00e9 Earl Grey<\/strong> y un poquito de leche.<\/li>\n<\/ol>\n","protected":false},"excerpt":{"rendered":"<p>He aqu\u00ed una receta t\u00edpicamente escocesa: el pastel de whisky.<\/p>\n","protected":false},"author":21683,"featured_media":21718,"parent":22570,"menu_order":0,"comment_status":"open","ping_status":"open","template":"","meta":{"_acf_changed":false,"footnotes":""},"class_list":["post-21717","page","type-page","status-publish","has-post-thumbnail","hentry"],"acf":[],"yoast_head":"<!-- This site is optimized with the Yoast SEO plugin v27.3 - https:\/\/yoast.com\/product\/yoast-seo-wordpress\/ -->\n<title>Pastel escoc\u00e9s - Sir Edwards EN<\/title>\n<meta name=\"robots\" content=\"index, follow, max-snippet:-1, max-image-preview:large, max-video-preview:-1\" \/>\n<link rel=\"canonical\" href=\"https:\/\/www.siredwards.com\/es\/cocktails-room\/maridaje-con-whisky\/pastel-escoces\/\" \/>\n<meta property=\"og:locale\" content=\"es_ES\" \/>\n<meta property=\"og:type\" content=\"article\" \/>\n<meta property=\"og:title\" content=\"Pastel escoc\u00e9s - Sir Edwards EN\" \/>\n<meta property=\"og:description\" content=\"He aqu\u00ed una receta t\u00edpicamente escocesa: el pastel de whisky.\" \/>\n<meta property=\"og:url\" content=\"https:\/\/www.siredwards.com\/es\/cocktails-room\/maridaje-con-whisky\/pastel-escoces\/\" \/>\n<meta property=\"og:site_name\" content=\"Sir Edwards EN\" \/>\n<meta property=\"og:image\" content=\"https:\/\/www.siredwards.fr\/wp-content\/uploads\/sites\/3\/2025\/12\/Scottish-cake-4.jpg\" \/>\n\t<meta property=\"og:image:width\" content=\"2000\" \/>\n\t<meta property=\"og:image:height\" content=\"685\" \/>\n\t<meta property=\"og:image:type\" content=\"image\/jpeg\" \/>\n<meta name=\"twitter:card\" content=\"summary_large_image\" \/>\n<meta name=\"twitter:label1\" content=\"Tiempo de lectura\" \/>\n\t<meta name=\"twitter:data1\" content=\"1 minuto\" \/>\n<script type=\"application\/ld+json\" class=\"yoast-schema-graph\">{\"@context\":\"https:\\\/\\\/schema.org\",\"@graph\":[{\"@type\":\"WebPage\",\"@id\":\"https:\\\/\\\/www.siredwards.com\\\/es\\\/cocktails-room\\\/maridaje-con-whisky\\\/pastel-escoces\\\/\",\"url\":\"https:\\\/\\\/www.siredwards.com\\\/es\\\/cocktails-room\\\/maridaje-con-whisky\\\/pastel-escoces\\\/\",\"name\":\"Pastel escoc\u00e9s - Sir Edwards EN\",\"isPartOf\":{\"@id\":\"https:\\\/\\\/www.siredwards.com\\\/es\\\/en\\\/#website\"},\"primaryImageOfPage\":{\"@id\":\"https:\\\/\\\/www.siredwards.com\\\/es\\\/cocktails-room\\\/maridaje-con-whisky\\\/pastel-escoces\\\/#primaryimage\"},\"image\":{\"@id\":\"https:\\\/\\\/www.siredwards.com\\\/es\\\/cocktails-room\\\/maridaje-con-whisky\\\/pastel-escoces\\\/#primaryimage\"},\"thumbnailUrl\":\"https:\\\/\\\/www.siredwards.com\\\/wp-content\\\/uploads\\\/sites\\\/3\\\/2025\\\/12\\\/Scottish-cake-4.jpg\",\"datePublished\":\"2015-05-27T13:58:38+00:00\",\"breadcrumb\":{\"@id\":\"https:\\\/\\\/www.siredwards.com\\\/es\\\/cocktails-room\\\/maridaje-con-whisky\\\/pastel-escoces\\\/#breadcrumb\"},\"inLanguage\":\"es\",\"potentialAction\":[{\"@type\":\"ReadAction\",\"target\":[\"https:\\\/\\\/www.siredwards.com\\\/es\\\/cocktails-room\\\/maridaje-con-whisky\\\/pastel-escoces\\\/\"]}]},{\"@type\":\"ImageObject\",\"inLanguage\":\"es\",\"@id\":\"https:\\\/\\\/www.siredwards.com\\\/es\\\/cocktails-room\\\/maridaje-con-whisky\\\/pastel-escoces\\\/#primaryimage\",\"url\":\"https:\\\/\\\/www.siredwards.com\\\/wp-content\\\/uploads\\\/sites\\\/3\\\/2025\\\/12\\\/Scottish-cake-4.jpg\",\"contentUrl\":\"https:\\\/\\\/www.siredwards.com\\\/wp-content\\\/uploads\\\/sites\\\/3\\\/2025\\\/12\\\/Scottish-cake-4.jpg\",\"width\":2000,\"height\":685,\"caption\":\"Pastel escoc\u00e9s\"},{\"@type\":\"BreadcrumbList\",\"@id\":\"https:\\\/\\\/www.siredwards.com\\\/es\\\/cocktails-room\\\/maridaje-con-whisky\\\/pastel-escoces\\\/#breadcrumb\",\"itemListElement\":[{\"@type\":\"ListItem\",\"position\":1,\"name\":\"Home\",\"item\":\"https:\\\/\\\/www.siredwards.com\\\/es\\\/en\\\/\"},{\"@type\":\"ListItem\",\"position\":2,\"name\":\"Cocktails room\",\"item\":\"https:\\\/\\\/www.siredwards.com\\\/es\\\/cocktails-room\\\/\"},{\"@type\":\"ListItem\",\"position\":3,\"name\":\"Maridaje con whisky\",\"item\":\"https:\\\/\\\/www.siredwards.com\\\/es\\\/cocktails-room\\\/maridaje-con-whisky\\\/\"},{\"@type\":\"ListItem\",\"position\":4,\"name\":\"Pastel escoc\u00e9s\"}]},{\"@type\":\"WebSite\",\"@id\":\"https:\\\/\\\/www.siredwards.com\\\/es\\\/en\\\/#website\",\"url\":\"https:\\\/\\\/www.siredwards.com\\\/es\\\/en\\\/\",\"name\":\"Sir Edwards EN\",\"description\":\"\",\"potentialAction\":[{\"@type\":\"SearchAction\",\"target\":{\"@type\":\"EntryPoint\",\"urlTemplate\":\"https:\\\/\\\/www.siredwards.com\\\/es\\\/en\\\/?s={search_term_string}\"},\"query-input\":{\"@type\":\"PropertyValueSpecification\",\"valueRequired\":true,\"valueName\":\"search_term_string\"}}],\"inLanguage\":\"es\"}]}<\/script>\n<!-- \/ Yoast SEO plugin. -->","yoast_head_json":{"title":"Pastel escoc\u00e9s - Sir Edwards EN","robots":{"index":"index","follow":"follow","max-snippet":"max-snippet:-1","max-image-preview":"max-image-preview:large","max-video-preview":"max-video-preview:-1"},"canonical":"https:\/\/www.siredwards.com\/es\/cocktails-room\/maridaje-con-whisky\/pastel-escoces\/","og_locale":"es_ES","og_type":"article","og_title":"Pastel escoc\u00e9s - Sir Edwards EN","og_description":"He aqu\u00ed una receta t\u00edpicamente escocesa: el pastel de whisky.","og_url":"https:\/\/www.siredwards.com\/es\/cocktails-room\/maridaje-con-whisky\/pastel-escoces\/","og_site_name":"Sir Edwards EN","og_image":[{"width":2000,"height":685,"url":"https:\/\/www.siredwards.fr\/wp-content\/uploads\/sites\/3\/2025\/12\/Scottish-cake-4.jpg","type":"image\/jpeg"}],"twitter_card":"summary_large_image","twitter_misc":{"Tiempo de lectura":"1 minuto"},"schema":{"@context":"https:\/\/schema.org","@graph":[{"@type":"WebPage","@id":"https:\/\/www.siredwards.com\/es\/cocktails-room\/maridaje-con-whisky\/pastel-escoces\/","url":"https:\/\/www.siredwards.com\/es\/cocktails-room\/maridaje-con-whisky\/pastel-escoces\/","name":"Pastel escoc\u00e9s - Sir Edwards EN","isPartOf":{"@id":"https:\/\/www.siredwards.com\/es\/en\/#website"},"primaryImageOfPage":{"@id":"https:\/\/www.siredwards.com\/es\/cocktails-room\/maridaje-con-whisky\/pastel-escoces\/#primaryimage"},"image":{"@id":"https:\/\/www.siredwards.com\/es\/cocktails-room\/maridaje-con-whisky\/pastel-escoces\/#primaryimage"},"thumbnailUrl":"https:\/\/www.siredwards.com\/wp-content\/uploads\/sites\/3\/2025\/12\/Scottish-cake-4.jpg","datePublished":"2015-05-27T13:58:38+00:00","breadcrumb":{"@id":"https:\/\/www.siredwards.com\/es\/cocktails-room\/maridaje-con-whisky\/pastel-escoces\/#breadcrumb"},"inLanguage":"es","potentialAction":[{"@type":"ReadAction","target":["https:\/\/www.siredwards.com\/es\/cocktails-room\/maridaje-con-whisky\/pastel-escoces\/"]}]},{"@type":"ImageObject","inLanguage":"es","@id":"https:\/\/www.siredwards.com\/es\/cocktails-room\/maridaje-con-whisky\/pastel-escoces\/#primaryimage","url":"https:\/\/www.siredwards.com\/wp-content\/uploads\/sites\/3\/2025\/12\/Scottish-cake-4.jpg","contentUrl":"https:\/\/www.siredwards.com\/wp-content\/uploads\/sites\/3\/2025\/12\/Scottish-cake-4.jpg","width":2000,"height":685,"caption":"Pastel escoc\u00e9s"},{"@type":"BreadcrumbList","@id":"https:\/\/www.siredwards.com\/es\/cocktails-room\/maridaje-con-whisky\/pastel-escoces\/#breadcrumb","itemListElement":[{"@type":"ListItem","position":1,"name":"Home","item":"https:\/\/www.siredwards.com\/es\/en\/"},{"@type":"ListItem","position":2,"name":"Cocktails room","item":"https:\/\/www.siredwards.com\/es\/cocktails-room\/"},{"@type":"ListItem","position":3,"name":"Maridaje con whisky","item":"https:\/\/www.siredwards.com\/es\/cocktails-room\/maridaje-con-whisky\/"},{"@type":"ListItem","position":4,"name":"Pastel escoc\u00e9s"}]},{"@type":"WebSite","@id":"https:\/\/www.siredwards.com\/es\/en\/#website","url":"https:\/\/www.siredwards.com\/es\/en\/","name":"Sir Edwards EN","description":"","potentialAction":[{"@type":"SearchAction","target":{"@type":"EntryPoint","urlTemplate":"https:\/\/www.siredwards.com\/es\/en\/?s={search_term_string}"},"query-input":{"@type":"PropertyValueSpecification","valueRequired":true,"valueName":"search_term_string"}}],"inLanguage":"es"}]}},"_links":{"self":[{"href":"https:\/\/www.siredwards.com\/es\/wp-json\/wp\/v2\/pages\/21717","targetHints":{"allow":["GET"]}}],"collection":[{"href":"https:\/\/www.siredwards.com\/es\/wp-json\/wp\/v2\/pages"}],"about":[{"href":"https:\/\/www.siredwards.com\/es\/wp-json\/wp\/v2\/types\/page"}],"author":[{"embeddable":true,"href":"https:\/\/www.siredwards.com\/es\/wp-json\/wp\/v2\/users\/21683"}],"replies":[{"embeddable":true,"href":"https:\/\/www.siredwards.com\/es\/wp-json\/wp\/v2\/comments?post=21717"}],"version-history":[{"count":0,"href":"https:\/\/www.siredwards.com\/es\/wp-json\/wp\/v2\/pages\/21717\/revisions"}],"up":[{"embeddable":true,"href":"https:\/\/www.siredwards.com\/es\/wp-json\/wp\/v2\/pages\/22570"}],"wp:featuredmedia":[{"embeddable":true,"href":"https:\/\/www.siredwards.com\/es\/wp-json\/wp\/v2\/media\/21718"}],"wp:attachment":[{"href":"https:\/\/www.siredwards.com\/es\/wp-json\/wp\/v2\/media?parent=21717"}],"curies":[{"name":"wp","href":"https:\/\/api.w.org\/{rel}","templated":true}]}}