{"id":21649,"date":"2015-05-27T15:32:06","date_gmt":"2015-05-27T13:32:06","guid":{"rendered":"https:\/\/www.siredwards.com\/todos-los-aromas-de-escocia-en-el-whisky\/"},"modified":"2015-05-27T15:32:06","modified_gmt":"2015-05-27T13:32:06","slug":"todos-los-aromas-de-escocia-en-el-whisky","status":"publish","type":"page","link":"https:\/\/www.siredwards.com\/es\/todos-los-aromas-de-escocia-en-el-whisky\/","title":{"rendered":"Todos los aromas de Escocia en el whisky"},"content":{"rendered":"<p>El <strong>whisky escoc\u00e9s<\/strong> no muestra todos los tesoros que esconde de inmediato. Al igual que Escocia, <strong>nos desvela sus secretos poco a poco<\/strong>.  \u00bfQu\u00e9 <strong>sensaciones ofrece en nariz<\/strong>? \u00bfEs picante como el <strong>invierno de Cairngorms<\/strong> o refrescante como las salpicaduras del oleaje en el <strong>puerto de Aberdeen<\/strong>?<!--more-->  En el <strong>paladar<\/strong>, los <a href=\"https:\/\/es.siredwards.com\/video-la-elaboracion-del-whisky-sir-edwards\/\"><strong>aromas del whisky escoc\u00e9s<\/strong><\/a> evocan <strong>la tierra que le ha visto nacer<\/strong>. No importa si son <strong>cereales del valle de Spey<\/strong>, <strong>brezos de la isla de Mull<\/strong> o el <strong>ahumado de los pescados de Lochs<\/strong>, el whisky de Escocia es un compendio de estas <a href=\"https:\/\/es.siredwards.com\/descubra-el-universo-del-whisky\/las-tierras-del-whisky-escoces\/las-zonas-productoras-de-whisky-en-escocia\/\"><strong>tierras salvajes<\/strong><\/a>.  <a href=\"https:\/\/es.siredwards.com\/el-whisky-una-tradicion\/el-anejamiento-del-whisky\/\"><strong>El paso del tiempo<\/strong><\/a> tambi\u00e9n transporta los aromas del whisky escoc\u00e9s. Las notas a <strong>nuez de coco, jengibre o canela<\/strong> ayudan a completar un abanico de aromas de gran riqueza.  <strong>Tanto si se toma solo o con un poco de agua<\/strong>, SIR EDWARD&#8217;S liberar\u00e1 <strong>aromas a caramelo, a vainilla y notas amaderadas<\/strong>. En el paladar, el whisky de Escocia es garant\u00eda de una <strong>aut\u00e9ntica explosi\u00f3n arom\u00e1tica<\/strong>.<\/p>\n","protected":false},"excerpt":{"rendered":"<p>El whisky escoc\u00e9s no muestra todos los tesoros que esconde de inmediato. Al igual que Escocia, nos desvela sus secretos poco a poco. \u00bfQu\u00e9 sensaciones ofrece en nariz? \u00bfEs picante como el invierno de Cairngorms o refrescante como las salpicaduras del oleaje en el puerto de Aberdeen?<\/p>\n","protected":false},"author":21683,"featured_media":21650,"parent":0,"menu_order":0,"comment_status":"open","ping_status":"open","template":"","meta":{"_acf_changed":false,"footnotes":""},"class_list":["post-21649","page","type-page","status-publish","has-post-thumbnail","hentry"],"acf":[],"yoast_head":"<!-- This site is optimized with the Yoast SEO plugin v27.3 - https:\/\/yoast.com\/product\/yoast-seo-wordpress\/ -->\n<title>Todos los aromas de Escocia en el whisky - Sir Edwards EN<\/title>\n<meta name=\"robots\" content=\"index, follow, max-snippet:-1, max-image-preview:large, max-video-preview:-1\" \/>\n<link rel=\"canonical\" href=\"https:\/\/www.siredwards.com\/es\/todos-los-aromas-de-escocia-en-el-whisky\/\" \/>\n<meta property=\"og:locale\" content=\"es_ES\" \/>\n<meta property=\"og:type\" content=\"article\" \/>\n<meta property=\"og:title\" content=\"Todos los aromas de Escocia en el whisky - Sir Edwards EN\" \/>\n<meta property=\"og:description\" content=\"El whisky escoc\u00e9s no muestra todos los tesoros que esconde de inmediato. Al igual que Escocia, nos desvela sus secretos poco a poco. \u00bfQu\u00e9 sensaciones ofrece en nariz? \u00bfEs picante como el invierno de Cairngorms o refrescante como las salpicaduras del oleaje en el puerto de Aberdeen?\" \/>\n<meta property=\"og:url\" content=\"https:\/\/www.siredwards.com\/es\/todos-los-aromas-de-escocia-en-el-whisky\/\" \/>\n<meta property=\"og:site_name\" content=\"Sir Edwards EN\" \/>\n<meta property=\"og:image\" content=\"https:\/\/www.siredwards.fr\/wp-content\/uploads\/sites\/3\/2025\/12\/tous-les-aromes-de-lecosse-dans-le-whisky-sir-edwards-page-8.jpg\" \/>\n\t<meta property=\"og:image:width\" content=\"990\" \/>\n\t<meta property=\"og:image:height\" content=\"340\" \/>\n\t<meta property=\"og:image:type\" content=\"image\/jpeg\" \/>\n<meta name=\"twitter:card\" content=\"summary_large_image\" \/>\n<meta name=\"twitter:label1\" content=\"Tiempo de lectura\" \/>\n\t<meta name=\"twitter:data1\" content=\"1 minuto\" \/>\n<script type=\"application\/ld+json\" class=\"yoast-schema-graph\">{\"@context\":\"https:\\\/\\\/schema.org\",\"@graph\":[{\"@type\":\"WebPage\",\"@id\":\"https:\\\/\\\/www.siredwards.com\\\/es\\\/todos-los-aromas-de-escocia-en-el-whisky\\\/\",\"url\":\"https:\\\/\\\/www.siredwards.com\\\/es\\\/todos-los-aromas-de-escocia-en-el-whisky\\\/\",\"name\":\"Todos los aromas de Escocia en el whisky - Sir Edwards EN\",\"isPartOf\":{\"@id\":\"https:\\\/\\\/www.siredwards.com\\\/es\\\/en\\\/#website\"},\"primaryImageOfPage\":{\"@id\":\"https:\\\/\\\/www.siredwards.com\\\/es\\\/todos-los-aromas-de-escocia-en-el-whisky\\\/#primaryimage\"},\"image\":{\"@id\":\"https:\\\/\\\/www.siredwards.com\\\/es\\\/todos-los-aromas-de-escocia-en-el-whisky\\\/#primaryimage\"},\"thumbnailUrl\":\"https:\\\/\\\/www.siredwards.com\\\/wp-content\\\/uploads\\\/sites\\\/3\\\/2025\\\/12\\\/tous-les-aromes-de-lecosse-dans-le-whisky-sir-edwards-page-8.jpg\",\"datePublished\":\"2015-05-27T13:32:06+00:00\",\"breadcrumb\":{\"@id\":\"https:\\\/\\\/www.siredwards.com\\\/es\\\/todos-los-aromas-de-escocia-en-el-whisky\\\/#breadcrumb\"},\"inLanguage\":\"es\",\"potentialAction\":[{\"@type\":\"ReadAction\",\"target\":[\"https:\\\/\\\/www.siredwards.com\\\/es\\\/todos-los-aromas-de-escocia-en-el-whisky\\\/\"]}]},{\"@type\":\"ImageObject\",\"inLanguage\":\"es\",\"@id\":\"https:\\\/\\\/www.siredwards.com\\\/es\\\/todos-los-aromas-de-escocia-en-el-whisky\\\/#primaryimage\",\"url\":\"https:\\\/\\\/www.siredwards.com\\\/wp-content\\\/uploads\\\/sites\\\/3\\\/2025\\\/12\\\/tous-les-aromes-de-lecosse-dans-le-whisky-sir-edwards-page-8.jpg\",\"contentUrl\":\"https:\\\/\\\/www.siredwards.com\\\/wp-content\\\/uploads\\\/sites\\\/3\\\/2025\\\/12\\\/tous-les-aromes-de-lecosse-dans-le-whisky-sir-edwards-page-8.jpg\",\"width\":990,\"height\":340,\"caption\":\"Todos los aromas de Escocia en el whisky\"},{\"@type\":\"BreadcrumbList\",\"@id\":\"https:\\\/\\\/www.siredwards.com\\\/es\\\/todos-los-aromas-de-escocia-en-el-whisky\\\/#breadcrumb\",\"itemListElement\":[{\"@type\":\"ListItem\",\"position\":1,\"name\":\"Home\",\"item\":\"https:\\\/\\\/www.siredwards.com\\\/es\\\/en\\\/\"},{\"@type\":\"ListItem\",\"position\":2,\"name\":\"Todos los aromas de Escocia en el whisky\"}]},{\"@type\":\"WebSite\",\"@id\":\"https:\\\/\\\/www.siredwards.com\\\/es\\\/en\\\/#website\",\"url\":\"https:\\\/\\\/www.siredwards.com\\\/es\\\/en\\\/\",\"name\":\"Sir Edwards EN\",\"description\":\"\",\"potentialAction\":[{\"@type\":\"SearchAction\",\"target\":{\"@type\":\"EntryPoint\",\"urlTemplate\":\"https:\\\/\\\/www.siredwards.com\\\/es\\\/en\\\/?s={search_term_string}\"},\"query-input\":{\"@type\":\"PropertyValueSpecification\",\"valueRequired\":true,\"valueName\":\"search_term_string\"}}],\"inLanguage\":\"es\"}]}<\/script>\n<!-- \/ Yoast SEO plugin. -->","yoast_head_json":{"title":"Todos los aromas de Escocia en el whisky - Sir Edwards EN","robots":{"index":"index","follow":"follow","max-snippet":"max-snippet:-1","max-image-preview":"max-image-preview:large","max-video-preview":"max-video-preview:-1"},"canonical":"https:\/\/www.siredwards.com\/es\/todos-los-aromas-de-escocia-en-el-whisky\/","og_locale":"es_ES","og_type":"article","og_title":"Todos los aromas de Escocia en el whisky - Sir Edwards EN","og_description":"El whisky escoc\u00e9s no muestra todos los tesoros que esconde de inmediato. Al igual que Escocia, nos desvela sus secretos poco a poco. \u00bfQu\u00e9 sensaciones ofrece en nariz? \u00bfEs picante como el invierno de Cairngorms o refrescante como las salpicaduras del oleaje en el puerto de Aberdeen?","og_url":"https:\/\/www.siredwards.com\/es\/todos-los-aromas-de-escocia-en-el-whisky\/","og_site_name":"Sir Edwards EN","og_image":[{"width":990,"height":340,"url":"https:\/\/www.siredwards.fr\/wp-content\/uploads\/sites\/3\/2025\/12\/tous-les-aromes-de-lecosse-dans-le-whisky-sir-edwards-page-8.jpg","type":"image\/jpeg"}],"twitter_card":"summary_large_image","twitter_misc":{"Tiempo de lectura":"1 minuto"},"schema":{"@context":"https:\/\/schema.org","@graph":[{"@type":"WebPage","@id":"https:\/\/www.siredwards.com\/es\/todos-los-aromas-de-escocia-en-el-whisky\/","url":"https:\/\/www.siredwards.com\/es\/todos-los-aromas-de-escocia-en-el-whisky\/","name":"Todos los aromas de Escocia en el whisky - Sir Edwards EN","isPartOf":{"@id":"https:\/\/www.siredwards.com\/es\/en\/#website"},"primaryImageOfPage":{"@id":"https:\/\/www.siredwards.com\/es\/todos-los-aromas-de-escocia-en-el-whisky\/#primaryimage"},"image":{"@id":"https:\/\/www.siredwards.com\/es\/todos-los-aromas-de-escocia-en-el-whisky\/#primaryimage"},"thumbnailUrl":"https:\/\/www.siredwards.com\/wp-content\/uploads\/sites\/3\/2025\/12\/tous-les-aromes-de-lecosse-dans-le-whisky-sir-edwards-page-8.jpg","datePublished":"2015-05-27T13:32:06+00:00","breadcrumb":{"@id":"https:\/\/www.siredwards.com\/es\/todos-los-aromas-de-escocia-en-el-whisky\/#breadcrumb"},"inLanguage":"es","potentialAction":[{"@type":"ReadAction","target":["https:\/\/www.siredwards.com\/es\/todos-los-aromas-de-escocia-en-el-whisky\/"]}]},{"@type":"ImageObject","inLanguage":"es","@id":"https:\/\/www.siredwards.com\/es\/todos-los-aromas-de-escocia-en-el-whisky\/#primaryimage","url":"https:\/\/www.siredwards.com\/wp-content\/uploads\/sites\/3\/2025\/12\/tous-les-aromes-de-lecosse-dans-le-whisky-sir-edwards-page-8.jpg","contentUrl":"https:\/\/www.siredwards.com\/wp-content\/uploads\/sites\/3\/2025\/12\/tous-les-aromes-de-lecosse-dans-le-whisky-sir-edwards-page-8.jpg","width":990,"height":340,"caption":"Todos los aromas de Escocia en el whisky"},{"@type":"BreadcrumbList","@id":"https:\/\/www.siredwards.com\/es\/todos-los-aromas-de-escocia-en-el-whisky\/#breadcrumb","itemListElement":[{"@type":"ListItem","position":1,"name":"Home","item":"https:\/\/www.siredwards.com\/es\/en\/"},{"@type":"ListItem","position":2,"name":"Todos los aromas de Escocia en el whisky"}]},{"@type":"WebSite","@id":"https:\/\/www.siredwards.com\/es\/en\/#website","url":"https:\/\/www.siredwards.com\/es\/en\/","name":"Sir Edwards EN","description":"","potentialAction":[{"@type":"SearchAction","target":{"@type":"EntryPoint","urlTemplate":"https:\/\/www.siredwards.com\/es\/en\/?s={search_term_string}"},"query-input":{"@type":"PropertyValueSpecification","valueRequired":true,"valueName":"search_term_string"}}],"inLanguage":"es"}]}},"_links":{"self":[{"href":"https:\/\/www.siredwards.com\/es\/wp-json\/wp\/v2\/pages\/21649","targetHints":{"allow":["GET"]}}],"collection":[{"href":"https:\/\/www.siredwards.com\/es\/wp-json\/wp\/v2\/pages"}],"about":[{"href":"https:\/\/www.siredwards.com\/es\/wp-json\/wp\/v2\/types\/page"}],"author":[{"embeddable":true,"href":"https:\/\/www.siredwards.com\/es\/wp-json\/wp\/v2\/users\/21683"}],"replies":[{"embeddable":true,"href":"https:\/\/www.siredwards.com\/es\/wp-json\/wp\/v2\/comments?post=21649"}],"version-history":[{"count":0,"href":"https:\/\/www.siredwards.com\/es\/wp-json\/wp\/v2\/pages\/21649\/revisions"}],"wp:featuredmedia":[{"embeddable":true,"href":"https:\/\/www.siredwards.com\/es\/wp-json\/wp\/v2\/media\/21650"}],"wp:attachment":[{"href":"https:\/\/www.siredwards.com\/es\/wp-json\/wp\/v2\/media?parent=21649"}],"curies":[{"name":"wp","href":"https:\/\/api.w.org\/{rel}","templated":true}]}}