{"id":21563,"date":"2015-05-27T15:14:58","date_gmt":"2015-05-27T13:14:58","guid":{"rendered":"https:\/\/www.siredwards.com\/mousse-de-salmon-rosado-aromatizado-al-whisky\/"},"modified":"2015-05-27T15:14:58","modified_gmt":"2015-05-27T13:14:58","slug":"mousse-de-salmon-rosado-aromatizado-al-whisky","status":"publish","type":"page","link":"https:\/\/www.siredwards.com\/es\/cocktails-room\/maridaje-con-whisky\/mousse-de-salmon-rosado-aromatizado-al-whisky\/","title":{"rendered":"Mousse de salm\u00f3n rosado aromatizado al whisky"},"content":{"rendered":"<p style=\"text-align: center;\"><strong>Tanto el whisky escoc\u00e9s como el salm\u00f3n de Escocia<\/strong> son productos ampliamente conocidos.<!--more--><\/p>\n<p style=\"text-align: center;\"><a href=\"https:\/\/es.siredwards.com\/como-disfrutar-el-whisky\/los-aromas-del-whisky\/\"><strong>Los aromas<\/strong><\/a> sutilmente amaderados del whisky maridan perfectamente con <strong>el sabor dulce del salm\u00f3n<\/strong>. Esta mousse de salm\u00f3n rosado delicadamente perfumada, le transportar\u00e1 directamente a las tierras altas de Escocia.<\/p>\n<p style=\"text-align: center;\"><strong>Para 4 personas<\/strong> <strong>Tiempo de preparaci\u00f3n<\/strong>: 30 minutos <strong>Tiempo de reposo<\/strong>: 4 horas como m\u00ednimo<\/p>\n<h2 style=\"text-align: center;\">Ingredientes<\/h2>\n<p style=\"text-align: center;\">400 g de <strong>salm\u00f3n rosado de Escocia,<\/strong> cocinado y enfriado<\/p>\n<p style=\"text-align: center;\">Medio lim\u00f3n<\/p>\n<p style=\"text-align: center;\">200 g de crema fresca<\/p>\n<p style=\"text-align: center;\">Tres cucharas soperas de whisky<\/p>\n<p style=\"text-align: center;\">Algunas briznas de eneldo (10 g)<\/p>\n<h2 style=\"text-align: center;\">Preparaci\u00f3n<\/h2>\n<ol>\n<li style=\"text-align: center;\">Mezcle suavemente en una batidora el salm\u00f3n, el <strong>zumo exprimido del lim\u00f3n<\/strong>, 30 g de <strong>crema fresca<\/strong> y el whisky hasta que quede reducido a pur\u00e9. Luego, res\u00e9rvelo.<\/li>\n<li style=\"text-align: center;\">Bata en\u00e9rgicamente el resto de la crema y a\u00f1ada sal y pimienta hasta que quede <strong>esponjosa y consistente<\/strong>.<\/li>\n<li style=\"text-align: center;\"><strong>Mezcle suavemente<\/strong> en un gran bol los dos preparados, intentando preservar la consistencia del conjunto.<\/li>\n<li style=\"text-align: center;\">Lave y separe con suavidad las hojas de eneldo y a\u00f1\u00e1dalas luego a la mousse para darle un <strong>delicioso toque anisado<\/strong>.<\/li>\n<li style=\"text-align: center;\">Guarde la mousse de salm\u00f3n como m\u00ednimo cuatro horas en la nevera para que quede <strong>bien cremosa<\/strong>.<\/li>\n<\/ol>\n","protected":false},"excerpt":{"rendered":"<p>Tanto el whisky escoc\u00e9s como el salm\u00f3n de Escocia son productos ampliamente conocidos.<\/p>\n","protected":false},"author":21683,"featured_media":21564,"parent":22570,"menu_order":0,"comment_status":"open","ping_status":"open","template":"","meta":{"_acf_changed":false,"footnotes":""},"class_list":["post-21563","page","type-page","status-publish","has-post-thumbnail","hentry"],"acf":[],"yoast_head":"<!-- This site is optimized with the Yoast SEO plugin v27.3 - https:\/\/yoast.com\/product\/yoast-seo-wordpress\/ -->\n<title>Mousse de salm\u00f3n rosado aromatizado al whisky - Sir Edwards EN<\/title>\n<meta name=\"robots\" content=\"index, follow, max-snippet:-1, max-image-preview:large, max-video-preview:-1\" \/>\n<link rel=\"canonical\" href=\"https:\/\/www.siredwards.com\/es\/cocktails-room\/maridaje-con-whisky\/mousse-de-salmon-rosado-aromatizado-al-whisky\/\" \/>\n<meta property=\"og:locale\" content=\"es_ES\" \/>\n<meta property=\"og:type\" content=\"article\" \/>\n<meta property=\"og:title\" content=\"Mousse de salm\u00f3n rosado aromatizado al whisky - Sir Edwards EN\" \/>\n<meta property=\"og:description\" content=\"Tanto el whisky escoc\u00e9s como el salm\u00f3n de Escocia son productos ampliamente conocidos.\" \/>\n<meta property=\"og:url\" content=\"https:\/\/www.siredwards.com\/es\/cocktails-room\/maridaje-con-whisky\/mousse-de-salmon-rosado-aromatizado-al-whisky\/\" \/>\n<meta property=\"og:site_name\" content=\"Sir Edwards EN\" \/>\n<meta property=\"og:image\" content=\"https:\/\/www.siredwards.fr\/wp-content\/uploads\/sites\/3\/2025\/12\/AdobeStock_132249273-5-scaled.jpeg\" \/>\n\t<meta property=\"og:image:width\" content=\"2560\" \/>\n\t<meta property=\"og:image:height\" content=\"1707\" \/>\n\t<meta property=\"og:image:type\" content=\"image\/jpeg\" \/>\n<meta name=\"twitter:card\" content=\"summary_large_image\" \/>\n<meta name=\"twitter:label1\" content=\"Tiempo de lectura\" \/>\n\t<meta name=\"twitter:data1\" content=\"1 minuto\" \/>\n<script type=\"application\/ld+json\" class=\"yoast-schema-graph\">{\"@context\":\"https:\\\/\\\/schema.org\",\"@graph\":[{\"@type\":\"WebPage\",\"@id\":\"https:\\\/\\\/www.siredwards.com\\\/es\\\/cocktails-room\\\/maridaje-con-whisky\\\/mousse-de-salmon-rosado-aromatizado-al-whisky\\\/\",\"url\":\"https:\\\/\\\/www.siredwards.com\\\/es\\\/cocktails-room\\\/maridaje-con-whisky\\\/mousse-de-salmon-rosado-aromatizado-al-whisky\\\/\",\"name\":\"Mousse de salm\u00f3n rosado aromatizado al whisky - Sir Edwards EN\",\"isPartOf\":{\"@id\":\"https:\\\/\\\/www.siredwards.com\\\/es\\\/en\\\/#website\"},\"primaryImageOfPage\":{\"@id\":\"https:\\\/\\\/www.siredwards.com\\\/es\\\/cocktails-room\\\/maridaje-con-whisky\\\/mousse-de-salmon-rosado-aromatizado-al-whisky\\\/#primaryimage\"},\"image\":{\"@id\":\"https:\\\/\\\/www.siredwards.com\\\/es\\\/cocktails-room\\\/maridaje-con-whisky\\\/mousse-de-salmon-rosado-aromatizado-al-whisky\\\/#primaryimage\"},\"thumbnailUrl\":\"https:\\\/\\\/www.siredwards.com\\\/wp-content\\\/uploads\\\/sites\\\/3\\\/2025\\\/12\\\/AdobeStock_132249273-5-scaled.jpeg\",\"datePublished\":\"2015-05-27T13:14:58+00:00\",\"breadcrumb\":{\"@id\":\"https:\\\/\\\/www.siredwards.com\\\/es\\\/cocktails-room\\\/maridaje-con-whisky\\\/mousse-de-salmon-rosado-aromatizado-al-whisky\\\/#breadcrumb\"},\"inLanguage\":\"es\",\"potentialAction\":[{\"@type\":\"ReadAction\",\"target\":[\"https:\\\/\\\/www.siredwards.com\\\/es\\\/cocktails-room\\\/maridaje-con-whisky\\\/mousse-de-salmon-rosado-aromatizado-al-whisky\\\/\"]}]},{\"@type\":\"ImageObject\",\"inLanguage\":\"es\",\"@id\":\"https:\\\/\\\/www.siredwards.com\\\/es\\\/cocktails-room\\\/maridaje-con-whisky\\\/mousse-de-salmon-rosado-aromatizado-al-whisky\\\/#primaryimage\",\"url\":\"https:\\\/\\\/www.siredwards.com\\\/wp-content\\\/uploads\\\/sites\\\/3\\\/2025\\\/12\\\/AdobeStock_132249273-5-scaled.jpeg\",\"contentUrl\":\"https:\\\/\\\/www.siredwards.com\\\/wp-content\\\/uploads\\\/sites\\\/3\\\/2025\\\/12\\\/AdobeStock_132249273-5-scaled.jpeg\",\"width\":2560,\"height\":1707,\"caption\":\"Smoked Salmon Dip.selective focus\"},{\"@type\":\"BreadcrumbList\",\"@id\":\"https:\\\/\\\/www.siredwards.com\\\/es\\\/cocktails-room\\\/maridaje-con-whisky\\\/mousse-de-salmon-rosado-aromatizado-al-whisky\\\/#breadcrumb\",\"itemListElement\":[{\"@type\":\"ListItem\",\"position\":1,\"name\":\"Home\",\"item\":\"https:\\\/\\\/www.siredwards.com\\\/es\\\/en\\\/\"},{\"@type\":\"ListItem\",\"position\":2,\"name\":\"Cocktails room\",\"item\":\"https:\\\/\\\/www.siredwards.com\\\/es\\\/cocktails-room\\\/\"},{\"@type\":\"ListItem\",\"position\":3,\"name\":\"Maridaje con whisky\",\"item\":\"https:\\\/\\\/www.siredwards.com\\\/es\\\/cocktails-room\\\/maridaje-con-whisky\\\/\"},{\"@type\":\"ListItem\",\"position\":4,\"name\":\"Mousse de salm\u00f3n rosado aromatizado al whisky\"}]},{\"@type\":\"WebSite\",\"@id\":\"https:\\\/\\\/www.siredwards.com\\\/es\\\/en\\\/#website\",\"url\":\"https:\\\/\\\/www.siredwards.com\\\/es\\\/en\\\/\",\"name\":\"Sir Edwards EN\",\"description\":\"\",\"potentialAction\":[{\"@type\":\"SearchAction\",\"target\":{\"@type\":\"EntryPoint\",\"urlTemplate\":\"https:\\\/\\\/www.siredwards.com\\\/es\\\/en\\\/?s={search_term_string}\"},\"query-input\":{\"@type\":\"PropertyValueSpecification\",\"valueRequired\":true,\"valueName\":\"search_term_string\"}}],\"inLanguage\":\"es\"}]}<\/script>\n<!-- \/ Yoast SEO plugin. -->","yoast_head_json":{"title":"Mousse de salm\u00f3n rosado aromatizado al whisky - Sir Edwards EN","robots":{"index":"index","follow":"follow","max-snippet":"max-snippet:-1","max-image-preview":"max-image-preview:large","max-video-preview":"max-video-preview:-1"},"canonical":"https:\/\/www.siredwards.com\/es\/cocktails-room\/maridaje-con-whisky\/mousse-de-salmon-rosado-aromatizado-al-whisky\/","og_locale":"es_ES","og_type":"article","og_title":"Mousse de salm\u00f3n rosado aromatizado al whisky - Sir Edwards EN","og_description":"Tanto el whisky escoc\u00e9s como el salm\u00f3n de Escocia son productos ampliamente conocidos.","og_url":"https:\/\/www.siredwards.com\/es\/cocktails-room\/maridaje-con-whisky\/mousse-de-salmon-rosado-aromatizado-al-whisky\/","og_site_name":"Sir Edwards EN","og_image":[{"width":2560,"height":1707,"url":"https:\/\/www.siredwards.fr\/wp-content\/uploads\/sites\/3\/2025\/12\/AdobeStock_132249273-5-scaled.jpeg","type":"image\/jpeg"}],"twitter_card":"summary_large_image","twitter_misc":{"Tiempo de lectura":"1 minuto"},"schema":{"@context":"https:\/\/schema.org","@graph":[{"@type":"WebPage","@id":"https:\/\/www.siredwards.com\/es\/cocktails-room\/maridaje-con-whisky\/mousse-de-salmon-rosado-aromatizado-al-whisky\/","url":"https:\/\/www.siredwards.com\/es\/cocktails-room\/maridaje-con-whisky\/mousse-de-salmon-rosado-aromatizado-al-whisky\/","name":"Mousse de salm\u00f3n rosado aromatizado al whisky - Sir Edwards EN","isPartOf":{"@id":"https:\/\/www.siredwards.com\/es\/en\/#website"},"primaryImageOfPage":{"@id":"https:\/\/www.siredwards.com\/es\/cocktails-room\/maridaje-con-whisky\/mousse-de-salmon-rosado-aromatizado-al-whisky\/#primaryimage"},"image":{"@id":"https:\/\/www.siredwards.com\/es\/cocktails-room\/maridaje-con-whisky\/mousse-de-salmon-rosado-aromatizado-al-whisky\/#primaryimage"},"thumbnailUrl":"https:\/\/www.siredwards.com\/wp-content\/uploads\/sites\/3\/2025\/12\/AdobeStock_132249273-5-scaled.jpeg","datePublished":"2015-05-27T13:14:58+00:00","breadcrumb":{"@id":"https:\/\/www.siredwards.com\/es\/cocktails-room\/maridaje-con-whisky\/mousse-de-salmon-rosado-aromatizado-al-whisky\/#breadcrumb"},"inLanguage":"es","potentialAction":[{"@type":"ReadAction","target":["https:\/\/www.siredwards.com\/es\/cocktails-room\/maridaje-con-whisky\/mousse-de-salmon-rosado-aromatizado-al-whisky\/"]}]},{"@type":"ImageObject","inLanguage":"es","@id":"https:\/\/www.siredwards.com\/es\/cocktails-room\/maridaje-con-whisky\/mousse-de-salmon-rosado-aromatizado-al-whisky\/#primaryimage","url":"https:\/\/www.siredwards.com\/wp-content\/uploads\/sites\/3\/2025\/12\/AdobeStock_132249273-5-scaled.jpeg","contentUrl":"https:\/\/www.siredwards.com\/wp-content\/uploads\/sites\/3\/2025\/12\/AdobeStock_132249273-5-scaled.jpeg","width":2560,"height":1707,"caption":"Smoked Salmon Dip.selective focus"},{"@type":"BreadcrumbList","@id":"https:\/\/www.siredwards.com\/es\/cocktails-room\/maridaje-con-whisky\/mousse-de-salmon-rosado-aromatizado-al-whisky\/#breadcrumb","itemListElement":[{"@type":"ListItem","position":1,"name":"Home","item":"https:\/\/www.siredwards.com\/es\/en\/"},{"@type":"ListItem","position":2,"name":"Cocktails room","item":"https:\/\/www.siredwards.com\/es\/cocktails-room\/"},{"@type":"ListItem","position":3,"name":"Maridaje con whisky","item":"https:\/\/www.siredwards.com\/es\/cocktails-room\/maridaje-con-whisky\/"},{"@type":"ListItem","position":4,"name":"Mousse de salm\u00f3n rosado aromatizado al whisky"}]},{"@type":"WebSite","@id":"https:\/\/www.siredwards.com\/es\/en\/#website","url":"https:\/\/www.siredwards.com\/es\/en\/","name":"Sir Edwards EN","description":"","potentialAction":[{"@type":"SearchAction","target":{"@type":"EntryPoint","urlTemplate":"https:\/\/www.siredwards.com\/es\/en\/?s={search_term_string}"},"query-input":{"@type":"PropertyValueSpecification","valueRequired":true,"valueName":"search_term_string"}}],"inLanguage":"es"}]}},"_links":{"self":[{"href":"https:\/\/www.siredwards.com\/es\/wp-json\/wp\/v2\/pages\/21563","targetHints":{"allow":["GET"]}}],"collection":[{"href":"https:\/\/www.siredwards.com\/es\/wp-json\/wp\/v2\/pages"}],"about":[{"href":"https:\/\/www.siredwards.com\/es\/wp-json\/wp\/v2\/types\/page"}],"author":[{"embeddable":true,"href":"https:\/\/www.siredwards.com\/es\/wp-json\/wp\/v2\/users\/21683"}],"replies":[{"embeddable":true,"href":"https:\/\/www.siredwards.com\/es\/wp-json\/wp\/v2\/comments?post=21563"}],"version-history":[{"count":0,"href":"https:\/\/www.siredwards.com\/es\/wp-json\/wp\/v2\/pages\/21563\/revisions"}],"up":[{"embeddable":true,"href":"https:\/\/www.siredwards.com\/es\/wp-json\/wp\/v2\/pages\/22570"}],"wp:featuredmedia":[{"embeddable":true,"href":"https:\/\/www.siredwards.com\/es\/wp-json\/wp\/v2\/media\/21564"}],"wp:attachment":[{"href":"https:\/\/www.siredwards.com\/es\/wp-json\/wp\/v2\/media?parent=21563"}],"curies":[{"name":"wp","href":"https:\/\/api.w.org\/{rel}","templated":true}]}}