{"id":21486,"date":"2015-05-27T14:08:03","date_gmt":"2015-05-27T12:08:03","guid":{"rendered":"https:\/\/www.siredwards.com\/la-empresa-bardinet\/"},"modified":"2015-05-27T14:08:03","modified_gmt":"2015-05-27T12:08:03","slug":"la-empresa-bardinet","status":"publish","type":"page","link":"https:\/\/www.siredwards.com\/es\/la-empresa-bardinet\/","title":{"rendered":"La empresa Bardinet"},"content":{"rendered":"<p style=\"text-align: center;\"><strong>Primer grupo europeo productor de ron<\/strong>, Bardinet se ha desarrollado por su capacidad para responder, a escala internacional, a la evoluci\u00f3n de los mercados y a las tendencias de consumo.<\/p>\n<p style=\"text-align: center;\">Adem\u00e1s del whisky SIR EDWARD&#8217;S, Bardinet , en su portafolio, cuenta con <strong>marcas propias de ron, cachaza, licores, jarabes de ca\u00f1a de az\u00facar, aperitivos y vinos.<\/strong><\/p>\n<p style=\"text-align: center;\"><strong>Un \u00e9xito as\u00ed<\/strong> no es fruto de la casualidad. <strong>Se fundamenta en conocimiento, tradicion, aplicaci\u00f3n de tecnolog\u00edas de vanguardia<\/strong>, y en una exigencia sin tregua.<\/p>\n<p style=\"text-align: center;\">Bardinet tambi\u00e9n ha implementado <strong>la certificaci\u00f3n de sus procesos y condiciones industriales que garantizan un control de calidad<\/strong> <strong>absoluto<\/strong> en todas y cada una de las etapas de producci\u00f3n, desde la selecci\u00f3n de las materias primas hasta el envasado final.<\/p>\n<p style=\"text-align: center;\">El objetivo de Bardinet es Demostrar una <strong>constante capacidad de innovaci\u00f3n y creatividad<\/strong> y permanecer a la <strong>escucha de las necesidades de sus clientes para satisfacerlas<\/strong>.<\/p>\n<h2 style=\"text-align: center;\">La historia<\/h2>\n<p style=\"text-align: center;\">La historia del grupo Bardinet inicia su andadura en <strong>1857<\/strong>, cuando <strong>Paul Bardinet<\/strong>, un joven licorista de Limoges, se interesa por un extracto de ca\u00f1a de az\u00facar que desembarca en los muelles de los puertos franceses.<\/p>\n<p style=\"text-align: center;\">Convertido en un negociante ganadero, Paul Bardinet consagra su tiempo a transformar este dif\u00edcil l\u00edquido en un <strong>n\u00e9ctar de abundantes aromas<\/strong>.<\/p>\n<p style=\"text-align: center;\">De su apasionada dedicaci\u00f3n surgi\u00f3 un ron inigualable y una marca que en poco tiempo dar\u00eda la vuelta al mundo entero. As\u00ed vio por primera vez la luz el ron que m\u00e1s tarde ser\u00eda conocido con el nombre de Negrita.<\/p>\n<p style=\"text-align: center;\">Lleg\u00f3 el momento para Bardinet de dejar atr\u00e1s <strong>Limoges<\/strong> e instalarse m\u00e1s cerca de los barcos que transportaban el ron. Una labor que llev\u00f3 a cabo m\u00e1s adelante Eduardo, el hijo de Paul Bardinet.<\/p>\n<p style=\"text-align: center;\">Es en las proximidades de los muelles de <strong>Burdeos<\/strong>, que manda construir grandes bodegas y forma poco a poco a sus maestros ensambladores.<\/p>\n<p style=\"text-align: center;\">Conocida por su maestr\u00eda en <strong>el arte de la elaboraci\u00f3n de ron<\/strong>, la empresa Bardinet desarrolla a continuaci\u00f3n una amplia gama de productos nuevos.<\/p>\n<p style=\"text-align: center;\">Los ponches, los <strong>c\u00f3cteles<\/strong> ya preparados y los jarabes de ca\u00f1a de az\u00facar consiguen una muy buena aceptaci\u00f3n entre los consumidores.<\/p>\n<p style=\"text-align: center;\">Otros muchos \u00e9xitos seguir\u00e1n los pasos a <strong>esta exitosa diversificaci\u00f3n<\/strong>, principalmente en el universo de los whiskys con la elaboraci\u00f3n del whisky SIR EDWARD&#8217;S.<\/p>\n<h2 style=\"text-align: center;\">El grupo Bardinet, La empresas en n\u00fameros<\/h2>\n<p style=\"text-align: center;\">Desde 1974, Bardinet ha concentrado todas sus actividades en el Domaine de Fleurenne, en el seno de una magn\u00edfica propiedad de <strong>14 hect\u00e1reas<\/strong> situada a las puertas de Burdeos.<\/p>\n<p style=\"text-align: center;\"> Tanto sus instalaciones ultramodernas de producci\u00f3n y embotellado como las immensas bodegas de crianza de rones y brandis (las bodegas m\u00e1s grandes de Europa dedicadas al ron) y el laboratorio de investigaci\u00f3n y control, cumplen con todas las exigencias en cuesti\u00f3n de calidad.<\/p>\n<p style=\"text-align: center;\"> El complejo incluye en la actualidad: Un total de <strong>90.000 hl de almacenaje de bebidas espirituosas<\/strong>, un 30% de los cuales son barricas de madera reservadas al a\u00f1ejamiento distribuidas en cinco bodegas.<\/p>\n<p style=\"text-align: center;\"> <strong>Cinco l\u00edneas de envasado completamente automatizadas<\/strong> capaces de asumir 14.000 cuellos de botella\/hora y una producci\u00f3n anual de 50 millones de unidades.<\/p>\n<p style=\"text-align: center;\"> <strong>12.000 m2 de almacenes<\/strong>.<\/p>\n","protected":false},"excerpt":{"rendered":"<p>Primer grupo europeo productor de ron, Bardinet se ha desarrollado por su capacidad para responder, a escala internacional, a la evoluci\u00f3n de los mercados y a las tendencias de consumo. Adem\u00e1s del whisky SIR EDWARD&#8217;S, Bardinet , en su portafolio, cuenta con marcas propias de ron, cachaza, licores, jarabes de ca\u00f1a de az\u00facar, aperitivos y [&hellip;]<\/p>\n","protected":false},"author":21683,"featured_media":21487,"parent":0,"menu_order":36,"comment_status":"open","ping_status":"open","template":"","meta":{"_acf_changed":false,"footnotes":""},"class_list":["post-21486","page","type-page","status-publish","has-post-thumbnail","hentry"],"acf":[],"yoast_head":"<!-- This site is optimized with the Yoast SEO plugin v27.3 - https:\/\/yoast.com\/product\/yoast-seo-wordpress\/ -->\n<title>La empresa Bardinet - Sir Edwards EN<\/title>\n<meta name=\"robots\" content=\"index, follow, max-snippet:-1, max-image-preview:large, max-video-preview:-1\" \/>\n<link rel=\"canonical\" href=\"https:\/\/www.siredwards.com\/es\/la-empresa-bardinet\/\" \/>\n<meta property=\"og:locale\" content=\"es_ES\" \/>\n<meta property=\"og:type\" content=\"article\" \/>\n<meta property=\"og:title\" content=\"La empresa Bardinet - Sir Edwards EN\" \/>\n<meta property=\"og:description\" content=\"Primer grupo europeo productor de ron, Bardinet se ha desarrollado por su capacidad para responder, a escala internacional, a la evoluci\u00f3n de los mercados y a las tendencias de consumo. Adem\u00e1s del whisky SIR EDWARD&#8217;S, Bardinet , en su portafolio, cuenta con marcas propias de ron, cachaza, licores, jarabes de ca\u00f1a de az\u00facar, aperitivos y [&hellip;]\" \/>\n<meta property=\"og:url\" content=\"https:\/\/www.siredwards.com\/es\/la-empresa-bardinet\/\" \/>\n<meta property=\"og:site_name\" content=\"Sir Edwards EN\" \/>\n<meta property=\"og:image\" content=\"https:\/\/www.siredwards.fr\/wp-content\/uploads\/sites\/3\/2025\/12\/le-groupe-bardinet-sir-edwards-page-8.jpg\" \/>\n\t<meta property=\"og:image:width\" content=\"990\" \/>\n\t<meta property=\"og:image:height\" content=\"340\" \/>\n\t<meta property=\"og:image:type\" content=\"image\/jpeg\" \/>\n<meta name=\"twitter:card\" content=\"summary_large_image\" \/>\n<meta name=\"twitter:label1\" content=\"Tiempo de lectura\" \/>\n\t<meta name=\"twitter:data1\" content=\"3 minutos\" \/>\n<script type=\"application\/ld+json\" class=\"yoast-schema-graph\">{\"@context\":\"https:\\\/\\\/schema.org\",\"@graph\":[{\"@type\":\"WebPage\",\"@id\":\"https:\\\/\\\/www.siredwards.com\\\/es\\\/la-empresa-bardinet\\\/\",\"url\":\"https:\\\/\\\/www.siredwards.com\\\/es\\\/la-empresa-bardinet\\\/\",\"name\":\"La empresa Bardinet - Sir Edwards EN\",\"isPartOf\":{\"@id\":\"https:\\\/\\\/www.siredwards.com\\\/es\\\/en\\\/#website\"},\"primaryImageOfPage\":{\"@id\":\"https:\\\/\\\/www.siredwards.com\\\/es\\\/la-empresa-bardinet\\\/#primaryimage\"},\"image\":{\"@id\":\"https:\\\/\\\/www.siredwards.com\\\/es\\\/la-empresa-bardinet\\\/#primaryimage\"},\"thumbnailUrl\":\"https:\\\/\\\/www.siredwards.com\\\/wp-content\\\/uploads\\\/sites\\\/3\\\/2025\\\/12\\\/le-groupe-bardinet-sir-edwards-page-8.jpg\",\"datePublished\":\"2015-05-27T12:08:03+00:00\",\"breadcrumb\":{\"@id\":\"https:\\\/\\\/www.siredwards.com\\\/es\\\/la-empresa-bardinet\\\/#breadcrumb\"},\"inLanguage\":\"es\",\"potentialAction\":[{\"@type\":\"ReadAction\",\"target\":[\"https:\\\/\\\/www.siredwards.com\\\/es\\\/la-empresa-bardinet\\\/\"]}]},{\"@type\":\"ImageObject\",\"inLanguage\":\"es\",\"@id\":\"https:\\\/\\\/www.siredwards.com\\\/es\\\/la-empresa-bardinet\\\/#primaryimage\",\"url\":\"https:\\\/\\\/www.siredwards.com\\\/wp-content\\\/uploads\\\/sites\\\/3\\\/2025\\\/12\\\/le-groupe-bardinet-sir-edwards-page-8.jpg\",\"contentUrl\":\"https:\\\/\\\/www.siredwards.com\\\/wp-content\\\/uploads\\\/sites\\\/3\\\/2025\\\/12\\\/le-groupe-bardinet-sir-edwards-page-8.jpg\",\"width\":990,\"height\":340,\"caption\":\"Bardinet\"},{\"@type\":\"BreadcrumbList\",\"@id\":\"https:\\\/\\\/www.siredwards.com\\\/es\\\/la-empresa-bardinet\\\/#breadcrumb\",\"itemListElement\":[{\"@type\":\"ListItem\",\"position\":1,\"name\":\"Home\",\"item\":\"https:\\\/\\\/www.siredwards.com\\\/es\\\/en\\\/\"},{\"@type\":\"ListItem\",\"position\":2,\"name\":\"La empresa Bardinet\"}]},{\"@type\":\"WebSite\",\"@id\":\"https:\\\/\\\/www.siredwards.com\\\/es\\\/en\\\/#website\",\"url\":\"https:\\\/\\\/www.siredwards.com\\\/es\\\/en\\\/\",\"name\":\"Sir Edwards EN\",\"description\":\"\",\"potentialAction\":[{\"@type\":\"SearchAction\",\"target\":{\"@type\":\"EntryPoint\",\"urlTemplate\":\"https:\\\/\\\/www.siredwards.com\\\/es\\\/en\\\/?s={search_term_string}\"},\"query-input\":{\"@type\":\"PropertyValueSpecification\",\"valueRequired\":true,\"valueName\":\"search_term_string\"}}],\"inLanguage\":\"es\"}]}<\/script>\n<!-- \/ Yoast SEO plugin. -->","yoast_head_json":{"title":"La empresa Bardinet - Sir Edwards EN","robots":{"index":"index","follow":"follow","max-snippet":"max-snippet:-1","max-image-preview":"max-image-preview:large","max-video-preview":"max-video-preview:-1"},"canonical":"https:\/\/www.siredwards.com\/es\/la-empresa-bardinet\/","og_locale":"es_ES","og_type":"article","og_title":"La empresa Bardinet - Sir Edwards EN","og_description":"Primer grupo europeo productor de ron, Bardinet se ha desarrollado por su capacidad para responder, a escala internacional, a la evoluci\u00f3n de los mercados y a las tendencias de consumo. Adem\u00e1s del whisky SIR EDWARD&#8217;S, Bardinet , en su portafolio, cuenta con marcas propias de ron, cachaza, licores, jarabes de ca\u00f1a de az\u00facar, aperitivos y [&hellip;]","og_url":"https:\/\/www.siredwards.com\/es\/la-empresa-bardinet\/","og_site_name":"Sir Edwards EN","og_image":[{"width":990,"height":340,"url":"https:\/\/www.siredwards.fr\/wp-content\/uploads\/sites\/3\/2025\/12\/le-groupe-bardinet-sir-edwards-page-8.jpg","type":"image\/jpeg"}],"twitter_card":"summary_large_image","twitter_misc":{"Tiempo de lectura":"3 minutos"},"schema":{"@context":"https:\/\/schema.org","@graph":[{"@type":"WebPage","@id":"https:\/\/www.siredwards.com\/es\/la-empresa-bardinet\/","url":"https:\/\/www.siredwards.com\/es\/la-empresa-bardinet\/","name":"La empresa Bardinet - Sir Edwards EN","isPartOf":{"@id":"https:\/\/www.siredwards.com\/es\/en\/#website"},"primaryImageOfPage":{"@id":"https:\/\/www.siredwards.com\/es\/la-empresa-bardinet\/#primaryimage"},"image":{"@id":"https:\/\/www.siredwards.com\/es\/la-empresa-bardinet\/#primaryimage"},"thumbnailUrl":"https:\/\/www.siredwards.com\/wp-content\/uploads\/sites\/3\/2025\/12\/le-groupe-bardinet-sir-edwards-page-8.jpg","datePublished":"2015-05-27T12:08:03+00:00","breadcrumb":{"@id":"https:\/\/www.siredwards.com\/es\/la-empresa-bardinet\/#breadcrumb"},"inLanguage":"es","potentialAction":[{"@type":"ReadAction","target":["https:\/\/www.siredwards.com\/es\/la-empresa-bardinet\/"]}]},{"@type":"ImageObject","inLanguage":"es","@id":"https:\/\/www.siredwards.com\/es\/la-empresa-bardinet\/#primaryimage","url":"https:\/\/www.siredwards.com\/wp-content\/uploads\/sites\/3\/2025\/12\/le-groupe-bardinet-sir-edwards-page-8.jpg","contentUrl":"https:\/\/www.siredwards.com\/wp-content\/uploads\/sites\/3\/2025\/12\/le-groupe-bardinet-sir-edwards-page-8.jpg","width":990,"height":340,"caption":"Bardinet"},{"@type":"BreadcrumbList","@id":"https:\/\/www.siredwards.com\/es\/la-empresa-bardinet\/#breadcrumb","itemListElement":[{"@type":"ListItem","position":1,"name":"Home","item":"https:\/\/www.siredwards.com\/es\/en\/"},{"@type":"ListItem","position":2,"name":"La empresa Bardinet"}]},{"@type":"WebSite","@id":"https:\/\/www.siredwards.com\/es\/en\/#website","url":"https:\/\/www.siredwards.com\/es\/en\/","name":"Sir Edwards EN","description":"","potentialAction":[{"@type":"SearchAction","target":{"@type":"EntryPoint","urlTemplate":"https:\/\/www.siredwards.com\/es\/en\/?s={search_term_string}"},"query-input":{"@type":"PropertyValueSpecification","valueRequired":true,"valueName":"search_term_string"}}],"inLanguage":"es"}]}},"_links":{"self":[{"href":"https:\/\/www.siredwards.com\/es\/wp-json\/wp\/v2\/pages\/21486","targetHints":{"allow":["GET"]}}],"collection":[{"href":"https:\/\/www.siredwards.com\/es\/wp-json\/wp\/v2\/pages"}],"about":[{"href":"https:\/\/www.siredwards.com\/es\/wp-json\/wp\/v2\/types\/page"}],"author":[{"embeddable":true,"href":"https:\/\/www.siredwards.com\/es\/wp-json\/wp\/v2\/users\/21683"}],"replies":[{"embeddable":true,"href":"https:\/\/www.siredwards.com\/es\/wp-json\/wp\/v2\/comments?post=21486"}],"version-history":[{"count":0,"href":"https:\/\/www.siredwards.com\/es\/wp-json\/wp\/v2\/pages\/21486\/revisions"}],"wp:featuredmedia":[{"embeddable":true,"href":"https:\/\/www.siredwards.com\/es\/wp-json\/wp\/v2\/media\/21487"}],"wp:attachment":[{"href":"https:\/\/www.siredwards.com\/es\/wp-json\/wp\/v2\/media?parent=21486"}],"curies":[{"name":"wp","href":"https:\/\/api.w.org\/{rel}","templated":true}]}}